{"id":7078,"date":"2023-11-15T07:53:11","date_gmt":"2023-11-15T06:53:11","guid":{"rendered":"https:\/\/test.cliniquematignon.ch\/28-jahre\/"},"modified":"2024-03-14T17:17:49","modified_gmt":"2024-03-14T16:17:49","slug":"28-jahre-2","status":"publish","type":"page","link":"https:\/\/test.cliniquematignon.ch\/de\/28-jahre-2\/","title":{"rendered":"Matignon by Dr. Delarive"},"content":{"rendered":"\n<p>Die Kenntnis der Haut, der sogenannten injizierbaren Produkte in der \u00e4sthetischen Medizin und der traditionellen Wirkstoffe f\u00fchrte Dr. Delarive nat\u00fcrlich dazu, dass er seine eigenen Formeln kreieren wollte.<\/p>\n\n<p>Die in der Schweiz erdachte und in Deutschland hergestellte Produktreihe Matignon by Dr. Delarive zeichnet sich durch ihre innovative wissenschaftliche Positionierung aus, die darauf hinarbeitet:<\/p>\n\n<p>Wiederherstellung des hormonellen Gleichgewichts, um die Auswirkungen des Alterns zu mildern.<br\/>YOUR BALANCING HORMONAL BEAUTY THERAPY<\/p>\n\n<p>Matignon by Dr. Delarive ist die erste Kosmetiklinie der Welt, die entwickelt wurde, um den R\u00fcckgang der Hormonaktivit\u00e4t ab 35 Jahren pr\u00e4ventiv zu verlangsamen.<br\/>Ein einzigartiger und exklusiver Phytohormonkomplex wurde auf der Grundlage umfassender Kenntnisse der Haut und jahrelanger Erfahrung in der \u00e4sthetischen Medizin entwickelt.<\/p>\n\n<p>In der gesamten Produktpalette finden Sie diesen innovativen Komplex in Verbindung mit allen sogenannten klassischen Wirkstoffen f\u00fcr eine sowohl vorbeugende als auch<br\/>wiederherstellend.<\/p>\n","protected":false},"excerpt":{"rendered":"<p>Die Kenntnis der Haut, der sogenannten injizierbaren Produkte in der \u00e4sthetischen Medizin und der traditionellen Wirkstoffe f\u00fchrte Dr. Delarive nat\u00fcrlich dazu, dass er seine eigenen Formeln kreieren wollte. Die in der Schweiz erdachte und in Deutschland hergestellte Produktreihe Matignon by Dr. Delarive zeichnet sich durch ihre innovative wissenschaftliche Positionierung aus, die darauf hinarbeitet: Wiederherstellung des [&hellip;]<\/p>\n","protected":false},"author":3,"featured_media":0,"parent":0,"menu_order":0,"comment_status":"closed","ping_status":"closed","template":"template-landingpage.php","meta":{"_acf_changed":false,"footnotes":""},"acf":[],"yoast_head":"<!-- This site is optimized with the Yoast SEO plugin v23.1 - https:\/\/yoast.com\/wordpress\/plugins\/seo\/ -->\n<title>Matignon by Dr. Delarive | Matignon<\/title>\n<meta name=\"robots\" content=\"noindex, follow, max-snippet:-1, max-image-preview:large, max-video-preview:-1\" \/>\n<meta property=\"og:locale\" content=\"de_DE\" \/>\n<meta property=\"og:type\" content=\"article\" \/>\n<meta property=\"og:title\" content=\"Matignon by Dr. Delarive | Matignon\" \/>\n<meta property=\"og:description\" content=\"Die Kenntnis der Haut, der sogenannten injizierbaren Produkte in der \u00e4sthetischen Medizin und der traditionellen Wirkstoffe f\u00fchrte Dr. Delarive nat\u00fcrlich dazu, dass er seine eigenen Formeln kreieren wollte. Die in der Schweiz erdachte und in Deutschland hergestellte Produktreihe Matignon by Dr. Delarive zeichnet sich durch ihre innovative wissenschaftliche Positionierung aus, die darauf hinarbeitet: Wiederherstellung des [&hellip;]\" \/>\n<meta property=\"og:url\" content=\"https:\/\/test.cliniquematignon.ch\/de\/28-jahre-2\/\" \/>\n<meta property=\"og:site_name\" content=\"Matignon\" \/>\n<meta property=\"article:publisher\" content=\"https:\/\/www.facebook.com\/lescliniquesmatignon\/\" \/>\n<meta property=\"article:modified_time\" content=\"2024-03-14T16:17:49+00:00\" \/>\n<meta property=\"og:image\" content=\"https:\/\/test.cliniquematignon.ch\/wp-content\/uploads\/2023\/10\/opengraph-matignon-1200-x-675-px..png\" \/>\n\t<meta property=\"og:image:width\" content=\"1200\" \/>\n\t<meta property=\"og:image:height\" content=\"675\" \/>\n\t<meta property=\"og:image:type\" content=\"image\/png\" \/>\n<meta name=\"twitter:card\" content=\"summary_large_image\" \/>\n<script type=\"application\/ld+json\" class=\"yoast-schema-graph\">{\"@context\":\"https:\/\/schema.org\",\"@graph\":[{\"@type\":\"WebPage\",\"@id\":\"https:\/\/test.cliniquematignon.ch\/de\/28-jahre-2\/\",\"url\":\"https:\/\/test.cliniquematignon.ch\/de\/28-jahre-2\/\",\"name\":\"Matignon by Dr. Delarive | Matignon\",\"isPartOf\":{\"@id\":\"https:\/\/test.cliniquematignon.ch\/de\/#website\"},\"datePublished\":\"2023-11-15T06:53:11+00:00\",\"dateModified\":\"2024-03-14T16:17:49+00:00\",\"breadcrumb\":{\"@id\":\"https:\/\/test.cliniquematignon.ch\/de\/28-jahre-2\/#breadcrumb\"},\"inLanguage\":\"de-CH\",\"potentialAction\":[{\"@type\":\"ReadAction\",\"target\":[\"https:\/\/test.cliniquematignon.ch\/de\/28-jahre-2\/\"]}]},{\"@type\":\"BreadcrumbList\",\"@id\":\"https:\/\/test.cliniquematignon.ch\/de\/28-jahre-2\/#breadcrumb\",\"itemListElement\":[{\"@type\":\"ListItem\",\"position\":1,\"name\":\"Home\",\"item\":\"https:\/\/test.cliniquematignon.ch\/de\/startseite\/\"},{\"@type\":\"ListItem\",\"position\":2,\"name\":\"Matignon by Dr. Delarive\"}]},{\"@type\":\"WebSite\",\"@id\":\"https:\/\/test.cliniquematignon.ch\/de\/#website\",\"url\":\"https:\/\/test.cliniquematignon.ch\/de\/\",\"name\":\"Matignon\",\"description\":\"M\u00e9decine esth\u00e9tique\",\"publisher\":{\"@id\":\"https:\/\/test.cliniquematignon.ch\/de\/#organization\"},\"potentialAction\":[{\"@type\":\"SearchAction\",\"target\":{\"@type\":\"EntryPoint\",\"urlTemplate\":\"https:\/\/test.cliniquematignon.ch\/de\/?s={search_term_string}\"},\"query-input\":\"required name=search_term_string\"}],\"inLanguage\":\"de-CH\"},{\"@type\":\"Organization\",\"@id\":\"https:\/\/test.cliniquematignon.ch\/de\/#organization\",\"name\":\"Matignon\",\"url\":\"https:\/\/test.cliniquematignon.ch\/de\/\",\"logo\":{\"@type\":\"ImageObject\",\"inLanguage\":\"de-CH\",\"@id\":\"https:\/\/test.cliniquematignon.ch\/de\/#\/schema\/logo\/image\/\",\"url\":\"https:\/\/cliniquematignon.ch\/wp-content\/uploads\/2023\/06\/mat-logo-black..svg\",\"contentUrl\":\"https:\/\/cliniquematignon.ch\/wp-content\/uploads\/2023\/06\/mat-logo-black..svg\",\"width\":1,\"height\":1,\"caption\":\"Matignon\"},\"image\":{\"@id\":\"https:\/\/test.cliniquematignon.ch\/de\/#\/schema\/logo\/image\/\"},\"sameAs\":[\"https:\/\/www.facebook.com\/lescliniquesmatignon\/\"]}]}<\/script>\n<!-- \/ Yoast SEO plugin. -->","yoast_head_json":{"title":"Matignon by Dr. Delarive | Matignon","robots":{"index":"noindex","follow":"follow","max-snippet":"max-snippet:-1","max-image-preview":"max-image-preview:large","max-video-preview":"max-video-preview:-1"},"og_locale":"de_DE","og_type":"article","og_title":"Matignon by Dr. Delarive | Matignon","og_description":"Die Kenntnis der Haut, der sogenannten injizierbaren Produkte in der \u00e4sthetischen Medizin und der traditionellen Wirkstoffe f\u00fchrte Dr. Delarive nat\u00fcrlich dazu, dass er seine eigenen Formeln kreieren wollte. Die in der Schweiz erdachte und in Deutschland hergestellte Produktreihe Matignon by Dr. Delarive zeichnet sich durch ihre innovative wissenschaftliche Positionierung aus, die darauf hinarbeitet: Wiederherstellung des [&hellip;]","og_url":"https:\/\/test.cliniquematignon.ch\/de\/28-jahre-2\/","og_site_name":"Matignon","article_publisher":"https:\/\/www.facebook.com\/lescliniquesmatignon\/","article_modified_time":"2024-03-14T16:17:49+00:00","og_image":[{"width":1200,"height":675,"url":"https:\/\/test.cliniquematignon.ch\/wp-content\/uploads\/2023\/10\/opengraph-matignon-1200-x-675-px..png","type":"image\/png"}],"twitter_card":"summary_large_image","schema":{"@context":"https:\/\/schema.org","@graph":[{"@type":"WebPage","@id":"https:\/\/test.cliniquematignon.ch\/de\/28-jahre-2\/","url":"https:\/\/test.cliniquematignon.ch\/de\/28-jahre-2\/","name":"Matignon by Dr. Delarive | Matignon","isPartOf":{"@id":"https:\/\/test.cliniquematignon.ch\/de\/#website"},"datePublished":"2023-11-15T06:53:11+00:00","dateModified":"2024-03-14T16:17:49+00:00","breadcrumb":{"@id":"https:\/\/test.cliniquematignon.ch\/de\/28-jahre-2\/#breadcrumb"},"inLanguage":"de-CH","potentialAction":[{"@type":"ReadAction","target":["https:\/\/test.cliniquematignon.ch\/de\/28-jahre-2\/"]}]},{"@type":"BreadcrumbList","@id":"https:\/\/test.cliniquematignon.ch\/de\/28-jahre-2\/#breadcrumb","itemListElement":[{"@type":"ListItem","position":1,"name":"Home","item":"https:\/\/test.cliniquematignon.ch\/de\/startseite\/"},{"@type":"ListItem","position":2,"name":"Matignon by Dr. Delarive"}]},{"@type":"WebSite","@id":"https:\/\/test.cliniquematignon.ch\/de\/#website","url":"https:\/\/test.cliniquematignon.ch\/de\/","name":"Matignon","description":"M\u00e9decine esth\u00e9tique","publisher":{"@id":"https:\/\/test.cliniquematignon.ch\/de\/#organization"},"potentialAction":[{"@type":"SearchAction","target":{"@type":"EntryPoint","urlTemplate":"https:\/\/test.cliniquematignon.ch\/de\/?s={search_term_string}"},"query-input":"required name=search_term_string"}],"inLanguage":"de-CH"},{"@type":"Organization","@id":"https:\/\/test.cliniquematignon.ch\/de\/#organization","name":"Matignon","url":"https:\/\/test.cliniquematignon.ch\/de\/","logo":{"@type":"ImageObject","inLanguage":"de-CH","@id":"https:\/\/test.cliniquematignon.ch\/de\/#\/schema\/logo\/image\/","url":"https:\/\/cliniquematignon.ch\/wp-content\/uploads\/2023\/06\/mat-logo-black..svg","contentUrl":"https:\/\/cliniquematignon.ch\/wp-content\/uploads\/2023\/06\/mat-logo-black..svg","width":1,"height":1,"caption":"Matignon"},"image":{"@id":"https:\/\/test.cliniquematignon.ch\/de\/#\/schema\/logo\/image\/"},"sameAs":["https:\/\/www.facebook.com\/lescliniquesmatignon\/"]}]}},"_links":{"self":[{"href":"https:\/\/test.cliniquematignon.ch\/de\/wp-json\/wp\/v2\/pages\/7078"}],"collection":[{"href":"https:\/\/test.cliniquematignon.ch\/de\/wp-json\/wp\/v2\/pages"}],"about":[{"href":"https:\/\/test.cliniquematignon.ch\/de\/wp-json\/wp\/v2\/types\/page"}],"author":[{"embeddable":true,"href":"https:\/\/test.cliniquematignon.ch\/de\/wp-json\/wp\/v2\/users\/3"}],"replies":[{"embeddable":true,"href":"https:\/\/test.cliniquematignon.ch\/de\/wp-json\/wp\/v2\/comments?post=7078"}],"version-history":[{"count":0,"href":"https:\/\/test.cliniquematignon.ch\/de\/wp-json\/wp\/v2\/pages\/7078\/revisions"}],"wp:attachment":[{"href":"https:\/\/test.cliniquematignon.ch\/de\/wp-json\/wp\/v2\/media?parent=7078"}],"curies":[{"name":"wp","href":"https:\/\/api.w.org\/{rel}","templated":true}]}}