{"id":10303,"date":"2024-01-14T13:00:08","date_gmt":"2024-01-14T12:19:36","guid":{"rendered":"https:\/\/test.cliniquematignon.ch\/product\/synergy-lift-ulthera-thermage-30\/"},"modified":"2024-01-30T12:47:16","modified_gmt":"2024-01-30T11:47:16","slug":"synergy-lift-ulthera-thermage-30","status":"publish","type":"product","link":"https:\/\/test.cliniquematignon.ch\/de\/produkt\/synergy-lift-ulthera-thermage-30\/","title":{"rendered":"SYNERGY LIFT &#8211; Ulthera &amp; Thermage 30%."},"content":{"rendered":"<p>Synergy Lift, Gesichtsoval von Ulthera &amp; Thermage zum Preis von CHF 3&#8217;200.- statt CHF 4&#8217;400.-.<\/p>\n<p>Synergy Lift, Gesichtsoval und von Ulthera &amp; Thermage zum Preis von CHF 4&#8217;400.- statt CHF 6&#8217;800.-.<\/p>\n<p>&nbsp;<\/p>\n<p>Ratenzahlung in Zusammenarbeit mit Swissbilling, vorbehaltlich ihrer Genehmigung ist f\u00fcr dieses Angebot verf\u00fcgbar. W\u00e4hlen Sie Ihren Zahlungsplan selbst, per Rechnung oder in monatlichen Raten.<\/p>\n","protected":false},"excerpt":{"rendered":"<p>Synergy Lift, Gesichtsoval von Ulthera &amp; Thermage zum Preis von CHF 3&#8217;200.- statt CHF 4&#8217;400.-. Synergy Lift, Gesichtsoval und von Ulthera &amp; Thermage zum Preis von CHF 4&#8217;400.- statt CHF 6&#8217;800.-. &nbsp; Ratenzahlung in Zusammenarbeit mit Swissbilling, vorbehaltlich ihrer Genehmigung ist f\u00fcr dieses Angebot verf\u00fcgbar. W\u00e4hlen Sie Ihren Zahlungsplan selbst, per Rechnung oder in monatlichen [&hellip;]<\/p>\n","protected":false},"featured_media":10230,"template":"","meta":{"_acf_changed":false},"product_cat":[369],"product_tag":[],"brand_product":[],"acf":[],"yoast_head":"<!-- This site is optimized with the Yoast SEO plugin v23.1 - https:\/\/yoast.com\/wordpress\/plugins\/seo\/ -->\n<title>SYNERGY LIFT - Ulthera &amp; Thermage 30%. | Matignon<\/title>\n<meta name=\"robots\" content=\"noindex, follow, max-snippet:-1, max-image-preview:large, max-video-preview:-1\" \/>\n<meta property=\"og:locale\" content=\"de_DE\" \/>\n<meta property=\"og:type\" content=\"article\" \/>\n<meta property=\"og:title\" content=\"SYNERGY LIFT - Ulthera &amp; Thermage 30%. | Matignon\" \/>\n<meta property=\"og:description\" content=\"Synergy Lift, Gesichtsoval von Ulthera &amp; Thermage zum Preis von CHF 3&#8217;200.- statt CHF 4&#8217;400.-. Synergy Lift, Gesichtsoval und von Ulthera &amp; Thermage zum Preis von CHF 4&#8217;400.- statt CHF 6&#8217;800.-. &nbsp; Ratenzahlung in Zusammenarbeit mit Swissbilling, vorbehaltlich ihrer Genehmigung ist f\u00fcr dieses Angebot verf\u00fcgbar. W\u00e4hlen Sie Ihren Zahlungsplan selbst, per Rechnung oder in monatlichen [&hellip;]\" \/>\n<meta property=\"og:url\" content=\"https:\/\/test.cliniquematignon.ch\/de\/produkt\/synergy-lift-ulthera-thermage-30\/\" \/>\n<meta property=\"og:site_name\" content=\"Matignon\" \/>\n<meta property=\"article:publisher\" content=\"https:\/\/www.facebook.com\/lescliniquesmatignon\/\" \/>\n<meta property=\"article:modified_time\" content=\"2024-01-30T11:47:16+00:00\" \/>\n<meta property=\"og:image\" content=\"https:\/\/test.cliniquematignon.ch\/wp-content\/uploads\/2024\/01\/synergy-lift_lifting-sans-chirurgie_matignon..jpg\" \/>\n\t<meta property=\"og:image:width\" content=\"1980\" \/>\n\t<meta property=\"og:image:height\" content=\"1890\" \/>\n\t<meta property=\"og:image:type\" content=\"image\/jpeg\" \/>\n<meta name=\"twitter:card\" content=\"summary_large_image\" \/>\n<script type=\"application\/ld+json\" class=\"yoast-schema-graph\">{\"@context\":\"https:\/\/schema.org\",\"@graph\":[{\"@type\":\"WebPage\",\"@id\":\"https:\/\/test.cliniquematignon.ch\/de\/produkt\/synergy-lift-ulthera-thermage-30\/\",\"url\":\"https:\/\/test.cliniquematignon.ch\/de\/produkt\/synergy-lift-ulthera-thermage-30\/\",\"name\":\"SYNERGY LIFT - Ulthera &amp; Thermage 30%. | Matignon\",\"isPartOf\":{\"@id\":\"https:\/\/test.cliniquematignon.ch\/de\/#website\"},\"primaryImageOfPage\":{\"@id\":\"https:\/\/test.cliniquematignon.ch\/de\/produkt\/synergy-lift-ulthera-thermage-30\/#primaryimage\"},\"image\":{\"@id\":\"https:\/\/test.cliniquematignon.ch\/de\/produkt\/synergy-lift-ulthera-thermage-30\/#primaryimage\"},\"thumbnailUrl\":\"https:\/\/test.cliniquematignon.ch\/wp-content\/uploads\/2024\/01\/synergy-lift_lifting-sans-chirurgie_matignon..jpg\",\"datePublished\":\"2024-01-14T12:19:36+00:00\",\"dateModified\":\"2024-01-30T11:47:16+00:00\",\"breadcrumb\":{\"@id\":\"https:\/\/test.cliniquematignon.ch\/de\/produkt\/synergy-lift-ulthera-thermage-30\/#breadcrumb\"},\"inLanguage\":\"de-CH\",\"potentialAction\":[{\"@type\":\"ReadAction\",\"target\":[\"https:\/\/test.cliniquematignon.ch\/de\/produkt\/synergy-lift-ulthera-thermage-30\/\"]}]},{\"@type\":\"ImageObject\",\"inLanguage\":\"de-CH\",\"@id\":\"https:\/\/test.cliniquematignon.ch\/de\/produkt\/synergy-lift-ulthera-thermage-30\/#primaryimage\",\"url\":\"https:\/\/test.cliniquematignon.ch\/wp-content\/uploads\/2024\/01\/synergy-lift_lifting-sans-chirurgie_matignon..jpg\",\"contentUrl\":\"https:\/\/test.cliniquematignon.ch\/wp-content\/uploads\/2024\/01\/synergy-lift_lifting-sans-chirurgie_matignon..jpg\",\"width\":1980,\"height\":1890},{\"@type\":\"BreadcrumbList\",\"@id\":\"https:\/\/test.cliniquematignon.ch\/de\/produkt\/synergy-lift-ulthera-thermage-30\/#breadcrumb\",\"itemListElement\":[{\"@type\":\"ListItem\",\"position\":1,\"name\":\"Home\",\"item\":\"https:\/\/test.cliniquematignon.ch\/de\/startseite\/\"},{\"@type\":\"ListItem\",\"position\":2,\"name\":\"Shop\",\"item\":\"https:\/\/test.cliniquematignon.ch\/de\/shop\/\"},{\"@type\":\"ListItem\",\"position\":3,\"name\":\"SYNERGY LIFT &#8211; Ulthera &amp; Thermage 30%.\"}]},{\"@type\":\"WebSite\",\"@id\":\"https:\/\/test.cliniquematignon.ch\/de\/#website\",\"url\":\"https:\/\/test.cliniquematignon.ch\/de\/\",\"name\":\"Matignon\",\"description\":\"M\u00e9decine esth\u00e9tique\",\"publisher\":{\"@id\":\"https:\/\/test.cliniquematignon.ch\/de\/#organization\"},\"potentialAction\":[{\"@type\":\"SearchAction\",\"target\":{\"@type\":\"EntryPoint\",\"urlTemplate\":\"https:\/\/test.cliniquematignon.ch\/de\/?s={search_term_string}\"},\"query-input\":\"required name=search_term_string\"}],\"inLanguage\":\"de-CH\"},{\"@type\":\"Organization\",\"@id\":\"https:\/\/test.cliniquematignon.ch\/de\/#organization\",\"name\":\"Matignon\",\"url\":\"https:\/\/test.cliniquematignon.ch\/de\/\",\"logo\":{\"@type\":\"ImageObject\",\"inLanguage\":\"de-CH\",\"@id\":\"https:\/\/test.cliniquematignon.ch\/de\/#\/schema\/logo\/image\/\",\"url\":\"https:\/\/cliniquematignon.ch\/wp-content\/uploads\/2023\/06\/mat-logo-black..svg\",\"contentUrl\":\"https:\/\/cliniquematignon.ch\/wp-content\/uploads\/2023\/06\/mat-logo-black..svg\",\"width\":1,\"height\":1,\"caption\":\"Matignon\"},\"image\":{\"@id\":\"https:\/\/test.cliniquematignon.ch\/de\/#\/schema\/logo\/image\/\"},\"sameAs\":[\"https:\/\/www.facebook.com\/lescliniquesmatignon\/\"]}]}<\/script>\n<!-- \/ Yoast SEO plugin. -->","yoast_head_json":{"title":"SYNERGY LIFT - Ulthera &amp; Thermage 30%. | Matignon","robots":{"index":"noindex","follow":"follow","max-snippet":"max-snippet:-1","max-image-preview":"max-image-preview:large","max-video-preview":"max-video-preview:-1"},"og_locale":"de_DE","og_type":"article","og_title":"SYNERGY LIFT - Ulthera &amp; Thermage 30%. | Matignon","og_description":"Synergy Lift, Gesichtsoval von Ulthera &amp; Thermage zum Preis von CHF 3&#8217;200.- statt CHF 4&#8217;400.-. Synergy Lift, Gesichtsoval und von Ulthera &amp; Thermage zum Preis von CHF 4&#8217;400.- statt CHF 6&#8217;800.-. &nbsp; Ratenzahlung in Zusammenarbeit mit Swissbilling, vorbehaltlich ihrer Genehmigung ist f\u00fcr dieses Angebot verf\u00fcgbar. W\u00e4hlen Sie Ihren Zahlungsplan selbst, per Rechnung oder in monatlichen [&hellip;]","og_url":"https:\/\/test.cliniquematignon.ch\/de\/produkt\/synergy-lift-ulthera-thermage-30\/","og_site_name":"Matignon","article_publisher":"https:\/\/www.facebook.com\/lescliniquesmatignon\/","article_modified_time":"2024-01-30T11:47:16+00:00","og_image":[{"width":1980,"height":1890,"url":"https:\/\/test.cliniquematignon.ch\/wp-content\/uploads\/2024\/01\/synergy-lift_lifting-sans-chirurgie_matignon..jpg","type":"image\/jpeg"}],"twitter_card":"summary_large_image","schema":{"@context":"https:\/\/schema.org","@graph":[{"@type":"WebPage","@id":"https:\/\/test.cliniquematignon.ch\/de\/produkt\/synergy-lift-ulthera-thermage-30\/","url":"https:\/\/test.cliniquematignon.ch\/de\/produkt\/synergy-lift-ulthera-thermage-30\/","name":"SYNERGY LIFT - Ulthera &amp; Thermage 30%. | Matignon","isPartOf":{"@id":"https:\/\/test.cliniquematignon.ch\/de\/#website"},"primaryImageOfPage":{"@id":"https:\/\/test.cliniquematignon.ch\/de\/produkt\/synergy-lift-ulthera-thermage-30\/#primaryimage"},"image":{"@id":"https:\/\/test.cliniquematignon.ch\/de\/produkt\/synergy-lift-ulthera-thermage-30\/#primaryimage"},"thumbnailUrl":"https:\/\/test.cliniquematignon.ch\/wp-content\/uploads\/2024\/01\/synergy-lift_lifting-sans-chirurgie_matignon..jpg","datePublished":"2024-01-14T12:19:36+00:00","dateModified":"2024-01-30T11:47:16+00:00","breadcrumb":{"@id":"https:\/\/test.cliniquematignon.ch\/de\/produkt\/synergy-lift-ulthera-thermage-30\/#breadcrumb"},"inLanguage":"de-CH","potentialAction":[{"@type":"ReadAction","target":["https:\/\/test.cliniquematignon.ch\/de\/produkt\/synergy-lift-ulthera-thermage-30\/"]}]},{"@type":"ImageObject","inLanguage":"de-CH","@id":"https:\/\/test.cliniquematignon.ch\/de\/produkt\/synergy-lift-ulthera-thermage-30\/#primaryimage","url":"https:\/\/test.cliniquematignon.ch\/wp-content\/uploads\/2024\/01\/synergy-lift_lifting-sans-chirurgie_matignon..jpg","contentUrl":"https:\/\/test.cliniquematignon.ch\/wp-content\/uploads\/2024\/01\/synergy-lift_lifting-sans-chirurgie_matignon..jpg","width":1980,"height":1890},{"@type":"BreadcrumbList","@id":"https:\/\/test.cliniquematignon.ch\/de\/produkt\/synergy-lift-ulthera-thermage-30\/#breadcrumb","itemListElement":[{"@type":"ListItem","position":1,"name":"Home","item":"https:\/\/test.cliniquematignon.ch\/de\/startseite\/"},{"@type":"ListItem","position":2,"name":"Shop","item":"https:\/\/test.cliniquematignon.ch\/de\/shop\/"},{"@type":"ListItem","position":3,"name":"SYNERGY LIFT &#8211; Ulthera &amp; Thermage 30%."}]},{"@type":"WebSite","@id":"https:\/\/test.cliniquematignon.ch\/de\/#website","url":"https:\/\/test.cliniquematignon.ch\/de\/","name":"Matignon","description":"M\u00e9decine esth\u00e9tique","publisher":{"@id":"https:\/\/test.cliniquematignon.ch\/de\/#organization"},"potentialAction":[{"@type":"SearchAction","target":{"@type":"EntryPoint","urlTemplate":"https:\/\/test.cliniquematignon.ch\/de\/?s={search_term_string}"},"query-input":"required name=search_term_string"}],"inLanguage":"de-CH"},{"@type":"Organization","@id":"https:\/\/test.cliniquematignon.ch\/de\/#organization","name":"Matignon","url":"https:\/\/test.cliniquematignon.ch\/de\/","logo":{"@type":"ImageObject","inLanguage":"de-CH","@id":"https:\/\/test.cliniquematignon.ch\/de\/#\/schema\/logo\/image\/","url":"https:\/\/cliniquematignon.ch\/wp-content\/uploads\/2023\/06\/mat-logo-black..svg","contentUrl":"https:\/\/cliniquematignon.ch\/wp-content\/uploads\/2023\/06\/mat-logo-black..svg","width":1,"height":1,"caption":"Matignon"},"image":{"@id":"https:\/\/test.cliniquematignon.ch\/de\/#\/schema\/logo\/image\/"},"sameAs":["https:\/\/www.facebook.com\/lescliniquesmatignon\/"]}]}},"_links":{"self":[{"href":"https:\/\/test.cliniquematignon.ch\/de\/wp-json\/wp\/v2\/product\/10303"}],"collection":[{"href":"https:\/\/test.cliniquematignon.ch\/de\/wp-json\/wp\/v2\/product"}],"about":[{"href":"https:\/\/test.cliniquematignon.ch\/de\/wp-json\/wp\/v2\/types\/product"}],"wp:featuredmedia":[{"embeddable":true,"href":"https:\/\/test.cliniquematignon.ch\/de\/wp-json\/wp\/v2\/media\/10230"}],"wp:attachment":[{"href":"https:\/\/test.cliniquematignon.ch\/de\/wp-json\/wp\/v2\/media?parent=10303"}],"wp:term":[{"taxonomy":"product_cat","embeddable":true,"href":"https:\/\/test.cliniquematignon.ch\/de\/wp-json\/wp\/v2\/product_cat?post=10303"},{"taxonomy":"product_tag","embeddable":true,"href":"https:\/\/test.cliniquematignon.ch\/de\/wp-json\/wp\/v2\/product_tag?post=10303"},{"taxonomy":"brand_product","embeddable":true,"href":"https:\/\/test.cliniquematignon.ch\/de\/wp-json\/wp\/v2\/brand_product?post=10303"}],"curies":[{"name":"wp","href":"https:\/\/api.w.org\/{rel}","templated":true}]}}