{"id":10898,"date":"2024-02-05T09:37:44","date_gmt":"2024-02-05T10:53:04","guid":{"rendered":"https:\/\/test.cliniquematignon.ch\/product\/vip-box\/"},"modified":"2024-04-24T14:22:06","modified_gmt":"2024-04-24T12:22:06","slug":"vip-box","status":"publish","type":"product","link":"https:\/\/test.cliniquematignon.ch\/de\/produkt\/vip-box\/","title":{"rendered":"VIP BOX"},"content":{"rendered":"<div>\n<p><strong>Ein Konzentrat der \u00e4sthetischen Medizin f\u00fcr zu Hause, um Stimulation und Verj\u00fcngung zu kombinieren.<\/strong><\/p>\n<p>Das perfekte Geschenk f\u00fcr Frauen ab 35 Jahren.<\/p>\n<p>Entdecken Sie das Geschenkset Matignon By Dr. Delarive, bestehend aus den 9 Produkten der Reihe :<\/p>\n<ul>\n<li>Morning Serum (30 ml): Starkes Antioxidantien-Serum<\/li>\n<li>Day Cream (50 ml): Leichte Tagescreme zur Gl\u00e4ttung feiner Linien und zur Straffung der Haut<\/li>\n<li>Night Cream (50 ml): Reichhaltige Nachtcreme, die die Haut aufpolstert, feine Linien gl\u00e4ttet und den Zellstoffwechsel ankurbelt.<\/li>\n<li>Eye Cream (30 ml): Augenkontur zur Gl\u00e4ttung feiner Linien und zur Entw\u00e4sserung von Schwellungen<\/li>\n<li>Body Cream (200 ml): Anti-Aging-Creme, die die Haut gl\u00e4ttet, mit Feuchtigkeit versorgt und aufpolstert.<\/li>\n<li>SOS DROPS (7 x 2 ml): 7-t\u00e4gige Kur gegen fahlen Teint f\u00fcr einen strahlenden Teint in 1 Woche<\/li>\n<li>Rescue Spray (30 ml): Entw\u00e4sserndes Tonikum bei R\u00f6tungen und Hitzewallungen<\/li>\n<li>Cleansing Gel (200 ml): Reinigungsgel zur Kl\u00e4rung der Haut<\/li>\n<li>Weekly Peeling (100 ml): Mechanisch-chemisches Hybrid-Peeling<\/li>\n<\/ul>\n<p>Stabile Pappschachtel mit Schaumstoffeinlage f\u00fcr jedes Produkt, Magnetverschluss. Der Schaumstoff ist abnehmbar, um die Schachtel aufzubewahren. Eine komplette, mit Phytohormonen angereicherte Produktreihe zur Verlangsamung der Hautalterung, die von der Dermatologin Patricia Delarive entwickelt wurde. Einfache und effektive Produkte, die Ihre Haut revitalisieren.<\/p>\n<p>In Deutschland hergestellte Produkte.<\/p>\n<\/div>\n","protected":false},"excerpt":{"rendered":"<p>Ein Konzentrat der \u00e4sthetischen Medizin f\u00fcr zu Hause, um Stimulation und Verj\u00fcngung zu kombinieren. Das perfekte Geschenk f\u00fcr Frauen ab 35 Jahren. Entdecken Sie das Geschenkset Matignon By Dr. Delarive, bestehend aus den 9 Produkten der Reihe : Morning Serum (30 ml): Starkes Antioxidantien-Serum Day Cream (50 ml): Leichte Tagescreme zur Gl\u00e4ttung feiner Linien und [&hellip;]<\/p>\n","protected":false},"featured_media":10915,"template":"","meta":{"_acf_changed":false},"product_cat":[368],"product_tag":[],"brand_product":[367],"acf":[],"yoast_head":"<!-- This site is optimized with the Yoast SEO plugin v23.1 - https:\/\/yoast.com\/wordpress\/plugins\/seo\/ -->\n<title>VIP BOX | Matignon<\/title>\n<meta name=\"robots\" content=\"noindex, follow, max-snippet:-1, max-image-preview:large, max-video-preview:-1\" \/>\n<meta property=\"og:locale\" content=\"de_DE\" \/>\n<meta property=\"og:type\" content=\"article\" \/>\n<meta property=\"og:title\" content=\"VIP BOX | Matignon\" \/>\n<meta property=\"og:description\" content=\"Ein Konzentrat der \u00e4sthetischen Medizin f\u00fcr zu Hause, um Stimulation und Verj\u00fcngung zu kombinieren. Das perfekte Geschenk f\u00fcr Frauen ab 35 Jahren. Entdecken Sie das Geschenkset Matignon By Dr. Delarive, bestehend aus den 9 Produkten der Reihe : Morning Serum (30 ml): Starkes Antioxidantien-Serum Day Cream (50 ml): Leichte Tagescreme zur Gl\u00e4ttung feiner Linien und [&hellip;]\" \/>\n<meta property=\"og:url\" content=\"https:\/\/test.cliniquematignon.ch\/de\/produkt\/vip-box\/\" \/>\n<meta property=\"og:site_name\" content=\"Matignon\" \/>\n<meta property=\"article:publisher\" content=\"https:\/\/www.facebook.com\/lescliniquesmatignon\/\" \/>\n<meta property=\"article:modified_time\" content=\"2024-04-24T12:22:06+00:00\" \/>\n<meta property=\"og:image\" content=\"https:\/\/test.cliniquematignon.ch\/wp-content\/uploads\/2024\/02\/vipboxexplication..jpg\" \/>\n\t<meta property=\"og:image:width\" content=\"1890\" \/>\n\t<meta property=\"og:image:height\" content=\"1980\" \/>\n\t<meta property=\"og:image:type\" content=\"image\/jpeg\" \/>\n<meta name=\"twitter:card\" content=\"summary_large_image\" \/>\n<meta name=\"twitter:label1\" content=\"Est. reading time\" \/>\n\t<meta name=\"twitter:data1\" content=\"1 minute\" \/>\n<script type=\"application\/ld+json\" class=\"yoast-schema-graph\">{\"@context\":\"https:\/\/schema.org\",\"@graph\":[{\"@type\":\"WebPage\",\"@id\":\"https:\/\/test.cliniquematignon.ch\/de\/produkt\/vip-box\/\",\"url\":\"https:\/\/test.cliniquematignon.ch\/de\/produkt\/vip-box\/\",\"name\":\"VIP BOX | Matignon\",\"isPartOf\":{\"@id\":\"https:\/\/test.cliniquematignon.ch\/de\/#website\"},\"primaryImageOfPage\":{\"@id\":\"https:\/\/test.cliniquematignon.ch\/de\/produkt\/vip-box\/#primaryimage\"},\"image\":{\"@id\":\"https:\/\/test.cliniquematignon.ch\/de\/produkt\/vip-box\/#primaryimage\"},\"thumbnailUrl\":\"https:\/\/test.cliniquematignon.ch\/wp-content\/uploads\/2024\/02\/vipboxexplication..jpg\",\"datePublished\":\"2024-02-05T10:53:04+00:00\",\"dateModified\":\"2024-04-24T12:22:06+00:00\",\"breadcrumb\":{\"@id\":\"https:\/\/test.cliniquematignon.ch\/de\/produkt\/vip-box\/#breadcrumb\"},\"inLanguage\":\"de-CH\",\"potentialAction\":[{\"@type\":\"ReadAction\",\"target\":[\"https:\/\/test.cliniquematignon.ch\/de\/produkt\/vip-box\/\"]}]},{\"@type\":\"ImageObject\",\"inLanguage\":\"de-CH\",\"@id\":\"https:\/\/test.cliniquematignon.ch\/de\/produkt\/vip-box\/#primaryimage\",\"url\":\"https:\/\/test.cliniquematignon.ch\/wp-content\/uploads\/2024\/02\/vipboxexplication..jpg\",\"contentUrl\":\"https:\/\/test.cliniquematignon.ch\/wp-content\/uploads\/2024\/02\/vipboxexplication..jpg\",\"width\":1890,\"height\":1980},{\"@type\":\"BreadcrumbList\",\"@id\":\"https:\/\/test.cliniquematignon.ch\/de\/produkt\/vip-box\/#breadcrumb\",\"itemListElement\":[{\"@type\":\"ListItem\",\"position\":1,\"name\":\"Home\",\"item\":\"https:\/\/test.cliniquematignon.ch\/de\/startseite\/\"},{\"@type\":\"ListItem\",\"position\":2,\"name\":\"Shop\",\"item\":\"https:\/\/test.cliniquematignon.ch\/de\/shop\/\"},{\"@type\":\"ListItem\",\"position\":3,\"name\":\"VIP BOX\"}]},{\"@type\":\"WebSite\",\"@id\":\"https:\/\/test.cliniquematignon.ch\/de\/#website\",\"url\":\"https:\/\/test.cliniquematignon.ch\/de\/\",\"name\":\"Matignon\",\"description\":\"M\u00e9decine esth\u00e9tique\",\"publisher\":{\"@id\":\"https:\/\/test.cliniquematignon.ch\/de\/#organization\"},\"potentialAction\":[{\"@type\":\"SearchAction\",\"target\":{\"@type\":\"EntryPoint\",\"urlTemplate\":\"https:\/\/test.cliniquematignon.ch\/de\/?s={search_term_string}\"},\"query-input\":\"required name=search_term_string\"}],\"inLanguage\":\"de-CH\"},{\"@type\":\"Organization\",\"@id\":\"https:\/\/test.cliniquematignon.ch\/de\/#organization\",\"name\":\"Matignon\",\"url\":\"https:\/\/test.cliniquematignon.ch\/de\/\",\"logo\":{\"@type\":\"ImageObject\",\"inLanguage\":\"de-CH\",\"@id\":\"https:\/\/test.cliniquematignon.ch\/de\/#\/schema\/logo\/image\/\",\"url\":\"https:\/\/cliniquematignon.ch\/wp-content\/uploads\/2023\/06\/mat-logo-black..svg\",\"contentUrl\":\"https:\/\/cliniquematignon.ch\/wp-content\/uploads\/2023\/06\/mat-logo-black..svg\",\"width\":1,\"height\":1,\"caption\":\"Matignon\"},\"image\":{\"@id\":\"https:\/\/test.cliniquematignon.ch\/de\/#\/schema\/logo\/image\/\"},\"sameAs\":[\"https:\/\/www.facebook.com\/lescliniquesmatignon\/\"]}]}<\/script>\n<!-- \/ Yoast SEO plugin. -->","yoast_head_json":{"title":"VIP BOX | Matignon","robots":{"index":"noindex","follow":"follow","max-snippet":"max-snippet:-1","max-image-preview":"max-image-preview:large","max-video-preview":"max-video-preview:-1"},"og_locale":"de_DE","og_type":"article","og_title":"VIP BOX | Matignon","og_description":"Ein Konzentrat der \u00e4sthetischen Medizin f\u00fcr zu Hause, um Stimulation und Verj\u00fcngung zu kombinieren. Das perfekte Geschenk f\u00fcr Frauen ab 35 Jahren. Entdecken Sie das Geschenkset Matignon By Dr. Delarive, bestehend aus den 9 Produkten der Reihe : Morning Serum (30 ml): Starkes Antioxidantien-Serum Day Cream (50 ml): Leichte Tagescreme zur Gl\u00e4ttung feiner Linien und [&hellip;]","og_url":"https:\/\/test.cliniquematignon.ch\/de\/produkt\/vip-box\/","og_site_name":"Matignon","article_publisher":"https:\/\/www.facebook.com\/lescliniquesmatignon\/","article_modified_time":"2024-04-24T12:22:06+00:00","og_image":[{"width":1890,"height":1980,"url":"https:\/\/test.cliniquematignon.ch\/wp-content\/uploads\/2024\/02\/vipboxexplication..jpg","type":"image\/jpeg"}],"twitter_card":"summary_large_image","twitter_misc":{"Est. reading time":"1 minute"},"schema":{"@context":"https:\/\/schema.org","@graph":[{"@type":"WebPage","@id":"https:\/\/test.cliniquematignon.ch\/de\/produkt\/vip-box\/","url":"https:\/\/test.cliniquematignon.ch\/de\/produkt\/vip-box\/","name":"VIP BOX | Matignon","isPartOf":{"@id":"https:\/\/test.cliniquematignon.ch\/de\/#website"},"primaryImageOfPage":{"@id":"https:\/\/test.cliniquematignon.ch\/de\/produkt\/vip-box\/#primaryimage"},"image":{"@id":"https:\/\/test.cliniquematignon.ch\/de\/produkt\/vip-box\/#primaryimage"},"thumbnailUrl":"https:\/\/test.cliniquematignon.ch\/wp-content\/uploads\/2024\/02\/vipboxexplication..jpg","datePublished":"2024-02-05T10:53:04+00:00","dateModified":"2024-04-24T12:22:06+00:00","breadcrumb":{"@id":"https:\/\/test.cliniquematignon.ch\/de\/produkt\/vip-box\/#breadcrumb"},"inLanguage":"de-CH","potentialAction":[{"@type":"ReadAction","target":["https:\/\/test.cliniquematignon.ch\/de\/produkt\/vip-box\/"]}]},{"@type":"ImageObject","inLanguage":"de-CH","@id":"https:\/\/test.cliniquematignon.ch\/de\/produkt\/vip-box\/#primaryimage","url":"https:\/\/test.cliniquematignon.ch\/wp-content\/uploads\/2024\/02\/vipboxexplication..jpg","contentUrl":"https:\/\/test.cliniquematignon.ch\/wp-content\/uploads\/2024\/02\/vipboxexplication..jpg","width":1890,"height":1980},{"@type":"BreadcrumbList","@id":"https:\/\/test.cliniquematignon.ch\/de\/produkt\/vip-box\/#breadcrumb","itemListElement":[{"@type":"ListItem","position":1,"name":"Home","item":"https:\/\/test.cliniquematignon.ch\/de\/startseite\/"},{"@type":"ListItem","position":2,"name":"Shop","item":"https:\/\/test.cliniquematignon.ch\/de\/shop\/"},{"@type":"ListItem","position":3,"name":"VIP BOX"}]},{"@type":"WebSite","@id":"https:\/\/test.cliniquematignon.ch\/de\/#website","url":"https:\/\/test.cliniquematignon.ch\/de\/","name":"Matignon","description":"M\u00e9decine esth\u00e9tique","publisher":{"@id":"https:\/\/test.cliniquematignon.ch\/de\/#organization"},"potentialAction":[{"@type":"SearchAction","target":{"@type":"EntryPoint","urlTemplate":"https:\/\/test.cliniquematignon.ch\/de\/?s={search_term_string}"},"query-input":"required name=search_term_string"}],"inLanguage":"de-CH"},{"@type":"Organization","@id":"https:\/\/test.cliniquematignon.ch\/de\/#organization","name":"Matignon","url":"https:\/\/test.cliniquematignon.ch\/de\/","logo":{"@type":"ImageObject","inLanguage":"de-CH","@id":"https:\/\/test.cliniquematignon.ch\/de\/#\/schema\/logo\/image\/","url":"https:\/\/cliniquematignon.ch\/wp-content\/uploads\/2023\/06\/mat-logo-black..svg","contentUrl":"https:\/\/cliniquematignon.ch\/wp-content\/uploads\/2023\/06\/mat-logo-black..svg","width":1,"height":1,"caption":"Matignon"},"image":{"@id":"https:\/\/test.cliniquematignon.ch\/de\/#\/schema\/logo\/image\/"},"sameAs":["https:\/\/www.facebook.com\/lescliniquesmatignon\/"]}]}},"_links":{"self":[{"href":"https:\/\/test.cliniquematignon.ch\/de\/wp-json\/wp\/v2\/product\/10898"}],"collection":[{"href":"https:\/\/test.cliniquematignon.ch\/de\/wp-json\/wp\/v2\/product"}],"about":[{"href":"https:\/\/test.cliniquematignon.ch\/de\/wp-json\/wp\/v2\/types\/product"}],"wp:featuredmedia":[{"embeddable":true,"href":"https:\/\/test.cliniquematignon.ch\/de\/wp-json\/wp\/v2\/media\/10915"}],"wp:attachment":[{"href":"https:\/\/test.cliniquematignon.ch\/de\/wp-json\/wp\/v2\/media?parent=10898"}],"wp:term":[{"taxonomy":"product_cat","embeddable":true,"href":"https:\/\/test.cliniquematignon.ch\/de\/wp-json\/wp\/v2\/product_cat?post=10898"},{"taxonomy":"product_tag","embeddable":true,"href":"https:\/\/test.cliniquematignon.ch\/de\/wp-json\/wp\/v2\/product_tag?post=10898"},{"taxonomy":"brand_product","embeddable":true,"href":"https:\/\/test.cliniquematignon.ch\/de\/wp-json\/wp\/v2\/brand_product?post=10898"}],"curies":[{"name":"wp","href":"https:\/\/api.w.org\/{rel}","templated":true}]}}