{"id":12623,"date":"2024-02-29T23:38:51","date_gmt":"2024-03-01T09:03:09","guid":{"rendered":"https:\/\/test.cliniquematignon.ch\/product\/fraxel-laser-5-sitzungen\/"},"modified":"2024-03-01T10:03:09","modified_gmt":"2024-03-01T09:03:09","slug":"fraxel-laser-5-sitzungen","status":"publish","type":"product","link":"https:\/\/test.cliniquematignon.ch\/de\/produkt\/fraxel-laser-5-sitzungen\/","title":{"rendered":"Fraxel-Laser &#8211; 5 Sitzungen"},"content":{"rendered":"<p class=\"size-17\" lang=\"x-size-17\">Wir haben beschlossen, eine &#8220;Full Face&#8221;-Kur mit f\u00fcnf Sitzungen mit dieser neuen Technologie zum Kanonenpreis anzubieten:<\/p>\n<p class=\"size-22\" lang=\"x-size-22\"><span class=\"font-oswald\">CHF 2&#8217;400.- statt <s>CHF 3&#8217;250.-<\/s><\/span><\/p>\n<p class=\"size-22\" lang=\"x-size-22\"><span class=\"font-oswald\"><strong>Ein strahlender, makelloser Teint.  <\/strong><\/span><span class=\"font-oswald\"><strong>Eine strahlend gesunde Haut!<\/strong><\/span><\/p>\n<p>Ratenzahlung in Zusammenarbeit mit Swissbilling, vorbehaltlich ihrer Genehmigung ist f\u00fcr dieses Angebot verf\u00fcgbar. W\u00e4hlen Sie Ihren Zahlungsplan selbst, per Rechnung oder in monatlichen Raten.<\/p>\n","protected":false},"excerpt":{"rendered":"<p>Wir haben beschlossen, eine &#8220;Full Face&#8221;-Kur mit f\u00fcnf Sitzungen mit dieser neuen Technologie zum Kanonenpreis anzubieten: CHF 2&#8217;400.- statt CHF 3&#8217;250.- Ein strahlender, makelloser Teint. Eine strahlend gesunde Haut! Ratenzahlung in Zusammenarbeit mit Swissbilling, vorbehaltlich ihrer Genehmigung ist f\u00fcr dieses Angebot verf\u00fcgbar. W\u00e4hlen Sie Ihren Zahlungsplan selbst, per Rechnung oder in monatlichen Raten.<\/p>\n","protected":false},"featured_media":12404,"template":"","meta":{"_acf_changed":false},"product_cat":[369],"product_tag":[],"brand_product":[],"acf":[],"yoast_head":"<!-- This site is optimized with the Yoast SEO plugin v23.1 - https:\/\/yoast.com\/wordpress\/plugins\/seo\/ -->\n<title>Fraxel-Laser - 5 Sitzungen | Matignon<\/title>\n<meta name=\"robots\" content=\"noindex, follow, max-snippet:-1, max-image-preview:large, max-video-preview:-1\" \/>\n<meta property=\"og:locale\" content=\"de_DE\" \/>\n<meta property=\"og:type\" content=\"article\" \/>\n<meta property=\"og:title\" content=\"Fraxel-Laser - 5 Sitzungen | Matignon\" \/>\n<meta property=\"og:description\" content=\"Wir haben beschlossen, eine &#8220;Full Face&#8221;-Kur mit f\u00fcnf Sitzungen mit dieser neuen Technologie zum Kanonenpreis anzubieten: CHF 2&#8217;400.- statt CHF 3&#8217;250.- Ein strahlender, makelloser Teint. Eine strahlend gesunde Haut! Ratenzahlung in Zusammenarbeit mit Swissbilling, vorbehaltlich ihrer Genehmigung ist f\u00fcr dieses Angebot verf\u00fcgbar. W\u00e4hlen Sie Ihren Zahlungsplan selbst, per Rechnung oder in monatlichen Raten.\" \/>\n<meta property=\"og:url\" content=\"https:\/\/test.cliniquematignon.ch\/de\/produkt\/fraxel-laser-5-sitzungen\/\" \/>\n<meta property=\"og:site_name\" content=\"Matignon\" \/>\n<meta property=\"article:publisher\" content=\"https:\/\/www.facebook.com\/lescliniquesmatignon\/\" \/>\n<meta property=\"og:image\" content=\"https:\/\/test.cliniquematignon.ch\/wp-content\/uploads\/2024\/02\/matignon-offre-laser-fraxel-..jpeg\" \/>\n\t<meta property=\"og:image:width\" content=\"1980\" \/>\n\t<meta property=\"og:image:height\" content=\"1890\" \/>\n\t<meta property=\"og:image:type\" content=\"image\/jpeg\" \/>\n<meta name=\"twitter:card\" content=\"summary_large_image\" \/>\n<script type=\"application\/ld+json\" class=\"yoast-schema-graph\">{\"@context\":\"https:\/\/schema.org\",\"@graph\":[{\"@type\":\"WebPage\",\"@id\":\"https:\/\/test.cliniquematignon.ch\/de\/produkt\/fraxel-laser-5-sitzungen\/\",\"url\":\"https:\/\/test.cliniquematignon.ch\/de\/produkt\/fraxel-laser-5-sitzungen\/\",\"name\":\"Fraxel-Laser - 5 Sitzungen | Matignon\",\"isPartOf\":{\"@id\":\"https:\/\/test.cliniquematignon.ch\/de\/#website\"},\"primaryImageOfPage\":{\"@id\":\"https:\/\/test.cliniquematignon.ch\/de\/produkt\/fraxel-laser-5-sitzungen\/#primaryimage\"},\"image\":{\"@id\":\"https:\/\/test.cliniquematignon.ch\/de\/produkt\/fraxel-laser-5-sitzungen\/#primaryimage\"},\"thumbnailUrl\":\"https:\/\/test.cliniquematignon.ch\/wp-content\/uploads\/2024\/02\/matignon-offre-laser-fraxel-..jpeg\",\"datePublished\":\"2024-03-01T09:03:09+00:00\",\"dateModified\":\"2024-03-01T09:03:09+00:00\",\"breadcrumb\":{\"@id\":\"https:\/\/test.cliniquematignon.ch\/de\/produkt\/fraxel-laser-5-sitzungen\/#breadcrumb\"},\"inLanguage\":\"de-CH\",\"potentialAction\":[{\"@type\":\"ReadAction\",\"target\":[\"https:\/\/test.cliniquematignon.ch\/de\/produkt\/fraxel-laser-5-sitzungen\/\"]}]},{\"@type\":\"ImageObject\",\"inLanguage\":\"de-CH\",\"@id\":\"https:\/\/test.cliniquematignon.ch\/de\/produkt\/fraxel-laser-5-sitzungen\/#primaryimage\",\"url\":\"https:\/\/test.cliniquematignon.ch\/wp-content\/uploads\/2024\/02\/matignon-offre-laser-fraxel-..jpeg\",\"contentUrl\":\"https:\/\/test.cliniquematignon.ch\/wp-content\/uploads\/2024\/02\/matignon-offre-laser-fraxel-..jpeg\",\"width\":1980,\"height\":1890},{\"@type\":\"BreadcrumbList\",\"@id\":\"https:\/\/test.cliniquematignon.ch\/de\/produkt\/fraxel-laser-5-sitzungen\/#breadcrumb\",\"itemListElement\":[{\"@type\":\"ListItem\",\"position\":1,\"name\":\"Home\",\"item\":\"https:\/\/test.cliniquematignon.ch\/de\/startseite\/\"},{\"@type\":\"ListItem\",\"position\":2,\"name\":\"Shop\",\"item\":\"https:\/\/test.cliniquematignon.ch\/de\/shop\/\"},{\"@type\":\"ListItem\",\"position\":3,\"name\":\"Fraxel-Laser &#8211; 5 Sitzungen\"}]},{\"@type\":\"WebSite\",\"@id\":\"https:\/\/test.cliniquematignon.ch\/de\/#website\",\"url\":\"https:\/\/test.cliniquematignon.ch\/de\/\",\"name\":\"Matignon\",\"description\":\"M\u00e9decine esth\u00e9tique\",\"publisher\":{\"@id\":\"https:\/\/test.cliniquematignon.ch\/de\/#organization\"},\"potentialAction\":[{\"@type\":\"SearchAction\",\"target\":{\"@type\":\"EntryPoint\",\"urlTemplate\":\"https:\/\/test.cliniquematignon.ch\/de\/?s={search_term_string}\"},\"query-input\":\"required name=search_term_string\"}],\"inLanguage\":\"de-CH\"},{\"@type\":\"Organization\",\"@id\":\"https:\/\/test.cliniquematignon.ch\/de\/#organization\",\"name\":\"Matignon\",\"url\":\"https:\/\/test.cliniquematignon.ch\/de\/\",\"logo\":{\"@type\":\"ImageObject\",\"inLanguage\":\"de-CH\",\"@id\":\"https:\/\/test.cliniquematignon.ch\/de\/#\/schema\/logo\/image\/\",\"url\":\"https:\/\/cliniquematignon.ch\/wp-content\/uploads\/2023\/06\/mat-logo-black..svg\",\"contentUrl\":\"https:\/\/cliniquematignon.ch\/wp-content\/uploads\/2023\/06\/mat-logo-black..svg\",\"width\":1,\"height\":1,\"caption\":\"Matignon\"},\"image\":{\"@id\":\"https:\/\/test.cliniquematignon.ch\/de\/#\/schema\/logo\/image\/\"},\"sameAs\":[\"https:\/\/www.facebook.com\/lescliniquesmatignon\/\"]}]}<\/script>\n<!-- \/ Yoast SEO plugin. -->","yoast_head_json":{"title":"Fraxel-Laser - 5 Sitzungen | Matignon","robots":{"index":"noindex","follow":"follow","max-snippet":"max-snippet:-1","max-image-preview":"max-image-preview:large","max-video-preview":"max-video-preview:-1"},"og_locale":"de_DE","og_type":"article","og_title":"Fraxel-Laser - 5 Sitzungen | Matignon","og_description":"Wir haben beschlossen, eine &#8220;Full Face&#8221;-Kur mit f\u00fcnf Sitzungen mit dieser neuen Technologie zum Kanonenpreis anzubieten: CHF 2&#8217;400.- statt CHF 3&#8217;250.- Ein strahlender, makelloser Teint. Eine strahlend gesunde Haut! Ratenzahlung in Zusammenarbeit mit Swissbilling, vorbehaltlich ihrer Genehmigung ist f\u00fcr dieses Angebot verf\u00fcgbar. W\u00e4hlen Sie Ihren Zahlungsplan selbst, per Rechnung oder in monatlichen Raten.","og_url":"https:\/\/test.cliniquematignon.ch\/de\/produkt\/fraxel-laser-5-sitzungen\/","og_site_name":"Matignon","article_publisher":"https:\/\/www.facebook.com\/lescliniquesmatignon\/","og_image":[{"width":1980,"height":1890,"url":"https:\/\/test.cliniquematignon.ch\/wp-content\/uploads\/2024\/02\/matignon-offre-laser-fraxel-..jpeg","type":"image\/jpeg"}],"twitter_card":"summary_large_image","schema":{"@context":"https:\/\/schema.org","@graph":[{"@type":"WebPage","@id":"https:\/\/test.cliniquematignon.ch\/de\/produkt\/fraxel-laser-5-sitzungen\/","url":"https:\/\/test.cliniquematignon.ch\/de\/produkt\/fraxel-laser-5-sitzungen\/","name":"Fraxel-Laser - 5 Sitzungen | Matignon","isPartOf":{"@id":"https:\/\/test.cliniquematignon.ch\/de\/#website"},"primaryImageOfPage":{"@id":"https:\/\/test.cliniquematignon.ch\/de\/produkt\/fraxel-laser-5-sitzungen\/#primaryimage"},"image":{"@id":"https:\/\/test.cliniquematignon.ch\/de\/produkt\/fraxel-laser-5-sitzungen\/#primaryimage"},"thumbnailUrl":"https:\/\/test.cliniquematignon.ch\/wp-content\/uploads\/2024\/02\/matignon-offre-laser-fraxel-..jpeg","datePublished":"2024-03-01T09:03:09+00:00","dateModified":"2024-03-01T09:03:09+00:00","breadcrumb":{"@id":"https:\/\/test.cliniquematignon.ch\/de\/produkt\/fraxel-laser-5-sitzungen\/#breadcrumb"},"inLanguage":"de-CH","potentialAction":[{"@type":"ReadAction","target":["https:\/\/test.cliniquematignon.ch\/de\/produkt\/fraxel-laser-5-sitzungen\/"]}]},{"@type":"ImageObject","inLanguage":"de-CH","@id":"https:\/\/test.cliniquematignon.ch\/de\/produkt\/fraxel-laser-5-sitzungen\/#primaryimage","url":"https:\/\/test.cliniquematignon.ch\/wp-content\/uploads\/2024\/02\/matignon-offre-laser-fraxel-..jpeg","contentUrl":"https:\/\/test.cliniquematignon.ch\/wp-content\/uploads\/2024\/02\/matignon-offre-laser-fraxel-..jpeg","width":1980,"height":1890},{"@type":"BreadcrumbList","@id":"https:\/\/test.cliniquematignon.ch\/de\/produkt\/fraxel-laser-5-sitzungen\/#breadcrumb","itemListElement":[{"@type":"ListItem","position":1,"name":"Home","item":"https:\/\/test.cliniquematignon.ch\/de\/startseite\/"},{"@type":"ListItem","position":2,"name":"Shop","item":"https:\/\/test.cliniquematignon.ch\/de\/shop\/"},{"@type":"ListItem","position":3,"name":"Fraxel-Laser &#8211; 5 Sitzungen"}]},{"@type":"WebSite","@id":"https:\/\/test.cliniquematignon.ch\/de\/#website","url":"https:\/\/test.cliniquematignon.ch\/de\/","name":"Matignon","description":"M\u00e9decine esth\u00e9tique","publisher":{"@id":"https:\/\/test.cliniquematignon.ch\/de\/#organization"},"potentialAction":[{"@type":"SearchAction","target":{"@type":"EntryPoint","urlTemplate":"https:\/\/test.cliniquematignon.ch\/de\/?s={search_term_string}"},"query-input":"required name=search_term_string"}],"inLanguage":"de-CH"},{"@type":"Organization","@id":"https:\/\/test.cliniquematignon.ch\/de\/#organization","name":"Matignon","url":"https:\/\/test.cliniquematignon.ch\/de\/","logo":{"@type":"ImageObject","inLanguage":"de-CH","@id":"https:\/\/test.cliniquematignon.ch\/de\/#\/schema\/logo\/image\/","url":"https:\/\/cliniquematignon.ch\/wp-content\/uploads\/2023\/06\/mat-logo-black..svg","contentUrl":"https:\/\/cliniquematignon.ch\/wp-content\/uploads\/2023\/06\/mat-logo-black..svg","width":1,"height":1,"caption":"Matignon"},"image":{"@id":"https:\/\/test.cliniquematignon.ch\/de\/#\/schema\/logo\/image\/"},"sameAs":["https:\/\/www.facebook.com\/lescliniquesmatignon\/"]}]}},"_links":{"self":[{"href":"https:\/\/test.cliniquematignon.ch\/de\/wp-json\/wp\/v2\/product\/12623"}],"collection":[{"href":"https:\/\/test.cliniquematignon.ch\/de\/wp-json\/wp\/v2\/product"}],"about":[{"href":"https:\/\/test.cliniquematignon.ch\/de\/wp-json\/wp\/v2\/types\/product"}],"wp:featuredmedia":[{"embeddable":true,"href":"https:\/\/test.cliniquematignon.ch\/de\/wp-json\/wp\/v2\/media\/12404"}],"wp:attachment":[{"href":"https:\/\/test.cliniquematignon.ch\/de\/wp-json\/wp\/v2\/media?parent=12623"}],"wp:term":[{"taxonomy":"product_cat","embeddable":true,"href":"https:\/\/test.cliniquematignon.ch\/de\/wp-json\/wp\/v2\/product_cat?post=12623"},{"taxonomy":"product_tag","embeddable":true,"href":"https:\/\/test.cliniquematignon.ch\/de\/wp-json\/wp\/v2\/product_tag?post=12623"},{"taxonomy":"brand_product","embeddable":true,"href":"https:\/\/test.cliniquematignon.ch\/de\/wp-json\/wp\/v2\/brand_product?post=12623"}],"curies":[{"name":"wp","href":"https:\/\/api.w.org\/{rel}","templated":true}]}}