{"id":13112,"date":"2024-03-24T18:53:30","date_gmt":"2024-03-25T05:56:53","guid":{"rendered":"https:\/\/test.cliniquematignon.ch\/product\/coolsculpting\/"},"modified":"2024-04-24T17:20:08","modified_gmt":"2024-04-24T15:20:08","slug":"coolsculpting","status":"publish","type":"product","link":"https:\/\/test.cliniquematignon.ch\/de\/produkt\/coolsculpting\/","title":{"rendered":"Coolsculpting"},"content":{"rendered":"<div>\n<div>\n<p>Jeder hat seine Formen, jeder hat seine Kurven!<\/p>\n<p>Das Wichtigste ist, dass man sich in seinem K\u00f6rper wohlf\u00fchlt und in Harmonie mit ihm ist. Kennen Sie den Matignon-Kick f\u00fcr eine wohlgeformte Silhouette?<\/p>\n<h5><strong>Coolsculpting oder die Zerst\u00f6rung von Fett durch K\u00e4lte<\/strong>!<\/h5>\n<p>&nbsp;<\/p>\n<h5>Wenn Sie sich <strong>im April <\/strong>f\u00fcr <strong>CoolSculpting <\/strong>entscheiden, entscheiden Sie sich f\u00fcr einen Weg zu mehr <strong>Selbstvertrauen<\/strong> und <strong>sichtbaren Ergebnissen im Juni<\/strong>!<\/h5>\n<p>Gute Nachrichten: Wir bieten Ihnen zwei Programme zum Sonderpreis an:<\/p>\n<h5 class=\"size-17\" lang=\"x-size-17\">*Liebesgriffe: <strong>CHF 990.-<\/strong> statt CHF 1&#8217;300.-.<\/h5>\n<h5 class=\"size-17\" lang=\"x-size-17\">**Abdomen: <strong>CHF 1&#8217;490.-<\/strong> statt CHF 2&#8217;290.-.<\/h5>\n<p>CoolSculpting bei Matignon ist<strong>Innovation<\/strong> im Dienste Ihrer Silhouette. Ohne Operation oder Nadeln nutzt diese revolution\u00e4re Technik K\u00e4lte, um <strong>hartn\u00e4ckiges Fett zu entfernen <\/strong>, das sich gegen Di\u00e4ten und Sport wehren w\u00fcrde.<\/p>\n<p>Es ist eine <strong>zug\u00e4ngliche<\/strong> und <strong>effektive<\/strong> L\u00f6sung, die 2 kurze Stunden f\u00fcr eine fast schmerzlose Behandlung ben\u00f6tigt, ohne dass eine Erholungszeit erforderlich ist.<\/p>\n<p>Verwandeln Sie Ihre Kurven und steigern Sie Ihr Selbstvertrauen auf sichere Weise. Unser Team ist da, um Sie bei jedem Schritt auf dem Weg zu einer <strong>neu geformten Silhouette<\/strong> und einem entspannten Sommer zu begleiten.<\/p>\n<\/div>\n<\/div>\n<p>Ratenzahlung in Zusammenarbeit mit Swissbilling, vorbehaltlich ihrer Genehmigung ist f\u00fcr dieses Angebot verf\u00fcgbar. W\u00e4hlen Sie Ihren Zahlungsplan selbst, per Rechnung oder in monatlichen Raten.<\/p>\n<p><em>NB: Kontraindikationen: Schwangerschaft, Nabelbruch, frische Narben.<\/em><\/p>\n","protected":false},"excerpt":{"rendered":"<p>Jeder hat seine Formen, jeder hat seine Kurven! Das Wichtigste ist, dass man sich in seinem K\u00f6rper wohlf\u00fchlt und in Harmonie mit ihm ist. Kennen Sie den Matignon-Kick f\u00fcr eine wohlgeformte Silhouette? Coolsculpting oder die Zerst\u00f6rung von Fett durch K\u00e4lte! &nbsp; Wenn Sie sich im April f\u00fcr CoolSculpting entscheiden, entscheiden Sie sich f\u00fcr einen Weg [&hellip;]<\/p>\n","protected":false},"featured_media":12789,"template":"","meta":{"_acf_changed":false},"product_cat":[369],"product_tag":[],"brand_product":[],"acf":[],"yoast_head":"<!-- This site is optimized with the Yoast SEO plugin v23.1 - https:\/\/yoast.com\/wordpress\/plugins\/seo\/ -->\n<title>Coolsculpting | Matignon<\/title>\n<meta name=\"robots\" content=\"noindex, follow, max-snippet:-1, max-image-preview:large, max-video-preview:-1\" \/>\n<meta property=\"og:locale\" content=\"de_DE\" \/>\n<meta property=\"og:type\" content=\"article\" \/>\n<meta property=\"og:title\" content=\"Coolsculpting | Matignon\" \/>\n<meta property=\"og:description\" content=\"Jeder hat seine Formen, jeder hat seine Kurven! Das Wichtigste ist, dass man sich in seinem K\u00f6rper wohlf\u00fchlt und in Harmonie mit ihm ist. Kennen Sie den Matignon-Kick f\u00fcr eine wohlgeformte Silhouette? Coolsculpting oder die Zerst\u00f6rung von Fett durch K\u00e4lte! &nbsp; Wenn Sie sich im April f\u00fcr CoolSculpting entscheiden, entscheiden Sie sich f\u00fcr einen Weg [&hellip;]\" \/>\n<meta property=\"og:url\" content=\"https:\/\/test.cliniquematignon.ch\/de\/produkt\/coolsculpting\/\" \/>\n<meta property=\"og:site_name\" content=\"Matignon\" \/>\n<meta property=\"article:publisher\" content=\"https:\/\/www.facebook.com\/lescliniquesmatignon\/\" \/>\n<meta property=\"article:modified_time\" content=\"2024-04-24T15:20:08+00:00\" \/>\n<meta property=\"og:image\" content=\"https:\/\/test.cliniquematignon.ch\/wp-content\/uploads\/2024\/03\/offre-coolsculpting-matignon-medecine-esthetique..jpeg\" \/>\n\t<meta property=\"og:image:width\" content=\"1890\" \/>\n\t<meta property=\"og:image:height\" content=\"1980\" \/>\n\t<meta property=\"og:image:type\" content=\"image\/jpeg\" \/>\n<meta name=\"twitter:card\" content=\"summary_large_image\" \/>\n<meta name=\"twitter:label1\" content=\"Est. reading time\" \/>\n\t<meta name=\"twitter:data1\" content=\"1 minute\" \/>\n<script type=\"application\/ld+json\" class=\"yoast-schema-graph\">{\"@context\":\"https:\/\/schema.org\",\"@graph\":[{\"@type\":\"WebPage\",\"@id\":\"https:\/\/test.cliniquematignon.ch\/de\/produkt\/coolsculpting\/\",\"url\":\"https:\/\/test.cliniquematignon.ch\/de\/produkt\/coolsculpting\/\",\"name\":\"Coolsculpting | Matignon\",\"isPartOf\":{\"@id\":\"https:\/\/test.cliniquematignon.ch\/de\/#website\"},\"primaryImageOfPage\":{\"@id\":\"https:\/\/test.cliniquematignon.ch\/de\/produkt\/coolsculpting\/#primaryimage\"},\"image\":{\"@id\":\"https:\/\/test.cliniquematignon.ch\/de\/produkt\/coolsculpting\/#primaryimage\"},\"thumbnailUrl\":\"https:\/\/test.cliniquematignon.ch\/wp-content\/uploads\/2024\/03\/offre-coolsculpting-matignon-medecine-esthetique..jpeg\",\"datePublished\":\"2024-03-25T05:56:53+00:00\",\"dateModified\":\"2024-04-24T15:20:08+00:00\",\"breadcrumb\":{\"@id\":\"https:\/\/test.cliniquematignon.ch\/de\/produkt\/coolsculpting\/#breadcrumb\"},\"inLanguage\":\"de-CH\",\"potentialAction\":[{\"@type\":\"ReadAction\",\"target\":[\"https:\/\/test.cliniquematignon.ch\/de\/produkt\/coolsculpting\/\"]}]},{\"@type\":\"ImageObject\",\"inLanguage\":\"de-CH\",\"@id\":\"https:\/\/test.cliniquematignon.ch\/de\/produkt\/coolsculpting\/#primaryimage\",\"url\":\"https:\/\/test.cliniquematignon.ch\/wp-content\/uploads\/2024\/03\/offre-coolsculpting-matignon-medecine-esthetique..jpeg\",\"contentUrl\":\"https:\/\/test.cliniquematignon.ch\/wp-content\/uploads\/2024\/03\/offre-coolsculpting-matignon-medecine-esthetique..jpeg\",\"width\":1890,\"height\":1980},{\"@type\":\"BreadcrumbList\",\"@id\":\"https:\/\/test.cliniquematignon.ch\/de\/produkt\/coolsculpting\/#breadcrumb\",\"itemListElement\":[{\"@type\":\"ListItem\",\"position\":1,\"name\":\"Home\",\"item\":\"https:\/\/test.cliniquematignon.ch\/de\/startseite\/\"},{\"@type\":\"ListItem\",\"position\":2,\"name\":\"Shop\",\"item\":\"https:\/\/test.cliniquematignon.ch\/de\/shop\/\"},{\"@type\":\"ListItem\",\"position\":3,\"name\":\"Coolsculpting\"}]},{\"@type\":\"WebSite\",\"@id\":\"https:\/\/test.cliniquematignon.ch\/de\/#website\",\"url\":\"https:\/\/test.cliniquematignon.ch\/de\/\",\"name\":\"Matignon\",\"description\":\"M\u00e9decine esth\u00e9tique\",\"publisher\":{\"@id\":\"https:\/\/test.cliniquematignon.ch\/de\/#organization\"},\"potentialAction\":[{\"@type\":\"SearchAction\",\"target\":{\"@type\":\"EntryPoint\",\"urlTemplate\":\"https:\/\/test.cliniquematignon.ch\/de\/?s={search_term_string}\"},\"query-input\":\"required name=search_term_string\"}],\"inLanguage\":\"de-CH\"},{\"@type\":\"Organization\",\"@id\":\"https:\/\/test.cliniquematignon.ch\/de\/#organization\",\"name\":\"Matignon\",\"url\":\"https:\/\/test.cliniquematignon.ch\/de\/\",\"logo\":{\"@type\":\"ImageObject\",\"inLanguage\":\"de-CH\",\"@id\":\"https:\/\/test.cliniquematignon.ch\/de\/#\/schema\/logo\/image\/\",\"url\":\"https:\/\/cliniquematignon.ch\/wp-content\/uploads\/2023\/06\/mat-logo-black..svg\",\"contentUrl\":\"https:\/\/cliniquematignon.ch\/wp-content\/uploads\/2023\/06\/mat-logo-black..svg\",\"width\":1,\"height\":1,\"caption\":\"Matignon\"},\"image\":{\"@id\":\"https:\/\/test.cliniquematignon.ch\/de\/#\/schema\/logo\/image\/\"},\"sameAs\":[\"https:\/\/www.facebook.com\/lescliniquesmatignon\/\"]}]}<\/script>\n<!-- \/ Yoast SEO plugin. -->","yoast_head_json":{"title":"Coolsculpting | Matignon","robots":{"index":"noindex","follow":"follow","max-snippet":"max-snippet:-1","max-image-preview":"max-image-preview:large","max-video-preview":"max-video-preview:-1"},"og_locale":"de_DE","og_type":"article","og_title":"Coolsculpting | Matignon","og_description":"Jeder hat seine Formen, jeder hat seine Kurven! Das Wichtigste ist, dass man sich in seinem K\u00f6rper wohlf\u00fchlt und in Harmonie mit ihm ist. Kennen Sie den Matignon-Kick f\u00fcr eine wohlgeformte Silhouette? Coolsculpting oder die Zerst\u00f6rung von Fett durch K\u00e4lte! &nbsp; Wenn Sie sich im April f\u00fcr CoolSculpting entscheiden, entscheiden Sie sich f\u00fcr einen Weg [&hellip;]","og_url":"https:\/\/test.cliniquematignon.ch\/de\/produkt\/coolsculpting\/","og_site_name":"Matignon","article_publisher":"https:\/\/www.facebook.com\/lescliniquesmatignon\/","article_modified_time":"2024-04-24T15:20:08+00:00","og_image":[{"width":1890,"height":1980,"url":"https:\/\/test.cliniquematignon.ch\/wp-content\/uploads\/2024\/03\/offre-coolsculpting-matignon-medecine-esthetique..jpeg","type":"image\/jpeg"}],"twitter_card":"summary_large_image","twitter_misc":{"Est. reading time":"1 minute"},"schema":{"@context":"https:\/\/schema.org","@graph":[{"@type":"WebPage","@id":"https:\/\/test.cliniquematignon.ch\/de\/produkt\/coolsculpting\/","url":"https:\/\/test.cliniquematignon.ch\/de\/produkt\/coolsculpting\/","name":"Coolsculpting | Matignon","isPartOf":{"@id":"https:\/\/test.cliniquematignon.ch\/de\/#website"},"primaryImageOfPage":{"@id":"https:\/\/test.cliniquematignon.ch\/de\/produkt\/coolsculpting\/#primaryimage"},"image":{"@id":"https:\/\/test.cliniquematignon.ch\/de\/produkt\/coolsculpting\/#primaryimage"},"thumbnailUrl":"https:\/\/test.cliniquematignon.ch\/wp-content\/uploads\/2024\/03\/offre-coolsculpting-matignon-medecine-esthetique..jpeg","datePublished":"2024-03-25T05:56:53+00:00","dateModified":"2024-04-24T15:20:08+00:00","breadcrumb":{"@id":"https:\/\/test.cliniquematignon.ch\/de\/produkt\/coolsculpting\/#breadcrumb"},"inLanguage":"de-CH","potentialAction":[{"@type":"ReadAction","target":["https:\/\/test.cliniquematignon.ch\/de\/produkt\/coolsculpting\/"]}]},{"@type":"ImageObject","inLanguage":"de-CH","@id":"https:\/\/test.cliniquematignon.ch\/de\/produkt\/coolsculpting\/#primaryimage","url":"https:\/\/test.cliniquematignon.ch\/wp-content\/uploads\/2024\/03\/offre-coolsculpting-matignon-medecine-esthetique..jpeg","contentUrl":"https:\/\/test.cliniquematignon.ch\/wp-content\/uploads\/2024\/03\/offre-coolsculpting-matignon-medecine-esthetique..jpeg","width":1890,"height":1980},{"@type":"BreadcrumbList","@id":"https:\/\/test.cliniquematignon.ch\/de\/produkt\/coolsculpting\/#breadcrumb","itemListElement":[{"@type":"ListItem","position":1,"name":"Home","item":"https:\/\/test.cliniquematignon.ch\/de\/startseite\/"},{"@type":"ListItem","position":2,"name":"Shop","item":"https:\/\/test.cliniquematignon.ch\/de\/shop\/"},{"@type":"ListItem","position":3,"name":"Coolsculpting"}]},{"@type":"WebSite","@id":"https:\/\/test.cliniquematignon.ch\/de\/#website","url":"https:\/\/test.cliniquematignon.ch\/de\/","name":"Matignon","description":"M\u00e9decine esth\u00e9tique","publisher":{"@id":"https:\/\/test.cliniquematignon.ch\/de\/#organization"},"potentialAction":[{"@type":"SearchAction","target":{"@type":"EntryPoint","urlTemplate":"https:\/\/test.cliniquematignon.ch\/de\/?s={search_term_string}"},"query-input":"required name=search_term_string"}],"inLanguage":"de-CH"},{"@type":"Organization","@id":"https:\/\/test.cliniquematignon.ch\/de\/#organization","name":"Matignon","url":"https:\/\/test.cliniquematignon.ch\/de\/","logo":{"@type":"ImageObject","inLanguage":"de-CH","@id":"https:\/\/test.cliniquematignon.ch\/de\/#\/schema\/logo\/image\/","url":"https:\/\/cliniquematignon.ch\/wp-content\/uploads\/2023\/06\/mat-logo-black..svg","contentUrl":"https:\/\/cliniquematignon.ch\/wp-content\/uploads\/2023\/06\/mat-logo-black..svg","width":1,"height":1,"caption":"Matignon"},"image":{"@id":"https:\/\/test.cliniquematignon.ch\/de\/#\/schema\/logo\/image\/"},"sameAs":["https:\/\/www.facebook.com\/lescliniquesmatignon\/"]}]}},"_links":{"self":[{"href":"https:\/\/test.cliniquematignon.ch\/de\/wp-json\/wp\/v2\/product\/13112"}],"collection":[{"href":"https:\/\/test.cliniquematignon.ch\/de\/wp-json\/wp\/v2\/product"}],"about":[{"href":"https:\/\/test.cliniquematignon.ch\/de\/wp-json\/wp\/v2\/types\/product"}],"wp:featuredmedia":[{"embeddable":true,"href":"https:\/\/test.cliniquematignon.ch\/de\/wp-json\/wp\/v2\/media\/12789"}],"wp:attachment":[{"href":"https:\/\/test.cliniquematignon.ch\/de\/wp-json\/wp\/v2\/media?parent=13112"}],"wp:term":[{"taxonomy":"product_cat","embeddable":true,"href":"https:\/\/test.cliniquematignon.ch\/de\/wp-json\/wp\/v2\/product_cat?post=13112"},{"taxonomy":"product_tag","embeddable":true,"href":"https:\/\/test.cliniquematignon.ch\/de\/wp-json\/wp\/v2\/product_tag?post=13112"},{"taxonomy":"brand_product","embeddable":true,"href":"https:\/\/test.cliniquematignon.ch\/de\/wp-json\/wp\/v2\/brand_product?post=13112"}],"curies":[{"name":"wp","href":"https:\/\/api.w.org\/{rel}","templated":true}]}}