{"id":14266,"date":"2024-04-25T18:00:06","date_gmt":"2024-04-25T16:22:36","guid":{"rendered":"https:\/\/test.cliniquematignon.ch\/product\/summer-ready-dauerhafte-haarentfernung-2-fuer-1\/"},"modified":"2024-05-23T10:02:05","modified_gmt":"2024-05-23T08:02:05","slug":"summer-ready-dauerhafte-haarentfernung-2-fuer-1","status":"publish","type":"product","link":"https:\/\/test.cliniquematignon.ch\/de\/produkt\/summer-ready-dauerhafte-haarentfernung-2-fuer-1\/","title":{"rendered":"Summer Ready Dauerhafte Haarentfernung &#8211; 2 f\u00fcr 1"},"content":{"rendered":"<p>Um vor dem Sommer makellos zu sein, bieten wir Ihnen 2 hochenergetische Sitzungen zum Preis von einer an!<\/p>\n<p><em><strong>  Bye Bye der mentalen Belastung vor dem Sommer!<\/strong><\/em><\/p>\n<p>Ein Programm mit zwei hochenergetischen Sitzungen vor dem Sommer wird Ihnen entweder..:<\/p>\n<ul>\n<li>Beginnen Sie Ihr Programm zur dauerhaften Haarentfernung mit ersten sichtbaren Ergebnissen vor dem Sommer und setzen Sie es nach den Sommermonaten fort.<\/li>\n<li>Die letzten 10% loszuwerden, um eine makellose Haut zu erhalten.<\/li>\n<\/ul>\n<p>F\u00fcr alle und jeden:<\/p>\n<ul>\n<li>Achselh\u00f6hlen <strong>CHF 130.-<\/strong> statt CHF 260.-.<\/li>\n<li>Halbe Beine <strong>CHF 410.-<\/strong> statt CHF 820.-.<\/li>\n<li>Ganze Beine <strong>CHF 610.-<\/strong> statt CHF 1220.-.<\/li>\n<li><strong>TOTAL BODY<\/strong> Package (komplette Beine, Bikini, Achseln) zum super attraktiven Preis von <strong>CHF 890.-<\/strong> statt CHF 1920.-.<\/li>\n<\/ul>\n<p>F\u00fcr Frauen:<\/p>\n<ul>\n<li>Bikini Standard <strong>CHF 130.-<\/strong> statt CHF 260.-.<\/li>\n<li>Voller Bikini <strong>CHF 220.-<\/strong> statt CHF 440.-.<\/li>\n<\/ul>\n<p>F\u00fcr M\u00e4nner<\/p>\n<ul>\n<li>Torso <strong>CHF<\/strong> <strong>420.-<\/strong> statt 840.-.<\/li>\n<li>Genitalbereich <strong>CHF 280.-<\/strong> statt CHF 560.-.<\/li>\n<\/ul>\n<p>Neu: Jetzt kaufen und in Raten zahlen.<\/p>\n<p><i>***<\/i><\/p>\n<p><em>Wenn Sie sich f\u00fcr eine dauerhafte Haarentfernung bei Clinique Matignon entscheiden, w\u00e4hlen Sie einen vielf\u00e4ltigen technischen Park mit verschiedenen Lasertechnologien und gepulsten Lichtern der neuesten Generation, die uns eine au\u00dfergew\u00f6hnliche Leistung erm\u00f6glichen.<\/em><em>  Mit einer Sitzung alle 4 bis 6 Wochen bis zu insgesamt 8 Sitzungen und dank der Vielfalt der verf\u00fcgbaren Technologien k\u00f6nnen in 95% der F\u00e4lle zufriedenstellende Ergebnisse erzielt werden.  <\/em><\/p>\n","protected":false},"excerpt":{"rendered":"<p>Um vor dem Sommer makellos zu sein, bieten wir Ihnen 2 hochenergetische Sitzungen zum Preis von einer an! Bye Bye der mentalen Belastung vor dem Sommer! Ein Programm mit zwei hochenergetischen Sitzungen vor dem Sommer wird Ihnen entweder..: Beginnen Sie Ihr Programm zur dauerhaften Haarentfernung mit ersten sichtbaren Ergebnissen vor dem Sommer und setzen Sie [&hellip;]<\/p>\n","protected":false},"featured_media":6340,"template":"","meta":{"_acf_changed":false},"product_cat":[369],"product_tag":[],"brand_product":[],"acf":[],"yoast_head":"<!-- This site is optimized with the Yoast SEO plugin v23.1 - https:\/\/yoast.com\/wordpress\/plugins\/seo\/ -->\n<title>Summer Ready Dauerhafte Haarentfernung - 2 f\u00fcr 1 | Matignon<\/title>\n<meta name=\"robots\" content=\"noindex, follow, max-snippet:-1, max-image-preview:large, max-video-preview:-1\" \/>\n<meta property=\"og:locale\" content=\"de_DE\" \/>\n<meta property=\"og:type\" content=\"article\" \/>\n<meta property=\"og:title\" content=\"Summer Ready Dauerhafte Haarentfernung - 2 f\u00fcr 1 | Matignon\" \/>\n<meta property=\"og:description\" content=\"Um vor dem Sommer makellos zu sein, bieten wir Ihnen 2 hochenergetische Sitzungen zum Preis von einer an! Bye Bye der mentalen Belastung vor dem Sommer! Ein Programm mit zwei hochenergetischen Sitzungen vor dem Sommer wird Ihnen entweder..: Beginnen Sie Ihr Programm zur dauerhaften Haarentfernung mit ersten sichtbaren Ergebnissen vor dem Sommer und setzen Sie [&hellip;]\" \/>\n<meta property=\"og:url\" content=\"https:\/\/test.cliniquematignon.ch\/de\/produkt\/summer-ready-dauerhafte-haarentfernung-2-fuer-1\/\" \/>\n<meta property=\"og:site_name\" content=\"Matignon\" \/>\n<meta property=\"article:publisher\" content=\"https:\/\/www.facebook.com\/lescliniquesmatignon\/\" \/>\n<meta property=\"article:modified_time\" content=\"2024-05-23T08:02:05+00:00\" \/>\n<meta property=\"og:image\" content=\"https:\/\/test.cliniquematignon.ch\/wp-content\/uploads\/2023\/10\/clinique-matignon-epilation-permanente..jpg\" \/>\n\t<meta property=\"og:image:width\" content=\"1980\" \/>\n\t<meta property=\"og:image:height\" content=\"1890\" \/>\n\t<meta property=\"og:image:type\" content=\"image\/jpeg\" \/>\n<meta name=\"twitter:card\" content=\"summary_large_image\" \/>\n<meta name=\"twitter:label1\" content=\"Est. reading time\" \/>\n\t<meta name=\"twitter:data1\" content=\"1 minute\" \/>\n<script type=\"application\/ld+json\" class=\"yoast-schema-graph\">{\"@context\":\"https:\/\/schema.org\",\"@graph\":[{\"@type\":\"WebPage\",\"@id\":\"https:\/\/test.cliniquematignon.ch\/de\/produkt\/summer-ready-dauerhafte-haarentfernung-2-fuer-1\/\",\"url\":\"https:\/\/test.cliniquematignon.ch\/de\/produkt\/summer-ready-dauerhafte-haarentfernung-2-fuer-1\/\",\"name\":\"Summer Ready Dauerhafte Haarentfernung - 2 f\u00fcr 1 | Matignon\",\"isPartOf\":{\"@id\":\"https:\/\/test.cliniquematignon.ch\/de\/#website\"},\"primaryImageOfPage\":{\"@id\":\"https:\/\/test.cliniquematignon.ch\/de\/produkt\/summer-ready-dauerhafte-haarentfernung-2-fuer-1\/#primaryimage\"},\"image\":{\"@id\":\"https:\/\/test.cliniquematignon.ch\/de\/produkt\/summer-ready-dauerhafte-haarentfernung-2-fuer-1\/#primaryimage\"},\"thumbnailUrl\":\"https:\/\/test.cliniquematignon.ch\/wp-content\/uploads\/2023\/10\/clinique-matignon-epilation-permanente..jpg\",\"datePublished\":\"2024-04-25T16:22:36+00:00\",\"dateModified\":\"2024-05-23T08:02:05+00:00\",\"breadcrumb\":{\"@id\":\"https:\/\/test.cliniquematignon.ch\/de\/produkt\/summer-ready-dauerhafte-haarentfernung-2-fuer-1\/#breadcrumb\"},\"inLanguage\":\"de-CH\",\"potentialAction\":[{\"@type\":\"ReadAction\",\"target\":[\"https:\/\/test.cliniquematignon.ch\/de\/produkt\/summer-ready-dauerhafte-haarentfernung-2-fuer-1\/\"]}]},{\"@type\":\"ImageObject\",\"inLanguage\":\"de-CH\",\"@id\":\"https:\/\/test.cliniquematignon.ch\/de\/produkt\/summer-ready-dauerhafte-haarentfernung-2-fuer-1\/#primaryimage\",\"url\":\"https:\/\/test.cliniquematignon.ch\/wp-content\/uploads\/2023\/10\/clinique-matignon-epilation-permanente..jpg\",\"contentUrl\":\"https:\/\/test.cliniquematignon.ch\/wp-content\/uploads\/2023\/10\/clinique-matignon-epilation-permanente..jpg\",\"width\":1980,\"height\":1890},{\"@type\":\"BreadcrumbList\",\"@id\":\"https:\/\/test.cliniquematignon.ch\/de\/produkt\/summer-ready-dauerhafte-haarentfernung-2-fuer-1\/#breadcrumb\",\"itemListElement\":[{\"@type\":\"ListItem\",\"position\":1,\"name\":\"Home\",\"item\":\"https:\/\/test.cliniquematignon.ch\/de\/startseite\/\"},{\"@type\":\"ListItem\",\"position\":2,\"name\":\"Shop\",\"item\":\"https:\/\/test.cliniquematignon.ch\/de\/shop\/\"},{\"@type\":\"ListItem\",\"position\":3,\"name\":\"Summer Ready Dauerhafte Haarentfernung &#8211; 2 f\u00fcr 1\"}]},{\"@type\":\"WebSite\",\"@id\":\"https:\/\/test.cliniquematignon.ch\/de\/#website\",\"url\":\"https:\/\/test.cliniquematignon.ch\/de\/\",\"name\":\"Matignon\",\"description\":\"M\u00e9decine esth\u00e9tique\",\"publisher\":{\"@id\":\"https:\/\/test.cliniquematignon.ch\/de\/#organization\"},\"potentialAction\":[{\"@type\":\"SearchAction\",\"target\":{\"@type\":\"EntryPoint\",\"urlTemplate\":\"https:\/\/test.cliniquematignon.ch\/de\/?s={search_term_string}\"},\"query-input\":\"required name=search_term_string\"}],\"inLanguage\":\"de-CH\"},{\"@type\":\"Organization\",\"@id\":\"https:\/\/test.cliniquematignon.ch\/de\/#organization\",\"name\":\"Matignon\",\"url\":\"https:\/\/test.cliniquematignon.ch\/de\/\",\"logo\":{\"@type\":\"ImageObject\",\"inLanguage\":\"de-CH\",\"@id\":\"https:\/\/test.cliniquematignon.ch\/de\/#\/schema\/logo\/image\/\",\"url\":\"https:\/\/cliniquematignon.ch\/wp-content\/uploads\/2023\/06\/mat-logo-black..svg\",\"contentUrl\":\"https:\/\/cliniquematignon.ch\/wp-content\/uploads\/2023\/06\/mat-logo-black..svg\",\"width\":1,\"height\":1,\"caption\":\"Matignon\"},\"image\":{\"@id\":\"https:\/\/test.cliniquematignon.ch\/de\/#\/schema\/logo\/image\/\"},\"sameAs\":[\"https:\/\/www.facebook.com\/lescliniquesmatignon\/\"]}]}<\/script>\n<!-- \/ Yoast SEO plugin. -->","yoast_head_json":{"title":"Summer Ready Dauerhafte Haarentfernung - 2 f\u00fcr 1 | Matignon","robots":{"index":"noindex","follow":"follow","max-snippet":"max-snippet:-1","max-image-preview":"max-image-preview:large","max-video-preview":"max-video-preview:-1"},"og_locale":"de_DE","og_type":"article","og_title":"Summer Ready Dauerhafte Haarentfernung - 2 f\u00fcr 1 | Matignon","og_description":"Um vor dem Sommer makellos zu sein, bieten wir Ihnen 2 hochenergetische Sitzungen zum Preis von einer an! Bye Bye der mentalen Belastung vor dem Sommer! Ein Programm mit zwei hochenergetischen Sitzungen vor dem Sommer wird Ihnen entweder..: Beginnen Sie Ihr Programm zur dauerhaften Haarentfernung mit ersten sichtbaren Ergebnissen vor dem Sommer und setzen Sie [&hellip;]","og_url":"https:\/\/test.cliniquematignon.ch\/de\/produkt\/summer-ready-dauerhafte-haarentfernung-2-fuer-1\/","og_site_name":"Matignon","article_publisher":"https:\/\/www.facebook.com\/lescliniquesmatignon\/","article_modified_time":"2024-05-23T08:02:05+00:00","og_image":[{"width":1980,"height":1890,"url":"https:\/\/test.cliniquematignon.ch\/wp-content\/uploads\/2023\/10\/clinique-matignon-epilation-permanente..jpg","type":"image\/jpeg"}],"twitter_card":"summary_large_image","twitter_misc":{"Est. reading time":"1 minute"},"schema":{"@context":"https:\/\/schema.org","@graph":[{"@type":"WebPage","@id":"https:\/\/test.cliniquematignon.ch\/de\/produkt\/summer-ready-dauerhafte-haarentfernung-2-fuer-1\/","url":"https:\/\/test.cliniquematignon.ch\/de\/produkt\/summer-ready-dauerhafte-haarentfernung-2-fuer-1\/","name":"Summer Ready Dauerhafte Haarentfernung - 2 f\u00fcr 1 | Matignon","isPartOf":{"@id":"https:\/\/test.cliniquematignon.ch\/de\/#website"},"primaryImageOfPage":{"@id":"https:\/\/test.cliniquematignon.ch\/de\/produkt\/summer-ready-dauerhafte-haarentfernung-2-fuer-1\/#primaryimage"},"image":{"@id":"https:\/\/test.cliniquematignon.ch\/de\/produkt\/summer-ready-dauerhafte-haarentfernung-2-fuer-1\/#primaryimage"},"thumbnailUrl":"https:\/\/test.cliniquematignon.ch\/wp-content\/uploads\/2023\/10\/clinique-matignon-epilation-permanente..jpg","datePublished":"2024-04-25T16:22:36+00:00","dateModified":"2024-05-23T08:02:05+00:00","breadcrumb":{"@id":"https:\/\/test.cliniquematignon.ch\/de\/produkt\/summer-ready-dauerhafte-haarentfernung-2-fuer-1\/#breadcrumb"},"inLanguage":"de-CH","potentialAction":[{"@type":"ReadAction","target":["https:\/\/test.cliniquematignon.ch\/de\/produkt\/summer-ready-dauerhafte-haarentfernung-2-fuer-1\/"]}]},{"@type":"ImageObject","inLanguage":"de-CH","@id":"https:\/\/test.cliniquematignon.ch\/de\/produkt\/summer-ready-dauerhafte-haarentfernung-2-fuer-1\/#primaryimage","url":"https:\/\/test.cliniquematignon.ch\/wp-content\/uploads\/2023\/10\/clinique-matignon-epilation-permanente..jpg","contentUrl":"https:\/\/test.cliniquematignon.ch\/wp-content\/uploads\/2023\/10\/clinique-matignon-epilation-permanente..jpg","width":1980,"height":1890},{"@type":"BreadcrumbList","@id":"https:\/\/test.cliniquematignon.ch\/de\/produkt\/summer-ready-dauerhafte-haarentfernung-2-fuer-1\/#breadcrumb","itemListElement":[{"@type":"ListItem","position":1,"name":"Home","item":"https:\/\/test.cliniquematignon.ch\/de\/startseite\/"},{"@type":"ListItem","position":2,"name":"Shop","item":"https:\/\/test.cliniquematignon.ch\/de\/shop\/"},{"@type":"ListItem","position":3,"name":"Summer Ready Dauerhafte Haarentfernung &#8211; 2 f\u00fcr 1"}]},{"@type":"WebSite","@id":"https:\/\/test.cliniquematignon.ch\/de\/#website","url":"https:\/\/test.cliniquematignon.ch\/de\/","name":"Matignon","description":"M\u00e9decine esth\u00e9tique","publisher":{"@id":"https:\/\/test.cliniquematignon.ch\/de\/#organization"},"potentialAction":[{"@type":"SearchAction","target":{"@type":"EntryPoint","urlTemplate":"https:\/\/test.cliniquematignon.ch\/de\/?s={search_term_string}"},"query-input":"required name=search_term_string"}],"inLanguage":"de-CH"},{"@type":"Organization","@id":"https:\/\/test.cliniquematignon.ch\/de\/#organization","name":"Matignon","url":"https:\/\/test.cliniquematignon.ch\/de\/","logo":{"@type":"ImageObject","inLanguage":"de-CH","@id":"https:\/\/test.cliniquematignon.ch\/de\/#\/schema\/logo\/image\/","url":"https:\/\/cliniquematignon.ch\/wp-content\/uploads\/2023\/06\/mat-logo-black..svg","contentUrl":"https:\/\/cliniquematignon.ch\/wp-content\/uploads\/2023\/06\/mat-logo-black..svg","width":1,"height":1,"caption":"Matignon"},"image":{"@id":"https:\/\/test.cliniquematignon.ch\/de\/#\/schema\/logo\/image\/"},"sameAs":["https:\/\/www.facebook.com\/lescliniquesmatignon\/"]}]}},"_links":{"self":[{"href":"https:\/\/test.cliniquematignon.ch\/de\/wp-json\/wp\/v2\/product\/14266"}],"collection":[{"href":"https:\/\/test.cliniquematignon.ch\/de\/wp-json\/wp\/v2\/product"}],"about":[{"href":"https:\/\/test.cliniquematignon.ch\/de\/wp-json\/wp\/v2\/types\/product"}],"wp:featuredmedia":[{"embeddable":true,"href":"https:\/\/test.cliniquematignon.ch\/de\/wp-json\/wp\/v2\/media\/6340"}],"wp:attachment":[{"href":"https:\/\/test.cliniquematignon.ch\/de\/wp-json\/wp\/v2\/media?parent=14266"}],"wp:term":[{"taxonomy":"product_cat","embeddable":true,"href":"https:\/\/test.cliniquematignon.ch\/de\/wp-json\/wp\/v2\/product_cat?post=14266"},{"taxonomy":"product_tag","embeddable":true,"href":"https:\/\/test.cliniquematignon.ch\/de\/wp-json\/wp\/v2\/product_tag?post=14266"},{"taxonomy":"brand_product","embeddable":true,"href":"https:\/\/test.cliniquematignon.ch\/de\/wp-json\/wp\/v2\/brand_product?post=14266"}],"curies":[{"name":"wp","href":"https:\/\/api.w.org\/{rel}","templated":true}]}}