{"id":3118,"date":"2023-07-14T17:04:00","date_gmt":"2023-09-12T08:58:35","guid":{"rendered":"https:\/\/test.cliniquematignon.ch\/product\/night-cream\/"},"modified":"2024-04-22T09:14:57","modified_gmt":"2024-04-22T07:14:57","slug":"matignon-by-dr-delarive-night-cream","status":"publish","type":"product","link":"https:\/\/test.cliniquematignon.ch\/de\/produkt\/matignon-by-dr-delarive-night-cream\/","title":{"rendered":"Night Cream"},"content":{"rendered":"<p>Das Must-have der Reihe mit hochwirksamen Wirkstoffen in besonders hohen Konzentrationen.<\/p>\n<p>Night Cream ist das Spitzenprodukt der Marke.<\/p>\n<p>Diese Nachtcreme enth\u00e4lt die h\u00f6chste Konzentration des Phyto-Hormon-Komplexes, um die Haut intensiv zu verdichten, w\u00e4hrend Sie schlafen.<\/p>\n<p>Die Formel wurde mit Retinol der 4. Generation angereichert, um die Zellen ohne Reizwirkung zu reparieren, und mit Shikonin f\u00fcr seine antioxidative Wirkung.<\/p>\n<p class=\"p1\">Squalan, das aus Pflanzenextrakten hergestellt wird, ist ein r\u00fcckfettender Wirkstoff und hat fast die gleichen Eigenschaften wie menschliches Sebum. Dadurch werden die Hautschichten w\u00e4hrend des Nachtzyklus tief mit Feuchtigkeit versorgt, ohne dass sich beim Aufwachen ein klebriger oder fettiger Film auf der Hautoberfl\u00e4che bildet.<\/p>\n<p><strong>Nutzen<\/strong>:<\/p>\n<ul>\n<li>Die reichhaltige Textur versorgt die Hautschichten die ganze Nacht hindurch mit Feuchtigkeit und n\u00e4hrt sie bis in die Tiefe.<\/li>\n<li>W\u00e4hrend Sie schlafen, repariert und verdichtet sich die Haut.<\/li>\n<li>Wenn Sie aufwachen, ist Ihre Haut geschmeidiger und praller.<\/li>\n<\/ul>\n","protected":false},"excerpt":{"rendered":"<p>Das Must-have der Reihe mit hochwirksamen Wirkstoffen in besonders hohen Konzentrationen. Night Cream ist das Spitzenprodukt der Marke. Diese Nachtcreme enth\u00e4lt die h\u00f6chste Konzentration des Phyto-Hormon-Komplexes, um die Haut intensiv zu verdichten, w\u00e4hrend Sie schlafen. Die Formel wurde mit Retinol der 4. Generation angereichert, um die Zellen ohne Reizwirkung zu reparieren, und mit Shikonin f\u00fcr [&hellip;]<\/p>\n","protected":false},"featured_media":3122,"template":"","meta":{"_acf_changed":false},"product_cat":[368],"product_tag":[],"brand_product":[367],"acf":[],"yoast_head":"<!-- This site is optimized with the Yoast SEO plugin v23.1 - https:\/\/yoast.com\/wordpress\/plugins\/seo\/ -->\n<title>Night Cream | Matignon<\/title>\n<meta name=\"robots\" content=\"noindex, follow, max-snippet:-1, max-image-preview:large, max-video-preview:-1\" \/>\n<meta property=\"og:locale\" content=\"de_DE\" \/>\n<meta property=\"og:type\" content=\"article\" \/>\n<meta property=\"og:title\" content=\"Night Cream | Matignon\" \/>\n<meta property=\"og:description\" content=\"Das Must-have der Reihe mit hochwirksamen Wirkstoffen in besonders hohen Konzentrationen. Night Cream ist das Spitzenprodukt der Marke. Diese Nachtcreme enth\u00e4lt die h\u00f6chste Konzentration des Phyto-Hormon-Komplexes, um die Haut intensiv zu verdichten, w\u00e4hrend Sie schlafen. Die Formel wurde mit Retinol der 4. Generation angereichert, um die Zellen ohne Reizwirkung zu reparieren, und mit Shikonin f\u00fcr [&hellip;]\" \/>\n<meta property=\"og:url\" content=\"https:\/\/test.cliniquematignon.ch\/de\/produkt\/matignon-by-dr-delarive-night-cream\/\" \/>\n<meta property=\"og:site_name\" content=\"Matignon\" \/>\n<meta property=\"article:publisher\" content=\"https:\/\/www.facebook.com\/lescliniquesmatignon\/\" \/>\n<meta property=\"article:modified_time\" content=\"2024-04-22T07:14:57+00:00\" \/>\n<meta property=\"og:image\" content=\"https:\/\/test.cliniquematignon.ch\/wp-content\/uploads\/2023\/07\/nightcream-black..jpg\" \/>\n\t<meta property=\"og:image:width\" content=\"1980\" \/>\n\t<meta property=\"og:image:height\" content=\"1890\" \/>\n\t<meta property=\"og:image:type\" content=\"image\/jpeg\" \/>\n<meta name=\"twitter:card\" content=\"summary_large_image\" \/>\n<meta name=\"twitter:label1\" content=\"Est. reading time\" \/>\n\t<meta name=\"twitter:data1\" content=\"1 minute\" \/>\n<script type=\"application\/ld+json\" class=\"yoast-schema-graph\">{\"@context\":\"https:\/\/schema.org\",\"@graph\":[{\"@type\":\"WebPage\",\"@id\":\"https:\/\/test.cliniquematignon.ch\/de\/produkt\/matignon-by-dr-delarive-night-cream\/\",\"url\":\"https:\/\/test.cliniquematignon.ch\/de\/produkt\/matignon-by-dr-delarive-night-cream\/\",\"name\":\"Night Cream | Matignon\",\"isPartOf\":{\"@id\":\"https:\/\/test.cliniquematignon.ch\/de\/#website\"},\"primaryImageOfPage\":{\"@id\":\"https:\/\/test.cliniquematignon.ch\/de\/produkt\/matignon-by-dr-delarive-night-cream\/#primaryimage\"},\"image\":{\"@id\":\"https:\/\/test.cliniquematignon.ch\/de\/produkt\/matignon-by-dr-delarive-night-cream\/#primaryimage\"},\"thumbnailUrl\":\"https:\/\/test.cliniquematignon.ch\/wp-content\/uploads\/2023\/07\/nightcream-black..jpg\",\"datePublished\":\"2023-09-12T08:58:35+00:00\",\"dateModified\":\"2024-04-22T07:14:57+00:00\",\"breadcrumb\":{\"@id\":\"https:\/\/test.cliniquematignon.ch\/de\/produkt\/matignon-by-dr-delarive-night-cream\/#breadcrumb\"},\"inLanguage\":\"de-CH\",\"potentialAction\":[{\"@type\":\"ReadAction\",\"target\":[\"https:\/\/test.cliniquematignon.ch\/de\/produkt\/matignon-by-dr-delarive-night-cream\/\"]}]},{\"@type\":\"ImageObject\",\"inLanguage\":\"de-CH\",\"@id\":\"https:\/\/test.cliniquematignon.ch\/de\/produkt\/matignon-by-dr-delarive-night-cream\/#primaryimage\",\"url\":\"https:\/\/test.cliniquematignon.ch\/wp-content\/uploads\/2023\/07\/nightcream-black..jpg\",\"contentUrl\":\"https:\/\/test.cliniquematignon.ch\/wp-content\/uploads\/2023\/07\/nightcream-black..jpg\",\"width\":1980,\"height\":1890},{\"@type\":\"BreadcrumbList\",\"@id\":\"https:\/\/test.cliniquematignon.ch\/de\/produkt\/matignon-by-dr-delarive-night-cream\/#breadcrumb\",\"itemListElement\":[{\"@type\":\"ListItem\",\"position\":1,\"name\":\"Home\",\"item\":\"https:\/\/test.cliniquematignon.ch\/de\/startseite\/\"},{\"@type\":\"ListItem\",\"position\":2,\"name\":\"Shop\",\"item\":\"https:\/\/test.cliniquematignon.ch\/de\/shop\/\"},{\"@type\":\"ListItem\",\"position\":3,\"name\":\"Night Cream\"}]},{\"@type\":\"WebSite\",\"@id\":\"https:\/\/test.cliniquematignon.ch\/de\/#website\",\"url\":\"https:\/\/test.cliniquematignon.ch\/de\/\",\"name\":\"Matignon\",\"description\":\"M\u00e9decine esth\u00e9tique\",\"publisher\":{\"@id\":\"https:\/\/test.cliniquematignon.ch\/de\/#organization\"},\"potentialAction\":[{\"@type\":\"SearchAction\",\"target\":{\"@type\":\"EntryPoint\",\"urlTemplate\":\"https:\/\/test.cliniquematignon.ch\/de\/?s={search_term_string}\"},\"query-input\":\"required name=search_term_string\"}],\"inLanguage\":\"de-CH\"},{\"@type\":\"Organization\",\"@id\":\"https:\/\/test.cliniquematignon.ch\/de\/#organization\",\"name\":\"Matignon\",\"url\":\"https:\/\/test.cliniquematignon.ch\/de\/\",\"logo\":{\"@type\":\"ImageObject\",\"inLanguage\":\"de-CH\",\"@id\":\"https:\/\/test.cliniquematignon.ch\/de\/#\/schema\/logo\/image\/\",\"url\":\"https:\/\/cliniquematignon.ch\/wp-content\/uploads\/2023\/06\/mat-logo-black..svg\",\"contentUrl\":\"https:\/\/cliniquematignon.ch\/wp-content\/uploads\/2023\/06\/mat-logo-black..svg\",\"width\":1,\"height\":1,\"caption\":\"Matignon\"},\"image\":{\"@id\":\"https:\/\/test.cliniquematignon.ch\/de\/#\/schema\/logo\/image\/\"},\"sameAs\":[\"https:\/\/www.facebook.com\/lescliniquesmatignon\/\"]}]}<\/script>\n<!-- \/ Yoast SEO plugin. -->","yoast_head_json":{"title":"Night Cream | Matignon","robots":{"index":"noindex","follow":"follow","max-snippet":"max-snippet:-1","max-image-preview":"max-image-preview:large","max-video-preview":"max-video-preview:-1"},"og_locale":"de_DE","og_type":"article","og_title":"Night Cream | Matignon","og_description":"Das Must-have der Reihe mit hochwirksamen Wirkstoffen in besonders hohen Konzentrationen. Night Cream ist das Spitzenprodukt der Marke. Diese Nachtcreme enth\u00e4lt die h\u00f6chste Konzentration des Phyto-Hormon-Komplexes, um die Haut intensiv zu verdichten, w\u00e4hrend Sie schlafen. Die Formel wurde mit Retinol der 4. Generation angereichert, um die Zellen ohne Reizwirkung zu reparieren, und mit Shikonin f\u00fcr [&hellip;]","og_url":"https:\/\/test.cliniquematignon.ch\/de\/produkt\/matignon-by-dr-delarive-night-cream\/","og_site_name":"Matignon","article_publisher":"https:\/\/www.facebook.com\/lescliniquesmatignon\/","article_modified_time":"2024-04-22T07:14:57+00:00","og_image":[{"width":1980,"height":1890,"url":"https:\/\/test.cliniquematignon.ch\/wp-content\/uploads\/2023\/07\/nightcream-black..jpg","type":"image\/jpeg"}],"twitter_card":"summary_large_image","twitter_misc":{"Est. reading time":"1 minute"},"schema":{"@context":"https:\/\/schema.org","@graph":[{"@type":"WebPage","@id":"https:\/\/test.cliniquematignon.ch\/de\/produkt\/matignon-by-dr-delarive-night-cream\/","url":"https:\/\/test.cliniquematignon.ch\/de\/produkt\/matignon-by-dr-delarive-night-cream\/","name":"Night Cream | Matignon","isPartOf":{"@id":"https:\/\/test.cliniquematignon.ch\/de\/#website"},"primaryImageOfPage":{"@id":"https:\/\/test.cliniquematignon.ch\/de\/produkt\/matignon-by-dr-delarive-night-cream\/#primaryimage"},"image":{"@id":"https:\/\/test.cliniquematignon.ch\/de\/produkt\/matignon-by-dr-delarive-night-cream\/#primaryimage"},"thumbnailUrl":"https:\/\/test.cliniquematignon.ch\/wp-content\/uploads\/2023\/07\/nightcream-black..jpg","datePublished":"2023-09-12T08:58:35+00:00","dateModified":"2024-04-22T07:14:57+00:00","breadcrumb":{"@id":"https:\/\/test.cliniquematignon.ch\/de\/produkt\/matignon-by-dr-delarive-night-cream\/#breadcrumb"},"inLanguage":"de-CH","potentialAction":[{"@type":"ReadAction","target":["https:\/\/test.cliniquematignon.ch\/de\/produkt\/matignon-by-dr-delarive-night-cream\/"]}]},{"@type":"ImageObject","inLanguage":"de-CH","@id":"https:\/\/test.cliniquematignon.ch\/de\/produkt\/matignon-by-dr-delarive-night-cream\/#primaryimage","url":"https:\/\/test.cliniquematignon.ch\/wp-content\/uploads\/2023\/07\/nightcream-black..jpg","contentUrl":"https:\/\/test.cliniquematignon.ch\/wp-content\/uploads\/2023\/07\/nightcream-black..jpg","width":1980,"height":1890},{"@type":"BreadcrumbList","@id":"https:\/\/test.cliniquematignon.ch\/de\/produkt\/matignon-by-dr-delarive-night-cream\/#breadcrumb","itemListElement":[{"@type":"ListItem","position":1,"name":"Home","item":"https:\/\/test.cliniquematignon.ch\/de\/startseite\/"},{"@type":"ListItem","position":2,"name":"Shop","item":"https:\/\/test.cliniquematignon.ch\/de\/shop\/"},{"@type":"ListItem","position":3,"name":"Night Cream"}]},{"@type":"WebSite","@id":"https:\/\/test.cliniquematignon.ch\/de\/#website","url":"https:\/\/test.cliniquematignon.ch\/de\/","name":"Matignon","description":"M\u00e9decine esth\u00e9tique","publisher":{"@id":"https:\/\/test.cliniquematignon.ch\/de\/#organization"},"potentialAction":[{"@type":"SearchAction","target":{"@type":"EntryPoint","urlTemplate":"https:\/\/test.cliniquematignon.ch\/de\/?s={search_term_string}"},"query-input":"required name=search_term_string"}],"inLanguage":"de-CH"},{"@type":"Organization","@id":"https:\/\/test.cliniquematignon.ch\/de\/#organization","name":"Matignon","url":"https:\/\/test.cliniquematignon.ch\/de\/","logo":{"@type":"ImageObject","inLanguage":"de-CH","@id":"https:\/\/test.cliniquematignon.ch\/de\/#\/schema\/logo\/image\/","url":"https:\/\/cliniquematignon.ch\/wp-content\/uploads\/2023\/06\/mat-logo-black..svg","contentUrl":"https:\/\/cliniquematignon.ch\/wp-content\/uploads\/2023\/06\/mat-logo-black..svg","width":1,"height":1,"caption":"Matignon"},"image":{"@id":"https:\/\/test.cliniquematignon.ch\/de\/#\/schema\/logo\/image\/"},"sameAs":["https:\/\/www.facebook.com\/lescliniquesmatignon\/"]}]}},"_links":{"self":[{"href":"https:\/\/test.cliniquematignon.ch\/de\/wp-json\/wp\/v2\/product\/3118"}],"collection":[{"href":"https:\/\/test.cliniquematignon.ch\/de\/wp-json\/wp\/v2\/product"}],"about":[{"href":"https:\/\/test.cliniquematignon.ch\/de\/wp-json\/wp\/v2\/types\/product"}],"wp:featuredmedia":[{"embeddable":true,"href":"https:\/\/test.cliniquematignon.ch\/de\/wp-json\/wp\/v2\/media\/3122"}],"wp:attachment":[{"href":"https:\/\/test.cliniquematignon.ch\/de\/wp-json\/wp\/v2\/media?parent=3118"}],"wp:term":[{"taxonomy":"product_cat","embeddable":true,"href":"https:\/\/test.cliniquematignon.ch\/de\/wp-json\/wp\/v2\/product_cat?post=3118"},{"taxonomy":"product_tag","embeddable":true,"href":"https:\/\/test.cliniquematignon.ch\/de\/wp-json\/wp\/v2\/product_tag?post=3118"},{"taxonomy":"brand_product","embeddable":true,"href":"https:\/\/test.cliniquematignon.ch\/de\/wp-json\/wp\/v2\/brand_product?post=3118"}],"curies":[{"name":"wp","href":"https:\/\/api.w.org\/{rel}","templated":true}]}}