{"id":3119,"date":"2023-07-18T10:48:18","date_gmt":"2023-09-12T08:58:36","guid":{"rendered":"https:\/\/test.cliniquematignon.ch\/product\/sos-drops\/"},"modified":"2024-04-22T09:15:00","modified_gmt":"2024-04-22T07:15:00","slug":"matignon-by-dr-delarive-sos-drops","status":"publish","type":"product","link":"https:\/\/test.cliniquematignon.ch\/de\/produkt\/matignon-by-dr-delarive-sos-drops\/","title":{"rendered":"SOS Drops"},"content":{"rendered":"<div>\n<p>SOS DROPS ist eine Verj\u00fcngungskur f\u00fcr die Haut.<\/p>\n<p>In Form von 7 Ampullen f\u00fcr eine Behandlung von 7 bis 14 Tagen versorgt sie Ihre Haut mit Vitalit\u00e4t und Schutz f\u00fcr einen frischeren Teint.<\/p>\n<p>Die Ampullen sind hochkonzentriert an Phytohormonen und enthalten au\u00dferdem Glykols\u00e4ure zum Abtragen abgestorbener Hautzellen und Shikonin f\u00fcr eine antioxidative Wirkung.<\/p>\n<p>Mit diesem Trio k\u00f6nnen Sie die nat\u00fcrliche Ausstrahlung Ihrer Haut zum Vorschein bringen.<\/p>\n<p><strong>Nutzen :<\/strong><\/p>\n<ul>\n<li>SOS DROPS wurde entwickelt, um Perioden fahlen Teints zu regulieren, die durch die Wechself\u00e4lle des Lebens verursacht werden (M\u00fcdigkeit, Stress, Rauchen, ungesunde Lebensweise, Sonneneinstrahlung&#8230;).<\/li>\n<li>Diese Kur ist eine konzentrierte Wiedergeburt f\u00fcr Ihre Haut dank eines Trios aus effektiven Wirkstoffen.<\/li>\n<li>Dank ihrer w\u00e4ssrigen Textur zieht sie schnell in die Haut ein, ohne ein fettiges Finish zu hinterlassen.<\/li>\n<\/ul>\n<\/div>\n<div><\/div>\n","protected":false},"excerpt":{"rendered":"<p>SOS DROPS ist eine Verj\u00fcngungskur f\u00fcr die Haut. In Form von 7 Ampullen f\u00fcr eine Behandlung von 7 bis 14 Tagen versorgt sie Ihre Haut mit Vitalit\u00e4t und Schutz f\u00fcr einen frischeren Teint. Die Ampullen sind hochkonzentriert an Phytohormonen und enthalten au\u00dferdem Glykols\u00e4ure zum Abtragen abgestorbener Hautzellen und Shikonin f\u00fcr eine antioxidative Wirkung. Mit diesem [&hellip;]<\/p>\n","protected":false},"featured_media":3130,"template":"","meta":{"_acf_changed":false},"product_cat":[368],"product_tag":[],"brand_product":[367],"acf":[],"yoast_head":"<!-- This site is optimized with the Yoast SEO plugin v23.1 - https:\/\/yoast.com\/wordpress\/plugins\/seo\/ -->\n<title>SOS Drops | Matignon<\/title>\n<meta name=\"robots\" content=\"noindex, follow, max-snippet:-1, max-image-preview:large, max-video-preview:-1\" \/>\n<meta property=\"og:locale\" content=\"de_DE\" \/>\n<meta property=\"og:type\" content=\"article\" \/>\n<meta property=\"og:title\" content=\"SOS Drops | Matignon\" \/>\n<meta property=\"og:description\" content=\"SOS DROPS ist eine Verj\u00fcngungskur f\u00fcr die Haut. In Form von 7 Ampullen f\u00fcr eine Behandlung von 7 bis 14 Tagen versorgt sie Ihre Haut mit Vitalit\u00e4t und Schutz f\u00fcr einen frischeren Teint. Die Ampullen sind hochkonzentriert an Phytohormonen und enthalten au\u00dferdem Glykols\u00e4ure zum Abtragen abgestorbener Hautzellen und Shikonin f\u00fcr eine antioxidative Wirkung. Mit diesem [&hellip;]\" \/>\n<meta property=\"og:url\" content=\"https:\/\/test.cliniquematignon.ch\/de\/produkt\/matignon-by-dr-delarive-sos-drops\/\" \/>\n<meta property=\"og:site_name\" content=\"Matignon\" \/>\n<meta property=\"article:publisher\" content=\"https:\/\/www.facebook.com\/lescliniquesmatignon\/\" \/>\n<meta property=\"article:modified_time\" content=\"2024-04-22T07:15:00+00:00\" \/>\n<meta property=\"og:image\" content=\"https:\/\/test.cliniquematignon.ch\/wp-content\/uploads\/2023\/07\/sosdrops-black..jpg\" \/>\n\t<meta property=\"og:image:width\" content=\"1980\" \/>\n\t<meta property=\"og:image:height\" content=\"1890\" \/>\n\t<meta property=\"og:image:type\" content=\"image\/jpeg\" \/>\n<meta name=\"twitter:card\" content=\"summary_large_image\" \/>\n<meta name=\"twitter:label1\" content=\"Est. reading time\" \/>\n\t<meta name=\"twitter:data1\" content=\"1 minute\" \/>\n<script type=\"application\/ld+json\" class=\"yoast-schema-graph\">{\"@context\":\"https:\/\/schema.org\",\"@graph\":[{\"@type\":\"WebPage\",\"@id\":\"https:\/\/test.cliniquematignon.ch\/de\/produkt\/matignon-by-dr-delarive-sos-drops\/\",\"url\":\"https:\/\/test.cliniquematignon.ch\/de\/produkt\/matignon-by-dr-delarive-sos-drops\/\",\"name\":\"SOS Drops | Matignon\",\"isPartOf\":{\"@id\":\"https:\/\/test.cliniquematignon.ch\/de\/#website\"},\"primaryImageOfPage\":{\"@id\":\"https:\/\/test.cliniquematignon.ch\/de\/produkt\/matignon-by-dr-delarive-sos-drops\/#primaryimage\"},\"image\":{\"@id\":\"https:\/\/test.cliniquematignon.ch\/de\/produkt\/matignon-by-dr-delarive-sos-drops\/#primaryimage\"},\"thumbnailUrl\":\"https:\/\/test.cliniquematignon.ch\/wp-content\/uploads\/2023\/07\/sosdrops-black..jpg\",\"datePublished\":\"2023-09-12T08:58:36+00:00\",\"dateModified\":\"2024-04-22T07:15:00+00:00\",\"breadcrumb\":{\"@id\":\"https:\/\/test.cliniquematignon.ch\/de\/produkt\/matignon-by-dr-delarive-sos-drops\/#breadcrumb\"},\"inLanguage\":\"de-CH\",\"potentialAction\":[{\"@type\":\"ReadAction\",\"target\":[\"https:\/\/test.cliniquematignon.ch\/de\/produkt\/matignon-by-dr-delarive-sos-drops\/\"]}]},{\"@type\":\"ImageObject\",\"inLanguage\":\"de-CH\",\"@id\":\"https:\/\/test.cliniquematignon.ch\/de\/produkt\/matignon-by-dr-delarive-sos-drops\/#primaryimage\",\"url\":\"https:\/\/test.cliniquematignon.ch\/wp-content\/uploads\/2023\/07\/sosdrops-black..jpg\",\"contentUrl\":\"https:\/\/test.cliniquematignon.ch\/wp-content\/uploads\/2023\/07\/sosdrops-black..jpg\",\"width\":1980,\"height\":1890},{\"@type\":\"BreadcrumbList\",\"@id\":\"https:\/\/test.cliniquematignon.ch\/de\/produkt\/matignon-by-dr-delarive-sos-drops\/#breadcrumb\",\"itemListElement\":[{\"@type\":\"ListItem\",\"position\":1,\"name\":\"Home\",\"item\":\"https:\/\/test.cliniquematignon.ch\/de\/startseite\/\"},{\"@type\":\"ListItem\",\"position\":2,\"name\":\"Shop\",\"item\":\"https:\/\/test.cliniquematignon.ch\/de\/shop\/\"},{\"@type\":\"ListItem\",\"position\":3,\"name\":\"SOS Drops\"}]},{\"@type\":\"WebSite\",\"@id\":\"https:\/\/test.cliniquematignon.ch\/de\/#website\",\"url\":\"https:\/\/test.cliniquematignon.ch\/de\/\",\"name\":\"Matignon\",\"description\":\"M\u00e9decine esth\u00e9tique\",\"publisher\":{\"@id\":\"https:\/\/test.cliniquematignon.ch\/de\/#organization\"},\"potentialAction\":[{\"@type\":\"SearchAction\",\"target\":{\"@type\":\"EntryPoint\",\"urlTemplate\":\"https:\/\/test.cliniquematignon.ch\/de\/?s={search_term_string}\"},\"query-input\":\"required name=search_term_string\"}],\"inLanguage\":\"de-CH\"},{\"@type\":\"Organization\",\"@id\":\"https:\/\/test.cliniquematignon.ch\/de\/#organization\",\"name\":\"Matignon\",\"url\":\"https:\/\/test.cliniquematignon.ch\/de\/\",\"logo\":{\"@type\":\"ImageObject\",\"inLanguage\":\"de-CH\",\"@id\":\"https:\/\/test.cliniquematignon.ch\/de\/#\/schema\/logo\/image\/\",\"url\":\"https:\/\/cliniquematignon.ch\/wp-content\/uploads\/2023\/06\/mat-logo-black..svg\",\"contentUrl\":\"https:\/\/cliniquematignon.ch\/wp-content\/uploads\/2023\/06\/mat-logo-black..svg\",\"width\":1,\"height\":1,\"caption\":\"Matignon\"},\"image\":{\"@id\":\"https:\/\/test.cliniquematignon.ch\/de\/#\/schema\/logo\/image\/\"},\"sameAs\":[\"https:\/\/www.facebook.com\/lescliniquesmatignon\/\"]}]}<\/script>\n<!-- \/ Yoast SEO plugin. -->","yoast_head_json":{"title":"SOS Drops | Matignon","robots":{"index":"noindex","follow":"follow","max-snippet":"max-snippet:-1","max-image-preview":"max-image-preview:large","max-video-preview":"max-video-preview:-1"},"og_locale":"de_DE","og_type":"article","og_title":"SOS Drops | Matignon","og_description":"SOS DROPS ist eine Verj\u00fcngungskur f\u00fcr die Haut. In Form von 7 Ampullen f\u00fcr eine Behandlung von 7 bis 14 Tagen versorgt sie Ihre Haut mit Vitalit\u00e4t und Schutz f\u00fcr einen frischeren Teint. Die Ampullen sind hochkonzentriert an Phytohormonen und enthalten au\u00dferdem Glykols\u00e4ure zum Abtragen abgestorbener Hautzellen und Shikonin f\u00fcr eine antioxidative Wirkung. Mit diesem [&hellip;]","og_url":"https:\/\/test.cliniquematignon.ch\/de\/produkt\/matignon-by-dr-delarive-sos-drops\/","og_site_name":"Matignon","article_publisher":"https:\/\/www.facebook.com\/lescliniquesmatignon\/","article_modified_time":"2024-04-22T07:15:00+00:00","og_image":[{"width":1980,"height":1890,"url":"https:\/\/test.cliniquematignon.ch\/wp-content\/uploads\/2023\/07\/sosdrops-black..jpg","type":"image\/jpeg"}],"twitter_card":"summary_large_image","twitter_misc":{"Est. reading time":"1 minute"},"schema":{"@context":"https:\/\/schema.org","@graph":[{"@type":"WebPage","@id":"https:\/\/test.cliniquematignon.ch\/de\/produkt\/matignon-by-dr-delarive-sos-drops\/","url":"https:\/\/test.cliniquematignon.ch\/de\/produkt\/matignon-by-dr-delarive-sos-drops\/","name":"SOS Drops | Matignon","isPartOf":{"@id":"https:\/\/test.cliniquematignon.ch\/de\/#website"},"primaryImageOfPage":{"@id":"https:\/\/test.cliniquematignon.ch\/de\/produkt\/matignon-by-dr-delarive-sos-drops\/#primaryimage"},"image":{"@id":"https:\/\/test.cliniquematignon.ch\/de\/produkt\/matignon-by-dr-delarive-sos-drops\/#primaryimage"},"thumbnailUrl":"https:\/\/test.cliniquematignon.ch\/wp-content\/uploads\/2023\/07\/sosdrops-black..jpg","datePublished":"2023-09-12T08:58:36+00:00","dateModified":"2024-04-22T07:15:00+00:00","breadcrumb":{"@id":"https:\/\/test.cliniquematignon.ch\/de\/produkt\/matignon-by-dr-delarive-sos-drops\/#breadcrumb"},"inLanguage":"de-CH","potentialAction":[{"@type":"ReadAction","target":["https:\/\/test.cliniquematignon.ch\/de\/produkt\/matignon-by-dr-delarive-sos-drops\/"]}]},{"@type":"ImageObject","inLanguage":"de-CH","@id":"https:\/\/test.cliniquematignon.ch\/de\/produkt\/matignon-by-dr-delarive-sos-drops\/#primaryimage","url":"https:\/\/test.cliniquematignon.ch\/wp-content\/uploads\/2023\/07\/sosdrops-black..jpg","contentUrl":"https:\/\/test.cliniquematignon.ch\/wp-content\/uploads\/2023\/07\/sosdrops-black..jpg","width":1980,"height":1890},{"@type":"BreadcrumbList","@id":"https:\/\/test.cliniquematignon.ch\/de\/produkt\/matignon-by-dr-delarive-sos-drops\/#breadcrumb","itemListElement":[{"@type":"ListItem","position":1,"name":"Home","item":"https:\/\/test.cliniquematignon.ch\/de\/startseite\/"},{"@type":"ListItem","position":2,"name":"Shop","item":"https:\/\/test.cliniquematignon.ch\/de\/shop\/"},{"@type":"ListItem","position":3,"name":"SOS Drops"}]},{"@type":"WebSite","@id":"https:\/\/test.cliniquematignon.ch\/de\/#website","url":"https:\/\/test.cliniquematignon.ch\/de\/","name":"Matignon","description":"M\u00e9decine esth\u00e9tique","publisher":{"@id":"https:\/\/test.cliniquematignon.ch\/de\/#organization"},"potentialAction":[{"@type":"SearchAction","target":{"@type":"EntryPoint","urlTemplate":"https:\/\/test.cliniquematignon.ch\/de\/?s={search_term_string}"},"query-input":"required name=search_term_string"}],"inLanguage":"de-CH"},{"@type":"Organization","@id":"https:\/\/test.cliniquematignon.ch\/de\/#organization","name":"Matignon","url":"https:\/\/test.cliniquematignon.ch\/de\/","logo":{"@type":"ImageObject","inLanguage":"de-CH","@id":"https:\/\/test.cliniquematignon.ch\/de\/#\/schema\/logo\/image\/","url":"https:\/\/cliniquematignon.ch\/wp-content\/uploads\/2023\/06\/mat-logo-black..svg","contentUrl":"https:\/\/cliniquematignon.ch\/wp-content\/uploads\/2023\/06\/mat-logo-black..svg","width":1,"height":1,"caption":"Matignon"},"image":{"@id":"https:\/\/test.cliniquematignon.ch\/de\/#\/schema\/logo\/image\/"},"sameAs":["https:\/\/www.facebook.com\/lescliniquesmatignon\/"]}]}},"_links":{"self":[{"href":"https:\/\/test.cliniquematignon.ch\/de\/wp-json\/wp\/v2\/product\/3119"}],"collection":[{"href":"https:\/\/test.cliniquematignon.ch\/de\/wp-json\/wp\/v2\/product"}],"about":[{"href":"https:\/\/test.cliniquematignon.ch\/de\/wp-json\/wp\/v2\/types\/product"}],"wp:featuredmedia":[{"embeddable":true,"href":"https:\/\/test.cliniquematignon.ch\/de\/wp-json\/wp\/v2\/media\/3130"}],"wp:attachment":[{"href":"https:\/\/test.cliniquematignon.ch\/de\/wp-json\/wp\/v2\/media?parent=3119"}],"wp:term":[{"taxonomy":"product_cat","embeddable":true,"href":"https:\/\/test.cliniquematignon.ch\/de\/wp-json\/wp\/v2\/product_cat?post=3119"},{"taxonomy":"product_tag","embeddable":true,"href":"https:\/\/test.cliniquematignon.ch\/de\/wp-json\/wp\/v2\/product_tag?post=3119"},{"taxonomy":"brand_product","embeddable":true,"href":"https:\/\/test.cliniquematignon.ch\/de\/wp-json\/wp\/v2\/brand_product?post=3119"}],"curies":[{"name":"wp","href":"https:\/\/api.w.org\/{rel}","templated":true}]}}