{"id":3133,"date":"2023-07-18T11:25:07","date_gmt":"2023-09-12T08:58:37","guid":{"rendered":"https:\/\/test.cliniquematignon.ch\/product\/rescue-spray\/"},"modified":"2024-04-22T09:14:58","modified_gmt":"2024-04-22T07:14:58","slug":"matignon-by-dr-delarive-rescue-spray","status":"publish","type":"product","link":"https:\/\/test.cliniquematignon.ch\/de\/produkt\/matignon-by-dr-delarive-rescue-spray\/","title":{"rendered":"Rescue Spray"},"content":{"rendered":"<div>\n<div>\n<div>\n<div>\n<div class=\"et_pb_text_inner\">\n<p>Frische Express-Pflege zur Linderung von R\u00f6tungen und Hitzewallungen.<\/p>\n<p>Rescue Spray wurde mit dem Ziel entwickelt, die Beschwerden von Hitzewallungen w\u00e4hrend der Perimenopause zu reduzieren.<\/p>\n<p>Es enth\u00e4lt eine hohe Konzentration an Damaszener-Rose, die f\u00fcr ihre gef\u00e4\u00dfverengende Wirkung bekannt ist. Durch die Verengung der Blutgef\u00e4\u00dfe wird die R\u00f6tung verringert.<\/p>\n<p>Gleichzeitig beruhigen Aloe und Gurkenextrakte die Haut.<\/p>\n<p>Die w\u00e4ssrige Textur von RESCUE SPRAY trocknet schnell, wirkt nicht fettig und senkt die Gesichtstemperatur um einige Grad.<\/p>\n<p>Dank seines kleinen Formats k\u00f6nnen Sie ihn \u00fcberall hin mitnehmen, um ihn t\u00e4glich und so oft wie n\u00f6tig zu verwenden.<\/p>\n<p>&nbsp;<\/p>\n<\/div>\n<div class=\"et_pb_text_inner\">\n<p><strong>Nutzen<\/strong>:<\/p>\n<ul>\n<li>Rescue Spray hilft, die Temperatur der Haut zu regulieren, mit einer drainierenden und beruhigenden Wirkung.<\/li>\n<li>Die R\u00f6tung l\u00e4sst nach und das Hitzegef\u00fchl nimmt ab.<\/li>\n<li>Gleich nach dem Aufwachen angewendet, hilft es auch, das Gesicht abzuschwellen.<\/li>\n<\/ul>\n<\/div>\n<\/div>\n<\/div>\n<\/div>\n<\/div>\n","protected":false},"excerpt":{"rendered":"<p>Frische Express-Pflege zur Linderung von R\u00f6tungen und Hitzewallungen. Rescue Spray wurde mit dem Ziel entwickelt, die Beschwerden von Hitzewallungen w\u00e4hrend der Perimenopause zu reduzieren. Es enth\u00e4lt eine hohe Konzentration an Damaszener-Rose, die f\u00fcr ihre gef\u00e4\u00dfverengende Wirkung bekannt ist. Durch die Verengung der Blutgef\u00e4\u00dfe wird die R\u00f6tung verringert. Gleichzeitig beruhigen Aloe und Gurkenextrakte die Haut. Die [&hellip;]<\/p>\n","protected":false},"featured_media":3138,"template":"","meta":{"_acf_changed":false},"product_cat":[368],"product_tag":[],"brand_product":[367],"acf":[],"yoast_head":"<!-- This site is optimized with the Yoast SEO plugin v23.1 - https:\/\/yoast.com\/wordpress\/plugins\/seo\/ -->\n<title>Rescue Spray | Matignon<\/title>\n<meta name=\"robots\" content=\"noindex, follow, max-snippet:-1, max-image-preview:large, max-video-preview:-1\" \/>\n<meta property=\"og:locale\" content=\"de_DE\" \/>\n<meta property=\"og:type\" content=\"article\" \/>\n<meta property=\"og:title\" content=\"Rescue Spray | Matignon\" \/>\n<meta property=\"og:description\" content=\"Frische Express-Pflege zur Linderung von R\u00f6tungen und Hitzewallungen. Rescue Spray wurde mit dem Ziel entwickelt, die Beschwerden von Hitzewallungen w\u00e4hrend der Perimenopause zu reduzieren. Es enth\u00e4lt eine hohe Konzentration an Damaszener-Rose, die f\u00fcr ihre gef\u00e4\u00dfverengende Wirkung bekannt ist. Durch die Verengung der Blutgef\u00e4\u00dfe wird die R\u00f6tung verringert. Gleichzeitig beruhigen Aloe und Gurkenextrakte die Haut. Die [&hellip;]\" \/>\n<meta property=\"og:url\" content=\"https:\/\/test.cliniquematignon.ch\/de\/produkt\/matignon-by-dr-delarive-rescue-spray\/\" \/>\n<meta property=\"og:site_name\" content=\"Matignon\" \/>\n<meta property=\"article:publisher\" content=\"https:\/\/www.facebook.com\/lescliniquesmatignon\/\" \/>\n<meta property=\"article:modified_time\" content=\"2024-04-22T07:14:58+00:00\" \/>\n<meta property=\"og:image\" content=\"https:\/\/test.cliniquematignon.ch\/wp-content\/uploads\/2023\/07\/rescuespray-black..jpg\" \/>\n\t<meta property=\"og:image:width\" content=\"1980\" \/>\n\t<meta property=\"og:image:height\" content=\"1890\" \/>\n\t<meta property=\"og:image:type\" content=\"image\/jpeg\" \/>\n<meta name=\"twitter:card\" content=\"summary_large_image\" \/>\n<meta name=\"twitter:label1\" content=\"Est. reading time\" \/>\n\t<meta name=\"twitter:data1\" content=\"1 minute\" \/>\n<script type=\"application\/ld+json\" class=\"yoast-schema-graph\">{\"@context\":\"https:\/\/schema.org\",\"@graph\":[{\"@type\":\"WebPage\",\"@id\":\"https:\/\/test.cliniquematignon.ch\/de\/produkt\/matignon-by-dr-delarive-rescue-spray\/\",\"url\":\"https:\/\/test.cliniquematignon.ch\/de\/produkt\/matignon-by-dr-delarive-rescue-spray\/\",\"name\":\"Rescue Spray | Matignon\",\"isPartOf\":{\"@id\":\"https:\/\/test.cliniquematignon.ch\/de\/#website\"},\"primaryImageOfPage\":{\"@id\":\"https:\/\/test.cliniquematignon.ch\/de\/produkt\/matignon-by-dr-delarive-rescue-spray\/#primaryimage\"},\"image\":{\"@id\":\"https:\/\/test.cliniquematignon.ch\/de\/produkt\/matignon-by-dr-delarive-rescue-spray\/#primaryimage\"},\"thumbnailUrl\":\"https:\/\/test.cliniquematignon.ch\/wp-content\/uploads\/2023\/07\/rescuespray-black..jpg\",\"datePublished\":\"2023-09-12T08:58:37+00:00\",\"dateModified\":\"2024-04-22T07:14:58+00:00\",\"breadcrumb\":{\"@id\":\"https:\/\/test.cliniquematignon.ch\/de\/produkt\/matignon-by-dr-delarive-rescue-spray\/#breadcrumb\"},\"inLanguage\":\"de-CH\",\"potentialAction\":[{\"@type\":\"ReadAction\",\"target\":[\"https:\/\/test.cliniquematignon.ch\/de\/produkt\/matignon-by-dr-delarive-rescue-spray\/\"]}]},{\"@type\":\"ImageObject\",\"inLanguage\":\"de-CH\",\"@id\":\"https:\/\/test.cliniquematignon.ch\/de\/produkt\/matignon-by-dr-delarive-rescue-spray\/#primaryimage\",\"url\":\"https:\/\/test.cliniquematignon.ch\/wp-content\/uploads\/2023\/07\/rescuespray-black..jpg\",\"contentUrl\":\"https:\/\/test.cliniquematignon.ch\/wp-content\/uploads\/2023\/07\/rescuespray-black..jpg\",\"width\":1980,\"height\":1890},{\"@type\":\"BreadcrumbList\",\"@id\":\"https:\/\/test.cliniquematignon.ch\/de\/produkt\/matignon-by-dr-delarive-rescue-spray\/#breadcrumb\",\"itemListElement\":[{\"@type\":\"ListItem\",\"position\":1,\"name\":\"Home\",\"item\":\"https:\/\/test.cliniquematignon.ch\/de\/startseite\/\"},{\"@type\":\"ListItem\",\"position\":2,\"name\":\"Shop\",\"item\":\"https:\/\/test.cliniquematignon.ch\/de\/shop\/\"},{\"@type\":\"ListItem\",\"position\":3,\"name\":\"Rescue Spray\"}]},{\"@type\":\"WebSite\",\"@id\":\"https:\/\/test.cliniquematignon.ch\/de\/#website\",\"url\":\"https:\/\/test.cliniquematignon.ch\/de\/\",\"name\":\"Matignon\",\"description\":\"M\u00e9decine esth\u00e9tique\",\"publisher\":{\"@id\":\"https:\/\/test.cliniquematignon.ch\/de\/#organization\"},\"potentialAction\":[{\"@type\":\"SearchAction\",\"target\":{\"@type\":\"EntryPoint\",\"urlTemplate\":\"https:\/\/test.cliniquematignon.ch\/de\/?s={search_term_string}\"},\"query-input\":\"required name=search_term_string\"}],\"inLanguage\":\"de-CH\"},{\"@type\":\"Organization\",\"@id\":\"https:\/\/test.cliniquematignon.ch\/de\/#organization\",\"name\":\"Matignon\",\"url\":\"https:\/\/test.cliniquematignon.ch\/de\/\",\"logo\":{\"@type\":\"ImageObject\",\"inLanguage\":\"de-CH\",\"@id\":\"https:\/\/test.cliniquematignon.ch\/de\/#\/schema\/logo\/image\/\",\"url\":\"https:\/\/cliniquematignon.ch\/wp-content\/uploads\/2023\/06\/mat-logo-black..svg\",\"contentUrl\":\"https:\/\/cliniquematignon.ch\/wp-content\/uploads\/2023\/06\/mat-logo-black..svg\",\"width\":1,\"height\":1,\"caption\":\"Matignon\"},\"image\":{\"@id\":\"https:\/\/test.cliniquematignon.ch\/de\/#\/schema\/logo\/image\/\"},\"sameAs\":[\"https:\/\/www.facebook.com\/lescliniquesmatignon\/\"]}]}<\/script>\n<!-- \/ Yoast SEO plugin. -->","yoast_head_json":{"title":"Rescue Spray | Matignon","robots":{"index":"noindex","follow":"follow","max-snippet":"max-snippet:-1","max-image-preview":"max-image-preview:large","max-video-preview":"max-video-preview:-1"},"og_locale":"de_DE","og_type":"article","og_title":"Rescue Spray | Matignon","og_description":"Frische Express-Pflege zur Linderung von R\u00f6tungen und Hitzewallungen. Rescue Spray wurde mit dem Ziel entwickelt, die Beschwerden von Hitzewallungen w\u00e4hrend der Perimenopause zu reduzieren. Es enth\u00e4lt eine hohe Konzentration an Damaszener-Rose, die f\u00fcr ihre gef\u00e4\u00dfverengende Wirkung bekannt ist. Durch die Verengung der Blutgef\u00e4\u00dfe wird die R\u00f6tung verringert. Gleichzeitig beruhigen Aloe und Gurkenextrakte die Haut. Die [&hellip;]","og_url":"https:\/\/test.cliniquematignon.ch\/de\/produkt\/matignon-by-dr-delarive-rescue-spray\/","og_site_name":"Matignon","article_publisher":"https:\/\/www.facebook.com\/lescliniquesmatignon\/","article_modified_time":"2024-04-22T07:14:58+00:00","og_image":[{"width":1980,"height":1890,"url":"https:\/\/test.cliniquematignon.ch\/wp-content\/uploads\/2023\/07\/rescuespray-black..jpg","type":"image\/jpeg"}],"twitter_card":"summary_large_image","twitter_misc":{"Est. reading time":"1 minute"},"schema":{"@context":"https:\/\/schema.org","@graph":[{"@type":"WebPage","@id":"https:\/\/test.cliniquematignon.ch\/de\/produkt\/matignon-by-dr-delarive-rescue-spray\/","url":"https:\/\/test.cliniquematignon.ch\/de\/produkt\/matignon-by-dr-delarive-rescue-spray\/","name":"Rescue Spray | Matignon","isPartOf":{"@id":"https:\/\/test.cliniquematignon.ch\/de\/#website"},"primaryImageOfPage":{"@id":"https:\/\/test.cliniquematignon.ch\/de\/produkt\/matignon-by-dr-delarive-rescue-spray\/#primaryimage"},"image":{"@id":"https:\/\/test.cliniquematignon.ch\/de\/produkt\/matignon-by-dr-delarive-rescue-spray\/#primaryimage"},"thumbnailUrl":"https:\/\/test.cliniquematignon.ch\/wp-content\/uploads\/2023\/07\/rescuespray-black..jpg","datePublished":"2023-09-12T08:58:37+00:00","dateModified":"2024-04-22T07:14:58+00:00","breadcrumb":{"@id":"https:\/\/test.cliniquematignon.ch\/de\/produkt\/matignon-by-dr-delarive-rescue-spray\/#breadcrumb"},"inLanguage":"de-CH","potentialAction":[{"@type":"ReadAction","target":["https:\/\/test.cliniquematignon.ch\/de\/produkt\/matignon-by-dr-delarive-rescue-spray\/"]}]},{"@type":"ImageObject","inLanguage":"de-CH","@id":"https:\/\/test.cliniquematignon.ch\/de\/produkt\/matignon-by-dr-delarive-rescue-spray\/#primaryimage","url":"https:\/\/test.cliniquematignon.ch\/wp-content\/uploads\/2023\/07\/rescuespray-black..jpg","contentUrl":"https:\/\/test.cliniquematignon.ch\/wp-content\/uploads\/2023\/07\/rescuespray-black..jpg","width":1980,"height":1890},{"@type":"BreadcrumbList","@id":"https:\/\/test.cliniquematignon.ch\/de\/produkt\/matignon-by-dr-delarive-rescue-spray\/#breadcrumb","itemListElement":[{"@type":"ListItem","position":1,"name":"Home","item":"https:\/\/test.cliniquematignon.ch\/de\/startseite\/"},{"@type":"ListItem","position":2,"name":"Shop","item":"https:\/\/test.cliniquematignon.ch\/de\/shop\/"},{"@type":"ListItem","position":3,"name":"Rescue Spray"}]},{"@type":"WebSite","@id":"https:\/\/test.cliniquematignon.ch\/de\/#website","url":"https:\/\/test.cliniquematignon.ch\/de\/","name":"Matignon","description":"M\u00e9decine esth\u00e9tique","publisher":{"@id":"https:\/\/test.cliniquematignon.ch\/de\/#organization"},"potentialAction":[{"@type":"SearchAction","target":{"@type":"EntryPoint","urlTemplate":"https:\/\/test.cliniquematignon.ch\/de\/?s={search_term_string}"},"query-input":"required name=search_term_string"}],"inLanguage":"de-CH"},{"@type":"Organization","@id":"https:\/\/test.cliniquematignon.ch\/de\/#organization","name":"Matignon","url":"https:\/\/test.cliniquematignon.ch\/de\/","logo":{"@type":"ImageObject","inLanguage":"de-CH","@id":"https:\/\/test.cliniquematignon.ch\/de\/#\/schema\/logo\/image\/","url":"https:\/\/cliniquematignon.ch\/wp-content\/uploads\/2023\/06\/mat-logo-black..svg","contentUrl":"https:\/\/cliniquematignon.ch\/wp-content\/uploads\/2023\/06\/mat-logo-black..svg","width":1,"height":1,"caption":"Matignon"},"image":{"@id":"https:\/\/test.cliniquematignon.ch\/de\/#\/schema\/logo\/image\/"},"sameAs":["https:\/\/www.facebook.com\/lescliniquesmatignon\/"]}]}},"_links":{"self":[{"href":"https:\/\/test.cliniquematignon.ch\/de\/wp-json\/wp\/v2\/product\/3133"}],"collection":[{"href":"https:\/\/test.cliniquematignon.ch\/de\/wp-json\/wp\/v2\/product"}],"about":[{"href":"https:\/\/test.cliniquematignon.ch\/de\/wp-json\/wp\/v2\/types\/product"}],"wp:featuredmedia":[{"embeddable":true,"href":"https:\/\/test.cliniquematignon.ch\/de\/wp-json\/wp\/v2\/media\/3138"}],"wp:attachment":[{"href":"https:\/\/test.cliniquematignon.ch\/de\/wp-json\/wp\/v2\/media?parent=3133"}],"wp:term":[{"taxonomy":"product_cat","embeddable":true,"href":"https:\/\/test.cliniquematignon.ch\/de\/wp-json\/wp\/v2\/product_cat?post=3133"},{"taxonomy":"product_tag","embeddable":true,"href":"https:\/\/test.cliniquematignon.ch\/de\/wp-json\/wp\/v2\/product_tag?post=3133"},{"taxonomy":"brand_product","embeddable":true,"href":"https:\/\/test.cliniquematignon.ch\/de\/wp-json\/wp\/v2\/brand_product?post=3133"}],"curies":[{"name":"wp","href":"https:\/\/api.w.org\/{rel}","templated":true}]}}