{"id":3134,"date":"2023-08-16T11:07:38","date_gmt":"2023-09-12T08:58:37","guid":{"rendered":"https:\/\/test.cliniquematignon.ch\/product\/body-cream\/"},"modified":"2024-04-22T09:14:49","modified_gmt":"2024-04-22T07:14:49","slug":"matignon-by-dr-delarive-body-cream","status":"publish","type":"product","link":"https:\/\/test.cliniquematignon.ch\/de\/produkt\/matignon-by-dr-delarive-body-cream\/","title":{"rendered":"Body Cream"},"content":{"rendered":"<p>Weltweite Innovation, die die besten Anti-Aging-Wirkstoffe und Phytohormone f\u00fcr den gesamten K\u00f6rper kombiniert.<\/p>\n<p>Body Cream ist eine K\u00f6rpercreme, die mit Retinol f\u00fcr die Zellreparatur, Isoflavonen zur Stimulierung der \u00d6strogenrezeptoren und Verdichtung der Haut sowie den Vitaminen C und E zum Schutz vor oxidativem Stress formuliert wurde.<\/p>\n<p>Zus\u00e4tzlich wird Glycerin hinzugef\u00fcgt, um die Haut intensiv mit Feuchtigkeit zu versorgen.<\/p>\n<p><strong>Nutzen<\/strong>:<\/p>\n<ul>\n<li>W\u00e4hrend die meisten K\u00f6rpercremes nur Feuchtigkeit spenden, enth\u00e4lt Body Cream einen Cocktail aus Anti-Aging-Wirkstoffen und Antioxidantien sowie unseren einzigartigen Phyto-Hormon-Komplex, um den Stoffwechsel der Haut anzukurbeln.<\/li>\n<li>Die Haut findet zu ihrem optimalen Wohlbefinden zur\u00fcck, sie wird mit Feuchtigkeit versorgt, aufgepolstert und vor oxidativem Stress gesch\u00fctzt.<\/li>\n<li>Der Alterungsprozess wird stark verlangsamt.<\/li>\n<\/ul>\n","protected":false},"excerpt":{"rendered":"<p>Weltweite Innovation, die die besten Anti-Aging-Wirkstoffe und Phytohormone f\u00fcr den gesamten K\u00f6rper kombiniert. Body Cream ist eine K\u00f6rpercreme, die mit Retinol f\u00fcr die Zellreparatur, Isoflavonen zur Stimulierung der \u00d6strogenrezeptoren und Verdichtung der Haut sowie den Vitaminen C und E zum Schutz vor oxidativem Stress formuliert wurde. Zus\u00e4tzlich wird Glycerin hinzugef\u00fcgt, um die Haut intensiv mit [&hellip;]<\/p>\n","protected":false},"featured_media":3137,"template":"","meta":{"_acf_changed":false},"product_cat":[368],"product_tag":[],"brand_product":[367],"acf":[],"yoast_head":"<!-- This site is optimized with the Yoast SEO plugin v23.1 - https:\/\/yoast.com\/wordpress\/plugins\/seo\/ -->\n<title>Body Cream | Matignon<\/title>\n<meta name=\"robots\" content=\"noindex, follow, max-snippet:-1, max-image-preview:large, max-video-preview:-1\" \/>\n<meta property=\"og:locale\" content=\"de_DE\" \/>\n<meta property=\"og:type\" content=\"article\" \/>\n<meta property=\"og:title\" content=\"Body Cream | Matignon\" \/>\n<meta property=\"og:description\" content=\"Weltweite Innovation, die die besten Anti-Aging-Wirkstoffe und Phytohormone f\u00fcr den gesamten K\u00f6rper kombiniert. Body Cream ist eine K\u00f6rpercreme, die mit Retinol f\u00fcr die Zellreparatur, Isoflavonen zur Stimulierung der \u00d6strogenrezeptoren und Verdichtung der Haut sowie den Vitaminen C und E zum Schutz vor oxidativem Stress formuliert wurde. Zus\u00e4tzlich wird Glycerin hinzugef\u00fcgt, um die Haut intensiv mit [&hellip;]\" \/>\n<meta property=\"og:url\" content=\"https:\/\/test.cliniquematignon.ch\/de\/produkt\/matignon-by-dr-delarive-body-cream\/\" \/>\n<meta property=\"og:site_name\" content=\"Matignon\" \/>\n<meta property=\"article:publisher\" content=\"https:\/\/www.facebook.com\/lescliniquesmatignon\/\" \/>\n<meta property=\"article:modified_time\" content=\"2024-04-22T07:14:49+00:00\" \/>\n<meta property=\"og:image\" content=\"https:\/\/test.cliniquematignon.ch\/wp-content\/uploads\/2023\/08\/bodycream-black..jpg\" \/>\n\t<meta property=\"og:image:width\" content=\"1980\" \/>\n\t<meta property=\"og:image:height\" content=\"1890\" \/>\n\t<meta property=\"og:image:type\" content=\"image\/jpeg\" \/>\n<meta name=\"twitter:card\" content=\"summary_large_image\" \/>\n<meta name=\"twitter:label1\" content=\"Est. reading time\" \/>\n\t<meta name=\"twitter:data1\" content=\"1 minute\" \/>\n<script type=\"application\/ld+json\" class=\"yoast-schema-graph\">{\"@context\":\"https:\/\/schema.org\",\"@graph\":[{\"@type\":\"WebPage\",\"@id\":\"https:\/\/test.cliniquematignon.ch\/de\/produkt\/matignon-by-dr-delarive-body-cream\/\",\"url\":\"https:\/\/test.cliniquematignon.ch\/de\/produkt\/matignon-by-dr-delarive-body-cream\/\",\"name\":\"Body Cream | Matignon\",\"isPartOf\":{\"@id\":\"https:\/\/test.cliniquematignon.ch\/de\/#website\"},\"primaryImageOfPage\":{\"@id\":\"https:\/\/test.cliniquematignon.ch\/de\/produkt\/matignon-by-dr-delarive-body-cream\/#primaryimage\"},\"image\":{\"@id\":\"https:\/\/test.cliniquematignon.ch\/de\/produkt\/matignon-by-dr-delarive-body-cream\/#primaryimage\"},\"thumbnailUrl\":\"https:\/\/test.cliniquematignon.ch\/wp-content\/uploads\/2023\/08\/bodycream-black..jpg\",\"datePublished\":\"2023-09-12T08:58:37+00:00\",\"dateModified\":\"2024-04-22T07:14:49+00:00\",\"breadcrumb\":{\"@id\":\"https:\/\/test.cliniquematignon.ch\/de\/produkt\/matignon-by-dr-delarive-body-cream\/#breadcrumb\"},\"inLanguage\":\"de-CH\",\"potentialAction\":[{\"@type\":\"ReadAction\",\"target\":[\"https:\/\/test.cliniquematignon.ch\/de\/produkt\/matignon-by-dr-delarive-body-cream\/\"]}]},{\"@type\":\"ImageObject\",\"inLanguage\":\"de-CH\",\"@id\":\"https:\/\/test.cliniquematignon.ch\/de\/produkt\/matignon-by-dr-delarive-body-cream\/#primaryimage\",\"url\":\"https:\/\/test.cliniquematignon.ch\/wp-content\/uploads\/2023\/08\/bodycream-black..jpg\",\"contentUrl\":\"https:\/\/test.cliniquematignon.ch\/wp-content\/uploads\/2023\/08\/bodycream-black..jpg\",\"width\":1980,\"height\":1890},{\"@type\":\"BreadcrumbList\",\"@id\":\"https:\/\/test.cliniquematignon.ch\/de\/produkt\/matignon-by-dr-delarive-body-cream\/#breadcrumb\",\"itemListElement\":[{\"@type\":\"ListItem\",\"position\":1,\"name\":\"Home\",\"item\":\"https:\/\/test.cliniquematignon.ch\/de\/startseite\/\"},{\"@type\":\"ListItem\",\"position\":2,\"name\":\"Shop\",\"item\":\"https:\/\/test.cliniquematignon.ch\/de\/shop\/\"},{\"@type\":\"ListItem\",\"position\":3,\"name\":\"Body Cream\"}]},{\"@type\":\"WebSite\",\"@id\":\"https:\/\/test.cliniquematignon.ch\/de\/#website\",\"url\":\"https:\/\/test.cliniquematignon.ch\/de\/\",\"name\":\"Matignon\",\"description\":\"M\u00e9decine esth\u00e9tique\",\"publisher\":{\"@id\":\"https:\/\/test.cliniquematignon.ch\/de\/#organization\"},\"potentialAction\":[{\"@type\":\"SearchAction\",\"target\":{\"@type\":\"EntryPoint\",\"urlTemplate\":\"https:\/\/test.cliniquematignon.ch\/de\/?s={search_term_string}\"},\"query-input\":\"required name=search_term_string\"}],\"inLanguage\":\"de-CH\"},{\"@type\":\"Organization\",\"@id\":\"https:\/\/test.cliniquematignon.ch\/de\/#organization\",\"name\":\"Matignon\",\"url\":\"https:\/\/test.cliniquematignon.ch\/de\/\",\"logo\":{\"@type\":\"ImageObject\",\"inLanguage\":\"de-CH\",\"@id\":\"https:\/\/test.cliniquematignon.ch\/de\/#\/schema\/logo\/image\/\",\"url\":\"https:\/\/cliniquematignon.ch\/wp-content\/uploads\/2023\/06\/mat-logo-black..svg\",\"contentUrl\":\"https:\/\/cliniquematignon.ch\/wp-content\/uploads\/2023\/06\/mat-logo-black..svg\",\"width\":1,\"height\":1,\"caption\":\"Matignon\"},\"image\":{\"@id\":\"https:\/\/test.cliniquematignon.ch\/de\/#\/schema\/logo\/image\/\"},\"sameAs\":[\"https:\/\/www.facebook.com\/lescliniquesmatignon\/\"]}]}<\/script>\n<!-- \/ Yoast SEO plugin. -->","yoast_head_json":{"title":"Body Cream | Matignon","robots":{"index":"noindex","follow":"follow","max-snippet":"max-snippet:-1","max-image-preview":"max-image-preview:large","max-video-preview":"max-video-preview:-1"},"og_locale":"de_DE","og_type":"article","og_title":"Body Cream | Matignon","og_description":"Weltweite Innovation, die die besten Anti-Aging-Wirkstoffe und Phytohormone f\u00fcr den gesamten K\u00f6rper kombiniert. Body Cream ist eine K\u00f6rpercreme, die mit Retinol f\u00fcr die Zellreparatur, Isoflavonen zur Stimulierung der \u00d6strogenrezeptoren und Verdichtung der Haut sowie den Vitaminen C und E zum Schutz vor oxidativem Stress formuliert wurde. Zus\u00e4tzlich wird Glycerin hinzugef\u00fcgt, um die Haut intensiv mit [&hellip;]","og_url":"https:\/\/test.cliniquematignon.ch\/de\/produkt\/matignon-by-dr-delarive-body-cream\/","og_site_name":"Matignon","article_publisher":"https:\/\/www.facebook.com\/lescliniquesmatignon\/","article_modified_time":"2024-04-22T07:14:49+00:00","og_image":[{"width":1980,"height":1890,"url":"https:\/\/test.cliniquematignon.ch\/wp-content\/uploads\/2023\/08\/bodycream-black..jpg","type":"image\/jpeg"}],"twitter_card":"summary_large_image","twitter_misc":{"Est. reading time":"1 minute"},"schema":{"@context":"https:\/\/schema.org","@graph":[{"@type":"WebPage","@id":"https:\/\/test.cliniquematignon.ch\/de\/produkt\/matignon-by-dr-delarive-body-cream\/","url":"https:\/\/test.cliniquematignon.ch\/de\/produkt\/matignon-by-dr-delarive-body-cream\/","name":"Body Cream | Matignon","isPartOf":{"@id":"https:\/\/test.cliniquematignon.ch\/de\/#website"},"primaryImageOfPage":{"@id":"https:\/\/test.cliniquematignon.ch\/de\/produkt\/matignon-by-dr-delarive-body-cream\/#primaryimage"},"image":{"@id":"https:\/\/test.cliniquematignon.ch\/de\/produkt\/matignon-by-dr-delarive-body-cream\/#primaryimage"},"thumbnailUrl":"https:\/\/test.cliniquematignon.ch\/wp-content\/uploads\/2023\/08\/bodycream-black..jpg","datePublished":"2023-09-12T08:58:37+00:00","dateModified":"2024-04-22T07:14:49+00:00","breadcrumb":{"@id":"https:\/\/test.cliniquematignon.ch\/de\/produkt\/matignon-by-dr-delarive-body-cream\/#breadcrumb"},"inLanguage":"de-CH","potentialAction":[{"@type":"ReadAction","target":["https:\/\/test.cliniquematignon.ch\/de\/produkt\/matignon-by-dr-delarive-body-cream\/"]}]},{"@type":"ImageObject","inLanguage":"de-CH","@id":"https:\/\/test.cliniquematignon.ch\/de\/produkt\/matignon-by-dr-delarive-body-cream\/#primaryimage","url":"https:\/\/test.cliniquematignon.ch\/wp-content\/uploads\/2023\/08\/bodycream-black..jpg","contentUrl":"https:\/\/test.cliniquematignon.ch\/wp-content\/uploads\/2023\/08\/bodycream-black..jpg","width":1980,"height":1890},{"@type":"BreadcrumbList","@id":"https:\/\/test.cliniquematignon.ch\/de\/produkt\/matignon-by-dr-delarive-body-cream\/#breadcrumb","itemListElement":[{"@type":"ListItem","position":1,"name":"Home","item":"https:\/\/test.cliniquematignon.ch\/de\/startseite\/"},{"@type":"ListItem","position":2,"name":"Shop","item":"https:\/\/test.cliniquematignon.ch\/de\/shop\/"},{"@type":"ListItem","position":3,"name":"Body Cream"}]},{"@type":"WebSite","@id":"https:\/\/test.cliniquematignon.ch\/de\/#website","url":"https:\/\/test.cliniquematignon.ch\/de\/","name":"Matignon","description":"M\u00e9decine esth\u00e9tique","publisher":{"@id":"https:\/\/test.cliniquematignon.ch\/de\/#organization"},"potentialAction":[{"@type":"SearchAction","target":{"@type":"EntryPoint","urlTemplate":"https:\/\/test.cliniquematignon.ch\/de\/?s={search_term_string}"},"query-input":"required name=search_term_string"}],"inLanguage":"de-CH"},{"@type":"Organization","@id":"https:\/\/test.cliniquematignon.ch\/de\/#organization","name":"Matignon","url":"https:\/\/test.cliniquematignon.ch\/de\/","logo":{"@type":"ImageObject","inLanguage":"de-CH","@id":"https:\/\/test.cliniquematignon.ch\/de\/#\/schema\/logo\/image\/","url":"https:\/\/cliniquematignon.ch\/wp-content\/uploads\/2023\/06\/mat-logo-black..svg","contentUrl":"https:\/\/cliniquematignon.ch\/wp-content\/uploads\/2023\/06\/mat-logo-black..svg","width":1,"height":1,"caption":"Matignon"},"image":{"@id":"https:\/\/test.cliniquematignon.ch\/de\/#\/schema\/logo\/image\/"},"sameAs":["https:\/\/www.facebook.com\/lescliniquesmatignon\/"]}]}},"_links":{"self":[{"href":"https:\/\/test.cliniquematignon.ch\/de\/wp-json\/wp\/v2\/product\/3134"}],"collection":[{"href":"https:\/\/test.cliniquematignon.ch\/de\/wp-json\/wp\/v2\/product"}],"about":[{"href":"https:\/\/test.cliniquematignon.ch\/de\/wp-json\/wp\/v2\/types\/product"}],"wp:featuredmedia":[{"embeddable":true,"href":"https:\/\/test.cliniquematignon.ch\/de\/wp-json\/wp\/v2\/media\/3137"}],"wp:attachment":[{"href":"https:\/\/test.cliniquematignon.ch\/de\/wp-json\/wp\/v2\/media?parent=3134"}],"wp:term":[{"taxonomy":"product_cat","embeddable":true,"href":"https:\/\/test.cliniquematignon.ch\/de\/wp-json\/wp\/v2\/product_cat?post=3134"},{"taxonomy":"product_tag","embeddable":true,"href":"https:\/\/test.cliniquematignon.ch\/de\/wp-json\/wp\/v2\/product_tag?post=3134"},{"taxonomy":"brand_product","embeddable":true,"href":"https:\/\/test.cliniquematignon.ch\/de\/wp-json\/wp\/v2\/brand_product?post=3134"}],"curies":[{"name":"wp","href":"https:\/\/api.w.org\/{rel}","templated":true}]}}