{"id":3136,"date":"2023-07-18T10:59:55","date_gmt":"2023-09-12T08:58:38","guid":{"rendered":"https:\/\/test.cliniquematignon.ch\/product\/eye-cream\/"},"modified":"2024-04-22T09:14:56","modified_gmt":"2024-04-22T07:14:56","slug":"matignon-by-dr-delarive-eye-cream","status":"publish","type":"product","link":"https:\/\/test.cliniquematignon.ch\/de\/produkt\/matignon-by-dr-delarive-eye-cream\/","title":{"rendered":"Eye Cream"},"content":{"rendered":"<p>Der effektive Reflex mit einer gezielten und umfassenden Wirkung f\u00fcr die Sch\u00f6nheit der Augen.<\/p>\n<p>Eye Cream ist eine Augenkontur mit konzentrierten Wirkstoffen, die gegen Schwellungen und Falten im Augenbereich wirken.<\/p>\n<p>Seine Formel enth\u00e4lt Retinol in geringer Dosierung, um feine Linien zu gl\u00e4tten, ohne die Haut zu reizen.<\/p>\n<p>Der Phyto-Hormon-Komplex erg\u00e4nzt die Formel, um den Hautstoffwechsel anzukurbeln, und Squalan relipidiert die Haut und sch\u00fctzt vor oxidativem Stress.<\/p>\n<p>Granatapfel, Damaszener-Rose und Mohnblume schlie\u00dflich entw\u00e4ssern und beleben die Augenpartie, um Schwellungen zu reduzieren.<\/p>\n<p><strong>Nutzen<\/strong>:<\/p>\n<ul>\n<li>Die Augenpartie erh\u00e4lt neue Vitalit\u00e4t.<\/li>\n<li>Feine Linien um die Augen werden gegl\u00e4ttet, Schwellungen gemildert und der Blick wirkt viel frischer.<\/li>\n<\/ul>\n","protected":false},"excerpt":{"rendered":"<p>Der effektive Reflex mit einer gezielten und umfassenden Wirkung f\u00fcr die Sch\u00f6nheit der Augen. Eye Cream ist eine Augenkontur mit konzentrierten Wirkstoffen, die gegen Schwellungen und Falten im Augenbereich wirken. Seine Formel enth\u00e4lt Retinol in geringer Dosierung, um feine Linien zu gl\u00e4tten, ohne die Haut zu reizen. Der Phyto-Hormon-Komplex erg\u00e4nzt die Formel, um den Hautstoffwechsel [&hellip;]<\/p>\n","protected":false},"featured_media":3153,"template":"","meta":{"_acf_changed":false},"product_cat":[368],"product_tag":[],"brand_product":[367],"acf":[],"yoast_head":"<!-- This site is optimized with the Yoast SEO plugin v23.1 - https:\/\/yoast.com\/wordpress\/plugins\/seo\/ -->\n<title>Eye Cream | Matignon<\/title>\n<meta name=\"robots\" content=\"noindex, follow, max-snippet:-1, max-image-preview:large, max-video-preview:-1\" \/>\n<meta property=\"og:locale\" content=\"de_DE\" \/>\n<meta property=\"og:type\" content=\"article\" \/>\n<meta property=\"og:title\" content=\"Eye Cream | Matignon\" \/>\n<meta property=\"og:description\" content=\"Der effektive Reflex mit einer gezielten und umfassenden Wirkung f\u00fcr die Sch\u00f6nheit der Augen. Eye Cream ist eine Augenkontur mit konzentrierten Wirkstoffen, die gegen Schwellungen und Falten im Augenbereich wirken. Seine Formel enth\u00e4lt Retinol in geringer Dosierung, um feine Linien zu gl\u00e4tten, ohne die Haut zu reizen. Der Phyto-Hormon-Komplex erg\u00e4nzt die Formel, um den Hautstoffwechsel [&hellip;]\" \/>\n<meta property=\"og:url\" content=\"https:\/\/test.cliniquematignon.ch\/de\/produkt\/matignon-by-dr-delarive-eye-cream\/\" \/>\n<meta property=\"og:site_name\" content=\"Matignon\" \/>\n<meta property=\"article:publisher\" content=\"https:\/\/www.facebook.com\/lescliniquesmatignon\/\" \/>\n<meta property=\"article:modified_time\" content=\"2024-04-22T07:14:56+00:00\" \/>\n<meta property=\"og:image\" content=\"https:\/\/test.cliniquematignon.ch\/wp-content\/uploads\/2023\/07\/eyecream-black..jpg\" \/>\n\t<meta property=\"og:image:width\" content=\"1980\" \/>\n\t<meta property=\"og:image:height\" content=\"1890\" \/>\n\t<meta property=\"og:image:type\" content=\"image\/jpeg\" \/>\n<meta name=\"twitter:card\" content=\"summary_large_image\" \/>\n<meta name=\"twitter:label1\" content=\"Est. reading time\" \/>\n\t<meta name=\"twitter:data1\" content=\"1 minute\" \/>\n<script type=\"application\/ld+json\" class=\"yoast-schema-graph\">{\"@context\":\"https:\/\/schema.org\",\"@graph\":[{\"@type\":\"WebPage\",\"@id\":\"https:\/\/test.cliniquematignon.ch\/de\/produkt\/matignon-by-dr-delarive-eye-cream\/\",\"url\":\"https:\/\/test.cliniquematignon.ch\/de\/produkt\/matignon-by-dr-delarive-eye-cream\/\",\"name\":\"Eye Cream | Matignon\",\"isPartOf\":{\"@id\":\"https:\/\/test.cliniquematignon.ch\/de\/#website\"},\"primaryImageOfPage\":{\"@id\":\"https:\/\/test.cliniquematignon.ch\/de\/produkt\/matignon-by-dr-delarive-eye-cream\/#primaryimage\"},\"image\":{\"@id\":\"https:\/\/test.cliniquematignon.ch\/de\/produkt\/matignon-by-dr-delarive-eye-cream\/#primaryimage\"},\"thumbnailUrl\":\"https:\/\/test.cliniquematignon.ch\/wp-content\/uploads\/2023\/07\/eyecream-black..jpg\",\"datePublished\":\"2023-09-12T08:58:38+00:00\",\"dateModified\":\"2024-04-22T07:14:56+00:00\",\"breadcrumb\":{\"@id\":\"https:\/\/test.cliniquematignon.ch\/de\/produkt\/matignon-by-dr-delarive-eye-cream\/#breadcrumb\"},\"inLanguage\":\"de-CH\",\"potentialAction\":[{\"@type\":\"ReadAction\",\"target\":[\"https:\/\/test.cliniquematignon.ch\/de\/produkt\/matignon-by-dr-delarive-eye-cream\/\"]}]},{\"@type\":\"ImageObject\",\"inLanguage\":\"de-CH\",\"@id\":\"https:\/\/test.cliniquematignon.ch\/de\/produkt\/matignon-by-dr-delarive-eye-cream\/#primaryimage\",\"url\":\"https:\/\/test.cliniquematignon.ch\/wp-content\/uploads\/2023\/07\/eyecream-black..jpg\",\"contentUrl\":\"https:\/\/test.cliniquematignon.ch\/wp-content\/uploads\/2023\/07\/eyecream-black..jpg\",\"width\":1980,\"height\":1890},{\"@type\":\"BreadcrumbList\",\"@id\":\"https:\/\/test.cliniquematignon.ch\/de\/produkt\/matignon-by-dr-delarive-eye-cream\/#breadcrumb\",\"itemListElement\":[{\"@type\":\"ListItem\",\"position\":1,\"name\":\"Home\",\"item\":\"https:\/\/test.cliniquematignon.ch\/de\/startseite\/\"},{\"@type\":\"ListItem\",\"position\":2,\"name\":\"Shop\",\"item\":\"https:\/\/test.cliniquematignon.ch\/de\/shop\/\"},{\"@type\":\"ListItem\",\"position\":3,\"name\":\"Eye Cream\"}]},{\"@type\":\"WebSite\",\"@id\":\"https:\/\/test.cliniquematignon.ch\/de\/#website\",\"url\":\"https:\/\/test.cliniquematignon.ch\/de\/\",\"name\":\"Matignon\",\"description\":\"M\u00e9decine esth\u00e9tique\",\"publisher\":{\"@id\":\"https:\/\/test.cliniquematignon.ch\/de\/#organization\"},\"potentialAction\":[{\"@type\":\"SearchAction\",\"target\":{\"@type\":\"EntryPoint\",\"urlTemplate\":\"https:\/\/test.cliniquematignon.ch\/de\/?s={search_term_string}\"},\"query-input\":\"required name=search_term_string\"}],\"inLanguage\":\"de-CH\"},{\"@type\":\"Organization\",\"@id\":\"https:\/\/test.cliniquematignon.ch\/de\/#organization\",\"name\":\"Matignon\",\"url\":\"https:\/\/test.cliniquematignon.ch\/de\/\",\"logo\":{\"@type\":\"ImageObject\",\"inLanguage\":\"de-CH\",\"@id\":\"https:\/\/test.cliniquematignon.ch\/de\/#\/schema\/logo\/image\/\",\"url\":\"https:\/\/cliniquematignon.ch\/wp-content\/uploads\/2023\/06\/mat-logo-black..svg\",\"contentUrl\":\"https:\/\/cliniquematignon.ch\/wp-content\/uploads\/2023\/06\/mat-logo-black..svg\",\"width\":1,\"height\":1,\"caption\":\"Matignon\"},\"image\":{\"@id\":\"https:\/\/test.cliniquematignon.ch\/de\/#\/schema\/logo\/image\/\"},\"sameAs\":[\"https:\/\/www.facebook.com\/lescliniquesmatignon\/\"]}]}<\/script>\n<!-- \/ Yoast SEO plugin. -->","yoast_head_json":{"title":"Eye Cream | Matignon","robots":{"index":"noindex","follow":"follow","max-snippet":"max-snippet:-1","max-image-preview":"max-image-preview:large","max-video-preview":"max-video-preview:-1"},"og_locale":"de_DE","og_type":"article","og_title":"Eye Cream | Matignon","og_description":"Der effektive Reflex mit einer gezielten und umfassenden Wirkung f\u00fcr die Sch\u00f6nheit der Augen. Eye Cream ist eine Augenkontur mit konzentrierten Wirkstoffen, die gegen Schwellungen und Falten im Augenbereich wirken. Seine Formel enth\u00e4lt Retinol in geringer Dosierung, um feine Linien zu gl\u00e4tten, ohne die Haut zu reizen. Der Phyto-Hormon-Komplex erg\u00e4nzt die Formel, um den Hautstoffwechsel [&hellip;]","og_url":"https:\/\/test.cliniquematignon.ch\/de\/produkt\/matignon-by-dr-delarive-eye-cream\/","og_site_name":"Matignon","article_publisher":"https:\/\/www.facebook.com\/lescliniquesmatignon\/","article_modified_time":"2024-04-22T07:14:56+00:00","og_image":[{"width":1980,"height":1890,"url":"https:\/\/test.cliniquematignon.ch\/wp-content\/uploads\/2023\/07\/eyecream-black..jpg","type":"image\/jpeg"}],"twitter_card":"summary_large_image","twitter_misc":{"Est. reading time":"1 minute"},"schema":{"@context":"https:\/\/schema.org","@graph":[{"@type":"WebPage","@id":"https:\/\/test.cliniquematignon.ch\/de\/produkt\/matignon-by-dr-delarive-eye-cream\/","url":"https:\/\/test.cliniquematignon.ch\/de\/produkt\/matignon-by-dr-delarive-eye-cream\/","name":"Eye Cream | Matignon","isPartOf":{"@id":"https:\/\/test.cliniquematignon.ch\/de\/#website"},"primaryImageOfPage":{"@id":"https:\/\/test.cliniquematignon.ch\/de\/produkt\/matignon-by-dr-delarive-eye-cream\/#primaryimage"},"image":{"@id":"https:\/\/test.cliniquematignon.ch\/de\/produkt\/matignon-by-dr-delarive-eye-cream\/#primaryimage"},"thumbnailUrl":"https:\/\/test.cliniquematignon.ch\/wp-content\/uploads\/2023\/07\/eyecream-black..jpg","datePublished":"2023-09-12T08:58:38+00:00","dateModified":"2024-04-22T07:14:56+00:00","breadcrumb":{"@id":"https:\/\/test.cliniquematignon.ch\/de\/produkt\/matignon-by-dr-delarive-eye-cream\/#breadcrumb"},"inLanguage":"de-CH","potentialAction":[{"@type":"ReadAction","target":["https:\/\/test.cliniquematignon.ch\/de\/produkt\/matignon-by-dr-delarive-eye-cream\/"]}]},{"@type":"ImageObject","inLanguage":"de-CH","@id":"https:\/\/test.cliniquematignon.ch\/de\/produkt\/matignon-by-dr-delarive-eye-cream\/#primaryimage","url":"https:\/\/test.cliniquematignon.ch\/wp-content\/uploads\/2023\/07\/eyecream-black..jpg","contentUrl":"https:\/\/test.cliniquematignon.ch\/wp-content\/uploads\/2023\/07\/eyecream-black..jpg","width":1980,"height":1890},{"@type":"BreadcrumbList","@id":"https:\/\/test.cliniquematignon.ch\/de\/produkt\/matignon-by-dr-delarive-eye-cream\/#breadcrumb","itemListElement":[{"@type":"ListItem","position":1,"name":"Home","item":"https:\/\/test.cliniquematignon.ch\/de\/startseite\/"},{"@type":"ListItem","position":2,"name":"Shop","item":"https:\/\/test.cliniquematignon.ch\/de\/shop\/"},{"@type":"ListItem","position":3,"name":"Eye Cream"}]},{"@type":"WebSite","@id":"https:\/\/test.cliniquematignon.ch\/de\/#website","url":"https:\/\/test.cliniquematignon.ch\/de\/","name":"Matignon","description":"M\u00e9decine esth\u00e9tique","publisher":{"@id":"https:\/\/test.cliniquematignon.ch\/de\/#organization"},"potentialAction":[{"@type":"SearchAction","target":{"@type":"EntryPoint","urlTemplate":"https:\/\/test.cliniquematignon.ch\/de\/?s={search_term_string}"},"query-input":"required name=search_term_string"}],"inLanguage":"de-CH"},{"@type":"Organization","@id":"https:\/\/test.cliniquematignon.ch\/de\/#organization","name":"Matignon","url":"https:\/\/test.cliniquematignon.ch\/de\/","logo":{"@type":"ImageObject","inLanguage":"de-CH","@id":"https:\/\/test.cliniquematignon.ch\/de\/#\/schema\/logo\/image\/","url":"https:\/\/cliniquematignon.ch\/wp-content\/uploads\/2023\/06\/mat-logo-black..svg","contentUrl":"https:\/\/cliniquematignon.ch\/wp-content\/uploads\/2023\/06\/mat-logo-black..svg","width":1,"height":1,"caption":"Matignon"},"image":{"@id":"https:\/\/test.cliniquematignon.ch\/de\/#\/schema\/logo\/image\/"},"sameAs":["https:\/\/www.facebook.com\/lescliniquesmatignon\/"]}]}},"_links":{"self":[{"href":"https:\/\/test.cliniquematignon.ch\/de\/wp-json\/wp\/v2\/product\/3136"}],"collection":[{"href":"https:\/\/test.cliniquematignon.ch\/de\/wp-json\/wp\/v2\/product"}],"about":[{"href":"https:\/\/test.cliniquematignon.ch\/de\/wp-json\/wp\/v2\/types\/product"}],"wp:featuredmedia":[{"embeddable":true,"href":"https:\/\/test.cliniquematignon.ch\/de\/wp-json\/wp\/v2\/media\/3153"}],"wp:attachment":[{"href":"https:\/\/test.cliniquematignon.ch\/de\/wp-json\/wp\/v2\/media?parent=3136"}],"wp:term":[{"taxonomy":"product_cat","embeddable":true,"href":"https:\/\/test.cliniquematignon.ch\/de\/wp-json\/wp\/v2\/product_cat?post=3136"},{"taxonomy":"product_tag","embeddable":true,"href":"https:\/\/test.cliniquematignon.ch\/de\/wp-json\/wp\/v2\/product_tag?post=3136"},{"taxonomy":"brand_product","embeddable":true,"href":"https:\/\/test.cliniquematignon.ch\/de\/wp-json\/wp\/v2\/brand_product?post=3136"}],"curies":[{"name":"wp","href":"https:\/\/api.w.org\/{rel}","templated":true}]}}