{"id":3158,"date":"2023-08-16T11:29:15","date_gmt":"2023-09-12T08:58:42","guid":{"rendered":"https:\/\/test.cliniquematignon.ch\/product\/morning-cleansing-gel\/"},"modified":"2024-04-22T09:14:56","modified_gmt":"2024-04-22T07:14:56","slug":"cleansing-gel","status":"publish","type":"product","link":"https:\/\/test.cliniquematignon.ch\/de\/produkt\/cleansing-gel\/","title":{"rendered":"Cleansing Gel"},"content":{"rendered":"<p>Cleansing Gel ist ein starkes Reinigungsgel, das die Haut auf die Aufnahme von Pflegeprodukten vorbereitet.<\/p>\n<p>Die darin enthaltene Milchs\u00e4ure l\u00f6st die Keratinbr\u00fccken der Hornschicht und peelt die Haut sanft.<\/p>\n<p>Die Damaszener-Rose, die reich an Citronellol und Geraniol ist, wirkt wie ein adstringierendes Antiseptikum, das Unreinheiten entfernt und die Poren verfeinert.<\/p>\n<p>Aloe rundet die Formel durch ihre entz\u00fcndungshemmende Wirkung ab.<\/p>\n<p><strong>Nutzen<\/strong>:<\/p>\n<ul>\n<li>Cleansing Gel reinigt, desinfiziert, peelt und beruhigt die Haut.<\/li>\n<li>Seine Formel enth\u00e4lt starke Wirkstoffe, die alle Unreinheiten entfernen.<\/li>\n<li>Seine gelartige Textur verleiht ihm ein angenehmes Gef\u00fchl beim Auftragen.<\/li>\n<\/ul>\n","protected":false},"excerpt":{"rendered":"<p>Cleansing Gel ist ein starkes Reinigungsgel, das die Haut auf die Aufnahme von Pflegeprodukten vorbereitet. Die darin enthaltene Milchs\u00e4ure l\u00f6st die Keratinbr\u00fccken der Hornschicht und peelt die Haut sanft. Die Damaszener-Rose, die reich an Citronellol und Geraniol ist, wirkt wie ein adstringierendes Antiseptikum, das Unreinheiten entfernt und die Poren verfeinert. Aloe rundet die Formel durch [&hellip;]<\/p>\n","protected":false},"featured_media":3159,"template":"","meta":{"_acf_changed":false},"product_cat":[368],"product_tag":[],"brand_product":[367],"acf":[],"yoast_head":"<!-- This site is optimized with the Yoast SEO plugin v23.1 - https:\/\/yoast.com\/wordpress\/plugins\/seo\/ -->\n<title>Cleansing Gel | Matignon<\/title>\n<meta name=\"robots\" content=\"noindex, follow, max-snippet:-1, max-image-preview:large, max-video-preview:-1\" \/>\n<meta property=\"og:locale\" content=\"de_DE\" \/>\n<meta property=\"og:type\" content=\"article\" \/>\n<meta property=\"og:title\" content=\"Cleansing Gel | Matignon\" \/>\n<meta property=\"og:description\" content=\"Cleansing Gel ist ein starkes Reinigungsgel, das die Haut auf die Aufnahme von Pflegeprodukten vorbereitet. Die darin enthaltene Milchs\u00e4ure l\u00f6st die Keratinbr\u00fccken der Hornschicht und peelt die Haut sanft. Die Damaszener-Rose, die reich an Citronellol und Geraniol ist, wirkt wie ein adstringierendes Antiseptikum, das Unreinheiten entfernt und die Poren verfeinert. Aloe rundet die Formel durch [&hellip;]\" \/>\n<meta property=\"og:url\" content=\"https:\/\/test.cliniquematignon.ch\/de\/produkt\/cleansing-gel\/\" \/>\n<meta property=\"og:site_name\" content=\"Matignon\" \/>\n<meta property=\"article:publisher\" content=\"https:\/\/www.facebook.com\/lescliniquesmatignon\/\" \/>\n<meta property=\"article:modified_time\" content=\"2024-04-22T07:14:56+00:00\" \/>\n<meta property=\"og:image\" content=\"https:\/\/test.cliniquematignon.ch\/wp-content\/uploads\/2023\/08\/cleansinggel-black..jpg\" \/>\n\t<meta property=\"og:image:width\" content=\"1980\" \/>\n\t<meta property=\"og:image:height\" content=\"1890\" \/>\n\t<meta property=\"og:image:type\" content=\"image\/jpeg\" \/>\n<meta name=\"twitter:card\" content=\"summary_large_image\" \/>\n<script type=\"application\/ld+json\" class=\"yoast-schema-graph\">{\"@context\":\"https:\/\/schema.org\",\"@graph\":[{\"@type\":\"WebPage\",\"@id\":\"https:\/\/test.cliniquematignon.ch\/de\/produkt\/cleansing-gel\/\",\"url\":\"https:\/\/test.cliniquematignon.ch\/de\/produkt\/cleansing-gel\/\",\"name\":\"Cleansing Gel | Matignon\",\"isPartOf\":{\"@id\":\"https:\/\/test.cliniquematignon.ch\/de\/#website\"},\"primaryImageOfPage\":{\"@id\":\"https:\/\/test.cliniquematignon.ch\/de\/produkt\/cleansing-gel\/#primaryimage\"},\"image\":{\"@id\":\"https:\/\/test.cliniquematignon.ch\/de\/produkt\/cleansing-gel\/#primaryimage\"},\"thumbnailUrl\":\"https:\/\/test.cliniquematignon.ch\/wp-content\/uploads\/2023\/08\/cleansinggel-black..jpg\",\"datePublished\":\"2023-09-12T08:58:42+00:00\",\"dateModified\":\"2024-04-22T07:14:56+00:00\",\"breadcrumb\":{\"@id\":\"https:\/\/test.cliniquematignon.ch\/de\/produkt\/cleansing-gel\/#breadcrumb\"},\"inLanguage\":\"de-CH\",\"potentialAction\":[{\"@type\":\"ReadAction\",\"target\":[\"https:\/\/test.cliniquematignon.ch\/de\/produkt\/cleansing-gel\/\"]}]},{\"@type\":\"ImageObject\",\"inLanguage\":\"de-CH\",\"@id\":\"https:\/\/test.cliniquematignon.ch\/de\/produkt\/cleansing-gel\/#primaryimage\",\"url\":\"https:\/\/test.cliniquematignon.ch\/wp-content\/uploads\/2023\/08\/cleansinggel-black..jpg\",\"contentUrl\":\"https:\/\/test.cliniquematignon.ch\/wp-content\/uploads\/2023\/08\/cleansinggel-black..jpg\",\"width\":1980,\"height\":1890},{\"@type\":\"BreadcrumbList\",\"@id\":\"https:\/\/test.cliniquematignon.ch\/de\/produkt\/cleansing-gel\/#breadcrumb\",\"itemListElement\":[{\"@type\":\"ListItem\",\"position\":1,\"name\":\"Home\",\"item\":\"https:\/\/test.cliniquematignon.ch\/de\/startseite\/\"},{\"@type\":\"ListItem\",\"position\":2,\"name\":\"Shop\",\"item\":\"https:\/\/test.cliniquematignon.ch\/de\/shop\/\"},{\"@type\":\"ListItem\",\"position\":3,\"name\":\"Cleansing Gel\"}]},{\"@type\":\"WebSite\",\"@id\":\"https:\/\/test.cliniquematignon.ch\/de\/#website\",\"url\":\"https:\/\/test.cliniquematignon.ch\/de\/\",\"name\":\"Matignon\",\"description\":\"M\u00e9decine esth\u00e9tique\",\"publisher\":{\"@id\":\"https:\/\/test.cliniquematignon.ch\/de\/#organization\"},\"potentialAction\":[{\"@type\":\"SearchAction\",\"target\":{\"@type\":\"EntryPoint\",\"urlTemplate\":\"https:\/\/test.cliniquematignon.ch\/de\/?s={search_term_string}\"},\"query-input\":\"required name=search_term_string\"}],\"inLanguage\":\"de-CH\"},{\"@type\":\"Organization\",\"@id\":\"https:\/\/test.cliniquematignon.ch\/de\/#organization\",\"name\":\"Matignon\",\"url\":\"https:\/\/test.cliniquematignon.ch\/de\/\",\"logo\":{\"@type\":\"ImageObject\",\"inLanguage\":\"de-CH\",\"@id\":\"https:\/\/test.cliniquematignon.ch\/de\/#\/schema\/logo\/image\/\",\"url\":\"https:\/\/cliniquematignon.ch\/wp-content\/uploads\/2023\/06\/mat-logo-black..svg\",\"contentUrl\":\"https:\/\/cliniquematignon.ch\/wp-content\/uploads\/2023\/06\/mat-logo-black..svg\",\"width\":1,\"height\":1,\"caption\":\"Matignon\"},\"image\":{\"@id\":\"https:\/\/test.cliniquematignon.ch\/de\/#\/schema\/logo\/image\/\"},\"sameAs\":[\"https:\/\/www.facebook.com\/lescliniquesmatignon\/\"]}]}<\/script>\n<!-- \/ Yoast SEO plugin. -->","yoast_head_json":{"title":"Cleansing Gel | Matignon","robots":{"index":"noindex","follow":"follow","max-snippet":"max-snippet:-1","max-image-preview":"max-image-preview:large","max-video-preview":"max-video-preview:-1"},"og_locale":"de_DE","og_type":"article","og_title":"Cleansing Gel | Matignon","og_description":"Cleansing Gel ist ein starkes Reinigungsgel, das die Haut auf die Aufnahme von Pflegeprodukten vorbereitet. Die darin enthaltene Milchs\u00e4ure l\u00f6st die Keratinbr\u00fccken der Hornschicht und peelt die Haut sanft. Die Damaszener-Rose, die reich an Citronellol und Geraniol ist, wirkt wie ein adstringierendes Antiseptikum, das Unreinheiten entfernt und die Poren verfeinert. Aloe rundet die Formel durch [&hellip;]","og_url":"https:\/\/test.cliniquematignon.ch\/de\/produkt\/cleansing-gel\/","og_site_name":"Matignon","article_publisher":"https:\/\/www.facebook.com\/lescliniquesmatignon\/","article_modified_time":"2024-04-22T07:14:56+00:00","og_image":[{"width":1980,"height":1890,"url":"https:\/\/test.cliniquematignon.ch\/wp-content\/uploads\/2023\/08\/cleansinggel-black..jpg","type":"image\/jpeg"}],"twitter_card":"summary_large_image","schema":{"@context":"https:\/\/schema.org","@graph":[{"@type":"WebPage","@id":"https:\/\/test.cliniquematignon.ch\/de\/produkt\/cleansing-gel\/","url":"https:\/\/test.cliniquematignon.ch\/de\/produkt\/cleansing-gel\/","name":"Cleansing Gel | Matignon","isPartOf":{"@id":"https:\/\/test.cliniquematignon.ch\/de\/#website"},"primaryImageOfPage":{"@id":"https:\/\/test.cliniquematignon.ch\/de\/produkt\/cleansing-gel\/#primaryimage"},"image":{"@id":"https:\/\/test.cliniquematignon.ch\/de\/produkt\/cleansing-gel\/#primaryimage"},"thumbnailUrl":"https:\/\/test.cliniquematignon.ch\/wp-content\/uploads\/2023\/08\/cleansinggel-black..jpg","datePublished":"2023-09-12T08:58:42+00:00","dateModified":"2024-04-22T07:14:56+00:00","breadcrumb":{"@id":"https:\/\/test.cliniquematignon.ch\/de\/produkt\/cleansing-gel\/#breadcrumb"},"inLanguage":"de-CH","potentialAction":[{"@type":"ReadAction","target":["https:\/\/test.cliniquematignon.ch\/de\/produkt\/cleansing-gel\/"]}]},{"@type":"ImageObject","inLanguage":"de-CH","@id":"https:\/\/test.cliniquematignon.ch\/de\/produkt\/cleansing-gel\/#primaryimage","url":"https:\/\/test.cliniquematignon.ch\/wp-content\/uploads\/2023\/08\/cleansinggel-black..jpg","contentUrl":"https:\/\/test.cliniquematignon.ch\/wp-content\/uploads\/2023\/08\/cleansinggel-black..jpg","width":1980,"height":1890},{"@type":"BreadcrumbList","@id":"https:\/\/test.cliniquematignon.ch\/de\/produkt\/cleansing-gel\/#breadcrumb","itemListElement":[{"@type":"ListItem","position":1,"name":"Home","item":"https:\/\/test.cliniquematignon.ch\/de\/startseite\/"},{"@type":"ListItem","position":2,"name":"Shop","item":"https:\/\/test.cliniquematignon.ch\/de\/shop\/"},{"@type":"ListItem","position":3,"name":"Cleansing Gel"}]},{"@type":"WebSite","@id":"https:\/\/test.cliniquematignon.ch\/de\/#website","url":"https:\/\/test.cliniquematignon.ch\/de\/","name":"Matignon","description":"M\u00e9decine esth\u00e9tique","publisher":{"@id":"https:\/\/test.cliniquematignon.ch\/de\/#organization"},"potentialAction":[{"@type":"SearchAction","target":{"@type":"EntryPoint","urlTemplate":"https:\/\/test.cliniquematignon.ch\/de\/?s={search_term_string}"},"query-input":"required name=search_term_string"}],"inLanguage":"de-CH"},{"@type":"Organization","@id":"https:\/\/test.cliniquematignon.ch\/de\/#organization","name":"Matignon","url":"https:\/\/test.cliniquematignon.ch\/de\/","logo":{"@type":"ImageObject","inLanguage":"de-CH","@id":"https:\/\/test.cliniquematignon.ch\/de\/#\/schema\/logo\/image\/","url":"https:\/\/cliniquematignon.ch\/wp-content\/uploads\/2023\/06\/mat-logo-black..svg","contentUrl":"https:\/\/cliniquematignon.ch\/wp-content\/uploads\/2023\/06\/mat-logo-black..svg","width":1,"height":1,"caption":"Matignon"},"image":{"@id":"https:\/\/test.cliniquematignon.ch\/de\/#\/schema\/logo\/image\/"},"sameAs":["https:\/\/www.facebook.com\/lescliniquesmatignon\/"]}]}},"_links":{"self":[{"href":"https:\/\/test.cliniquematignon.ch\/de\/wp-json\/wp\/v2\/product\/3158"}],"collection":[{"href":"https:\/\/test.cliniquematignon.ch\/de\/wp-json\/wp\/v2\/product"}],"about":[{"href":"https:\/\/test.cliniquematignon.ch\/de\/wp-json\/wp\/v2\/types\/product"}],"wp:featuredmedia":[{"embeddable":true,"href":"https:\/\/test.cliniquematignon.ch\/de\/wp-json\/wp\/v2\/media\/3159"}],"wp:attachment":[{"href":"https:\/\/test.cliniquematignon.ch\/de\/wp-json\/wp\/v2\/media?parent=3158"}],"wp:term":[{"taxonomy":"product_cat","embeddable":true,"href":"https:\/\/test.cliniquematignon.ch\/de\/wp-json\/wp\/v2\/product_cat?post=3158"},{"taxonomy":"product_tag","embeddable":true,"href":"https:\/\/test.cliniquematignon.ch\/de\/wp-json\/wp\/v2\/product_tag?post=3158"},{"taxonomy":"brand_product","embeddable":true,"href":"https:\/\/test.cliniquematignon.ch\/de\/wp-json\/wp\/v2\/brand_product?post=3158"}],"curies":[{"name":"wp","href":"https:\/\/api.w.org\/{rel}","templated":true}]}}