{"id":3183,"date":"2023-08-16T13:40:53","date_gmt":"2023-09-12T08:58:48","guid":{"rendered":"https:\/\/test.cliniquematignon.ch\/product\/phloretin-cf\/"},"modified":"2024-04-22T09:15:19","modified_gmt":"2024-04-22T07:15:19","slug":"skinceuticals-phloretin-cf","status":"publish","type":"product","link":"https:\/\/test.cliniquematignon.ch\/de\/produkt\/skinceuticals-phloretin-cf\/","title":{"rendered":"Phloretin CF"},"content":{"rendered":"<div class=\"excerpt\">Pflege mit hohem Schutz gegen Umweltfaktoren, um der Hautalterung vorzubeugen.<\/div>\n<div class=\"content\">\n<p>&nbsp;<\/p>\n<p><strong>Nutzen<\/strong><\/p>\n<ul>\n<li>Bietet einen hohen Umweltschutz<\/li>\n<li>Hilft, die Zeichen der Hautalterung zu bek\u00e4mpfen<\/li>\n<li>Mildert Hyperpigmentierung und hilft, die Haut aufzupolstern<\/li>\n<li>Sch\u00fctzt vor UV-bedingten Sch\u00e4digungen<\/li>\n<li>Einmal eingezogen, verschwindet das Serum nicht durch Waschen oder Reiben. Es bleibt f\u00fcr mindestens 72 Stunden aktiv, was es zu einer ausgezeichneten Zusatzpflege zu einem Sonnenschutzmittel macht.<\/li>\n<\/ul>\n<p><img loading=\"lazy\" decoding=\"async\" class=\"alignnone size-full wp-image-3982 img-fluid\" src=\"https:\/\/test.cliniquematignon.ch\/wp-content\/uploads\/2020\/03\/autorized-dealer-Skinceuticals.png\" alt=\"\" width=\"200\" height=\"42\" data-pagespeed-url-hash=\"492568781\"><\/p>\n<p>Diese Breitbandpflege bietet einen hohen Schutz vor Umweltfaktoren, um die Haut gegen freie Radikale zu verteidigen, die bekannterma\u00dfen f\u00fcr Zellsch\u00e4den und DNA-Mutationen verantwortlich sind. Neben ihren hochwertigen antioxidativen Eigenschaften war diese Pflege nachweislich in der Lage, bestehende Ver\u00e4nderungen von innen heraus zu korrigieren.<\/p>\n<p><strong>Sichtbare Ergebnisse &amp; Wissenschaft<\/strong><\/p>\n<p>Die Phloretin CF-Pflege reduzierte die durchschnittliche Anzahl der von Sonnenbrand betroffenen Zellen im Vergleich zur Placebo-Pflege signifikant, wenn sie einem Licht ausgesetzt wurde, das die Sonnenstrahlen simulierte.<\/p>\n<\/div>\n","protected":false},"excerpt":{"rendered":"<p>Pflege mit hohem Schutz gegen Umweltfaktoren, um der Hautalterung vorzubeugen. &nbsp; Nutzen Bietet einen hohen Umweltschutz Hilft, die Zeichen der Hautalterung zu bek\u00e4mpfen Mildert Hyperpigmentierung und hilft, die Haut aufzupolstern Sch\u00fctzt vor UV-bedingten Sch\u00e4digungen Einmal eingezogen, verschwindet das Serum nicht durch Waschen oder Reiben. Es bleibt f\u00fcr mindestens 72 Stunden aktiv, was es zu einer [&hellip;]<\/p>\n","protected":false},"featured_media":3185,"template":"","meta":{"_acf_changed":false},"product_cat":[376,377],"product_tag":[],"brand_product":[375],"acf":[],"yoast_head":"<!-- This site is optimized with the Yoast SEO plugin v23.1 - https:\/\/yoast.com\/wordpress\/plugins\/seo\/ -->\n<title>Phloretin CF | Matignon<\/title>\n<meta name=\"robots\" content=\"noindex, follow, max-snippet:-1, max-image-preview:large, max-video-preview:-1\" \/>\n<meta property=\"og:locale\" content=\"de_DE\" \/>\n<meta property=\"og:type\" content=\"article\" \/>\n<meta property=\"og:title\" content=\"Phloretin CF | Matignon\" \/>\n<meta property=\"og:description\" content=\"Pflege mit hohem Schutz gegen Umweltfaktoren, um der Hautalterung vorzubeugen. &nbsp; Nutzen Bietet einen hohen Umweltschutz Hilft, die Zeichen der Hautalterung zu bek\u00e4mpfen Mildert Hyperpigmentierung und hilft, die Haut aufzupolstern Sch\u00fctzt vor UV-bedingten Sch\u00e4digungen Einmal eingezogen, verschwindet das Serum nicht durch Waschen oder Reiben. Es bleibt f\u00fcr mindestens 72 Stunden aktiv, was es zu einer [&hellip;]\" \/>\n<meta property=\"og:url\" content=\"https:\/\/test.cliniquematignon.ch\/de\/produkt\/skinceuticals-phloretin-cf\/\" \/>\n<meta property=\"og:site_name\" content=\"Matignon\" \/>\n<meta property=\"article:publisher\" content=\"https:\/\/www.facebook.com\/lescliniquesmatignon\/\" \/>\n<meta property=\"article:modified_time\" content=\"2024-04-22T07:15:19+00:00\" \/>\n<meta property=\"og:image\" content=\"https:\/\/test.cliniquematignon.ch\/wp-content\/uploads\/2023\/08\/clinique-matignon_skinceuticlas_phloretin_cf..jpg\" \/>\n\t<meta property=\"og:image:width\" content=\"1890\" \/>\n\t<meta property=\"og:image:height\" content=\"1890\" \/>\n\t<meta property=\"og:image:type\" content=\"image\/jpeg\" \/>\n<meta name=\"twitter:card\" content=\"summary_large_image\" \/>\n<meta name=\"twitter:label1\" content=\"Est. reading time\" \/>\n\t<meta name=\"twitter:data1\" content=\"1 minute\" \/>\n<script type=\"application\/ld+json\" class=\"yoast-schema-graph\">{\"@context\":\"https:\/\/schema.org\",\"@graph\":[{\"@type\":\"WebPage\",\"@id\":\"https:\/\/test.cliniquematignon.ch\/de\/produkt\/skinceuticals-phloretin-cf\/\",\"url\":\"https:\/\/test.cliniquematignon.ch\/de\/produkt\/skinceuticals-phloretin-cf\/\",\"name\":\"Phloretin CF | Matignon\",\"isPartOf\":{\"@id\":\"https:\/\/test.cliniquematignon.ch\/de\/#website\"},\"primaryImageOfPage\":{\"@id\":\"https:\/\/test.cliniquematignon.ch\/de\/produkt\/skinceuticals-phloretin-cf\/#primaryimage\"},\"image\":{\"@id\":\"https:\/\/test.cliniquematignon.ch\/de\/produkt\/skinceuticals-phloretin-cf\/#primaryimage\"},\"thumbnailUrl\":\"https:\/\/test.cliniquematignon.ch\/wp-content\/uploads\/2023\/08\/clinique-matignon_skinceuticlas_phloretin_cf..jpg\",\"datePublished\":\"2023-09-12T08:58:48+00:00\",\"dateModified\":\"2024-04-22T07:15:19+00:00\",\"breadcrumb\":{\"@id\":\"https:\/\/test.cliniquematignon.ch\/de\/produkt\/skinceuticals-phloretin-cf\/#breadcrumb\"},\"inLanguage\":\"de-CH\",\"potentialAction\":[{\"@type\":\"ReadAction\",\"target\":[\"https:\/\/test.cliniquematignon.ch\/de\/produkt\/skinceuticals-phloretin-cf\/\"]}]},{\"@type\":\"ImageObject\",\"inLanguage\":\"de-CH\",\"@id\":\"https:\/\/test.cliniquematignon.ch\/de\/produkt\/skinceuticals-phloretin-cf\/#primaryimage\",\"url\":\"https:\/\/test.cliniquematignon.ch\/wp-content\/uploads\/2023\/08\/clinique-matignon_skinceuticlas_phloretin_cf..jpg\",\"contentUrl\":\"https:\/\/test.cliniquematignon.ch\/wp-content\/uploads\/2023\/08\/clinique-matignon_skinceuticlas_phloretin_cf..jpg\",\"width\":1890,\"height\":1890},{\"@type\":\"BreadcrumbList\",\"@id\":\"https:\/\/test.cliniquematignon.ch\/de\/produkt\/skinceuticals-phloretin-cf\/#breadcrumb\",\"itemListElement\":[{\"@type\":\"ListItem\",\"position\":1,\"name\":\"Home\",\"item\":\"https:\/\/test.cliniquematignon.ch\/de\/startseite\/\"},{\"@type\":\"ListItem\",\"position\":2,\"name\":\"Shop\",\"item\":\"https:\/\/test.cliniquematignon.ch\/de\/shop\/\"},{\"@type\":\"ListItem\",\"position\":3,\"name\":\"Phloretin CF\"}]},{\"@type\":\"WebSite\",\"@id\":\"https:\/\/test.cliniquematignon.ch\/de\/#website\",\"url\":\"https:\/\/test.cliniquematignon.ch\/de\/\",\"name\":\"Matignon\",\"description\":\"M\u00e9decine esth\u00e9tique\",\"publisher\":{\"@id\":\"https:\/\/test.cliniquematignon.ch\/de\/#organization\"},\"potentialAction\":[{\"@type\":\"SearchAction\",\"target\":{\"@type\":\"EntryPoint\",\"urlTemplate\":\"https:\/\/test.cliniquematignon.ch\/de\/?s={search_term_string}\"},\"query-input\":\"required name=search_term_string\"}],\"inLanguage\":\"de-CH\"},{\"@type\":\"Organization\",\"@id\":\"https:\/\/test.cliniquematignon.ch\/de\/#organization\",\"name\":\"Matignon\",\"url\":\"https:\/\/test.cliniquematignon.ch\/de\/\",\"logo\":{\"@type\":\"ImageObject\",\"inLanguage\":\"de-CH\",\"@id\":\"https:\/\/test.cliniquematignon.ch\/de\/#\/schema\/logo\/image\/\",\"url\":\"https:\/\/cliniquematignon.ch\/wp-content\/uploads\/2023\/06\/mat-logo-black..svg\",\"contentUrl\":\"https:\/\/cliniquematignon.ch\/wp-content\/uploads\/2023\/06\/mat-logo-black..svg\",\"width\":1,\"height\":1,\"caption\":\"Matignon\"},\"image\":{\"@id\":\"https:\/\/test.cliniquematignon.ch\/de\/#\/schema\/logo\/image\/\"},\"sameAs\":[\"https:\/\/www.facebook.com\/lescliniquesmatignon\/\"]}]}<\/script>\n<!-- \/ Yoast SEO plugin. -->","yoast_head_json":{"title":"Phloretin CF | Matignon","robots":{"index":"noindex","follow":"follow","max-snippet":"max-snippet:-1","max-image-preview":"max-image-preview:large","max-video-preview":"max-video-preview:-1"},"og_locale":"de_DE","og_type":"article","og_title":"Phloretin CF | Matignon","og_description":"Pflege mit hohem Schutz gegen Umweltfaktoren, um der Hautalterung vorzubeugen. &nbsp; Nutzen Bietet einen hohen Umweltschutz Hilft, die Zeichen der Hautalterung zu bek\u00e4mpfen Mildert Hyperpigmentierung und hilft, die Haut aufzupolstern Sch\u00fctzt vor UV-bedingten Sch\u00e4digungen Einmal eingezogen, verschwindet das Serum nicht durch Waschen oder Reiben. Es bleibt f\u00fcr mindestens 72 Stunden aktiv, was es zu einer [&hellip;]","og_url":"https:\/\/test.cliniquematignon.ch\/de\/produkt\/skinceuticals-phloretin-cf\/","og_site_name":"Matignon","article_publisher":"https:\/\/www.facebook.com\/lescliniquesmatignon\/","article_modified_time":"2024-04-22T07:15:19+00:00","og_image":[{"width":1890,"height":1890,"url":"https:\/\/test.cliniquematignon.ch\/wp-content\/uploads\/2023\/08\/clinique-matignon_skinceuticlas_phloretin_cf..jpg","type":"image\/jpeg"}],"twitter_card":"summary_large_image","twitter_misc":{"Est. reading time":"1 minute"},"schema":{"@context":"https:\/\/schema.org","@graph":[{"@type":"WebPage","@id":"https:\/\/test.cliniquematignon.ch\/de\/produkt\/skinceuticals-phloretin-cf\/","url":"https:\/\/test.cliniquematignon.ch\/de\/produkt\/skinceuticals-phloretin-cf\/","name":"Phloretin CF | Matignon","isPartOf":{"@id":"https:\/\/test.cliniquematignon.ch\/de\/#website"},"primaryImageOfPage":{"@id":"https:\/\/test.cliniquematignon.ch\/de\/produkt\/skinceuticals-phloretin-cf\/#primaryimage"},"image":{"@id":"https:\/\/test.cliniquematignon.ch\/de\/produkt\/skinceuticals-phloretin-cf\/#primaryimage"},"thumbnailUrl":"https:\/\/test.cliniquematignon.ch\/wp-content\/uploads\/2023\/08\/clinique-matignon_skinceuticlas_phloretin_cf..jpg","datePublished":"2023-09-12T08:58:48+00:00","dateModified":"2024-04-22T07:15:19+00:00","breadcrumb":{"@id":"https:\/\/test.cliniquematignon.ch\/de\/produkt\/skinceuticals-phloretin-cf\/#breadcrumb"},"inLanguage":"de-CH","potentialAction":[{"@type":"ReadAction","target":["https:\/\/test.cliniquematignon.ch\/de\/produkt\/skinceuticals-phloretin-cf\/"]}]},{"@type":"ImageObject","inLanguage":"de-CH","@id":"https:\/\/test.cliniquematignon.ch\/de\/produkt\/skinceuticals-phloretin-cf\/#primaryimage","url":"https:\/\/test.cliniquematignon.ch\/wp-content\/uploads\/2023\/08\/clinique-matignon_skinceuticlas_phloretin_cf..jpg","contentUrl":"https:\/\/test.cliniquematignon.ch\/wp-content\/uploads\/2023\/08\/clinique-matignon_skinceuticlas_phloretin_cf..jpg","width":1890,"height":1890},{"@type":"BreadcrumbList","@id":"https:\/\/test.cliniquematignon.ch\/de\/produkt\/skinceuticals-phloretin-cf\/#breadcrumb","itemListElement":[{"@type":"ListItem","position":1,"name":"Home","item":"https:\/\/test.cliniquematignon.ch\/de\/startseite\/"},{"@type":"ListItem","position":2,"name":"Shop","item":"https:\/\/test.cliniquematignon.ch\/de\/shop\/"},{"@type":"ListItem","position":3,"name":"Phloretin CF"}]},{"@type":"WebSite","@id":"https:\/\/test.cliniquematignon.ch\/de\/#website","url":"https:\/\/test.cliniquematignon.ch\/de\/","name":"Matignon","description":"M\u00e9decine esth\u00e9tique","publisher":{"@id":"https:\/\/test.cliniquematignon.ch\/de\/#organization"},"potentialAction":[{"@type":"SearchAction","target":{"@type":"EntryPoint","urlTemplate":"https:\/\/test.cliniquematignon.ch\/de\/?s={search_term_string}"},"query-input":"required name=search_term_string"}],"inLanguage":"de-CH"},{"@type":"Organization","@id":"https:\/\/test.cliniquematignon.ch\/de\/#organization","name":"Matignon","url":"https:\/\/test.cliniquematignon.ch\/de\/","logo":{"@type":"ImageObject","inLanguage":"de-CH","@id":"https:\/\/test.cliniquematignon.ch\/de\/#\/schema\/logo\/image\/","url":"https:\/\/cliniquematignon.ch\/wp-content\/uploads\/2023\/06\/mat-logo-black..svg","contentUrl":"https:\/\/cliniquematignon.ch\/wp-content\/uploads\/2023\/06\/mat-logo-black..svg","width":1,"height":1,"caption":"Matignon"},"image":{"@id":"https:\/\/test.cliniquematignon.ch\/de\/#\/schema\/logo\/image\/"},"sameAs":["https:\/\/www.facebook.com\/lescliniquesmatignon\/"]}]}},"_links":{"self":[{"href":"https:\/\/test.cliniquematignon.ch\/de\/wp-json\/wp\/v2\/product\/3183"}],"collection":[{"href":"https:\/\/test.cliniquematignon.ch\/de\/wp-json\/wp\/v2\/product"}],"about":[{"href":"https:\/\/test.cliniquematignon.ch\/de\/wp-json\/wp\/v2\/types\/product"}],"wp:featuredmedia":[{"embeddable":true,"href":"https:\/\/test.cliniquematignon.ch\/de\/wp-json\/wp\/v2\/media\/3185"}],"wp:attachment":[{"href":"https:\/\/test.cliniquematignon.ch\/de\/wp-json\/wp\/v2\/media?parent=3183"}],"wp:term":[{"taxonomy":"product_cat","embeddable":true,"href":"https:\/\/test.cliniquematignon.ch\/de\/wp-json\/wp\/v2\/product_cat?post=3183"},{"taxonomy":"product_tag","embeddable":true,"href":"https:\/\/test.cliniquematignon.ch\/de\/wp-json\/wp\/v2\/product_tag?post=3183"},{"taxonomy":"brand_product","embeddable":true,"href":"https:\/\/test.cliniquematignon.ch\/de\/wp-json\/wp\/v2\/brand_product?post=3183"}],"curies":[{"name":"wp","href":"https:\/\/api.w.org\/{rel}","templated":true}]}}