{"id":3207,"date":"2023-08-16T13:38:36","date_gmt":"2023-09-12T14:47:01","guid":{"rendered":"https:\/\/test.cliniquematignon.ch\/product\/silymarin-cf\/"},"modified":"2024-04-22T09:15:16","modified_gmt":"2024-04-22T07:15:16","slug":"skinceuticals-silymarin-cf","status":"publish","type":"product","link":"https:\/\/test.cliniquematignon.ch\/de\/produkt\/skinceuticals-silymarin-cf\/","title":{"rendered":"Silymarin CF"},"content":{"rendered":"<div class=\"excerpt\">Silymarin CF ist ein starkes Serum auf der Basis von reinem Vitamin C mit dreifacher antioxidativer Wirkung, um einen umweltbedingten Schutz vor freien Radikalen zu bieten, die die Oxidation des Talgs verursachen.<\/div>\n<div class=\"content\">\n<p>Silymarin CF ist ein antioxidatives Serum mit reinem Vitamin C, das eine doppelte Anti-Aging- und Anti-Perfektionen-Wirkung entfaltet: Es gl\u00e4ttet feine Linien und Falten, verfeinert das Hautbild, reduziert Glanz und das Erscheinungsbild vergr\u00f6\u00dferter Poren und beugt der Entstehung von Hautunreinheiten vor. Besonders geeignet f\u00fcr fettige oder unreine Haut.<\/p>\n<p><strong>Nutzen<\/strong><\/p>\n<ul>\n<li>Bietet einen erweiterten Umweltschutz, indem es sch\u00e4dliche freie Radikale neutralisiert.<\/li>\n<li>Beugt der Talgoxidation vor, die zur Entstehung von Hautunreinheiten beitr\u00e4gt.<\/li>\n<li>Verbessert das Erscheinungsbild von feinen Linien und Falten, die Ausstrahlung und Frische der Haut.<\/li>\n<li>Verfeinert die Hautstruktur und verringert die Sichtbarkeit der Poren.<\/li>\n<li>Ideal f\u00fcr fettige Haut, die zu Unreinheiten neigt.<\/li>\n<\/ul>\n<p><img loading=\"lazy\" decoding=\"async\" class=\"alignnone size-full wp-image-3982 img-fluid\" src=\"https:\/\/test.cliniquematignon.ch\/wp-content\/uploads\/2020\/03\/autorized-dealer-Skinceuticals.png\" alt=\"\" width=\"200\" height=\"42\" data-pagespeed-url-hash=\"492568781\"><\/p>\n<p>Dieses nicht fettende Vitamin-C-Serum enth\u00e4lt au\u00dferdem 0,5 % Salicyls\u00e4ure, die Unreinheiten beseitigt und hilft, die Entstehung neuer Ausbr\u00fcche zu verhindern.<\/p>\n<p><strong>Sichtbare Ergebnisse &amp; Wissenschaft<\/strong><\/p>\n<p>In einer achtw\u00f6chigen klinischen Studie verbesserte Silymarin CF die sichtbaren Zeichen der Hautalterung signifikant :<\/p>\n<ul>\n<li>24% durchschnittliche Verbesserung des Erscheinungsbildes von feinen Linien und Falten<\/li>\n<li>48% durchschnittliche Verbesserung der Hautgl\u00e4tte<\/li>\n<li>25% durchschnittliche Verbesserung des frischen Aussehens des Teints<\/li>\n<\/ul>\n<\/div>\n","protected":false},"excerpt":{"rendered":"<p>Silymarin CF ist ein starkes Serum auf der Basis von reinem Vitamin C mit dreifacher antioxidativer Wirkung, um einen umweltbedingten Schutz vor freien Radikalen zu bieten, die die Oxidation des Talgs verursachen. Silymarin CF ist ein antioxidatives Serum mit reinem Vitamin C, das eine doppelte Anti-Aging- und Anti-Perfektionen-Wirkung entfaltet: Es gl\u00e4ttet feine Linien und Falten, [&hellip;]<\/p>\n","protected":false},"featured_media":3212,"template":"","meta":{"_acf_changed":false},"product_cat":[376,377],"product_tag":[],"brand_product":[],"acf":[],"yoast_head":"<!-- This site is optimized with the Yoast SEO plugin v23.1 - https:\/\/yoast.com\/wordpress\/plugins\/seo\/ -->\n<title>Silymarin CF | Matignon<\/title>\n<meta name=\"robots\" content=\"noindex, follow, max-snippet:-1, max-image-preview:large, max-video-preview:-1\" \/>\n<meta property=\"og:locale\" content=\"de_DE\" \/>\n<meta property=\"og:type\" content=\"article\" \/>\n<meta property=\"og:title\" content=\"Silymarin CF | Matignon\" \/>\n<meta property=\"og:description\" content=\"Silymarin CF ist ein starkes Serum auf der Basis von reinem Vitamin C mit dreifacher antioxidativer Wirkung, um einen umweltbedingten Schutz vor freien Radikalen zu bieten, die die Oxidation des Talgs verursachen. Silymarin CF ist ein antioxidatives Serum mit reinem Vitamin C, das eine doppelte Anti-Aging- und Anti-Perfektionen-Wirkung entfaltet: Es gl\u00e4ttet feine Linien und Falten, [&hellip;]\" \/>\n<meta property=\"og:url\" content=\"https:\/\/test.cliniquematignon.ch\/de\/produkt\/skinceuticals-silymarin-cf\/\" \/>\n<meta property=\"og:site_name\" content=\"Matignon\" \/>\n<meta property=\"article:publisher\" content=\"https:\/\/www.facebook.com\/lescliniquesmatignon\/\" \/>\n<meta property=\"article:modified_time\" content=\"2024-04-22T07:15:16+00:00\" \/>\n<meta property=\"og:image\" content=\"https:\/\/test.cliniquematignon.ch\/wp-content\/uploads\/2023\/08\/clinique-matignon_skinceuticlas_silymarin_cf..jpg\" \/>\n\t<meta property=\"og:image:width\" content=\"1890\" \/>\n\t<meta property=\"og:image:height\" content=\"1890\" \/>\n\t<meta property=\"og:image:type\" content=\"image\/jpeg\" \/>\n<meta name=\"twitter:card\" content=\"summary_large_image\" \/>\n<meta name=\"twitter:label1\" content=\"Est. reading time\" \/>\n\t<meta name=\"twitter:data1\" content=\"1 minute\" \/>\n<script type=\"application\/ld+json\" class=\"yoast-schema-graph\">{\"@context\":\"https:\/\/schema.org\",\"@graph\":[{\"@type\":\"WebPage\",\"@id\":\"https:\/\/test.cliniquematignon.ch\/de\/produkt\/skinceuticals-silymarin-cf\/\",\"url\":\"https:\/\/test.cliniquematignon.ch\/de\/produkt\/skinceuticals-silymarin-cf\/\",\"name\":\"Silymarin CF | Matignon\",\"isPartOf\":{\"@id\":\"https:\/\/test.cliniquematignon.ch\/de\/#website\"},\"primaryImageOfPage\":{\"@id\":\"https:\/\/test.cliniquematignon.ch\/de\/produkt\/skinceuticals-silymarin-cf\/#primaryimage\"},\"image\":{\"@id\":\"https:\/\/test.cliniquematignon.ch\/de\/produkt\/skinceuticals-silymarin-cf\/#primaryimage\"},\"thumbnailUrl\":\"https:\/\/test.cliniquematignon.ch\/wp-content\/uploads\/2023\/08\/clinique-matignon_skinceuticlas_silymarin_cf..jpg\",\"datePublished\":\"2023-09-12T14:47:01+00:00\",\"dateModified\":\"2024-04-22T07:15:16+00:00\",\"breadcrumb\":{\"@id\":\"https:\/\/test.cliniquematignon.ch\/de\/produkt\/skinceuticals-silymarin-cf\/#breadcrumb\"},\"inLanguage\":\"de-CH\",\"potentialAction\":[{\"@type\":\"ReadAction\",\"target\":[\"https:\/\/test.cliniquematignon.ch\/de\/produkt\/skinceuticals-silymarin-cf\/\"]}]},{\"@type\":\"ImageObject\",\"inLanguage\":\"de-CH\",\"@id\":\"https:\/\/test.cliniquematignon.ch\/de\/produkt\/skinceuticals-silymarin-cf\/#primaryimage\",\"url\":\"https:\/\/test.cliniquematignon.ch\/wp-content\/uploads\/2023\/08\/clinique-matignon_skinceuticlas_silymarin_cf..jpg\",\"contentUrl\":\"https:\/\/test.cliniquematignon.ch\/wp-content\/uploads\/2023\/08\/clinique-matignon_skinceuticlas_silymarin_cf..jpg\",\"width\":1890,\"height\":1890},{\"@type\":\"BreadcrumbList\",\"@id\":\"https:\/\/test.cliniquematignon.ch\/de\/produkt\/skinceuticals-silymarin-cf\/#breadcrumb\",\"itemListElement\":[{\"@type\":\"ListItem\",\"position\":1,\"name\":\"Home\",\"item\":\"https:\/\/test.cliniquematignon.ch\/de\/startseite\/\"},{\"@type\":\"ListItem\",\"position\":2,\"name\":\"Shop\",\"item\":\"https:\/\/test.cliniquematignon.ch\/de\/shop\/\"},{\"@type\":\"ListItem\",\"position\":3,\"name\":\"Silymarin CF\"}]},{\"@type\":\"WebSite\",\"@id\":\"https:\/\/test.cliniquematignon.ch\/de\/#website\",\"url\":\"https:\/\/test.cliniquematignon.ch\/de\/\",\"name\":\"Matignon\",\"description\":\"M\u00e9decine esth\u00e9tique\",\"publisher\":{\"@id\":\"https:\/\/test.cliniquematignon.ch\/de\/#organization\"},\"potentialAction\":[{\"@type\":\"SearchAction\",\"target\":{\"@type\":\"EntryPoint\",\"urlTemplate\":\"https:\/\/test.cliniquematignon.ch\/de\/?s={search_term_string}\"},\"query-input\":\"required name=search_term_string\"}],\"inLanguage\":\"de-CH\"},{\"@type\":\"Organization\",\"@id\":\"https:\/\/test.cliniquematignon.ch\/de\/#organization\",\"name\":\"Matignon\",\"url\":\"https:\/\/test.cliniquematignon.ch\/de\/\",\"logo\":{\"@type\":\"ImageObject\",\"inLanguage\":\"de-CH\",\"@id\":\"https:\/\/test.cliniquematignon.ch\/de\/#\/schema\/logo\/image\/\",\"url\":\"https:\/\/cliniquematignon.ch\/wp-content\/uploads\/2023\/06\/mat-logo-black..svg\",\"contentUrl\":\"https:\/\/cliniquematignon.ch\/wp-content\/uploads\/2023\/06\/mat-logo-black..svg\",\"width\":1,\"height\":1,\"caption\":\"Matignon\"},\"image\":{\"@id\":\"https:\/\/test.cliniquematignon.ch\/de\/#\/schema\/logo\/image\/\"},\"sameAs\":[\"https:\/\/www.facebook.com\/lescliniquesmatignon\/\"]}]}<\/script>\n<!-- \/ Yoast SEO plugin. -->","yoast_head_json":{"title":"Silymarin CF | Matignon","robots":{"index":"noindex","follow":"follow","max-snippet":"max-snippet:-1","max-image-preview":"max-image-preview:large","max-video-preview":"max-video-preview:-1"},"og_locale":"de_DE","og_type":"article","og_title":"Silymarin CF | Matignon","og_description":"Silymarin CF ist ein starkes Serum auf der Basis von reinem Vitamin C mit dreifacher antioxidativer Wirkung, um einen umweltbedingten Schutz vor freien Radikalen zu bieten, die die Oxidation des Talgs verursachen. Silymarin CF ist ein antioxidatives Serum mit reinem Vitamin C, das eine doppelte Anti-Aging- und Anti-Perfektionen-Wirkung entfaltet: Es gl\u00e4ttet feine Linien und Falten, [&hellip;]","og_url":"https:\/\/test.cliniquematignon.ch\/de\/produkt\/skinceuticals-silymarin-cf\/","og_site_name":"Matignon","article_publisher":"https:\/\/www.facebook.com\/lescliniquesmatignon\/","article_modified_time":"2024-04-22T07:15:16+00:00","og_image":[{"width":1890,"height":1890,"url":"https:\/\/test.cliniquematignon.ch\/wp-content\/uploads\/2023\/08\/clinique-matignon_skinceuticlas_silymarin_cf..jpg","type":"image\/jpeg"}],"twitter_card":"summary_large_image","twitter_misc":{"Est. reading time":"1 minute"},"schema":{"@context":"https:\/\/schema.org","@graph":[{"@type":"WebPage","@id":"https:\/\/test.cliniquematignon.ch\/de\/produkt\/skinceuticals-silymarin-cf\/","url":"https:\/\/test.cliniquematignon.ch\/de\/produkt\/skinceuticals-silymarin-cf\/","name":"Silymarin CF | Matignon","isPartOf":{"@id":"https:\/\/test.cliniquematignon.ch\/de\/#website"},"primaryImageOfPage":{"@id":"https:\/\/test.cliniquematignon.ch\/de\/produkt\/skinceuticals-silymarin-cf\/#primaryimage"},"image":{"@id":"https:\/\/test.cliniquematignon.ch\/de\/produkt\/skinceuticals-silymarin-cf\/#primaryimage"},"thumbnailUrl":"https:\/\/test.cliniquematignon.ch\/wp-content\/uploads\/2023\/08\/clinique-matignon_skinceuticlas_silymarin_cf..jpg","datePublished":"2023-09-12T14:47:01+00:00","dateModified":"2024-04-22T07:15:16+00:00","breadcrumb":{"@id":"https:\/\/test.cliniquematignon.ch\/de\/produkt\/skinceuticals-silymarin-cf\/#breadcrumb"},"inLanguage":"de-CH","potentialAction":[{"@type":"ReadAction","target":["https:\/\/test.cliniquematignon.ch\/de\/produkt\/skinceuticals-silymarin-cf\/"]}]},{"@type":"ImageObject","inLanguage":"de-CH","@id":"https:\/\/test.cliniquematignon.ch\/de\/produkt\/skinceuticals-silymarin-cf\/#primaryimage","url":"https:\/\/test.cliniquematignon.ch\/wp-content\/uploads\/2023\/08\/clinique-matignon_skinceuticlas_silymarin_cf..jpg","contentUrl":"https:\/\/test.cliniquematignon.ch\/wp-content\/uploads\/2023\/08\/clinique-matignon_skinceuticlas_silymarin_cf..jpg","width":1890,"height":1890},{"@type":"BreadcrumbList","@id":"https:\/\/test.cliniquematignon.ch\/de\/produkt\/skinceuticals-silymarin-cf\/#breadcrumb","itemListElement":[{"@type":"ListItem","position":1,"name":"Home","item":"https:\/\/test.cliniquematignon.ch\/de\/startseite\/"},{"@type":"ListItem","position":2,"name":"Shop","item":"https:\/\/test.cliniquematignon.ch\/de\/shop\/"},{"@type":"ListItem","position":3,"name":"Silymarin CF"}]},{"@type":"WebSite","@id":"https:\/\/test.cliniquematignon.ch\/de\/#website","url":"https:\/\/test.cliniquematignon.ch\/de\/","name":"Matignon","description":"M\u00e9decine esth\u00e9tique","publisher":{"@id":"https:\/\/test.cliniquematignon.ch\/de\/#organization"},"potentialAction":[{"@type":"SearchAction","target":{"@type":"EntryPoint","urlTemplate":"https:\/\/test.cliniquematignon.ch\/de\/?s={search_term_string}"},"query-input":"required name=search_term_string"}],"inLanguage":"de-CH"},{"@type":"Organization","@id":"https:\/\/test.cliniquematignon.ch\/de\/#organization","name":"Matignon","url":"https:\/\/test.cliniquematignon.ch\/de\/","logo":{"@type":"ImageObject","inLanguage":"de-CH","@id":"https:\/\/test.cliniquematignon.ch\/de\/#\/schema\/logo\/image\/","url":"https:\/\/cliniquematignon.ch\/wp-content\/uploads\/2023\/06\/mat-logo-black..svg","contentUrl":"https:\/\/cliniquematignon.ch\/wp-content\/uploads\/2023\/06\/mat-logo-black..svg","width":1,"height":1,"caption":"Matignon"},"image":{"@id":"https:\/\/test.cliniquematignon.ch\/de\/#\/schema\/logo\/image\/"},"sameAs":["https:\/\/www.facebook.com\/lescliniquesmatignon\/"]}]}},"_links":{"self":[{"href":"https:\/\/test.cliniquematignon.ch\/de\/wp-json\/wp\/v2\/product\/3207"}],"collection":[{"href":"https:\/\/test.cliniquematignon.ch\/de\/wp-json\/wp\/v2\/product"}],"about":[{"href":"https:\/\/test.cliniquematignon.ch\/de\/wp-json\/wp\/v2\/types\/product"}],"wp:featuredmedia":[{"embeddable":true,"href":"https:\/\/test.cliniquematignon.ch\/de\/wp-json\/wp\/v2\/media\/3212"}],"wp:attachment":[{"href":"https:\/\/test.cliniquematignon.ch\/de\/wp-json\/wp\/v2\/media?parent=3207"}],"wp:term":[{"taxonomy":"product_cat","embeddable":true,"href":"https:\/\/test.cliniquematignon.ch\/de\/wp-json\/wp\/v2\/product_cat?post=3207"},{"taxonomy":"product_tag","embeddable":true,"href":"https:\/\/test.cliniquematignon.ch\/de\/wp-json\/wp\/v2\/product_tag?post=3207"},{"taxonomy":"brand_product","embeddable":true,"href":"https:\/\/test.cliniquematignon.ch\/de\/wp-json\/wp\/v2\/brand_product?post=3207"}],"curies":[{"name":"wp","href":"https:\/\/api.w.org\/{rel}","templated":true}]}}