{"id":3216,"date":"2023-08-16T13:54:24","date_gmt":"2023-09-12T14:47:10","guid":{"rendered":"https:\/\/test.cliniquematignon.ch\/product\/sheer-mineral-uv-defense-spf-50\/"},"modified":"2024-04-23T07:28:09","modified_gmt":"2024-04-23T05:28:09","slug":"skinceuticals-sheer-mineral-uv-defense-spf-50","status":"publish","type":"product","link":"https:\/\/test.cliniquematignon.ch\/de\/produkt\/skinceuticals-sheer-mineral-uv-defense-spf-50\/","title":{"rendered":"Sheer Mineral UV Defense SPF 50"},"content":{"rendered":"<div class=\"excerpt\">Sonnenschutz-Fluid mit 100% mineralischem Filter, ohne Parabene, Breitbandschutz.<\/div>\n<div class=\"content\">\n<p>&nbsp;<\/p>\n<p><strong>Nutzen<\/strong><\/p>\n<ul>\n<li>100% mineralischer UVA-\/UVB-Schutz mit breitem Spektrum<\/li>\n<li>St\u00e4rkt die hauteigenen Abwehrkr\u00e4fte und die Widerstandsf\u00e4higkeit der Haut gegen UV-Strahlen und Hitzestress, basierend auf In-vitro-Tests<\/li>\n<li>Ohne Parabene, ohne chemische Filter, nicht komedogen<\/li>\n<li>Ideal f\u00fcr alle Hauttypen, selbst f\u00fcr empfindliche Haut, und f\u00fcr die Pflege nach der Behandlung<\/li>\n<\/ul>\n<p><img loading=\"lazy\" decoding=\"async\" class=\"alignnone size-full wp-image-3982 img-fluid\" src=\"https:\/\/test.cliniquematignon.ch\/wp-content\/uploads\/2020\/03\/autorized-dealer-Skinceuticals.png\" alt=\"\" width=\"200\" height=\"42\" data-pagespeed-url-hash=\"492568781\"><\/p>\n<p>Dieses mattierende Fluid mit 100 % mineralischen Filtern bietet einen hohen Anti-UVA\/UVB-Schutz f\u00fcr alle Hauttypen, auch f\u00fcr geschw\u00e4chte Haut oder nach klinischen Behandlungen. Angereichert mit Artemia salina, einem Extrakt aus Plankton, st\u00e4rkt dieser ultraleichte Sonnenschutz die Abwehrkr\u00e4fte der Haut und ihre Widerstandsf\u00e4higkeit gegen UV-Strahlen und Hitzestress.<\/p>\n<p><strong>Sichtbare Ergebnisse &amp; Wissenschaft<\/strong><\/p>\n<p>Dank seiner zu 100 % mineralischen Formel und Filter bietet dieses leichte, parabenfreie Fluid einen Breitband-UVA\/UVB-Schutz in einer ultra-transparenten Textur, die ideal f\u00fcr alle Hauttypen ist, selbst f\u00fcr die empfindlichsten. Auch f\u00fcr die Verwendung nach der Behandlung geeignet.<\/p>\n<\/div>\n","protected":false},"excerpt":{"rendered":"<p>Sonnenschutz-Fluid mit 100% mineralischem Filter, ohne Parabene, Breitbandschutz. &nbsp; Nutzen 100% mineralischer UVA-\/UVB-Schutz mit breitem Spektrum St\u00e4rkt die hauteigenen Abwehrkr\u00e4fte und die Widerstandsf\u00e4higkeit der Haut gegen UV-Strahlen und Hitzestress, basierend auf In-vitro-Tests Ohne Parabene, ohne chemische Filter, nicht komedogen Ideal f\u00fcr alle Hauttypen, selbst f\u00fcr empfindliche Haut, und f\u00fcr die Pflege nach der Behandlung Dieses [&hellip;]<\/p>\n","protected":false},"featured_media":3222,"template":"","meta":{"_acf_changed":false},"product_cat":[376,377],"product_tag":[],"brand_product":[375],"acf":[],"yoast_head":"<!-- This site is optimized with the Yoast SEO plugin v23.1 - https:\/\/yoast.com\/wordpress\/plugins\/seo\/ -->\n<title>Sheer Mineral UV Defense SPF 50 | Matignon<\/title>\n<meta name=\"robots\" content=\"noindex, follow, max-snippet:-1, max-image-preview:large, max-video-preview:-1\" \/>\n<meta property=\"og:locale\" content=\"de_DE\" \/>\n<meta property=\"og:type\" content=\"article\" \/>\n<meta property=\"og:title\" content=\"Sheer Mineral UV Defense SPF 50 | Matignon\" \/>\n<meta property=\"og:description\" content=\"Sonnenschutz-Fluid mit 100% mineralischem Filter, ohne Parabene, Breitbandschutz. &nbsp; Nutzen 100% mineralischer UVA-\/UVB-Schutz mit breitem Spektrum St\u00e4rkt die hauteigenen Abwehrkr\u00e4fte und die Widerstandsf\u00e4higkeit der Haut gegen UV-Strahlen und Hitzestress, basierend auf In-vitro-Tests Ohne Parabene, ohne chemische Filter, nicht komedogen Ideal f\u00fcr alle Hauttypen, selbst f\u00fcr empfindliche Haut, und f\u00fcr die Pflege nach der Behandlung Dieses [&hellip;]\" \/>\n<meta property=\"og:url\" content=\"https:\/\/test.cliniquematignon.ch\/de\/produkt\/skinceuticals-sheer-mineral-uv-defense-spf-50\/\" \/>\n<meta property=\"og:site_name\" content=\"Matignon\" \/>\n<meta property=\"article:publisher\" content=\"https:\/\/www.facebook.com\/lescliniquesmatignon\/\" \/>\n<meta property=\"article:modified_time\" content=\"2024-04-23T05:28:09+00:00\" \/>\n<meta property=\"og:image\" content=\"https:\/\/test.cliniquematignon.ch\/wp-content\/uploads\/2023\/08\/clinique-matignon_skinceuticals_sheermineraluvdefense_50..jpg\" \/>\n\t<meta property=\"og:image:width\" content=\"1890\" \/>\n\t<meta property=\"og:image:height\" content=\"1890\" \/>\n\t<meta property=\"og:image:type\" content=\"image\/jpeg\" \/>\n<meta name=\"twitter:card\" content=\"summary_large_image\" \/>\n<meta name=\"twitter:label1\" content=\"Est. reading time\" \/>\n\t<meta name=\"twitter:data1\" content=\"1 minute\" \/>\n<script type=\"application\/ld+json\" class=\"yoast-schema-graph\">{\"@context\":\"https:\/\/schema.org\",\"@graph\":[{\"@type\":\"WebPage\",\"@id\":\"https:\/\/test.cliniquematignon.ch\/de\/produkt\/skinceuticals-sheer-mineral-uv-defense-spf-50\/\",\"url\":\"https:\/\/test.cliniquematignon.ch\/de\/produkt\/skinceuticals-sheer-mineral-uv-defense-spf-50\/\",\"name\":\"Sheer Mineral UV Defense SPF 50 | Matignon\",\"isPartOf\":{\"@id\":\"https:\/\/test.cliniquematignon.ch\/de\/#website\"},\"primaryImageOfPage\":{\"@id\":\"https:\/\/test.cliniquematignon.ch\/de\/produkt\/skinceuticals-sheer-mineral-uv-defense-spf-50\/#primaryimage\"},\"image\":{\"@id\":\"https:\/\/test.cliniquematignon.ch\/de\/produkt\/skinceuticals-sheer-mineral-uv-defense-spf-50\/#primaryimage\"},\"thumbnailUrl\":\"https:\/\/test.cliniquematignon.ch\/wp-content\/uploads\/2023\/08\/clinique-matignon_skinceuticals_sheermineraluvdefense_50..jpg\",\"datePublished\":\"2023-09-12T14:47:10+00:00\",\"dateModified\":\"2024-04-23T05:28:09+00:00\",\"breadcrumb\":{\"@id\":\"https:\/\/test.cliniquematignon.ch\/de\/produkt\/skinceuticals-sheer-mineral-uv-defense-spf-50\/#breadcrumb\"},\"inLanguage\":\"de-CH\",\"potentialAction\":[{\"@type\":\"ReadAction\",\"target\":[\"https:\/\/test.cliniquematignon.ch\/de\/produkt\/skinceuticals-sheer-mineral-uv-defense-spf-50\/\"]}]},{\"@type\":\"ImageObject\",\"inLanguage\":\"de-CH\",\"@id\":\"https:\/\/test.cliniquematignon.ch\/de\/produkt\/skinceuticals-sheer-mineral-uv-defense-spf-50\/#primaryimage\",\"url\":\"https:\/\/test.cliniquematignon.ch\/wp-content\/uploads\/2023\/08\/clinique-matignon_skinceuticals_sheermineraluvdefense_50..jpg\",\"contentUrl\":\"https:\/\/test.cliniquematignon.ch\/wp-content\/uploads\/2023\/08\/clinique-matignon_skinceuticals_sheermineraluvdefense_50..jpg\",\"width\":1890,\"height\":1890},{\"@type\":\"BreadcrumbList\",\"@id\":\"https:\/\/test.cliniquematignon.ch\/de\/produkt\/skinceuticals-sheer-mineral-uv-defense-spf-50\/#breadcrumb\",\"itemListElement\":[{\"@type\":\"ListItem\",\"position\":1,\"name\":\"Home\",\"item\":\"https:\/\/test.cliniquematignon.ch\/de\/startseite\/\"},{\"@type\":\"ListItem\",\"position\":2,\"name\":\"Shop\",\"item\":\"https:\/\/test.cliniquematignon.ch\/de\/shop\/\"},{\"@type\":\"ListItem\",\"position\":3,\"name\":\"Sheer Mineral UV Defense SPF 50\"}]},{\"@type\":\"WebSite\",\"@id\":\"https:\/\/test.cliniquematignon.ch\/de\/#website\",\"url\":\"https:\/\/test.cliniquematignon.ch\/de\/\",\"name\":\"Matignon\",\"description\":\"M\u00e9decine esth\u00e9tique\",\"publisher\":{\"@id\":\"https:\/\/test.cliniquematignon.ch\/de\/#organization\"},\"potentialAction\":[{\"@type\":\"SearchAction\",\"target\":{\"@type\":\"EntryPoint\",\"urlTemplate\":\"https:\/\/test.cliniquematignon.ch\/de\/?s={search_term_string}\"},\"query-input\":\"required name=search_term_string\"}],\"inLanguage\":\"de-CH\"},{\"@type\":\"Organization\",\"@id\":\"https:\/\/test.cliniquematignon.ch\/de\/#organization\",\"name\":\"Matignon\",\"url\":\"https:\/\/test.cliniquematignon.ch\/de\/\",\"logo\":{\"@type\":\"ImageObject\",\"inLanguage\":\"de-CH\",\"@id\":\"https:\/\/test.cliniquematignon.ch\/de\/#\/schema\/logo\/image\/\",\"url\":\"https:\/\/cliniquematignon.ch\/wp-content\/uploads\/2023\/06\/mat-logo-black..svg\",\"contentUrl\":\"https:\/\/cliniquematignon.ch\/wp-content\/uploads\/2023\/06\/mat-logo-black..svg\",\"width\":1,\"height\":1,\"caption\":\"Matignon\"},\"image\":{\"@id\":\"https:\/\/test.cliniquematignon.ch\/de\/#\/schema\/logo\/image\/\"},\"sameAs\":[\"https:\/\/www.facebook.com\/lescliniquesmatignon\/\"]}]}<\/script>\n<!-- \/ Yoast SEO plugin. -->","yoast_head_json":{"title":"Sheer Mineral UV Defense SPF 50 | Matignon","robots":{"index":"noindex","follow":"follow","max-snippet":"max-snippet:-1","max-image-preview":"max-image-preview:large","max-video-preview":"max-video-preview:-1"},"og_locale":"de_DE","og_type":"article","og_title":"Sheer Mineral UV Defense SPF 50 | Matignon","og_description":"Sonnenschutz-Fluid mit 100% mineralischem Filter, ohne Parabene, Breitbandschutz. &nbsp; Nutzen 100% mineralischer UVA-\/UVB-Schutz mit breitem Spektrum St\u00e4rkt die hauteigenen Abwehrkr\u00e4fte und die Widerstandsf\u00e4higkeit der Haut gegen UV-Strahlen und Hitzestress, basierend auf In-vitro-Tests Ohne Parabene, ohne chemische Filter, nicht komedogen Ideal f\u00fcr alle Hauttypen, selbst f\u00fcr empfindliche Haut, und f\u00fcr die Pflege nach der Behandlung Dieses [&hellip;]","og_url":"https:\/\/test.cliniquematignon.ch\/de\/produkt\/skinceuticals-sheer-mineral-uv-defense-spf-50\/","og_site_name":"Matignon","article_publisher":"https:\/\/www.facebook.com\/lescliniquesmatignon\/","article_modified_time":"2024-04-23T05:28:09+00:00","og_image":[{"width":1890,"height":1890,"url":"https:\/\/test.cliniquematignon.ch\/wp-content\/uploads\/2023\/08\/clinique-matignon_skinceuticals_sheermineraluvdefense_50..jpg","type":"image\/jpeg"}],"twitter_card":"summary_large_image","twitter_misc":{"Est. reading time":"1 minute"},"schema":{"@context":"https:\/\/schema.org","@graph":[{"@type":"WebPage","@id":"https:\/\/test.cliniquematignon.ch\/de\/produkt\/skinceuticals-sheer-mineral-uv-defense-spf-50\/","url":"https:\/\/test.cliniquematignon.ch\/de\/produkt\/skinceuticals-sheer-mineral-uv-defense-spf-50\/","name":"Sheer Mineral UV Defense SPF 50 | Matignon","isPartOf":{"@id":"https:\/\/test.cliniquematignon.ch\/de\/#website"},"primaryImageOfPage":{"@id":"https:\/\/test.cliniquematignon.ch\/de\/produkt\/skinceuticals-sheer-mineral-uv-defense-spf-50\/#primaryimage"},"image":{"@id":"https:\/\/test.cliniquematignon.ch\/de\/produkt\/skinceuticals-sheer-mineral-uv-defense-spf-50\/#primaryimage"},"thumbnailUrl":"https:\/\/test.cliniquematignon.ch\/wp-content\/uploads\/2023\/08\/clinique-matignon_skinceuticals_sheermineraluvdefense_50..jpg","datePublished":"2023-09-12T14:47:10+00:00","dateModified":"2024-04-23T05:28:09+00:00","breadcrumb":{"@id":"https:\/\/test.cliniquematignon.ch\/de\/produkt\/skinceuticals-sheer-mineral-uv-defense-spf-50\/#breadcrumb"},"inLanguage":"de-CH","potentialAction":[{"@type":"ReadAction","target":["https:\/\/test.cliniquematignon.ch\/de\/produkt\/skinceuticals-sheer-mineral-uv-defense-spf-50\/"]}]},{"@type":"ImageObject","inLanguage":"de-CH","@id":"https:\/\/test.cliniquematignon.ch\/de\/produkt\/skinceuticals-sheer-mineral-uv-defense-spf-50\/#primaryimage","url":"https:\/\/test.cliniquematignon.ch\/wp-content\/uploads\/2023\/08\/clinique-matignon_skinceuticals_sheermineraluvdefense_50..jpg","contentUrl":"https:\/\/test.cliniquematignon.ch\/wp-content\/uploads\/2023\/08\/clinique-matignon_skinceuticals_sheermineraluvdefense_50..jpg","width":1890,"height":1890},{"@type":"BreadcrumbList","@id":"https:\/\/test.cliniquematignon.ch\/de\/produkt\/skinceuticals-sheer-mineral-uv-defense-spf-50\/#breadcrumb","itemListElement":[{"@type":"ListItem","position":1,"name":"Home","item":"https:\/\/test.cliniquematignon.ch\/de\/startseite\/"},{"@type":"ListItem","position":2,"name":"Shop","item":"https:\/\/test.cliniquematignon.ch\/de\/shop\/"},{"@type":"ListItem","position":3,"name":"Sheer Mineral UV Defense SPF 50"}]},{"@type":"WebSite","@id":"https:\/\/test.cliniquematignon.ch\/de\/#website","url":"https:\/\/test.cliniquematignon.ch\/de\/","name":"Matignon","description":"M\u00e9decine esth\u00e9tique","publisher":{"@id":"https:\/\/test.cliniquematignon.ch\/de\/#organization"},"potentialAction":[{"@type":"SearchAction","target":{"@type":"EntryPoint","urlTemplate":"https:\/\/test.cliniquematignon.ch\/de\/?s={search_term_string}"},"query-input":"required name=search_term_string"}],"inLanguage":"de-CH"},{"@type":"Organization","@id":"https:\/\/test.cliniquematignon.ch\/de\/#organization","name":"Matignon","url":"https:\/\/test.cliniquematignon.ch\/de\/","logo":{"@type":"ImageObject","inLanguage":"de-CH","@id":"https:\/\/test.cliniquematignon.ch\/de\/#\/schema\/logo\/image\/","url":"https:\/\/cliniquematignon.ch\/wp-content\/uploads\/2023\/06\/mat-logo-black..svg","contentUrl":"https:\/\/cliniquematignon.ch\/wp-content\/uploads\/2023\/06\/mat-logo-black..svg","width":1,"height":1,"caption":"Matignon"},"image":{"@id":"https:\/\/test.cliniquematignon.ch\/de\/#\/schema\/logo\/image\/"},"sameAs":["https:\/\/www.facebook.com\/lescliniquesmatignon\/"]}]}},"_links":{"self":[{"href":"https:\/\/test.cliniquematignon.ch\/de\/wp-json\/wp\/v2\/product\/3216"}],"collection":[{"href":"https:\/\/test.cliniquematignon.ch\/de\/wp-json\/wp\/v2\/product"}],"about":[{"href":"https:\/\/test.cliniquematignon.ch\/de\/wp-json\/wp\/v2\/types\/product"}],"wp:featuredmedia":[{"embeddable":true,"href":"https:\/\/test.cliniquematignon.ch\/de\/wp-json\/wp\/v2\/media\/3222"}],"wp:attachment":[{"href":"https:\/\/test.cliniquematignon.ch\/de\/wp-json\/wp\/v2\/media?parent=3216"}],"wp:term":[{"taxonomy":"product_cat","embeddable":true,"href":"https:\/\/test.cliniquematignon.ch\/de\/wp-json\/wp\/v2\/product_cat?post=3216"},{"taxonomy":"product_tag","embeddable":true,"href":"https:\/\/test.cliniquematignon.ch\/de\/wp-json\/wp\/v2\/product_tag?post=3216"},{"taxonomy":"brand_product","embeddable":true,"href":"https:\/\/test.cliniquematignon.ch\/de\/wp-json\/wp\/v2\/brand_product?post=3216"}],"curies":[{"name":"wp","href":"https:\/\/api.w.org\/{rel}","templated":true}]}}