{"id":3554,"date":"2023-08-16T14:43:40","date_gmt":"2023-09-12T14:49:00","guid":{"rendered":"https:\/\/test.cliniquematignon.ch\/product\/gentle-cleanser\/"},"modified":"2024-04-23T11:07:18","modified_gmt":"2024-04-23T09:07:18","slug":"skinceuticals-gentle-cleanser","status":"publish","type":"product","link":"https:\/\/test.cliniquematignon.ch\/de\/produkt\/skinceuticals-gentle-cleanser\/","title":{"rendered":"Gentle Cleanser"},"content":{"rendered":"<div class=\"excerpt\">Milder Reiniger mit Allantoin, der die Haut geschmeidig macht und gleichzeitig Unreinheiten und langanhaltendes Make-up wirksam entfernt.<\/div>\n<div class=\"content\">\n<p><strong>Nutzen<\/strong><\/p>\n<ul>\n<li>Nicht reizende Aktivstoffe<\/li>\n<li>Enth\u00e4lt weichmachende und revitalisierende Wirkstoffe<\/li>\n<li>Beruhigend f\u00fcr empfindliche oder geschw\u00e4chte Haut<\/li>\n<li>Ideal nach einem \u00e4sthetischen Verj\u00fcngungsverfahren im Institut<\/li>\n<li>Ideales Bindeglied f\u00fcr \u00e4sthetische Verfahren wie Peelings, gepulstes intensives Licht, nicht-ablativer Laser, Mikrodermabrasion, Injektionen und Micro-Needling.<\/li>\n<\/ul>\n<p><img loading=\"lazy\" decoding=\"async\" class=\"alignnone size-full wp-image-3982 img-fluid\" src=\"https:\/\/test.cliniquematignon.ch\/wp-content\/uploads\/2020\/03\/autorized-dealer-Skinceuticals.png\" alt=\"\" width=\"200\" height=\"42\" data-pagespeed-url-hash=\"492568781\"><\/p>\n<p>Gentle Cleanser wurde f\u00fcr trockene, empfindliche oder geschw\u00e4chte Haut entwickelt und entfernt Unreinheiten und \u00fcbersch\u00fcssigen Talg, ohne die Haut auszutrocknen. Dieser nicht reizende Reiniger ist sanft genug, um mehrmals t\u00e4glich angewendet werden zu k\u00f6nnen. Er belebt und beruhigt die Haut.<\/p>\n<p><strong>Sichtbare Ergebnisse &amp; Wissenschaft<\/strong><\/p>\n<p>Dieses Produkt wurde absichtlich mit wenigen, basischen, aber wirksamen Wirkstoffen formuliert, um m\u00f6gliche Reaktionen zu verhindern.<\/p>\n<\/div>\n","protected":false},"excerpt":{"rendered":"<p>Milder Reiniger mit Allantoin, der die Haut geschmeidig macht und gleichzeitig Unreinheiten und langanhaltendes Make-up wirksam entfernt. Nutzen Nicht reizende Aktivstoffe Enth\u00e4lt weichmachende und revitalisierende Wirkstoffe Beruhigend f\u00fcr empfindliche oder geschw\u00e4chte Haut Ideal nach einem \u00e4sthetischen Verj\u00fcngungsverfahren im Institut Ideales Bindeglied f\u00fcr \u00e4sthetische Verfahren wie Peelings, gepulstes intensives Licht, nicht-ablativer Laser, Mikrodermabrasion, Injektionen und Micro-Needling. [&hellip;]<\/p>\n","protected":false},"featured_media":3556,"template":"","meta":{"_acf_changed":false},"product_cat":[376,377],"product_tag":[],"brand_product":[375],"acf":[],"yoast_head":"<!-- This site is optimized with the Yoast SEO plugin v23.1 - https:\/\/yoast.com\/wordpress\/plugins\/seo\/ -->\n<title>Gentle Cleanser | Matignon<\/title>\n<meta name=\"robots\" content=\"noindex, follow, max-snippet:-1, max-image-preview:large, max-video-preview:-1\" \/>\n<meta property=\"og:locale\" content=\"de_DE\" \/>\n<meta property=\"og:type\" content=\"article\" \/>\n<meta property=\"og:title\" content=\"Gentle Cleanser | Matignon\" \/>\n<meta property=\"og:description\" content=\"Milder Reiniger mit Allantoin, der die Haut geschmeidig macht und gleichzeitig Unreinheiten und langanhaltendes Make-up wirksam entfernt. Nutzen Nicht reizende Aktivstoffe Enth\u00e4lt weichmachende und revitalisierende Wirkstoffe Beruhigend f\u00fcr empfindliche oder geschw\u00e4chte Haut Ideal nach einem \u00e4sthetischen Verj\u00fcngungsverfahren im Institut Ideales Bindeglied f\u00fcr \u00e4sthetische Verfahren wie Peelings, gepulstes intensives Licht, nicht-ablativer Laser, Mikrodermabrasion, Injektionen und Micro-Needling. [&hellip;]\" \/>\n<meta property=\"og:url\" content=\"https:\/\/test.cliniquematignon.ch\/de\/produkt\/skinceuticals-gentle-cleanser\/\" \/>\n<meta property=\"og:site_name\" content=\"Matignon\" \/>\n<meta property=\"article:publisher\" content=\"https:\/\/www.facebook.com\/lescliniquesmatignon\/\" \/>\n<meta property=\"article:modified_time\" content=\"2024-04-23T09:07:18+00:00\" \/>\n<meta property=\"og:image\" content=\"https:\/\/test.cliniquematignon.ch\/wp-content\/uploads\/2023\/08\/clinique-matignon_skinceuticals_clean_gentle_cleanser..jpg\" \/>\n\t<meta property=\"og:image:width\" content=\"1890\" \/>\n\t<meta property=\"og:image:height\" content=\"1890\" \/>\n\t<meta property=\"og:image:type\" content=\"image\/jpeg\" \/>\n<meta name=\"twitter:card\" content=\"summary_large_image\" \/>\n<meta name=\"twitter:label1\" content=\"Est. reading time\" \/>\n\t<meta name=\"twitter:data1\" content=\"1 minute\" \/>\n<script type=\"application\/ld+json\" class=\"yoast-schema-graph\">{\"@context\":\"https:\/\/schema.org\",\"@graph\":[{\"@type\":\"WebPage\",\"@id\":\"https:\/\/test.cliniquematignon.ch\/de\/produkt\/skinceuticals-gentle-cleanser\/\",\"url\":\"https:\/\/test.cliniquematignon.ch\/de\/produkt\/skinceuticals-gentle-cleanser\/\",\"name\":\"Gentle Cleanser | Matignon\",\"isPartOf\":{\"@id\":\"https:\/\/test.cliniquematignon.ch\/de\/#website\"},\"primaryImageOfPage\":{\"@id\":\"https:\/\/test.cliniquematignon.ch\/de\/produkt\/skinceuticals-gentle-cleanser\/#primaryimage\"},\"image\":{\"@id\":\"https:\/\/test.cliniquematignon.ch\/de\/produkt\/skinceuticals-gentle-cleanser\/#primaryimage\"},\"thumbnailUrl\":\"https:\/\/test.cliniquematignon.ch\/wp-content\/uploads\/2023\/08\/clinique-matignon_skinceuticals_clean_gentle_cleanser..jpg\",\"datePublished\":\"2023-09-12T14:49:00+00:00\",\"dateModified\":\"2024-04-23T09:07:18+00:00\",\"breadcrumb\":{\"@id\":\"https:\/\/test.cliniquematignon.ch\/de\/produkt\/skinceuticals-gentle-cleanser\/#breadcrumb\"},\"inLanguage\":\"de-CH\",\"potentialAction\":[{\"@type\":\"ReadAction\",\"target\":[\"https:\/\/test.cliniquematignon.ch\/de\/produkt\/skinceuticals-gentle-cleanser\/\"]}]},{\"@type\":\"ImageObject\",\"inLanguage\":\"de-CH\",\"@id\":\"https:\/\/test.cliniquematignon.ch\/de\/produkt\/skinceuticals-gentle-cleanser\/#primaryimage\",\"url\":\"https:\/\/test.cliniquematignon.ch\/wp-content\/uploads\/2023\/08\/clinique-matignon_skinceuticals_clean_gentle_cleanser..jpg\",\"contentUrl\":\"https:\/\/test.cliniquematignon.ch\/wp-content\/uploads\/2023\/08\/clinique-matignon_skinceuticals_clean_gentle_cleanser..jpg\",\"width\":1890,\"height\":1890},{\"@type\":\"BreadcrumbList\",\"@id\":\"https:\/\/test.cliniquematignon.ch\/de\/produkt\/skinceuticals-gentle-cleanser\/#breadcrumb\",\"itemListElement\":[{\"@type\":\"ListItem\",\"position\":1,\"name\":\"Home\",\"item\":\"https:\/\/test.cliniquematignon.ch\/de\/startseite\/\"},{\"@type\":\"ListItem\",\"position\":2,\"name\":\"Shop\",\"item\":\"https:\/\/test.cliniquematignon.ch\/de\/shop\/\"},{\"@type\":\"ListItem\",\"position\":3,\"name\":\"Gentle Cleanser\"}]},{\"@type\":\"WebSite\",\"@id\":\"https:\/\/test.cliniquematignon.ch\/de\/#website\",\"url\":\"https:\/\/test.cliniquematignon.ch\/de\/\",\"name\":\"Matignon\",\"description\":\"M\u00e9decine esth\u00e9tique\",\"publisher\":{\"@id\":\"https:\/\/test.cliniquematignon.ch\/de\/#organization\"},\"potentialAction\":[{\"@type\":\"SearchAction\",\"target\":{\"@type\":\"EntryPoint\",\"urlTemplate\":\"https:\/\/test.cliniquematignon.ch\/de\/?s={search_term_string}\"},\"query-input\":\"required name=search_term_string\"}],\"inLanguage\":\"de-CH\"},{\"@type\":\"Organization\",\"@id\":\"https:\/\/test.cliniquematignon.ch\/de\/#organization\",\"name\":\"Matignon\",\"url\":\"https:\/\/test.cliniquematignon.ch\/de\/\",\"logo\":{\"@type\":\"ImageObject\",\"inLanguage\":\"de-CH\",\"@id\":\"https:\/\/test.cliniquematignon.ch\/de\/#\/schema\/logo\/image\/\",\"url\":\"https:\/\/cliniquematignon.ch\/wp-content\/uploads\/2023\/06\/mat-logo-black..svg\",\"contentUrl\":\"https:\/\/cliniquematignon.ch\/wp-content\/uploads\/2023\/06\/mat-logo-black..svg\",\"width\":1,\"height\":1,\"caption\":\"Matignon\"},\"image\":{\"@id\":\"https:\/\/test.cliniquematignon.ch\/de\/#\/schema\/logo\/image\/\"},\"sameAs\":[\"https:\/\/www.facebook.com\/lescliniquesmatignon\/\"]}]}<\/script>\n<!-- \/ Yoast SEO plugin. -->","yoast_head_json":{"title":"Gentle Cleanser | Matignon","robots":{"index":"noindex","follow":"follow","max-snippet":"max-snippet:-1","max-image-preview":"max-image-preview:large","max-video-preview":"max-video-preview:-1"},"og_locale":"de_DE","og_type":"article","og_title":"Gentle Cleanser | Matignon","og_description":"Milder Reiniger mit Allantoin, der die Haut geschmeidig macht und gleichzeitig Unreinheiten und langanhaltendes Make-up wirksam entfernt. Nutzen Nicht reizende Aktivstoffe Enth\u00e4lt weichmachende und revitalisierende Wirkstoffe Beruhigend f\u00fcr empfindliche oder geschw\u00e4chte Haut Ideal nach einem \u00e4sthetischen Verj\u00fcngungsverfahren im Institut Ideales Bindeglied f\u00fcr \u00e4sthetische Verfahren wie Peelings, gepulstes intensives Licht, nicht-ablativer Laser, Mikrodermabrasion, Injektionen und Micro-Needling. [&hellip;]","og_url":"https:\/\/test.cliniquematignon.ch\/de\/produkt\/skinceuticals-gentle-cleanser\/","og_site_name":"Matignon","article_publisher":"https:\/\/www.facebook.com\/lescliniquesmatignon\/","article_modified_time":"2024-04-23T09:07:18+00:00","og_image":[{"width":1890,"height":1890,"url":"https:\/\/test.cliniquematignon.ch\/wp-content\/uploads\/2023\/08\/clinique-matignon_skinceuticals_clean_gentle_cleanser..jpg","type":"image\/jpeg"}],"twitter_card":"summary_large_image","twitter_misc":{"Est. reading time":"1 minute"},"schema":{"@context":"https:\/\/schema.org","@graph":[{"@type":"WebPage","@id":"https:\/\/test.cliniquematignon.ch\/de\/produkt\/skinceuticals-gentle-cleanser\/","url":"https:\/\/test.cliniquematignon.ch\/de\/produkt\/skinceuticals-gentle-cleanser\/","name":"Gentle Cleanser | Matignon","isPartOf":{"@id":"https:\/\/test.cliniquematignon.ch\/de\/#website"},"primaryImageOfPage":{"@id":"https:\/\/test.cliniquematignon.ch\/de\/produkt\/skinceuticals-gentle-cleanser\/#primaryimage"},"image":{"@id":"https:\/\/test.cliniquematignon.ch\/de\/produkt\/skinceuticals-gentle-cleanser\/#primaryimage"},"thumbnailUrl":"https:\/\/test.cliniquematignon.ch\/wp-content\/uploads\/2023\/08\/clinique-matignon_skinceuticals_clean_gentle_cleanser..jpg","datePublished":"2023-09-12T14:49:00+00:00","dateModified":"2024-04-23T09:07:18+00:00","breadcrumb":{"@id":"https:\/\/test.cliniquematignon.ch\/de\/produkt\/skinceuticals-gentle-cleanser\/#breadcrumb"},"inLanguage":"de-CH","potentialAction":[{"@type":"ReadAction","target":["https:\/\/test.cliniquematignon.ch\/de\/produkt\/skinceuticals-gentle-cleanser\/"]}]},{"@type":"ImageObject","inLanguage":"de-CH","@id":"https:\/\/test.cliniquematignon.ch\/de\/produkt\/skinceuticals-gentle-cleanser\/#primaryimage","url":"https:\/\/test.cliniquematignon.ch\/wp-content\/uploads\/2023\/08\/clinique-matignon_skinceuticals_clean_gentle_cleanser..jpg","contentUrl":"https:\/\/test.cliniquematignon.ch\/wp-content\/uploads\/2023\/08\/clinique-matignon_skinceuticals_clean_gentle_cleanser..jpg","width":1890,"height":1890},{"@type":"BreadcrumbList","@id":"https:\/\/test.cliniquematignon.ch\/de\/produkt\/skinceuticals-gentle-cleanser\/#breadcrumb","itemListElement":[{"@type":"ListItem","position":1,"name":"Home","item":"https:\/\/test.cliniquematignon.ch\/de\/startseite\/"},{"@type":"ListItem","position":2,"name":"Shop","item":"https:\/\/test.cliniquematignon.ch\/de\/shop\/"},{"@type":"ListItem","position":3,"name":"Gentle Cleanser"}]},{"@type":"WebSite","@id":"https:\/\/test.cliniquematignon.ch\/de\/#website","url":"https:\/\/test.cliniquematignon.ch\/de\/","name":"Matignon","description":"M\u00e9decine esth\u00e9tique","publisher":{"@id":"https:\/\/test.cliniquematignon.ch\/de\/#organization"},"potentialAction":[{"@type":"SearchAction","target":{"@type":"EntryPoint","urlTemplate":"https:\/\/test.cliniquematignon.ch\/de\/?s={search_term_string}"},"query-input":"required name=search_term_string"}],"inLanguage":"de-CH"},{"@type":"Organization","@id":"https:\/\/test.cliniquematignon.ch\/de\/#organization","name":"Matignon","url":"https:\/\/test.cliniquematignon.ch\/de\/","logo":{"@type":"ImageObject","inLanguage":"de-CH","@id":"https:\/\/test.cliniquematignon.ch\/de\/#\/schema\/logo\/image\/","url":"https:\/\/cliniquematignon.ch\/wp-content\/uploads\/2023\/06\/mat-logo-black..svg","contentUrl":"https:\/\/cliniquematignon.ch\/wp-content\/uploads\/2023\/06\/mat-logo-black..svg","width":1,"height":1,"caption":"Matignon"},"image":{"@id":"https:\/\/test.cliniquematignon.ch\/de\/#\/schema\/logo\/image\/"},"sameAs":["https:\/\/www.facebook.com\/lescliniquesmatignon\/"]}]}},"_links":{"self":[{"href":"https:\/\/test.cliniquematignon.ch\/de\/wp-json\/wp\/v2\/product\/3554"}],"collection":[{"href":"https:\/\/test.cliniquematignon.ch\/de\/wp-json\/wp\/v2\/product"}],"about":[{"href":"https:\/\/test.cliniquematignon.ch\/de\/wp-json\/wp\/v2\/types\/product"}],"wp:featuredmedia":[{"embeddable":true,"href":"https:\/\/test.cliniquematignon.ch\/de\/wp-json\/wp\/v2\/media\/3556"}],"wp:attachment":[{"href":"https:\/\/test.cliniquematignon.ch\/de\/wp-json\/wp\/v2\/media?parent=3554"}],"wp:term":[{"taxonomy":"product_cat","embeddable":true,"href":"https:\/\/test.cliniquematignon.ch\/de\/wp-json\/wp\/v2\/product_cat?post=3554"},{"taxonomy":"product_tag","embeddable":true,"href":"https:\/\/test.cliniquematignon.ch\/de\/wp-json\/wp\/v2\/product_tag?post=3554"},{"taxonomy":"brand_product","embeddable":true,"href":"https:\/\/test.cliniquematignon.ch\/de\/wp-json\/wp\/v2\/brand_product?post=3554"}],"curies":[{"name":"wp","href":"https:\/\/api.w.org\/{rel}","templated":true}]}}