{"id":3563,"date":"2023-08-16T14:49:21","date_gmt":"2023-09-12T14:49:05","guid":{"rendered":"https:\/\/test.cliniquematignon.ch\/product\/blemish-age-cleansing-gel\/"},"modified":"2024-04-23T11:07:25","modified_gmt":"2024-04-23T09:07:25","slug":"skinceuticals-blemish-age-cleansing-gel","status":"publish","type":"product","link":"https:\/\/test.cliniquematignon.ch\/de\/produkt\/skinceuticals-blemish-age-cleansing-gel\/","title":{"rendered":"Blemish &amp; Age Cleansing Gel"},"content":{"rendered":"<div class=\"excerpt\">Abschwellendes Reinigungsgel f\u00fcr unreine Haut.<\/div>\n<div class=\"content\">\n<p><strong>Nutzen<\/strong><\/p>\n<ul>\n<li>Leuchtender, strahlender Teint<\/li>\n<li>Erm\u00f6glicht ein gezieltes Peeling, um die Poren zu \u00f6ffnen<\/li>\n<li>Entfernt \u00fcbersch\u00fcssigen Talg und Make-up-Spuren<\/li>\n<li>Hilft, das Erscheinungsbild von Poren zu minimieren<\/li>\n<li>Hilft, Unreinheiten zu minimieren<\/li>\n<\/ul>\n<p><img loading=\"lazy\" decoding=\"async\" class=\"alignnone size-full wp-image-3982 img-fluid\" src=\"https:\/\/test.cliniquematignon.ch\/wp-content\/uploads\/2020\/03\/autorized-dealer-Skinceuticals.png\" alt=\"\" width=\"200\" height=\"42\" data-pagespeed-url-hash=\"492568781\"><\/p>\n<p>Dieses kl\u00e4rende Reinigungsgel wirkt sowohl gegen Unreinheiten als auch f\u00fcr einen strahlenden Teint. Dank seiner Zusammensetzung aus hochwirksamen Reinigungssubstanzen entfernt Blemish + Age Cleansing Gel Unreinheiten und \u00fcbersch\u00fcssigen Talg.<br \/>\nEs reinigt die Haut sanft und enth\u00fcllt so eine strahlende Haut. Die Poren werden durch ein gezieltes Peeling ge\u00f6ffnet, ohne dass die Haut angegriffen wird.<br \/>\nPerfekt f\u00fcr stark unreine Haut.<\/p>\n<p><strong>Sichtbare Ergebnisse &amp; Wissenschaft<\/strong><\/p>\n<p>Blemish + Age wurde acht Wochen lang an 50 Patienten im Alter von 25 bis 50 Jahren klinisch getestet und zeigte, dass es die \u00fcbersch\u00fcssige Talgproduktion der Haut deutlich verringerte. Es wurde auch nachgewiesen, dass feine Linien gemildert werden.<\/p>\n<\/div>\n","protected":false},"excerpt":{"rendered":"<p>Abschwellendes Reinigungsgel f\u00fcr unreine Haut. Nutzen Leuchtender, strahlender Teint Erm\u00f6glicht ein gezieltes Peeling, um die Poren zu \u00f6ffnen Entfernt \u00fcbersch\u00fcssigen Talg und Make-up-Spuren Hilft, das Erscheinungsbild von Poren zu minimieren Hilft, Unreinheiten zu minimieren Dieses kl\u00e4rende Reinigungsgel wirkt sowohl gegen Unreinheiten als auch f\u00fcr einen strahlenden Teint. Dank seiner Zusammensetzung aus hochwirksamen Reinigungssubstanzen entfernt Blemish [&hellip;]<\/p>\n","protected":false},"featured_media":3564,"template":"","meta":{"_acf_changed":false},"product_cat":[376,377],"product_tag":[],"brand_product":[375],"acf":[],"yoast_head":"<!-- This site is optimized with the Yoast SEO plugin v23.1 - https:\/\/yoast.com\/wordpress\/plugins\/seo\/ -->\n<title>Blemish &amp; Age Cleansing Gel | Matignon<\/title>\n<meta name=\"robots\" content=\"noindex, follow, max-snippet:-1, max-image-preview:large, max-video-preview:-1\" \/>\n<meta property=\"og:locale\" content=\"de_DE\" \/>\n<meta property=\"og:type\" content=\"article\" \/>\n<meta property=\"og:title\" content=\"Blemish &amp; Age Cleansing Gel | Matignon\" \/>\n<meta property=\"og:description\" content=\"Abschwellendes Reinigungsgel f\u00fcr unreine Haut. Nutzen Leuchtender, strahlender Teint Erm\u00f6glicht ein gezieltes Peeling, um die Poren zu \u00f6ffnen Entfernt \u00fcbersch\u00fcssigen Talg und Make-up-Spuren Hilft, das Erscheinungsbild von Poren zu minimieren Hilft, Unreinheiten zu minimieren Dieses kl\u00e4rende Reinigungsgel wirkt sowohl gegen Unreinheiten als auch f\u00fcr einen strahlenden Teint. Dank seiner Zusammensetzung aus hochwirksamen Reinigungssubstanzen entfernt Blemish [&hellip;]\" \/>\n<meta property=\"og:url\" content=\"https:\/\/test.cliniquematignon.ch\/de\/produkt\/skinceuticals-blemish-age-cleansing-gel\/\" \/>\n<meta property=\"og:site_name\" content=\"Matignon\" \/>\n<meta property=\"article:publisher\" content=\"https:\/\/www.facebook.com\/lescliniquesmatignon\/\" \/>\n<meta property=\"article:modified_time\" content=\"2024-04-23T09:07:25+00:00\" \/>\n<meta property=\"og:image\" content=\"https:\/\/test.cliniquematignon.ch\/wp-content\/uploads\/2023\/08\/clinique-matignon_skinceuticals_clean_blemishage..jpg\" \/>\n\t<meta property=\"og:image:width\" content=\"1890\" \/>\n\t<meta property=\"og:image:height\" content=\"1890\" \/>\n\t<meta property=\"og:image:type\" content=\"image\/jpeg\" \/>\n<meta name=\"twitter:card\" content=\"summary_large_image\" \/>\n<meta name=\"twitter:label1\" content=\"Est. reading time\" \/>\n\t<meta name=\"twitter:data1\" content=\"1 minute\" \/>\n<script type=\"application\/ld+json\" class=\"yoast-schema-graph\">{\"@context\":\"https:\/\/schema.org\",\"@graph\":[{\"@type\":\"WebPage\",\"@id\":\"https:\/\/test.cliniquematignon.ch\/de\/produkt\/skinceuticals-blemish-age-cleansing-gel\/\",\"url\":\"https:\/\/test.cliniquematignon.ch\/de\/produkt\/skinceuticals-blemish-age-cleansing-gel\/\",\"name\":\"Blemish &amp; Age Cleansing Gel | Matignon\",\"isPartOf\":{\"@id\":\"https:\/\/test.cliniquematignon.ch\/de\/#website\"},\"primaryImageOfPage\":{\"@id\":\"https:\/\/test.cliniquematignon.ch\/de\/produkt\/skinceuticals-blemish-age-cleansing-gel\/#primaryimage\"},\"image\":{\"@id\":\"https:\/\/test.cliniquematignon.ch\/de\/produkt\/skinceuticals-blemish-age-cleansing-gel\/#primaryimage\"},\"thumbnailUrl\":\"https:\/\/test.cliniquematignon.ch\/wp-content\/uploads\/2023\/08\/clinique-matignon_skinceuticals_clean_blemishage..jpg\",\"datePublished\":\"2023-09-12T14:49:05+00:00\",\"dateModified\":\"2024-04-23T09:07:25+00:00\",\"breadcrumb\":{\"@id\":\"https:\/\/test.cliniquematignon.ch\/de\/produkt\/skinceuticals-blemish-age-cleansing-gel\/#breadcrumb\"},\"inLanguage\":\"de-CH\",\"potentialAction\":[{\"@type\":\"ReadAction\",\"target\":[\"https:\/\/test.cliniquematignon.ch\/de\/produkt\/skinceuticals-blemish-age-cleansing-gel\/\"]}]},{\"@type\":\"ImageObject\",\"inLanguage\":\"de-CH\",\"@id\":\"https:\/\/test.cliniquematignon.ch\/de\/produkt\/skinceuticals-blemish-age-cleansing-gel\/#primaryimage\",\"url\":\"https:\/\/test.cliniquematignon.ch\/wp-content\/uploads\/2023\/08\/clinique-matignon_skinceuticals_clean_blemishage..jpg\",\"contentUrl\":\"https:\/\/test.cliniquematignon.ch\/wp-content\/uploads\/2023\/08\/clinique-matignon_skinceuticals_clean_blemishage..jpg\",\"width\":1890,\"height\":1890},{\"@type\":\"BreadcrumbList\",\"@id\":\"https:\/\/test.cliniquematignon.ch\/de\/produkt\/skinceuticals-blemish-age-cleansing-gel\/#breadcrumb\",\"itemListElement\":[{\"@type\":\"ListItem\",\"position\":1,\"name\":\"Home\",\"item\":\"https:\/\/test.cliniquematignon.ch\/de\/startseite\/\"},{\"@type\":\"ListItem\",\"position\":2,\"name\":\"Shop\",\"item\":\"https:\/\/test.cliniquematignon.ch\/de\/shop\/\"},{\"@type\":\"ListItem\",\"position\":3,\"name\":\"Blemish &amp; Age Cleansing Gel\"}]},{\"@type\":\"WebSite\",\"@id\":\"https:\/\/test.cliniquematignon.ch\/de\/#website\",\"url\":\"https:\/\/test.cliniquematignon.ch\/de\/\",\"name\":\"Matignon\",\"description\":\"M\u00e9decine esth\u00e9tique\",\"publisher\":{\"@id\":\"https:\/\/test.cliniquematignon.ch\/de\/#organization\"},\"potentialAction\":[{\"@type\":\"SearchAction\",\"target\":{\"@type\":\"EntryPoint\",\"urlTemplate\":\"https:\/\/test.cliniquematignon.ch\/de\/?s={search_term_string}\"},\"query-input\":\"required name=search_term_string\"}],\"inLanguage\":\"de-CH\"},{\"@type\":\"Organization\",\"@id\":\"https:\/\/test.cliniquematignon.ch\/de\/#organization\",\"name\":\"Matignon\",\"url\":\"https:\/\/test.cliniquematignon.ch\/de\/\",\"logo\":{\"@type\":\"ImageObject\",\"inLanguage\":\"de-CH\",\"@id\":\"https:\/\/test.cliniquematignon.ch\/de\/#\/schema\/logo\/image\/\",\"url\":\"https:\/\/cliniquematignon.ch\/wp-content\/uploads\/2023\/06\/mat-logo-black..svg\",\"contentUrl\":\"https:\/\/cliniquematignon.ch\/wp-content\/uploads\/2023\/06\/mat-logo-black..svg\",\"width\":1,\"height\":1,\"caption\":\"Matignon\"},\"image\":{\"@id\":\"https:\/\/test.cliniquematignon.ch\/de\/#\/schema\/logo\/image\/\"},\"sameAs\":[\"https:\/\/www.facebook.com\/lescliniquesmatignon\/\"]}]}<\/script>\n<!-- \/ Yoast SEO plugin. -->","yoast_head_json":{"title":"Blemish &amp; Age Cleansing Gel | Matignon","robots":{"index":"noindex","follow":"follow","max-snippet":"max-snippet:-1","max-image-preview":"max-image-preview:large","max-video-preview":"max-video-preview:-1"},"og_locale":"de_DE","og_type":"article","og_title":"Blemish &amp; Age Cleansing Gel | Matignon","og_description":"Abschwellendes Reinigungsgel f\u00fcr unreine Haut. Nutzen Leuchtender, strahlender Teint Erm\u00f6glicht ein gezieltes Peeling, um die Poren zu \u00f6ffnen Entfernt \u00fcbersch\u00fcssigen Talg und Make-up-Spuren Hilft, das Erscheinungsbild von Poren zu minimieren Hilft, Unreinheiten zu minimieren Dieses kl\u00e4rende Reinigungsgel wirkt sowohl gegen Unreinheiten als auch f\u00fcr einen strahlenden Teint. Dank seiner Zusammensetzung aus hochwirksamen Reinigungssubstanzen entfernt Blemish [&hellip;]","og_url":"https:\/\/test.cliniquematignon.ch\/de\/produkt\/skinceuticals-blemish-age-cleansing-gel\/","og_site_name":"Matignon","article_publisher":"https:\/\/www.facebook.com\/lescliniquesmatignon\/","article_modified_time":"2024-04-23T09:07:25+00:00","og_image":[{"width":1890,"height":1890,"url":"https:\/\/test.cliniquematignon.ch\/wp-content\/uploads\/2023\/08\/clinique-matignon_skinceuticals_clean_blemishage..jpg","type":"image\/jpeg"}],"twitter_card":"summary_large_image","twitter_misc":{"Est. reading time":"1 minute"},"schema":{"@context":"https:\/\/schema.org","@graph":[{"@type":"WebPage","@id":"https:\/\/test.cliniquematignon.ch\/de\/produkt\/skinceuticals-blemish-age-cleansing-gel\/","url":"https:\/\/test.cliniquematignon.ch\/de\/produkt\/skinceuticals-blemish-age-cleansing-gel\/","name":"Blemish &amp; Age Cleansing Gel | Matignon","isPartOf":{"@id":"https:\/\/test.cliniquematignon.ch\/de\/#website"},"primaryImageOfPage":{"@id":"https:\/\/test.cliniquematignon.ch\/de\/produkt\/skinceuticals-blemish-age-cleansing-gel\/#primaryimage"},"image":{"@id":"https:\/\/test.cliniquematignon.ch\/de\/produkt\/skinceuticals-blemish-age-cleansing-gel\/#primaryimage"},"thumbnailUrl":"https:\/\/test.cliniquematignon.ch\/wp-content\/uploads\/2023\/08\/clinique-matignon_skinceuticals_clean_blemishage..jpg","datePublished":"2023-09-12T14:49:05+00:00","dateModified":"2024-04-23T09:07:25+00:00","breadcrumb":{"@id":"https:\/\/test.cliniquematignon.ch\/de\/produkt\/skinceuticals-blemish-age-cleansing-gel\/#breadcrumb"},"inLanguage":"de-CH","potentialAction":[{"@type":"ReadAction","target":["https:\/\/test.cliniquematignon.ch\/de\/produkt\/skinceuticals-blemish-age-cleansing-gel\/"]}]},{"@type":"ImageObject","inLanguage":"de-CH","@id":"https:\/\/test.cliniquematignon.ch\/de\/produkt\/skinceuticals-blemish-age-cleansing-gel\/#primaryimage","url":"https:\/\/test.cliniquematignon.ch\/wp-content\/uploads\/2023\/08\/clinique-matignon_skinceuticals_clean_blemishage..jpg","contentUrl":"https:\/\/test.cliniquematignon.ch\/wp-content\/uploads\/2023\/08\/clinique-matignon_skinceuticals_clean_blemishage..jpg","width":1890,"height":1890},{"@type":"BreadcrumbList","@id":"https:\/\/test.cliniquematignon.ch\/de\/produkt\/skinceuticals-blemish-age-cleansing-gel\/#breadcrumb","itemListElement":[{"@type":"ListItem","position":1,"name":"Home","item":"https:\/\/test.cliniquematignon.ch\/de\/startseite\/"},{"@type":"ListItem","position":2,"name":"Shop","item":"https:\/\/test.cliniquematignon.ch\/de\/shop\/"},{"@type":"ListItem","position":3,"name":"Blemish &amp; Age Cleansing Gel"}]},{"@type":"WebSite","@id":"https:\/\/test.cliniquematignon.ch\/de\/#website","url":"https:\/\/test.cliniquematignon.ch\/de\/","name":"Matignon","description":"M\u00e9decine esth\u00e9tique","publisher":{"@id":"https:\/\/test.cliniquematignon.ch\/de\/#organization"},"potentialAction":[{"@type":"SearchAction","target":{"@type":"EntryPoint","urlTemplate":"https:\/\/test.cliniquematignon.ch\/de\/?s={search_term_string}"},"query-input":"required name=search_term_string"}],"inLanguage":"de-CH"},{"@type":"Organization","@id":"https:\/\/test.cliniquematignon.ch\/de\/#organization","name":"Matignon","url":"https:\/\/test.cliniquematignon.ch\/de\/","logo":{"@type":"ImageObject","inLanguage":"de-CH","@id":"https:\/\/test.cliniquematignon.ch\/de\/#\/schema\/logo\/image\/","url":"https:\/\/cliniquematignon.ch\/wp-content\/uploads\/2023\/06\/mat-logo-black..svg","contentUrl":"https:\/\/cliniquematignon.ch\/wp-content\/uploads\/2023\/06\/mat-logo-black..svg","width":1,"height":1,"caption":"Matignon"},"image":{"@id":"https:\/\/test.cliniquematignon.ch\/de\/#\/schema\/logo\/image\/"},"sameAs":["https:\/\/www.facebook.com\/lescliniquesmatignon\/"]}]}},"_links":{"self":[{"href":"https:\/\/test.cliniquematignon.ch\/de\/wp-json\/wp\/v2\/product\/3563"}],"collection":[{"href":"https:\/\/test.cliniquematignon.ch\/de\/wp-json\/wp\/v2\/product"}],"about":[{"href":"https:\/\/test.cliniquematignon.ch\/de\/wp-json\/wp\/v2\/types\/product"}],"wp:featuredmedia":[{"embeddable":true,"href":"https:\/\/test.cliniquematignon.ch\/de\/wp-json\/wp\/v2\/media\/3564"}],"wp:attachment":[{"href":"https:\/\/test.cliniquematignon.ch\/de\/wp-json\/wp\/v2\/media?parent=3563"}],"wp:term":[{"taxonomy":"product_cat","embeddable":true,"href":"https:\/\/test.cliniquematignon.ch\/de\/wp-json\/wp\/v2\/product_cat?post=3563"},{"taxonomy":"product_tag","embeddable":true,"href":"https:\/\/test.cliniquematignon.ch\/de\/wp-json\/wp\/v2\/product_tag?post=3563"},{"taxonomy":"brand_product","embeddable":true,"href":"https:\/\/test.cliniquematignon.ch\/de\/wp-json\/wp\/v2\/brand_product?post=3563"}],"curies":[{"name":"wp","href":"https:\/\/api.w.org\/{rel}","templated":true}]}}