{"id":3571,"date":"2023-08-16T14:53:05","date_gmt":"2023-09-12T14:49:07","guid":{"rendered":"https:\/\/test.cliniquematignon.ch\/product\/soothing-cleanser\/"},"modified":"2024-04-23T11:07:18","modified_gmt":"2024-04-23T09:07:18","slug":"skinceuticals-soothing-cleanser","status":"publish","type":"product","link":"https:\/\/test.cliniquematignon.ch\/de\/produkt\/skinceuticals-soothing-cleanser\/","title":{"rendered":"Soothing Cleanser"},"content":{"rendered":"<div class=\"excerpt\">Seifenfreier Reinigungsschaum mit einer hohen Konzentration an botanischen Extrakten, der die Haut beruhigt und gleichzeitig Unreinheiten entfernt.<\/div>\n<div class=\"content\">\n<p>&nbsp;<\/p>\n<p><strong>Nutzen<\/strong><\/p>\n<ul>\n<li>Beruhigt die Haut, empfindlich, reaktiv oder nach einer Prozedur.<\/li>\n<li>Erm\u00f6glicht das Entfernen von langanhaltendem Make-up<\/li>\n<li>Nicht komedogen, f\u00fcr den t\u00e4glichen Gebrauch geeignet.<\/li>\n<li>Ohne Paraben, ohne Sulfate, ohne Seife, ohne synthetische Duftstoffe, ohne Farbstoffe, ohne Alkohol<\/li>\n<li>Geeignet f\u00fcr alle Hauttypen, auch f\u00fcr empfindliche Haut<\/li>\n<li>Ideale Erg\u00e4nzung zu \u00e4sthetischen Verfahren wie Peelings, IPL, nicht-ablativem Laser, Mikrodermabrasion, Injektionen und Mikroneedling.<\/li>\n<\/ul>\n<p><img loading=\"lazy\" decoding=\"async\" class=\"alignnone size-full wp-image-3982 img-fluid\" src=\"https:\/\/test.cliniquematignon.ch\/wp-content\/uploads\/2020\/03\/autorized-dealer-Skinceuticals.png\" alt=\"\" width=\"200\" height=\"42\" data-pagespeed-url-hash=\"492568781\"><\/p>\n<\/div>\n<div class=\"content-accordions\">\n<div class=\"accordion open\">\n<p>Soothing Cleanser ist ein kraftvoller Reiniger mit einem Amilite-Tensidsystem und 23% einer Kombination aus botanischen Extrakten: Gurke, Sorbitol, Glyzerin und Orchidee. Diese Formel reinigt sanft von Unreinheiten, w\u00e4hrend sie gleichzeitig empfindliche Haut und Haut nach Behandlungen beruhigt und ihr Wohlbefinden steigert. Dieser seifenfreie Reiniger besteht aus einem cremigen Schaum, der sich beim Kontakt mit der Haut in eine Emulsion verwandelt und so eine wirksame und sanfte Reinigung erm\u00f6glicht. Nach der Prozedur getestet.<\/p>\n<p><strong>Sichtbare Ergebnisse &amp; Wissenschaft<\/strong><\/p>\n<p>Nach kosmetischen Eingriffen in der Praxis wie Peeling oder Laser ist die Haut sensibilisiert und reaktiv. Eine angepasste Post-Procedure-Routine ist entscheidend, um die Erholungszeit zu verbessern und die Ergebnisse \u00fcber einen l\u00e4ngeren Zeitraum zu erhalten. Die Verwendung von reizenden Inhaltsstoffen oder Tensiden kann die Unversehrtheit der Haut gef\u00e4hrden und ihre Reaktivit\u00e4t verst\u00e4rken. Soothing Cleanser wurde speziell f\u00fcr empfindliche Haut oder Haut nach Eingriffen entwickelt und ist als beruhigender Reinigungsschaum formuliert, der Unreinheiten l\u00f6st, w\u00e4hrend er die Haut beruhigt und mit Feuchtigkeit versorgt.<\/p>\n<\/div>\n<\/div>\n","protected":false},"excerpt":{"rendered":"<p>Seifenfreier Reinigungsschaum mit einer hohen Konzentration an botanischen Extrakten, der die Haut beruhigt und gleichzeitig Unreinheiten entfernt. &nbsp; Nutzen Beruhigt die Haut, empfindlich, reaktiv oder nach einer Prozedur. Erm\u00f6glicht das Entfernen von langanhaltendem Make-up Nicht komedogen, f\u00fcr den t\u00e4glichen Gebrauch geeignet. Ohne Paraben, ohne Sulfate, ohne Seife, ohne synthetische Duftstoffe, ohne Farbstoffe, ohne Alkohol Geeignet [&hellip;]<\/p>\n","protected":false},"featured_media":3574,"template":"","meta":{"_acf_changed":false},"product_cat":[376,377],"product_tag":[],"brand_product":[375],"acf":[],"yoast_head":"<!-- This site is optimized with the Yoast SEO plugin v23.1 - https:\/\/yoast.com\/wordpress\/plugins\/seo\/ -->\n<title>Soothing Cleanser | Matignon<\/title>\n<meta name=\"robots\" content=\"noindex, follow, max-snippet:-1, max-image-preview:large, max-video-preview:-1\" \/>\n<meta property=\"og:locale\" content=\"de_DE\" \/>\n<meta property=\"og:type\" content=\"article\" \/>\n<meta property=\"og:title\" content=\"Soothing Cleanser | Matignon\" \/>\n<meta property=\"og:description\" content=\"Seifenfreier Reinigungsschaum mit einer hohen Konzentration an botanischen Extrakten, der die Haut beruhigt und gleichzeitig Unreinheiten entfernt. &nbsp; Nutzen Beruhigt die Haut, empfindlich, reaktiv oder nach einer Prozedur. Erm\u00f6glicht das Entfernen von langanhaltendem Make-up Nicht komedogen, f\u00fcr den t\u00e4glichen Gebrauch geeignet. Ohne Paraben, ohne Sulfate, ohne Seife, ohne synthetische Duftstoffe, ohne Farbstoffe, ohne Alkohol Geeignet [&hellip;]\" \/>\n<meta property=\"og:url\" content=\"https:\/\/test.cliniquematignon.ch\/de\/produkt\/skinceuticals-soothing-cleanser\/\" \/>\n<meta property=\"og:site_name\" content=\"Matignon\" \/>\n<meta property=\"article:publisher\" content=\"https:\/\/www.facebook.com\/lescliniquesmatignon\/\" \/>\n<meta property=\"article:modified_time\" content=\"2024-04-23T09:07:18+00:00\" \/>\n<meta property=\"og:image\" content=\"https:\/\/test.cliniquematignon.ch\/wp-content\/uploads\/2023\/08\/clinique-matignon_skinceuticalsoothing_cleanser..jpg\" \/>\n\t<meta property=\"og:image:width\" content=\"1890\" \/>\n\t<meta property=\"og:image:height\" content=\"1890\" \/>\n\t<meta property=\"og:image:type\" content=\"image\/jpeg\" \/>\n<meta name=\"twitter:card\" content=\"summary_large_image\" \/>\n<meta name=\"twitter:label1\" content=\"Est. reading time\" \/>\n\t<meta name=\"twitter:data1\" content=\"1 minute\" \/>\n<script type=\"application\/ld+json\" class=\"yoast-schema-graph\">{\"@context\":\"https:\/\/schema.org\",\"@graph\":[{\"@type\":\"WebPage\",\"@id\":\"https:\/\/test.cliniquematignon.ch\/de\/produkt\/skinceuticals-soothing-cleanser\/\",\"url\":\"https:\/\/test.cliniquematignon.ch\/de\/produkt\/skinceuticals-soothing-cleanser\/\",\"name\":\"Soothing Cleanser | Matignon\",\"isPartOf\":{\"@id\":\"https:\/\/test.cliniquematignon.ch\/de\/#website\"},\"primaryImageOfPage\":{\"@id\":\"https:\/\/test.cliniquematignon.ch\/de\/produkt\/skinceuticals-soothing-cleanser\/#primaryimage\"},\"image\":{\"@id\":\"https:\/\/test.cliniquematignon.ch\/de\/produkt\/skinceuticals-soothing-cleanser\/#primaryimage\"},\"thumbnailUrl\":\"https:\/\/test.cliniquematignon.ch\/wp-content\/uploads\/2023\/08\/clinique-matignon_skinceuticalsoothing_cleanser..jpg\",\"datePublished\":\"2023-09-12T14:49:07+00:00\",\"dateModified\":\"2024-04-23T09:07:18+00:00\",\"breadcrumb\":{\"@id\":\"https:\/\/test.cliniquematignon.ch\/de\/produkt\/skinceuticals-soothing-cleanser\/#breadcrumb\"},\"inLanguage\":\"de-CH\",\"potentialAction\":[{\"@type\":\"ReadAction\",\"target\":[\"https:\/\/test.cliniquematignon.ch\/de\/produkt\/skinceuticals-soothing-cleanser\/\"]}]},{\"@type\":\"ImageObject\",\"inLanguage\":\"de-CH\",\"@id\":\"https:\/\/test.cliniquematignon.ch\/de\/produkt\/skinceuticals-soothing-cleanser\/#primaryimage\",\"url\":\"https:\/\/test.cliniquematignon.ch\/wp-content\/uploads\/2023\/08\/clinique-matignon_skinceuticalsoothing_cleanser..jpg\",\"contentUrl\":\"https:\/\/test.cliniquematignon.ch\/wp-content\/uploads\/2023\/08\/clinique-matignon_skinceuticalsoothing_cleanser..jpg\",\"width\":1890,\"height\":1890},{\"@type\":\"BreadcrumbList\",\"@id\":\"https:\/\/test.cliniquematignon.ch\/de\/produkt\/skinceuticals-soothing-cleanser\/#breadcrumb\",\"itemListElement\":[{\"@type\":\"ListItem\",\"position\":1,\"name\":\"Home\",\"item\":\"https:\/\/test.cliniquematignon.ch\/de\/startseite\/\"},{\"@type\":\"ListItem\",\"position\":2,\"name\":\"Shop\",\"item\":\"https:\/\/test.cliniquematignon.ch\/de\/shop\/\"},{\"@type\":\"ListItem\",\"position\":3,\"name\":\"Soothing Cleanser\"}]},{\"@type\":\"WebSite\",\"@id\":\"https:\/\/test.cliniquematignon.ch\/de\/#website\",\"url\":\"https:\/\/test.cliniquematignon.ch\/de\/\",\"name\":\"Matignon\",\"description\":\"M\u00e9decine esth\u00e9tique\",\"publisher\":{\"@id\":\"https:\/\/test.cliniquematignon.ch\/de\/#organization\"},\"potentialAction\":[{\"@type\":\"SearchAction\",\"target\":{\"@type\":\"EntryPoint\",\"urlTemplate\":\"https:\/\/test.cliniquematignon.ch\/de\/?s={search_term_string}\"},\"query-input\":\"required name=search_term_string\"}],\"inLanguage\":\"de-CH\"},{\"@type\":\"Organization\",\"@id\":\"https:\/\/test.cliniquematignon.ch\/de\/#organization\",\"name\":\"Matignon\",\"url\":\"https:\/\/test.cliniquematignon.ch\/de\/\",\"logo\":{\"@type\":\"ImageObject\",\"inLanguage\":\"de-CH\",\"@id\":\"https:\/\/test.cliniquematignon.ch\/de\/#\/schema\/logo\/image\/\",\"url\":\"https:\/\/cliniquematignon.ch\/wp-content\/uploads\/2023\/06\/mat-logo-black..svg\",\"contentUrl\":\"https:\/\/cliniquematignon.ch\/wp-content\/uploads\/2023\/06\/mat-logo-black..svg\",\"width\":1,\"height\":1,\"caption\":\"Matignon\"},\"image\":{\"@id\":\"https:\/\/test.cliniquematignon.ch\/de\/#\/schema\/logo\/image\/\"},\"sameAs\":[\"https:\/\/www.facebook.com\/lescliniquesmatignon\/\"]}]}<\/script>\n<!-- \/ Yoast SEO plugin. -->","yoast_head_json":{"title":"Soothing Cleanser | Matignon","robots":{"index":"noindex","follow":"follow","max-snippet":"max-snippet:-1","max-image-preview":"max-image-preview:large","max-video-preview":"max-video-preview:-1"},"og_locale":"de_DE","og_type":"article","og_title":"Soothing Cleanser | Matignon","og_description":"Seifenfreier Reinigungsschaum mit einer hohen Konzentration an botanischen Extrakten, der die Haut beruhigt und gleichzeitig Unreinheiten entfernt. &nbsp; Nutzen Beruhigt die Haut, empfindlich, reaktiv oder nach einer Prozedur. Erm\u00f6glicht das Entfernen von langanhaltendem Make-up Nicht komedogen, f\u00fcr den t\u00e4glichen Gebrauch geeignet. Ohne Paraben, ohne Sulfate, ohne Seife, ohne synthetische Duftstoffe, ohne Farbstoffe, ohne Alkohol Geeignet [&hellip;]","og_url":"https:\/\/test.cliniquematignon.ch\/de\/produkt\/skinceuticals-soothing-cleanser\/","og_site_name":"Matignon","article_publisher":"https:\/\/www.facebook.com\/lescliniquesmatignon\/","article_modified_time":"2024-04-23T09:07:18+00:00","og_image":[{"width":1890,"height":1890,"url":"https:\/\/test.cliniquematignon.ch\/wp-content\/uploads\/2023\/08\/clinique-matignon_skinceuticalsoothing_cleanser..jpg","type":"image\/jpeg"}],"twitter_card":"summary_large_image","twitter_misc":{"Est. reading time":"1 minute"},"schema":{"@context":"https:\/\/schema.org","@graph":[{"@type":"WebPage","@id":"https:\/\/test.cliniquematignon.ch\/de\/produkt\/skinceuticals-soothing-cleanser\/","url":"https:\/\/test.cliniquematignon.ch\/de\/produkt\/skinceuticals-soothing-cleanser\/","name":"Soothing Cleanser | Matignon","isPartOf":{"@id":"https:\/\/test.cliniquematignon.ch\/de\/#website"},"primaryImageOfPage":{"@id":"https:\/\/test.cliniquematignon.ch\/de\/produkt\/skinceuticals-soothing-cleanser\/#primaryimage"},"image":{"@id":"https:\/\/test.cliniquematignon.ch\/de\/produkt\/skinceuticals-soothing-cleanser\/#primaryimage"},"thumbnailUrl":"https:\/\/test.cliniquematignon.ch\/wp-content\/uploads\/2023\/08\/clinique-matignon_skinceuticalsoothing_cleanser..jpg","datePublished":"2023-09-12T14:49:07+00:00","dateModified":"2024-04-23T09:07:18+00:00","breadcrumb":{"@id":"https:\/\/test.cliniquematignon.ch\/de\/produkt\/skinceuticals-soothing-cleanser\/#breadcrumb"},"inLanguage":"de-CH","potentialAction":[{"@type":"ReadAction","target":["https:\/\/test.cliniquematignon.ch\/de\/produkt\/skinceuticals-soothing-cleanser\/"]}]},{"@type":"ImageObject","inLanguage":"de-CH","@id":"https:\/\/test.cliniquematignon.ch\/de\/produkt\/skinceuticals-soothing-cleanser\/#primaryimage","url":"https:\/\/test.cliniquematignon.ch\/wp-content\/uploads\/2023\/08\/clinique-matignon_skinceuticalsoothing_cleanser..jpg","contentUrl":"https:\/\/test.cliniquematignon.ch\/wp-content\/uploads\/2023\/08\/clinique-matignon_skinceuticalsoothing_cleanser..jpg","width":1890,"height":1890},{"@type":"BreadcrumbList","@id":"https:\/\/test.cliniquematignon.ch\/de\/produkt\/skinceuticals-soothing-cleanser\/#breadcrumb","itemListElement":[{"@type":"ListItem","position":1,"name":"Home","item":"https:\/\/test.cliniquematignon.ch\/de\/startseite\/"},{"@type":"ListItem","position":2,"name":"Shop","item":"https:\/\/test.cliniquematignon.ch\/de\/shop\/"},{"@type":"ListItem","position":3,"name":"Soothing Cleanser"}]},{"@type":"WebSite","@id":"https:\/\/test.cliniquematignon.ch\/de\/#website","url":"https:\/\/test.cliniquematignon.ch\/de\/","name":"Matignon","description":"M\u00e9decine esth\u00e9tique","publisher":{"@id":"https:\/\/test.cliniquematignon.ch\/de\/#organization"},"potentialAction":[{"@type":"SearchAction","target":{"@type":"EntryPoint","urlTemplate":"https:\/\/test.cliniquematignon.ch\/de\/?s={search_term_string}"},"query-input":"required name=search_term_string"}],"inLanguage":"de-CH"},{"@type":"Organization","@id":"https:\/\/test.cliniquematignon.ch\/de\/#organization","name":"Matignon","url":"https:\/\/test.cliniquematignon.ch\/de\/","logo":{"@type":"ImageObject","inLanguage":"de-CH","@id":"https:\/\/test.cliniquematignon.ch\/de\/#\/schema\/logo\/image\/","url":"https:\/\/cliniquematignon.ch\/wp-content\/uploads\/2023\/06\/mat-logo-black..svg","contentUrl":"https:\/\/cliniquematignon.ch\/wp-content\/uploads\/2023\/06\/mat-logo-black..svg","width":1,"height":1,"caption":"Matignon"},"image":{"@id":"https:\/\/test.cliniquematignon.ch\/de\/#\/schema\/logo\/image\/"},"sameAs":["https:\/\/www.facebook.com\/lescliniquesmatignon\/"]}]}},"_links":{"self":[{"href":"https:\/\/test.cliniquematignon.ch\/de\/wp-json\/wp\/v2\/product\/3571"}],"collection":[{"href":"https:\/\/test.cliniquematignon.ch\/de\/wp-json\/wp\/v2\/product"}],"about":[{"href":"https:\/\/test.cliniquematignon.ch\/de\/wp-json\/wp\/v2\/types\/product"}],"wp:featuredmedia":[{"embeddable":true,"href":"https:\/\/test.cliniquematignon.ch\/de\/wp-json\/wp\/v2\/media\/3574"}],"wp:attachment":[{"href":"https:\/\/test.cliniquematignon.ch\/de\/wp-json\/wp\/v2\/media?parent=3571"}],"wp:term":[{"taxonomy":"product_cat","embeddable":true,"href":"https:\/\/test.cliniquematignon.ch\/de\/wp-json\/wp\/v2\/product_cat?post=3571"},{"taxonomy":"product_tag","embeddable":true,"href":"https:\/\/test.cliniquematignon.ch\/de\/wp-json\/wp\/v2\/product_tag?post=3571"},{"taxonomy":"brand_product","embeddable":true,"href":"https:\/\/test.cliniquematignon.ch\/de\/wp-json\/wp\/v2\/brand_product?post=3571"}],"curies":[{"name":"wp","href":"https:\/\/api.w.org\/{rel}","templated":true}]}}