{"id":3577,"date":"2023-08-16T15:00:29","date_gmt":"2023-09-12T14:49:11","guid":{"rendered":"https:\/\/test.cliniquematignon.ch\/product\/tripeptide-r-neck-repair\/"},"modified":"2024-04-23T11:07:19","modified_gmt":"2024-04-23T09:07:19","slug":"skinceuticals-tripeptide-r-neck-repair-avec-02-de-retinol","status":"publish","type":"product","link":"https:\/\/test.cliniquematignon.ch\/de\/produkt\/skinceuticals-tripeptide-r-neck-repair-avec-02-de-retinol\/","title":{"rendered":"Tripeptide-R Neck Repair"},"content":{"rendered":"<div class=\"excerpt\">\n<div class=\"excerpt\">Tripeptide-R Neck Repair ist f\u00fcr alle Hauttypen geeignet, mit Ausnahme der empfindlichsten Haut. Sie wird besonders f\u00fcr reife Haut und\/oder Haut mit Alterungserscheinungen (horizontale Falten, knitterige und faltige Haut, Verlust an Festigkeit und Elastizit\u00e4t), Feuchtigkeitsverlust oder Hyperpigmentierung empfohlen.<\/div>\n<div class=\"content\">\n<p>&nbsp;<\/p>\n<p><strong>Nutzen<\/strong><\/p>\n<ul>\n<li>Eine Mischung aus wirkungsvollen Peptiden hilft, das Erscheinungsbild feiner Linien zu reduzieren<\/li>\n<li>Verbessert die Straffheit.<\/li>\n<\/ul>\n<p><img loading=\"lazy\" decoding=\"async\" class=\"alignnone size-full wp-image-3982 img-fluid\" src=\"https:\/\/test.cliniquematignon.ch\/wp-content\/uploads\/2020\/03\/autorized-dealer-Skinceuticals.png\" alt=\"\" width=\"200\" height=\"42\" data-pagespeed-url-hash=\"492568781\"><\/p>\n<p>Ganz anders als die Gesichtshaut hat die Haut am Hals und am Dekollet\u00e9 ihre eigenen Besonderheiten, die sie anf\u00e4lliger f\u00fcr vorzeitige Hautalterung machen.<\/p>\n<p>Ab 30 verlangsamt sich die Zellerneuerung, und in der Haut an Hals und Dekollet\u00e9 ist sie noch langsamer. In diesem Bereich kommt es auch zu einem st\u00e4rkeren Verlust von Kollagen und Elastin, was die Erschlaffung der Haut und damit die allm\u00e4hliche Ansammlung von Fettzellen unter dem Kinn beg\u00fcnstigt. Da die Haut am Hals und am Dekollet\u00e9 au\u00dferdem d\u00fcnner ist und weniger Lipide enth\u00e4lt als die Gesichtshaut, ist ihre sch\u00fctzende Hautbarriere schw\u00e4cher, wodurch die Haut am Hals anf\u00e4lliger f\u00fcr \u00e4u\u00dfere Einfl\u00fcsse wie UV-Strahlen oder auch Umweltverschmutzung ist.<\/p>\n<p>Neben Feuchtigkeitsverlust, Austrocknung oder auch Erschlaffung der Haut k\u00f6nnen diese nat\u00fcrlichen physiologischen Alterungsfaktoren in Verbindung mit den t\u00e4glichen st\u00e4ndigen Bewegungen des Halses dazu f\u00fchren, dass Falten entstehen, die bis zu f\u00fcnfmal tiefer sind als im Gesicht.<\/p>\n<p>Tats\u00e4chlich ist es aufgrund der spezifischen und komplexen Struktur der Haut an Hals und Dekollet\u00e9 besonders schwierig, ihre Alterung zu behandeln.<\/p>\n<p>Tripeptide-R Neck Repair ist eine hochwirksame Creme auf Retinolbasis, die mit ihrer hochwirksamen Wirkstoffkombination aus verkapseltem, reinem Retinol (0,2%), einem Tripeptidkonzentrat (2,5%) und einem Glaucin-Komplex (5%) wirksam gegen die fr\u00fchen und fortgeschrittenen sichtbaren Zeichen der Hautalterung an Hals und Dekollet\u00e9 vorgeht. Durch die Kombination dieser trifunktionalen Korrekturtechnologie mit einem System zur Freisetzung von Feuchtigkeit st\u00e4rkt Tripeptide-R Neck Repair die extrazellul\u00e4re Matrix der Haut und erh\u00f6ht ihre Widerstandskraft gegen die Hautalterung. Die Haut ist sichtbar straffer, glatter und wirkt wie geliftet.<\/p>\n<p><strong>Sichtbare Ergebnisse &amp; Wissenschaft<\/strong><\/p>\n<p>Eine 16-w\u00f6chige klinische Studie hat bewiesen, dass Tripeptide-R Neck Repair die sichtbaren Zeichen der Hautalterung an Hals und Dekollet\u00e9 deutlich verbessert hat :<\/p>\n<ul>\n<li>&#8211; 16% horizontale Falten<\/li>\n<li>+16% Festigkeit<\/li>\n<li>&#8211; 27% auf knittriges Hautbild<\/li>\n<\/ul>\n<\/div>\n<\/div>\n","protected":false},"excerpt":{"rendered":"<p>Tripeptide-R Neck Repair ist f\u00fcr alle Hauttypen geeignet, mit Ausnahme der empfindlichsten Haut. Sie wird besonders f\u00fcr reife Haut und\/oder Haut mit Alterungserscheinungen (horizontale Falten, knitterige und faltige Haut, Verlust an Festigkeit und Elastizit\u00e4t), Feuchtigkeitsverlust oder Hyperpigmentierung empfohlen. &nbsp; Nutzen Eine Mischung aus wirkungsvollen Peptiden hilft, das Erscheinungsbild feiner Linien zu reduzieren Verbessert die Straffheit. [&hellip;]<\/p>\n","protected":false},"featured_media":3579,"template":"","meta":{"_acf_changed":false},"product_cat":[376,444],"product_tag":[],"brand_product":[375],"acf":[],"yoast_head":"<!-- This site is optimized with the Yoast SEO plugin v23.1 - https:\/\/yoast.com\/wordpress\/plugins\/seo\/ -->\n<title>Tripeptide-R Neck Repair | Matignon<\/title>\n<meta name=\"robots\" content=\"noindex, follow, max-snippet:-1, max-image-preview:large, max-video-preview:-1\" \/>\n<meta property=\"og:locale\" content=\"de_DE\" \/>\n<meta property=\"og:type\" content=\"article\" \/>\n<meta property=\"og:title\" content=\"Tripeptide-R Neck Repair | Matignon\" \/>\n<meta property=\"og:description\" content=\"Tripeptide-R Neck Repair ist f\u00fcr alle Hauttypen geeignet, mit Ausnahme der empfindlichsten Haut. Sie wird besonders f\u00fcr reife Haut und\/oder Haut mit Alterungserscheinungen (horizontale Falten, knitterige und faltige Haut, Verlust an Festigkeit und Elastizit\u00e4t), Feuchtigkeitsverlust oder Hyperpigmentierung empfohlen. &nbsp; Nutzen Eine Mischung aus wirkungsvollen Peptiden hilft, das Erscheinungsbild feiner Linien zu reduzieren Verbessert die Straffheit. [&hellip;]\" \/>\n<meta property=\"og:url\" content=\"https:\/\/test.cliniquematignon.ch\/de\/produkt\/skinceuticals-tripeptide-r-neck-repair-avec-02-de-retinol\/\" \/>\n<meta property=\"og:site_name\" content=\"Matignon\" \/>\n<meta property=\"article:publisher\" content=\"https:\/\/www.facebook.com\/lescliniquesmatignon\/\" \/>\n<meta property=\"article:modified_time\" content=\"2024-04-23T09:07:19+00:00\" \/>\n<meta property=\"og:image\" content=\"https:\/\/test.cliniquematignon.ch\/wp-content\/uploads\/2023\/08\/clinique-matignon_skinceuticals_body_body_tightening_concentrate.-1.jpg\" \/>\n\t<meta property=\"og:image:width\" content=\"1890\" \/>\n\t<meta property=\"og:image:height\" content=\"1890\" \/>\n\t<meta property=\"og:image:type\" content=\"image\/jpeg\" \/>\n<meta name=\"twitter:card\" content=\"summary_large_image\" \/>\n<meta name=\"twitter:label1\" content=\"Est. reading time\" \/>\n\t<meta name=\"twitter:data1\" content=\"2 minutes\" \/>\n<script type=\"application\/ld+json\" class=\"yoast-schema-graph\">{\"@context\":\"https:\/\/schema.org\",\"@graph\":[{\"@type\":\"WebPage\",\"@id\":\"https:\/\/test.cliniquematignon.ch\/de\/produkt\/skinceuticals-tripeptide-r-neck-repair-avec-02-de-retinol\/\",\"url\":\"https:\/\/test.cliniquematignon.ch\/de\/produkt\/skinceuticals-tripeptide-r-neck-repair-avec-02-de-retinol\/\",\"name\":\"Tripeptide-R Neck Repair | Matignon\",\"isPartOf\":{\"@id\":\"https:\/\/test.cliniquematignon.ch\/de\/#website\"},\"primaryImageOfPage\":{\"@id\":\"https:\/\/test.cliniquematignon.ch\/de\/produkt\/skinceuticals-tripeptide-r-neck-repair-avec-02-de-retinol\/#primaryimage\"},\"image\":{\"@id\":\"https:\/\/test.cliniquematignon.ch\/de\/produkt\/skinceuticals-tripeptide-r-neck-repair-avec-02-de-retinol\/#primaryimage\"},\"thumbnailUrl\":\"https:\/\/test.cliniquematignon.ch\/wp-content\/uploads\/2023\/08\/clinique-matignon_skinceuticals_body_body_tightening_concentrate.-1.jpg\",\"datePublished\":\"2023-09-12T14:49:11+00:00\",\"dateModified\":\"2024-04-23T09:07:19+00:00\",\"breadcrumb\":{\"@id\":\"https:\/\/test.cliniquematignon.ch\/de\/produkt\/skinceuticals-tripeptide-r-neck-repair-avec-02-de-retinol\/#breadcrumb\"},\"inLanguage\":\"de-CH\",\"potentialAction\":[{\"@type\":\"ReadAction\",\"target\":[\"https:\/\/test.cliniquematignon.ch\/de\/produkt\/skinceuticals-tripeptide-r-neck-repair-avec-02-de-retinol\/\"]}]},{\"@type\":\"ImageObject\",\"inLanguage\":\"de-CH\",\"@id\":\"https:\/\/test.cliniquematignon.ch\/de\/produkt\/skinceuticals-tripeptide-r-neck-repair-avec-02-de-retinol\/#primaryimage\",\"url\":\"https:\/\/test.cliniquematignon.ch\/wp-content\/uploads\/2023\/08\/clinique-matignon_skinceuticals_body_body_tightening_concentrate.-1.jpg\",\"contentUrl\":\"https:\/\/test.cliniquematignon.ch\/wp-content\/uploads\/2023\/08\/clinique-matignon_skinceuticals_body_body_tightening_concentrate.-1.jpg\",\"width\":1890,\"height\":1890},{\"@type\":\"BreadcrumbList\",\"@id\":\"https:\/\/test.cliniquematignon.ch\/de\/produkt\/skinceuticals-tripeptide-r-neck-repair-avec-02-de-retinol\/#breadcrumb\",\"itemListElement\":[{\"@type\":\"ListItem\",\"position\":1,\"name\":\"Home\",\"item\":\"https:\/\/test.cliniquematignon.ch\/de\/startseite\/\"},{\"@type\":\"ListItem\",\"position\":2,\"name\":\"Shop\",\"item\":\"https:\/\/test.cliniquematignon.ch\/de\/shop\/\"},{\"@type\":\"ListItem\",\"position\":3,\"name\":\"Tripeptide-R Neck Repair\"}]},{\"@type\":\"WebSite\",\"@id\":\"https:\/\/test.cliniquematignon.ch\/de\/#website\",\"url\":\"https:\/\/test.cliniquematignon.ch\/de\/\",\"name\":\"Matignon\",\"description\":\"M\u00e9decine esth\u00e9tique\",\"publisher\":{\"@id\":\"https:\/\/test.cliniquematignon.ch\/de\/#organization\"},\"potentialAction\":[{\"@type\":\"SearchAction\",\"target\":{\"@type\":\"EntryPoint\",\"urlTemplate\":\"https:\/\/test.cliniquematignon.ch\/de\/?s={search_term_string}\"},\"query-input\":\"required name=search_term_string\"}],\"inLanguage\":\"de-CH\"},{\"@type\":\"Organization\",\"@id\":\"https:\/\/test.cliniquematignon.ch\/de\/#organization\",\"name\":\"Matignon\",\"url\":\"https:\/\/test.cliniquematignon.ch\/de\/\",\"logo\":{\"@type\":\"ImageObject\",\"inLanguage\":\"de-CH\",\"@id\":\"https:\/\/test.cliniquematignon.ch\/de\/#\/schema\/logo\/image\/\",\"url\":\"https:\/\/cliniquematignon.ch\/wp-content\/uploads\/2023\/06\/mat-logo-black..svg\",\"contentUrl\":\"https:\/\/cliniquematignon.ch\/wp-content\/uploads\/2023\/06\/mat-logo-black..svg\",\"width\":1,\"height\":1,\"caption\":\"Matignon\"},\"image\":{\"@id\":\"https:\/\/test.cliniquematignon.ch\/de\/#\/schema\/logo\/image\/\"},\"sameAs\":[\"https:\/\/www.facebook.com\/lescliniquesmatignon\/\"]}]}<\/script>\n<!-- \/ Yoast SEO plugin. -->","yoast_head_json":{"title":"Tripeptide-R Neck Repair | Matignon","robots":{"index":"noindex","follow":"follow","max-snippet":"max-snippet:-1","max-image-preview":"max-image-preview:large","max-video-preview":"max-video-preview:-1"},"og_locale":"de_DE","og_type":"article","og_title":"Tripeptide-R Neck Repair | Matignon","og_description":"Tripeptide-R Neck Repair ist f\u00fcr alle Hauttypen geeignet, mit Ausnahme der empfindlichsten Haut. Sie wird besonders f\u00fcr reife Haut und\/oder Haut mit Alterungserscheinungen (horizontale Falten, knitterige und faltige Haut, Verlust an Festigkeit und Elastizit\u00e4t), Feuchtigkeitsverlust oder Hyperpigmentierung empfohlen. &nbsp; Nutzen Eine Mischung aus wirkungsvollen Peptiden hilft, das Erscheinungsbild feiner Linien zu reduzieren Verbessert die Straffheit. [&hellip;]","og_url":"https:\/\/test.cliniquematignon.ch\/de\/produkt\/skinceuticals-tripeptide-r-neck-repair-avec-02-de-retinol\/","og_site_name":"Matignon","article_publisher":"https:\/\/www.facebook.com\/lescliniquesmatignon\/","article_modified_time":"2024-04-23T09:07:19+00:00","og_image":[{"width":1890,"height":1890,"url":"https:\/\/test.cliniquematignon.ch\/wp-content\/uploads\/2023\/08\/clinique-matignon_skinceuticals_body_body_tightening_concentrate.-1.jpg","type":"image\/jpeg"}],"twitter_card":"summary_large_image","twitter_misc":{"Est. reading time":"2 minutes"},"schema":{"@context":"https:\/\/schema.org","@graph":[{"@type":"WebPage","@id":"https:\/\/test.cliniquematignon.ch\/de\/produkt\/skinceuticals-tripeptide-r-neck-repair-avec-02-de-retinol\/","url":"https:\/\/test.cliniquematignon.ch\/de\/produkt\/skinceuticals-tripeptide-r-neck-repair-avec-02-de-retinol\/","name":"Tripeptide-R Neck Repair | Matignon","isPartOf":{"@id":"https:\/\/test.cliniquematignon.ch\/de\/#website"},"primaryImageOfPage":{"@id":"https:\/\/test.cliniquematignon.ch\/de\/produkt\/skinceuticals-tripeptide-r-neck-repair-avec-02-de-retinol\/#primaryimage"},"image":{"@id":"https:\/\/test.cliniquematignon.ch\/de\/produkt\/skinceuticals-tripeptide-r-neck-repair-avec-02-de-retinol\/#primaryimage"},"thumbnailUrl":"https:\/\/test.cliniquematignon.ch\/wp-content\/uploads\/2023\/08\/clinique-matignon_skinceuticals_body_body_tightening_concentrate.-1.jpg","datePublished":"2023-09-12T14:49:11+00:00","dateModified":"2024-04-23T09:07:19+00:00","breadcrumb":{"@id":"https:\/\/test.cliniquematignon.ch\/de\/produkt\/skinceuticals-tripeptide-r-neck-repair-avec-02-de-retinol\/#breadcrumb"},"inLanguage":"de-CH","potentialAction":[{"@type":"ReadAction","target":["https:\/\/test.cliniquematignon.ch\/de\/produkt\/skinceuticals-tripeptide-r-neck-repair-avec-02-de-retinol\/"]}]},{"@type":"ImageObject","inLanguage":"de-CH","@id":"https:\/\/test.cliniquematignon.ch\/de\/produkt\/skinceuticals-tripeptide-r-neck-repair-avec-02-de-retinol\/#primaryimage","url":"https:\/\/test.cliniquematignon.ch\/wp-content\/uploads\/2023\/08\/clinique-matignon_skinceuticals_body_body_tightening_concentrate.-1.jpg","contentUrl":"https:\/\/test.cliniquematignon.ch\/wp-content\/uploads\/2023\/08\/clinique-matignon_skinceuticals_body_body_tightening_concentrate.-1.jpg","width":1890,"height":1890},{"@type":"BreadcrumbList","@id":"https:\/\/test.cliniquematignon.ch\/de\/produkt\/skinceuticals-tripeptide-r-neck-repair-avec-02-de-retinol\/#breadcrumb","itemListElement":[{"@type":"ListItem","position":1,"name":"Home","item":"https:\/\/test.cliniquematignon.ch\/de\/startseite\/"},{"@type":"ListItem","position":2,"name":"Shop","item":"https:\/\/test.cliniquematignon.ch\/de\/shop\/"},{"@type":"ListItem","position":3,"name":"Tripeptide-R Neck Repair"}]},{"@type":"WebSite","@id":"https:\/\/test.cliniquematignon.ch\/de\/#website","url":"https:\/\/test.cliniquematignon.ch\/de\/","name":"Matignon","description":"M\u00e9decine esth\u00e9tique","publisher":{"@id":"https:\/\/test.cliniquematignon.ch\/de\/#organization"},"potentialAction":[{"@type":"SearchAction","target":{"@type":"EntryPoint","urlTemplate":"https:\/\/test.cliniquematignon.ch\/de\/?s={search_term_string}"},"query-input":"required name=search_term_string"}],"inLanguage":"de-CH"},{"@type":"Organization","@id":"https:\/\/test.cliniquematignon.ch\/de\/#organization","name":"Matignon","url":"https:\/\/test.cliniquematignon.ch\/de\/","logo":{"@type":"ImageObject","inLanguage":"de-CH","@id":"https:\/\/test.cliniquematignon.ch\/de\/#\/schema\/logo\/image\/","url":"https:\/\/cliniquematignon.ch\/wp-content\/uploads\/2023\/06\/mat-logo-black..svg","contentUrl":"https:\/\/cliniquematignon.ch\/wp-content\/uploads\/2023\/06\/mat-logo-black..svg","width":1,"height":1,"caption":"Matignon"},"image":{"@id":"https:\/\/test.cliniquematignon.ch\/de\/#\/schema\/logo\/image\/"},"sameAs":["https:\/\/www.facebook.com\/lescliniquesmatignon\/"]}]}},"_links":{"self":[{"href":"https:\/\/test.cliniquematignon.ch\/de\/wp-json\/wp\/v2\/product\/3577"}],"collection":[{"href":"https:\/\/test.cliniquematignon.ch\/de\/wp-json\/wp\/v2\/product"}],"about":[{"href":"https:\/\/test.cliniquematignon.ch\/de\/wp-json\/wp\/v2\/types\/product"}],"wp:featuredmedia":[{"embeddable":true,"href":"https:\/\/test.cliniquematignon.ch\/de\/wp-json\/wp\/v2\/media\/3579"}],"wp:attachment":[{"href":"https:\/\/test.cliniquematignon.ch\/de\/wp-json\/wp\/v2\/media?parent=3577"}],"wp:term":[{"taxonomy":"product_cat","embeddable":true,"href":"https:\/\/test.cliniquematignon.ch\/de\/wp-json\/wp\/v2\/product_cat?post=3577"},{"taxonomy":"product_tag","embeddable":true,"href":"https:\/\/test.cliniquematignon.ch\/de\/wp-json\/wp\/v2\/product_tag?post=3577"},{"taxonomy":"brand_product","embeddable":true,"href":"https:\/\/test.cliniquematignon.ch\/de\/wp-json\/wp\/v2\/brand_product?post=3577"}],"curies":[{"name":"wp","href":"https:\/\/api.w.org\/{rel}","templated":true}]}}