{"id":3797,"date":"2023-08-16T14:56:32","date_gmt":"2023-09-13T06:06:25","guid":{"rendered":"https:\/\/test.cliniquematignon.ch\/product\/body-tightening-concentrate\/"},"modified":"2024-04-23T11:07:23","modified_gmt":"2024-04-23T09:07:23","slug":"skinceuticals-body-tightening-concentrate","status":"publish","type":"product","link":"https:\/\/test.cliniquematignon.ch\/de\/produkt\/skinceuticals-body-tightening-concentrate\/","title":{"rendered":"Body Tightening Concentrate"},"content":{"rendered":"<div class=\"excerpt\">Straffendes und gl\u00e4ttendes Kryo-Fluid zur Bek\u00e4mpfung der Hauterschlaffung.<\/div>\n<div class=\"content\">\n<p><strong>Nutzen<\/strong><\/p>\n<ul>\n<li>Hilft bei der Bek\u00e4mpfung der Erschlaffung bestimmter K\u00f6rperbereiche<\/li>\n<li>Strafft und gl\u00e4ttet die Hautoberfl\u00e4che<\/li>\n<li>Ideale Erg\u00e4nzung zu Lifting-Verfahren<\/li>\n<li>Ohne Parabene und Parf\u00fcm<\/li>\n<\/ul>\n<p><img loading=\"lazy\" decoding=\"async\" class=\"alignnone size-full wp-image-3982 img-fluid\" src=\"https:\/\/test.cliniquematignon.ch\/wp-content\/uploads\/2020\/03\/autorized-dealer-Skinceuticals.png\" alt=\"\" width=\"200\" height=\"42\" data-pagespeed-url-hash=\"492568781\"><\/p>\n<p>Dieses straffende Fluid wurde speziell zur Bek\u00e4mpfung der Erschlaffung bestimmter K\u00f6rperzonen wie Oberschenkel, Ges\u00e4\u00df und Bauch formuliert. Es strafft und gl\u00e4ttet die Hautoberfl\u00e4che und sorgt so f\u00fcr ein langfristig straffes Ergebnis. Ideale Erg\u00e4nzung zu Lifting-Verfahren.<\/p>\n<p><strong>Sichtbare Ergebnisse &amp; Wissenschaft<\/strong><\/p>\n<p>Die achtw\u00f6chige klinische Studie, die unter dermatologischer Aufsicht an 50 Frauen \u00fcber 35 Jahren und mit unterschiedlichem ethnischem Hintergrund durchgef\u00fchrt wurde, zeigt, dass die zweimal t\u00e4gliche Anwendung des Body Tightening Concentrate die Festigkeit deutlich verbessert und die Hauterschlaffung reduziert. Die Hautoberfl\u00e4che wird gegl\u00e4ttet, selbst an schwer zu behandelnden Stellen.<\/p>\n<\/div>\n","protected":false},"excerpt":{"rendered":"<p>Straffendes und gl\u00e4ttendes Kryo-Fluid zur Bek\u00e4mpfung der Hauterschlaffung. Nutzen Hilft bei der Bek\u00e4mpfung der Erschlaffung bestimmter K\u00f6rperbereiche Strafft und gl\u00e4ttet die Hautoberfl\u00e4che Ideale Erg\u00e4nzung zu Lifting-Verfahren Ohne Parabene und Parf\u00fcm Dieses straffende Fluid wurde speziell zur Bek\u00e4mpfung der Erschlaffung bestimmter K\u00f6rperzonen wie Oberschenkel, Ges\u00e4\u00df und Bauch formuliert. Es strafft und gl\u00e4ttet die Hautoberfl\u00e4che und sorgt [&hellip;]<\/p>\n","protected":false},"featured_media":3799,"template":"","meta":{"_acf_changed":false},"product_cat":[376,444],"product_tag":[],"brand_product":[375],"acf":[],"yoast_head":"<!-- This site is optimized with the Yoast SEO plugin v23.1 - https:\/\/yoast.com\/wordpress\/plugins\/seo\/ -->\n<title>Body Tightening Concentrate | Matignon<\/title>\n<meta name=\"robots\" content=\"noindex, follow, max-snippet:-1, max-image-preview:large, max-video-preview:-1\" \/>\n<meta property=\"og:locale\" content=\"de_DE\" \/>\n<meta property=\"og:type\" content=\"article\" \/>\n<meta property=\"og:title\" content=\"Body Tightening Concentrate | Matignon\" \/>\n<meta property=\"og:description\" content=\"Straffendes und gl\u00e4ttendes Kryo-Fluid zur Bek\u00e4mpfung der Hauterschlaffung. Nutzen Hilft bei der Bek\u00e4mpfung der Erschlaffung bestimmter K\u00f6rperbereiche Strafft und gl\u00e4ttet die Hautoberfl\u00e4che Ideale Erg\u00e4nzung zu Lifting-Verfahren Ohne Parabene und Parf\u00fcm Dieses straffende Fluid wurde speziell zur Bek\u00e4mpfung der Erschlaffung bestimmter K\u00f6rperzonen wie Oberschenkel, Ges\u00e4\u00df und Bauch formuliert. Es strafft und gl\u00e4ttet die Hautoberfl\u00e4che und sorgt [&hellip;]\" \/>\n<meta property=\"og:url\" content=\"https:\/\/test.cliniquematignon.ch\/de\/produkt\/skinceuticals-body-tightening-concentrate\/\" \/>\n<meta property=\"og:site_name\" content=\"Matignon\" \/>\n<meta property=\"article:publisher\" content=\"https:\/\/www.facebook.com\/lescliniquesmatignon\/\" \/>\n<meta property=\"article:modified_time\" content=\"2024-04-23T09:07:23+00:00\" \/>\n<meta property=\"og:image\" content=\"https:\/\/test.cliniquematignon.ch\/wp-content\/uploads\/2023\/08\/clinique-matignon_skinceuticals_body_body_tightening_concentrate..jpg\" \/>\n\t<meta property=\"og:image:width\" content=\"1890\" \/>\n\t<meta property=\"og:image:height\" content=\"1890\" \/>\n\t<meta property=\"og:image:type\" content=\"image\/jpeg\" \/>\n<meta name=\"twitter:card\" content=\"summary_large_image\" \/>\n<meta name=\"twitter:label1\" content=\"Est. reading time\" \/>\n\t<meta name=\"twitter:data1\" content=\"1 minute\" \/>\n<script type=\"application\/ld+json\" class=\"yoast-schema-graph\">{\"@context\":\"https:\/\/schema.org\",\"@graph\":[{\"@type\":\"WebPage\",\"@id\":\"https:\/\/test.cliniquematignon.ch\/de\/produkt\/skinceuticals-body-tightening-concentrate\/\",\"url\":\"https:\/\/test.cliniquematignon.ch\/de\/produkt\/skinceuticals-body-tightening-concentrate\/\",\"name\":\"Body Tightening Concentrate | Matignon\",\"isPartOf\":{\"@id\":\"https:\/\/test.cliniquematignon.ch\/de\/#website\"},\"primaryImageOfPage\":{\"@id\":\"https:\/\/test.cliniquematignon.ch\/de\/produkt\/skinceuticals-body-tightening-concentrate\/#primaryimage\"},\"image\":{\"@id\":\"https:\/\/test.cliniquematignon.ch\/de\/produkt\/skinceuticals-body-tightening-concentrate\/#primaryimage\"},\"thumbnailUrl\":\"https:\/\/test.cliniquematignon.ch\/wp-content\/uploads\/2023\/08\/clinique-matignon_skinceuticals_body_body_tightening_concentrate..jpg\",\"datePublished\":\"2023-09-13T06:06:25+00:00\",\"dateModified\":\"2024-04-23T09:07:23+00:00\",\"breadcrumb\":{\"@id\":\"https:\/\/test.cliniquematignon.ch\/de\/produkt\/skinceuticals-body-tightening-concentrate\/#breadcrumb\"},\"inLanguage\":\"de-CH\",\"potentialAction\":[{\"@type\":\"ReadAction\",\"target\":[\"https:\/\/test.cliniquematignon.ch\/de\/produkt\/skinceuticals-body-tightening-concentrate\/\"]}]},{\"@type\":\"ImageObject\",\"inLanguage\":\"de-CH\",\"@id\":\"https:\/\/test.cliniquematignon.ch\/de\/produkt\/skinceuticals-body-tightening-concentrate\/#primaryimage\",\"url\":\"https:\/\/test.cliniquematignon.ch\/wp-content\/uploads\/2023\/08\/clinique-matignon_skinceuticals_body_body_tightening_concentrate..jpg\",\"contentUrl\":\"https:\/\/test.cliniquematignon.ch\/wp-content\/uploads\/2023\/08\/clinique-matignon_skinceuticals_body_body_tightening_concentrate..jpg\",\"width\":1890,\"height\":1890},{\"@type\":\"BreadcrumbList\",\"@id\":\"https:\/\/test.cliniquematignon.ch\/de\/produkt\/skinceuticals-body-tightening-concentrate\/#breadcrumb\",\"itemListElement\":[{\"@type\":\"ListItem\",\"position\":1,\"name\":\"Home\",\"item\":\"https:\/\/test.cliniquematignon.ch\/de\/startseite\/\"},{\"@type\":\"ListItem\",\"position\":2,\"name\":\"Shop\",\"item\":\"https:\/\/test.cliniquematignon.ch\/de\/shop\/\"},{\"@type\":\"ListItem\",\"position\":3,\"name\":\"Body Tightening Concentrate\"}]},{\"@type\":\"WebSite\",\"@id\":\"https:\/\/test.cliniquematignon.ch\/de\/#website\",\"url\":\"https:\/\/test.cliniquematignon.ch\/de\/\",\"name\":\"Matignon\",\"description\":\"M\u00e9decine esth\u00e9tique\",\"publisher\":{\"@id\":\"https:\/\/test.cliniquematignon.ch\/de\/#organization\"},\"potentialAction\":[{\"@type\":\"SearchAction\",\"target\":{\"@type\":\"EntryPoint\",\"urlTemplate\":\"https:\/\/test.cliniquematignon.ch\/de\/?s={search_term_string}\"},\"query-input\":\"required name=search_term_string\"}],\"inLanguage\":\"de-CH\"},{\"@type\":\"Organization\",\"@id\":\"https:\/\/test.cliniquematignon.ch\/de\/#organization\",\"name\":\"Matignon\",\"url\":\"https:\/\/test.cliniquematignon.ch\/de\/\",\"logo\":{\"@type\":\"ImageObject\",\"inLanguage\":\"de-CH\",\"@id\":\"https:\/\/test.cliniquematignon.ch\/de\/#\/schema\/logo\/image\/\",\"url\":\"https:\/\/cliniquematignon.ch\/wp-content\/uploads\/2023\/06\/mat-logo-black..svg\",\"contentUrl\":\"https:\/\/cliniquematignon.ch\/wp-content\/uploads\/2023\/06\/mat-logo-black..svg\",\"width\":1,\"height\":1,\"caption\":\"Matignon\"},\"image\":{\"@id\":\"https:\/\/test.cliniquematignon.ch\/de\/#\/schema\/logo\/image\/\"},\"sameAs\":[\"https:\/\/www.facebook.com\/lescliniquesmatignon\/\"]}]}<\/script>\n<!-- \/ Yoast SEO plugin. -->","yoast_head_json":{"title":"Body Tightening Concentrate | Matignon","robots":{"index":"noindex","follow":"follow","max-snippet":"max-snippet:-1","max-image-preview":"max-image-preview:large","max-video-preview":"max-video-preview:-1"},"og_locale":"de_DE","og_type":"article","og_title":"Body Tightening Concentrate | Matignon","og_description":"Straffendes und gl\u00e4ttendes Kryo-Fluid zur Bek\u00e4mpfung der Hauterschlaffung. Nutzen Hilft bei der Bek\u00e4mpfung der Erschlaffung bestimmter K\u00f6rperbereiche Strafft und gl\u00e4ttet die Hautoberfl\u00e4che Ideale Erg\u00e4nzung zu Lifting-Verfahren Ohne Parabene und Parf\u00fcm Dieses straffende Fluid wurde speziell zur Bek\u00e4mpfung der Erschlaffung bestimmter K\u00f6rperzonen wie Oberschenkel, Ges\u00e4\u00df und Bauch formuliert. Es strafft und gl\u00e4ttet die Hautoberfl\u00e4che und sorgt [&hellip;]","og_url":"https:\/\/test.cliniquematignon.ch\/de\/produkt\/skinceuticals-body-tightening-concentrate\/","og_site_name":"Matignon","article_publisher":"https:\/\/www.facebook.com\/lescliniquesmatignon\/","article_modified_time":"2024-04-23T09:07:23+00:00","og_image":[{"width":1890,"height":1890,"url":"https:\/\/test.cliniquematignon.ch\/wp-content\/uploads\/2023\/08\/clinique-matignon_skinceuticals_body_body_tightening_concentrate..jpg","type":"image\/jpeg"}],"twitter_card":"summary_large_image","twitter_misc":{"Est. reading time":"1 minute"},"schema":{"@context":"https:\/\/schema.org","@graph":[{"@type":"WebPage","@id":"https:\/\/test.cliniquematignon.ch\/de\/produkt\/skinceuticals-body-tightening-concentrate\/","url":"https:\/\/test.cliniquematignon.ch\/de\/produkt\/skinceuticals-body-tightening-concentrate\/","name":"Body Tightening Concentrate | Matignon","isPartOf":{"@id":"https:\/\/test.cliniquematignon.ch\/de\/#website"},"primaryImageOfPage":{"@id":"https:\/\/test.cliniquematignon.ch\/de\/produkt\/skinceuticals-body-tightening-concentrate\/#primaryimage"},"image":{"@id":"https:\/\/test.cliniquematignon.ch\/de\/produkt\/skinceuticals-body-tightening-concentrate\/#primaryimage"},"thumbnailUrl":"https:\/\/test.cliniquematignon.ch\/wp-content\/uploads\/2023\/08\/clinique-matignon_skinceuticals_body_body_tightening_concentrate..jpg","datePublished":"2023-09-13T06:06:25+00:00","dateModified":"2024-04-23T09:07:23+00:00","breadcrumb":{"@id":"https:\/\/test.cliniquematignon.ch\/de\/produkt\/skinceuticals-body-tightening-concentrate\/#breadcrumb"},"inLanguage":"de-CH","potentialAction":[{"@type":"ReadAction","target":["https:\/\/test.cliniquematignon.ch\/de\/produkt\/skinceuticals-body-tightening-concentrate\/"]}]},{"@type":"ImageObject","inLanguage":"de-CH","@id":"https:\/\/test.cliniquematignon.ch\/de\/produkt\/skinceuticals-body-tightening-concentrate\/#primaryimage","url":"https:\/\/test.cliniquematignon.ch\/wp-content\/uploads\/2023\/08\/clinique-matignon_skinceuticals_body_body_tightening_concentrate..jpg","contentUrl":"https:\/\/test.cliniquematignon.ch\/wp-content\/uploads\/2023\/08\/clinique-matignon_skinceuticals_body_body_tightening_concentrate..jpg","width":1890,"height":1890},{"@type":"BreadcrumbList","@id":"https:\/\/test.cliniquematignon.ch\/de\/produkt\/skinceuticals-body-tightening-concentrate\/#breadcrumb","itemListElement":[{"@type":"ListItem","position":1,"name":"Home","item":"https:\/\/test.cliniquematignon.ch\/de\/startseite\/"},{"@type":"ListItem","position":2,"name":"Shop","item":"https:\/\/test.cliniquematignon.ch\/de\/shop\/"},{"@type":"ListItem","position":3,"name":"Body Tightening Concentrate"}]},{"@type":"WebSite","@id":"https:\/\/test.cliniquematignon.ch\/de\/#website","url":"https:\/\/test.cliniquematignon.ch\/de\/","name":"Matignon","description":"M\u00e9decine esth\u00e9tique","publisher":{"@id":"https:\/\/test.cliniquematignon.ch\/de\/#organization"},"potentialAction":[{"@type":"SearchAction","target":{"@type":"EntryPoint","urlTemplate":"https:\/\/test.cliniquematignon.ch\/de\/?s={search_term_string}"},"query-input":"required name=search_term_string"}],"inLanguage":"de-CH"},{"@type":"Organization","@id":"https:\/\/test.cliniquematignon.ch\/de\/#organization","name":"Matignon","url":"https:\/\/test.cliniquematignon.ch\/de\/","logo":{"@type":"ImageObject","inLanguage":"de-CH","@id":"https:\/\/test.cliniquematignon.ch\/de\/#\/schema\/logo\/image\/","url":"https:\/\/cliniquematignon.ch\/wp-content\/uploads\/2023\/06\/mat-logo-black..svg","contentUrl":"https:\/\/cliniquematignon.ch\/wp-content\/uploads\/2023\/06\/mat-logo-black..svg","width":1,"height":1,"caption":"Matignon"},"image":{"@id":"https:\/\/test.cliniquematignon.ch\/de\/#\/schema\/logo\/image\/"},"sameAs":["https:\/\/www.facebook.com\/lescliniquesmatignon\/"]}]}},"_links":{"self":[{"href":"https:\/\/test.cliniquematignon.ch\/de\/wp-json\/wp\/v2\/product\/3797"}],"collection":[{"href":"https:\/\/test.cliniquematignon.ch\/de\/wp-json\/wp\/v2\/product"}],"about":[{"href":"https:\/\/test.cliniquematignon.ch\/de\/wp-json\/wp\/v2\/types\/product"}],"wp:featuredmedia":[{"embeddable":true,"href":"https:\/\/test.cliniquematignon.ch\/de\/wp-json\/wp\/v2\/media\/3799"}],"wp:attachment":[{"href":"https:\/\/test.cliniquematignon.ch\/de\/wp-json\/wp\/v2\/media?parent=3797"}],"wp:term":[{"taxonomy":"product_cat","embeddable":true,"href":"https:\/\/test.cliniquematignon.ch\/de\/wp-json\/wp\/v2\/product_cat?post=3797"},{"taxonomy":"product_tag","embeddable":true,"href":"https:\/\/test.cliniquematignon.ch\/de\/wp-json\/wp\/v2\/product_tag?post=3797"},{"taxonomy":"brand_product","embeddable":true,"href":"https:\/\/test.cliniquematignon.ch\/de\/wp-json\/wp\/v2\/brand_product?post=3797"}],"curies":[{"name":"wp","href":"https:\/\/api.w.org\/{rel}","templated":true}]}}