{"id":4280,"date":"2023-07-14T17:04:00","date_gmt":"2023-09-15T12:16:27","guid":{"rendered":"https:\/\/test.cliniquematignon.ch\/product\/crema-da-notte\/"},"modified":"2024-04-22T09:14:55","modified_gmt":"2024-04-22T07:14:55","slug":"matignon-da-dr-delarive-crema-notte","status":"publish","type":"product","link":"https:\/\/test.cliniquematignon.ch\/it\/prodotto\/matignon-da-dr-delarive-crema-notte\/","title":{"rendered":"Crema da notte"},"content":{"rendered":"<p>Il prodotto indispensabile della gamma, con principi attivi ultra-efficaci in concentrazioni particolarmente elevate.<\/p>\n<p>La Crema Notte \u00e8 il prodotto di punta del marchio.<\/p>\n<p>Questa crema notte contiene la pi\u00f9 alta concentrazione di complesso fito-ormonale per ridensificare intensamente la pelle durante il sonno.<\/p>\n<p>La formula \u00e8 stata arricchita con retinolo di quarta generazione per riparare le cellule senza irritazioni e shikonin per la sua azione antiossidante.<\/p>\n<p class=\"p1\">Lo squalano, prodotto da estratti vegetali, \u00e8 un principio attivo lipidico con caratteristiche quasi identiche a quelle del sebo umano. Questo garantisce un&#8217;idratazione profonda degli strati della pelle durante il ciclo notturno, senza che al risveglio rimangano pellicole appiccicose o grasse in superficie.<\/p>\n<p><strong>Vantaggi<\/strong>:<\/p>\n<ul>\n<li>La sua texture ricca idrata e nutre in profondit\u00e0 gli strati della pelle per tutta la notte.<\/li>\n<li>Mentre si dorme, la pelle si ripara e si ridensifica.<\/li>\n<li>Al mattino, al risveglio, la pelle \u00e8 pi\u00f9 elastica e compatta.<\/li>\n<\/ul>\n","protected":false},"excerpt":{"rendered":"<p>Il prodotto indispensabile della gamma, con principi attivi ultra-efficaci in concentrazioni particolarmente elevate. La Crema Notte \u00e8 il prodotto di punta del marchio. Questa crema notte contiene la pi\u00f9 alta concentrazione di complesso fito-ormonale per ridensificare intensamente la pelle durante il sonno. La formula \u00e8 stata arricchita con retinolo di quarta generazione per riparare le [&hellip;]<\/p>\n","protected":false},"featured_media":4288,"template":"","meta":{"_acf_changed":false},"product_cat":[568],"product_tag":[],"brand_product":[567],"acf":[],"yoast_head":"<!-- This site is optimized with the Yoast SEO plugin v23.1 - https:\/\/yoast.com\/wordpress\/plugins\/seo\/ -->\n<title>Crema da notte | Matignon<\/title>\n<meta name=\"robots\" content=\"noindex, follow, max-snippet:-1, max-image-preview:large, max-video-preview:-1\" \/>\n<meta property=\"og:locale\" content=\"it_IT\" \/>\n<meta property=\"og:type\" content=\"article\" \/>\n<meta property=\"og:title\" content=\"Crema da notte | Matignon\" \/>\n<meta property=\"og:description\" content=\"Il prodotto indispensabile della gamma, con principi attivi ultra-efficaci in concentrazioni particolarmente elevate. La Crema Notte \u00e8 il prodotto di punta del marchio. Questa crema notte contiene la pi\u00f9 alta concentrazione di complesso fito-ormonale per ridensificare intensamente la pelle durante il sonno. La formula \u00e8 stata arricchita con retinolo di quarta generazione per riparare le [&hellip;]\" \/>\n<meta property=\"og:url\" content=\"https:\/\/test.cliniquematignon.ch\/it\/prodotto\/matignon-da-dr-delarive-crema-notte\/\" \/>\n<meta property=\"og:site_name\" content=\"Matignon\" \/>\n<meta property=\"article:publisher\" content=\"https:\/\/www.facebook.com\/lescliniquesmatignon\/\" \/>\n<meta property=\"article:modified_time\" content=\"2024-04-22T07:14:55+00:00\" \/>\n<meta property=\"og:image\" content=\"https:\/\/test.cliniquematignon.ch\/wp-content\/uploads\/2023\/07\/nightcream-black..jpg\" \/>\n\t<meta property=\"og:image:width\" content=\"1980\" \/>\n\t<meta property=\"og:image:height\" content=\"1890\" \/>\n\t<meta property=\"og:image:type\" content=\"image\/jpeg\" \/>\n<meta name=\"twitter:card\" content=\"summary_large_image\" \/>\n<meta name=\"twitter:label1\" content=\"Est. reading time\" \/>\n\t<meta name=\"twitter:data1\" content=\"1 minute\" \/>\n<script type=\"application\/ld+json\" class=\"yoast-schema-graph\">{\"@context\":\"https:\/\/schema.org\",\"@graph\":[{\"@type\":\"WebPage\",\"@id\":\"https:\/\/test.cliniquematignon.ch\/it\/prodotto\/matignon-da-dr-delarive-crema-notte\/\",\"url\":\"https:\/\/test.cliniquematignon.ch\/it\/prodotto\/matignon-da-dr-delarive-crema-notte\/\",\"name\":\"Crema da notte | Matignon\",\"isPartOf\":{\"@id\":\"https:\/\/test.cliniquematignon.ch\/it\/#website\"},\"primaryImageOfPage\":{\"@id\":\"https:\/\/test.cliniquematignon.ch\/it\/prodotto\/matignon-da-dr-delarive-crema-notte\/#primaryimage\"},\"image\":{\"@id\":\"https:\/\/test.cliniquematignon.ch\/it\/prodotto\/matignon-da-dr-delarive-crema-notte\/#primaryimage\"},\"thumbnailUrl\":\"https:\/\/test.cliniquematignon.ch\/wp-content\/uploads\/2023\/07\/nightcream-black..jpg\",\"datePublished\":\"2023-09-15T12:16:27+00:00\",\"dateModified\":\"2024-04-22T07:14:55+00:00\",\"breadcrumb\":{\"@id\":\"https:\/\/test.cliniquematignon.ch\/it\/prodotto\/matignon-da-dr-delarive-crema-notte\/#breadcrumb\"},\"inLanguage\":\"it-CH\",\"potentialAction\":[{\"@type\":\"ReadAction\",\"target\":[\"https:\/\/test.cliniquematignon.ch\/it\/prodotto\/matignon-da-dr-delarive-crema-notte\/\"]}]},{\"@type\":\"ImageObject\",\"inLanguage\":\"it-CH\",\"@id\":\"https:\/\/test.cliniquematignon.ch\/it\/prodotto\/matignon-da-dr-delarive-crema-notte\/#primaryimage\",\"url\":\"https:\/\/test.cliniquematignon.ch\/wp-content\/uploads\/2023\/07\/nightcream-black..jpg\",\"contentUrl\":\"https:\/\/test.cliniquematignon.ch\/wp-content\/uploads\/2023\/07\/nightcream-black..jpg\",\"width\":1980,\"height\":1890},{\"@type\":\"BreadcrumbList\",\"@id\":\"https:\/\/test.cliniquematignon.ch\/it\/prodotto\/matignon-da-dr-delarive-crema-notte\/#breadcrumb\",\"itemListElement\":[{\"@type\":\"ListItem\",\"position\":1,\"name\":\"Home\",\"item\":\"https:\/\/test.cliniquematignon.ch\/it\/casa\/\"},{\"@type\":\"ListItem\",\"position\":2,\"name\":\"Negozio\",\"item\":\"https:\/\/test.cliniquematignon.ch\/it\/negozio\/\"},{\"@type\":\"ListItem\",\"position\":3,\"name\":\"Crema da notte\"}]},{\"@type\":\"WebSite\",\"@id\":\"https:\/\/test.cliniquematignon.ch\/it\/#website\",\"url\":\"https:\/\/test.cliniquematignon.ch\/it\/\",\"name\":\"Matignon\",\"description\":\"M\u00e9decine esth\u00e9tique\",\"publisher\":{\"@id\":\"https:\/\/test.cliniquematignon.ch\/it\/#organization\"},\"potentialAction\":[{\"@type\":\"SearchAction\",\"target\":{\"@type\":\"EntryPoint\",\"urlTemplate\":\"https:\/\/test.cliniquematignon.ch\/it\/?s={search_term_string}\"},\"query-input\":\"required name=search_term_string\"}],\"inLanguage\":\"it-CH\"},{\"@type\":\"Organization\",\"@id\":\"https:\/\/test.cliniquematignon.ch\/it\/#organization\",\"name\":\"Matignon\",\"url\":\"https:\/\/test.cliniquematignon.ch\/it\/\",\"logo\":{\"@type\":\"ImageObject\",\"inLanguage\":\"it-CH\",\"@id\":\"https:\/\/test.cliniquematignon.ch\/it\/#\/schema\/logo\/image\/\",\"url\":\"https:\/\/cliniquematignon.ch\/wp-content\/uploads\/2023\/06\/mat-logo-black..svg\",\"contentUrl\":\"https:\/\/cliniquematignon.ch\/wp-content\/uploads\/2023\/06\/mat-logo-black..svg\",\"width\":1,\"height\":1,\"caption\":\"Matignon\"},\"image\":{\"@id\":\"https:\/\/test.cliniquematignon.ch\/it\/#\/schema\/logo\/image\/\"},\"sameAs\":[\"https:\/\/www.facebook.com\/lescliniquesmatignon\/\"]}]}<\/script>\n<!-- \/ Yoast SEO plugin. -->","yoast_head_json":{"title":"Crema da notte | Matignon","robots":{"index":"noindex","follow":"follow","max-snippet":"max-snippet:-1","max-image-preview":"max-image-preview:large","max-video-preview":"max-video-preview:-1"},"og_locale":"it_IT","og_type":"article","og_title":"Crema da notte | Matignon","og_description":"Il prodotto indispensabile della gamma, con principi attivi ultra-efficaci in concentrazioni particolarmente elevate. La Crema Notte \u00e8 il prodotto di punta del marchio. Questa crema notte contiene la pi\u00f9 alta concentrazione di complesso fito-ormonale per ridensificare intensamente la pelle durante il sonno. La formula \u00e8 stata arricchita con retinolo di quarta generazione per riparare le [&hellip;]","og_url":"https:\/\/test.cliniquematignon.ch\/it\/prodotto\/matignon-da-dr-delarive-crema-notte\/","og_site_name":"Matignon","article_publisher":"https:\/\/www.facebook.com\/lescliniquesmatignon\/","article_modified_time":"2024-04-22T07:14:55+00:00","og_image":[{"width":1980,"height":1890,"url":"https:\/\/test.cliniquematignon.ch\/wp-content\/uploads\/2023\/07\/nightcream-black..jpg","type":"image\/jpeg"}],"twitter_card":"summary_large_image","twitter_misc":{"Est. reading time":"1 minute"},"schema":{"@context":"https:\/\/schema.org","@graph":[{"@type":"WebPage","@id":"https:\/\/test.cliniquematignon.ch\/it\/prodotto\/matignon-da-dr-delarive-crema-notte\/","url":"https:\/\/test.cliniquematignon.ch\/it\/prodotto\/matignon-da-dr-delarive-crema-notte\/","name":"Crema da notte | Matignon","isPartOf":{"@id":"https:\/\/test.cliniquematignon.ch\/it\/#website"},"primaryImageOfPage":{"@id":"https:\/\/test.cliniquematignon.ch\/it\/prodotto\/matignon-da-dr-delarive-crema-notte\/#primaryimage"},"image":{"@id":"https:\/\/test.cliniquematignon.ch\/it\/prodotto\/matignon-da-dr-delarive-crema-notte\/#primaryimage"},"thumbnailUrl":"https:\/\/test.cliniquematignon.ch\/wp-content\/uploads\/2023\/07\/nightcream-black..jpg","datePublished":"2023-09-15T12:16:27+00:00","dateModified":"2024-04-22T07:14:55+00:00","breadcrumb":{"@id":"https:\/\/test.cliniquematignon.ch\/it\/prodotto\/matignon-da-dr-delarive-crema-notte\/#breadcrumb"},"inLanguage":"it-CH","potentialAction":[{"@type":"ReadAction","target":["https:\/\/test.cliniquematignon.ch\/it\/prodotto\/matignon-da-dr-delarive-crema-notte\/"]}]},{"@type":"ImageObject","inLanguage":"it-CH","@id":"https:\/\/test.cliniquematignon.ch\/it\/prodotto\/matignon-da-dr-delarive-crema-notte\/#primaryimage","url":"https:\/\/test.cliniquematignon.ch\/wp-content\/uploads\/2023\/07\/nightcream-black..jpg","contentUrl":"https:\/\/test.cliniquematignon.ch\/wp-content\/uploads\/2023\/07\/nightcream-black..jpg","width":1980,"height":1890},{"@type":"BreadcrumbList","@id":"https:\/\/test.cliniquematignon.ch\/it\/prodotto\/matignon-da-dr-delarive-crema-notte\/#breadcrumb","itemListElement":[{"@type":"ListItem","position":1,"name":"Home","item":"https:\/\/test.cliniquematignon.ch\/it\/casa\/"},{"@type":"ListItem","position":2,"name":"Negozio","item":"https:\/\/test.cliniquematignon.ch\/it\/negozio\/"},{"@type":"ListItem","position":3,"name":"Crema da notte"}]},{"@type":"WebSite","@id":"https:\/\/test.cliniquematignon.ch\/it\/#website","url":"https:\/\/test.cliniquematignon.ch\/it\/","name":"Matignon","description":"M\u00e9decine esth\u00e9tique","publisher":{"@id":"https:\/\/test.cliniquematignon.ch\/it\/#organization"},"potentialAction":[{"@type":"SearchAction","target":{"@type":"EntryPoint","urlTemplate":"https:\/\/test.cliniquematignon.ch\/it\/?s={search_term_string}"},"query-input":"required name=search_term_string"}],"inLanguage":"it-CH"},{"@type":"Organization","@id":"https:\/\/test.cliniquematignon.ch\/it\/#organization","name":"Matignon","url":"https:\/\/test.cliniquematignon.ch\/it\/","logo":{"@type":"ImageObject","inLanguage":"it-CH","@id":"https:\/\/test.cliniquematignon.ch\/it\/#\/schema\/logo\/image\/","url":"https:\/\/cliniquematignon.ch\/wp-content\/uploads\/2023\/06\/mat-logo-black..svg","contentUrl":"https:\/\/cliniquematignon.ch\/wp-content\/uploads\/2023\/06\/mat-logo-black..svg","width":1,"height":1,"caption":"Matignon"},"image":{"@id":"https:\/\/test.cliniquematignon.ch\/it\/#\/schema\/logo\/image\/"},"sameAs":["https:\/\/www.facebook.com\/lescliniquesmatignon\/"]}]}},"_links":{"self":[{"href":"https:\/\/test.cliniquematignon.ch\/it\/wp-json\/wp\/v2\/product\/4280"}],"collection":[{"href":"https:\/\/test.cliniquematignon.ch\/it\/wp-json\/wp\/v2\/product"}],"about":[{"href":"https:\/\/test.cliniquematignon.ch\/it\/wp-json\/wp\/v2\/types\/product"}],"wp:featuredmedia":[{"embeddable":true,"href":"https:\/\/test.cliniquematignon.ch\/it\/wp-json\/wp\/v2\/media\/4288"}],"wp:attachment":[{"href":"https:\/\/test.cliniquematignon.ch\/it\/wp-json\/wp\/v2\/media?parent=4280"}],"wp:term":[{"taxonomy":"product_cat","embeddable":true,"href":"https:\/\/test.cliniquematignon.ch\/it\/wp-json\/wp\/v2\/product_cat?post=4280"},{"taxonomy":"product_tag","embeddable":true,"href":"https:\/\/test.cliniquematignon.ch\/it\/wp-json\/wp\/v2\/product_tag?post=4280"},{"taxonomy":"brand_product","embeddable":true,"href":"https:\/\/test.cliniquematignon.ch\/it\/wp-json\/wp\/v2\/brand_product?post=4280"}],"curies":[{"name":"wp","href":"https:\/\/api.w.org\/{rel}","templated":true}]}}