{"id":4413,"date":"2023-08-16T14:53:05","date_gmt":"2023-09-15T12:17:22","guid":{"rendered":"https:\/\/test.cliniquematignon.ch\/product\/detergente-lenitivo\/"},"modified":"2024-04-23T14:05:05","modified_gmt":"2024-04-23T12:05:05","slug":"skinceuticals-dolcificante-detergente","status":"publish","type":"product","link":"https:\/\/test.cliniquematignon.ch\/it\/prodotto\/skinceuticals-dolcificante-detergente\/","title":{"rendered":"Detergente lenitivo"},"content":{"rendered":"<div class=\"excerpt\">Schiuma detergente senza sapone con un&#8217;alta concentrazione di estratti botanici per lenire la pelle e rimuovere le impurit\u00e0.<\/div>\n<div class=\"content\">\n<p>&nbsp;<\/p>\n<p><strong>Vantaggi<\/strong><\/p>\n<ul>\n<li>Lenisce la pelle sensibile, reattiva o post-procedura.<\/li>\n<li>Rimuove il trucco a lunga durata<\/li>\n<li>Non comedogenico, adatto all&#8217;uso quotidiano.<\/li>\n<li>Senza parabeni, senza solfati, senza sapone, senza profumi sintetici, senza coloranti, senza alcool<\/li>\n<li>Adatto a tutti i tipi di pelle, anche a quelle sensibili<\/li>\n<li>Rel\u00e8 ideale per procedure estetiche come peeling, luce pulsata intensa, laser non ablativo, microdermoabrasione, iniezioni e micro-needling.<\/li>\n<\/ul>\n<p><img loading=\"lazy\" decoding=\"async\" class=\"alignnone size-full wp-image-3982 img-fluid\" src=\"https:\/\/test.cliniquematignon.ch\/wp-content\/uploads\/2020\/03\/autorized-dealer-Skinceuticals.png\" alt=\"\" width=\"200\" height=\"42\" data-pagespeed-url-hash=\"492568781\"><\/p>\n<\/div>\n<div class=\"content-accordions\">\n<div class=\"accordion open\">\n<p>Soothing Cleanser \u00e8 un potente detergente formulato con un sistema di tensioattivi Amilite e il 23% di una combinazione di estratti botanici: cetriolo, sorbitolo, glicerina e orchidea. Questa formula deterge delicatamente le impurit\u00e0 e allo stesso tempo lenisce e conforta la pelle sensibile e post-procedura. Questo detergente senza sapone si presenta sotto forma di schiuma cremosa che si trasforma in emulsione a contatto con la pelle per una pulizia efficace e delicata. Testato dopo la procedura.<\/p>\n<p><strong>Risultati visibili e scienza<\/strong><\/p>\n<p>In seguito a procedure estetiche in studio, come peeling o laser, la pelle si sensibilizza e diventa reattiva. Un&#8217;adeguata routine post-procedura \u00e8 fondamentale per migliorare i tempi di recupero e mantenere i risultati nel tempo. L&#8217;uso di ingredienti o tensioattivi irritanti pu\u00f2 minacciare l&#8217;integrit\u00e0 della pelle e aggravarne la reattivit\u00e0. Specificamente studiato per le pelli sensibili o post-procedura, Soothing Cleanser \u00e8 formulato come una schiuma detergente lenitiva che dissolve le impurit\u00e0 e al contempo lenisce e idrata la pelle.<\/p>\n<\/div>\n<\/div>\n","protected":false},"excerpt":{"rendered":"<p>Schiuma detergente senza sapone con un&#8217;alta concentrazione di estratti botanici per lenire la pelle e rimuovere le impurit\u00e0. &nbsp; Vantaggi Lenisce la pelle sensibile, reattiva o post-procedura. Rimuove il trucco a lunga durata Non comedogenico, adatto all&#8217;uso quotidiano. Senza parabeni, senza solfati, senza sapone, senza profumi sintetici, senza coloranti, senza alcool Adatto a tutti i [&hellip;]<\/p>\n","protected":false},"featured_media":4415,"template":"","meta":{"_acf_changed":false},"product_cat":[572,573],"product_tag":[],"brand_product":[571],"acf":[],"yoast_head":"<!-- This site is optimized with the Yoast SEO plugin v23.1 - https:\/\/yoast.com\/wordpress\/plugins\/seo\/ -->\n<title>Detergente lenitivo | Matignon<\/title>\n<meta name=\"robots\" content=\"noindex, follow, max-snippet:-1, max-image-preview:large, max-video-preview:-1\" \/>\n<meta property=\"og:locale\" content=\"it_IT\" \/>\n<meta property=\"og:type\" content=\"article\" \/>\n<meta property=\"og:title\" content=\"Detergente lenitivo | Matignon\" \/>\n<meta property=\"og:description\" content=\"Schiuma detergente senza sapone con un&#8217;alta concentrazione di estratti botanici per lenire la pelle e rimuovere le impurit\u00e0. &nbsp; Vantaggi Lenisce la pelle sensibile, reattiva o post-procedura. Rimuove il trucco a lunga durata Non comedogenico, adatto all&#8217;uso quotidiano. Senza parabeni, senza solfati, senza sapone, senza profumi sintetici, senza coloranti, senza alcool Adatto a tutti i [&hellip;]\" \/>\n<meta property=\"og:url\" content=\"https:\/\/test.cliniquematignon.ch\/it\/prodotto\/skinceuticals-dolcificante-detergente\/\" \/>\n<meta property=\"og:site_name\" content=\"Matignon\" \/>\n<meta property=\"article:publisher\" content=\"https:\/\/www.facebook.com\/lescliniquesmatignon\/\" \/>\n<meta property=\"article:modified_time\" content=\"2024-04-23T12:05:05+00:00\" \/>\n<meta property=\"og:image\" content=\"https:\/\/test.cliniquematignon.ch\/wp-content\/uploads\/2023\/08\/clinique-matignon_skinceuticalsoothing_cleanser..jpg\" \/>\n\t<meta property=\"og:image:width\" content=\"1890\" \/>\n\t<meta property=\"og:image:height\" content=\"1890\" \/>\n\t<meta property=\"og:image:type\" content=\"image\/jpeg\" \/>\n<meta name=\"twitter:card\" content=\"summary_large_image\" \/>\n<meta name=\"twitter:label1\" content=\"Est. reading time\" \/>\n\t<meta name=\"twitter:data1\" content=\"1 minute\" \/>\n<script type=\"application\/ld+json\" class=\"yoast-schema-graph\">{\"@context\":\"https:\/\/schema.org\",\"@graph\":[{\"@type\":\"WebPage\",\"@id\":\"https:\/\/test.cliniquematignon.ch\/it\/prodotto\/skinceuticals-dolcificante-detergente\/\",\"url\":\"https:\/\/test.cliniquematignon.ch\/it\/prodotto\/skinceuticals-dolcificante-detergente\/\",\"name\":\"Detergente lenitivo | Matignon\",\"isPartOf\":{\"@id\":\"https:\/\/test.cliniquematignon.ch\/it\/#website\"},\"primaryImageOfPage\":{\"@id\":\"https:\/\/test.cliniquematignon.ch\/it\/prodotto\/skinceuticals-dolcificante-detergente\/#primaryimage\"},\"image\":{\"@id\":\"https:\/\/test.cliniquematignon.ch\/it\/prodotto\/skinceuticals-dolcificante-detergente\/#primaryimage\"},\"thumbnailUrl\":\"https:\/\/test.cliniquematignon.ch\/wp-content\/uploads\/2023\/08\/clinique-matignon_skinceuticalsoothing_cleanser..jpg\",\"datePublished\":\"2023-09-15T12:17:22+00:00\",\"dateModified\":\"2024-04-23T12:05:05+00:00\",\"breadcrumb\":{\"@id\":\"https:\/\/test.cliniquematignon.ch\/it\/prodotto\/skinceuticals-dolcificante-detergente\/#breadcrumb\"},\"inLanguage\":\"it-CH\",\"potentialAction\":[{\"@type\":\"ReadAction\",\"target\":[\"https:\/\/test.cliniquematignon.ch\/it\/prodotto\/skinceuticals-dolcificante-detergente\/\"]}]},{\"@type\":\"ImageObject\",\"inLanguage\":\"it-CH\",\"@id\":\"https:\/\/test.cliniquematignon.ch\/it\/prodotto\/skinceuticals-dolcificante-detergente\/#primaryimage\",\"url\":\"https:\/\/test.cliniquematignon.ch\/wp-content\/uploads\/2023\/08\/clinique-matignon_skinceuticalsoothing_cleanser..jpg\",\"contentUrl\":\"https:\/\/test.cliniquematignon.ch\/wp-content\/uploads\/2023\/08\/clinique-matignon_skinceuticalsoothing_cleanser..jpg\",\"width\":1890,\"height\":1890},{\"@type\":\"BreadcrumbList\",\"@id\":\"https:\/\/test.cliniquematignon.ch\/it\/prodotto\/skinceuticals-dolcificante-detergente\/#breadcrumb\",\"itemListElement\":[{\"@type\":\"ListItem\",\"position\":1,\"name\":\"Home\",\"item\":\"https:\/\/test.cliniquematignon.ch\/it\/casa\/\"},{\"@type\":\"ListItem\",\"position\":2,\"name\":\"Negozio\",\"item\":\"https:\/\/test.cliniquematignon.ch\/it\/negozio\/\"},{\"@type\":\"ListItem\",\"position\":3,\"name\":\"Detergente lenitivo\"}]},{\"@type\":\"WebSite\",\"@id\":\"https:\/\/test.cliniquematignon.ch\/it\/#website\",\"url\":\"https:\/\/test.cliniquematignon.ch\/it\/\",\"name\":\"Matignon\",\"description\":\"M\u00e9decine esth\u00e9tique\",\"publisher\":{\"@id\":\"https:\/\/test.cliniquematignon.ch\/it\/#organization\"},\"potentialAction\":[{\"@type\":\"SearchAction\",\"target\":{\"@type\":\"EntryPoint\",\"urlTemplate\":\"https:\/\/test.cliniquematignon.ch\/it\/?s={search_term_string}\"},\"query-input\":\"required name=search_term_string\"}],\"inLanguage\":\"it-CH\"},{\"@type\":\"Organization\",\"@id\":\"https:\/\/test.cliniquematignon.ch\/it\/#organization\",\"name\":\"Matignon\",\"url\":\"https:\/\/test.cliniquematignon.ch\/it\/\",\"logo\":{\"@type\":\"ImageObject\",\"inLanguage\":\"it-CH\",\"@id\":\"https:\/\/test.cliniquematignon.ch\/it\/#\/schema\/logo\/image\/\",\"url\":\"https:\/\/cliniquematignon.ch\/wp-content\/uploads\/2023\/06\/mat-logo-black..svg\",\"contentUrl\":\"https:\/\/cliniquematignon.ch\/wp-content\/uploads\/2023\/06\/mat-logo-black..svg\",\"width\":1,\"height\":1,\"caption\":\"Matignon\"},\"image\":{\"@id\":\"https:\/\/test.cliniquematignon.ch\/it\/#\/schema\/logo\/image\/\"},\"sameAs\":[\"https:\/\/www.facebook.com\/lescliniquesmatignon\/\"]}]}<\/script>\n<!-- \/ Yoast SEO plugin. -->","yoast_head_json":{"title":"Detergente lenitivo | Matignon","robots":{"index":"noindex","follow":"follow","max-snippet":"max-snippet:-1","max-image-preview":"max-image-preview:large","max-video-preview":"max-video-preview:-1"},"og_locale":"it_IT","og_type":"article","og_title":"Detergente lenitivo | Matignon","og_description":"Schiuma detergente senza sapone con un&#8217;alta concentrazione di estratti botanici per lenire la pelle e rimuovere le impurit\u00e0. &nbsp; Vantaggi Lenisce la pelle sensibile, reattiva o post-procedura. Rimuove il trucco a lunga durata Non comedogenico, adatto all&#8217;uso quotidiano. Senza parabeni, senza solfati, senza sapone, senza profumi sintetici, senza coloranti, senza alcool Adatto a tutti i [&hellip;]","og_url":"https:\/\/test.cliniquematignon.ch\/it\/prodotto\/skinceuticals-dolcificante-detergente\/","og_site_name":"Matignon","article_publisher":"https:\/\/www.facebook.com\/lescliniquesmatignon\/","article_modified_time":"2024-04-23T12:05:05+00:00","og_image":[{"width":1890,"height":1890,"url":"https:\/\/test.cliniquematignon.ch\/wp-content\/uploads\/2023\/08\/clinique-matignon_skinceuticalsoothing_cleanser..jpg","type":"image\/jpeg"}],"twitter_card":"summary_large_image","twitter_misc":{"Est. reading time":"1 minute"},"schema":{"@context":"https:\/\/schema.org","@graph":[{"@type":"WebPage","@id":"https:\/\/test.cliniquematignon.ch\/it\/prodotto\/skinceuticals-dolcificante-detergente\/","url":"https:\/\/test.cliniquematignon.ch\/it\/prodotto\/skinceuticals-dolcificante-detergente\/","name":"Detergente lenitivo | Matignon","isPartOf":{"@id":"https:\/\/test.cliniquematignon.ch\/it\/#website"},"primaryImageOfPage":{"@id":"https:\/\/test.cliniquematignon.ch\/it\/prodotto\/skinceuticals-dolcificante-detergente\/#primaryimage"},"image":{"@id":"https:\/\/test.cliniquematignon.ch\/it\/prodotto\/skinceuticals-dolcificante-detergente\/#primaryimage"},"thumbnailUrl":"https:\/\/test.cliniquematignon.ch\/wp-content\/uploads\/2023\/08\/clinique-matignon_skinceuticalsoothing_cleanser..jpg","datePublished":"2023-09-15T12:17:22+00:00","dateModified":"2024-04-23T12:05:05+00:00","breadcrumb":{"@id":"https:\/\/test.cliniquematignon.ch\/it\/prodotto\/skinceuticals-dolcificante-detergente\/#breadcrumb"},"inLanguage":"it-CH","potentialAction":[{"@type":"ReadAction","target":["https:\/\/test.cliniquematignon.ch\/it\/prodotto\/skinceuticals-dolcificante-detergente\/"]}]},{"@type":"ImageObject","inLanguage":"it-CH","@id":"https:\/\/test.cliniquematignon.ch\/it\/prodotto\/skinceuticals-dolcificante-detergente\/#primaryimage","url":"https:\/\/test.cliniquematignon.ch\/wp-content\/uploads\/2023\/08\/clinique-matignon_skinceuticalsoothing_cleanser..jpg","contentUrl":"https:\/\/test.cliniquematignon.ch\/wp-content\/uploads\/2023\/08\/clinique-matignon_skinceuticalsoothing_cleanser..jpg","width":1890,"height":1890},{"@type":"BreadcrumbList","@id":"https:\/\/test.cliniquematignon.ch\/it\/prodotto\/skinceuticals-dolcificante-detergente\/#breadcrumb","itemListElement":[{"@type":"ListItem","position":1,"name":"Home","item":"https:\/\/test.cliniquematignon.ch\/it\/casa\/"},{"@type":"ListItem","position":2,"name":"Negozio","item":"https:\/\/test.cliniquematignon.ch\/it\/negozio\/"},{"@type":"ListItem","position":3,"name":"Detergente lenitivo"}]},{"@type":"WebSite","@id":"https:\/\/test.cliniquematignon.ch\/it\/#website","url":"https:\/\/test.cliniquematignon.ch\/it\/","name":"Matignon","description":"M\u00e9decine esth\u00e9tique","publisher":{"@id":"https:\/\/test.cliniquematignon.ch\/it\/#organization"},"potentialAction":[{"@type":"SearchAction","target":{"@type":"EntryPoint","urlTemplate":"https:\/\/test.cliniquematignon.ch\/it\/?s={search_term_string}"},"query-input":"required name=search_term_string"}],"inLanguage":"it-CH"},{"@type":"Organization","@id":"https:\/\/test.cliniquematignon.ch\/it\/#organization","name":"Matignon","url":"https:\/\/test.cliniquematignon.ch\/it\/","logo":{"@type":"ImageObject","inLanguage":"it-CH","@id":"https:\/\/test.cliniquematignon.ch\/it\/#\/schema\/logo\/image\/","url":"https:\/\/cliniquematignon.ch\/wp-content\/uploads\/2023\/06\/mat-logo-black..svg","contentUrl":"https:\/\/cliniquematignon.ch\/wp-content\/uploads\/2023\/06\/mat-logo-black..svg","width":1,"height":1,"caption":"Matignon"},"image":{"@id":"https:\/\/test.cliniquematignon.ch\/it\/#\/schema\/logo\/image\/"},"sameAs":["https:\/\/www.facebook.com\/lescliniquesmatignon\/"]}]}},"_links":{"self":[{"href":"https:\/\/test.cliniquematignon.ch\/it\/wp-json\/wp\/v2\/product\/4413"}],"collection":[{"href":"https:\/\/test.cliniquematignon.ch\/it\/wp-json\/wp\/v2\/product"}],"about":[{"href":"https:\/\/test.cliniquematignon.ch\/it\/wp-json\/wp\/v2\/types\/product"}],"wp:featuredmedia":[{"embeddable":true,"href":"https:\/\/test.cliniquematignon.ch\/it\/wp-json\/wp\/v2\/media\/4415"}],"wp:attachment":[{"href":"https:\/\/test.cliniquematignon.ch\/it\/wp-json\/wp\/v2\/media?parent=4413"}],"wp:term":[{"taxonomy":"product_cat","embeddable":true,"href":"https:\/\/test.cliniquematignon.ch\/it\/wp-json\/wp\/v2\/product_cat?post=4413"},{"taxonomy":"product_tag","embeddable":true,"href":"https:\/\/test.cliniquematignon.ch\/it\/wp-json\/wp\/v2\/product_tag?post=4413"},{"taxonomy":"brand_product","embeddable":true,"href":"https:\/\/test.cliniquematignon.ch\/it\/wp-json\/wp\/v2\/brand_product?post=4413"}],"curies":[{"name":"wp","href":"https:\/\/api.w.org\/{rel}","templated":true}]}}