{"id":4912,"date":"2023-08-30T13:35:41","date_gmt":"2023-09-15T12:18:56","guid":{"rendered":"https:\/\/test.cliniquematignon.ch\/product\/buono-regalo\/"},"modified":"2024-04-23T14:05:04","modified_gmt":"2024-04-23T12:05:04","slug":"buono-regalo","status":"publish","type":"product","link":"https:\/\/test.cliniquematignon.ch\/it\/prodotto\/buono-regalo\/","title":{"rendered":"Buono regalo"},"content":{"rendered":"<p>Che sia per un evento, un compleanno, una nascita, un matrimonio o per le festivit\u00e0, regalate ai vostri cari un buono per un trattamento a scelta presso le Cliniques Matignon.<\/p>\n<p>Il buono \u00e8 valido sui trattamenti e sull&#8217;acquisto di prodotti in tutte le cliniche del gruppo Matignon.<\/p>\n<p>Un voucher verr\u00e0 inviato per posta.<\/p>\n","protected":false},"excerpt":{"rendered":"<p>Che sia per un evento, un compleanno, una nascita, un matrimonio o per le festivit\u00e0, regalate ai vostri cari un buono per un trattamento a scelta presso le Cliniques Matignon. Il buono \u00e8 valido sui trattamenti e sull&#8217;acquisto di prodotti in tutte le cliniche del gruppo Matignon. Un voucher verr\u00e0 inviato per posta.<\/p>\n","protected":false},"featured_media":4913,"template":"","meta":{"_acf_changed":false},"product_cat":[659],"product_tag":[],"brand_product":[],"acf":[],"yoast_head":"<!-- This site is optimized with the Yoast SEO plugin v23.1 - https:\/\/yoast.com\/wordpress\/plugins\/seo\/ -->\n<title>Buono regalo | Matignon<\/title>\n<meta name=\"robots\" content=\"noindex, follow, max-snippet:-1, max-image-preview:large, max-video-preview:-1\" \/>\n<meta property=\"og:locale\" content=\"it_IT\" \/>\n<meta property=\"og:type\" content=\"article\" \/>\n<meta property=\"og:title\" content=\"Buono regalo | Matignon\" \/>\n<meta property=\"og:description\" content=\"Che sia per un evento, un compleanno, una nascita, un matrimonio o per le festivit\u00e0, regalate ai vostri cari un buono per un trattamento a scelta presso le Cliniques Matignon. Il buono \u00e8 valido sui trattamenti e sull&#8217;acquisto di prodotti in tutte le cliniche del gruppo Matignon. Un voucher verr\u00e0 inviato per posta.\" \/>\n<meta property=\"og:url\" content=\"https:\/\/test.cliniquematignon.ch\/it\/prodotto\/buono-regalo\/\" \/>\n<meta property=\"og:site_name\" content=\"Matignon\" \/>\n<meta property=\"article:publisher\" content=\"https:\/\/www.facebook.com\/lescliniquesmatignon\/\" \/>\n<meta property=\"article:modified_time\" content=\"2024-04-23T12:05:04+00:00\" \/>\n<meta property=\"og:image\" content=\"https:\/\/test.cliniquematignon.ch\/wp-content\/uploads\/2023\/09\/bon-cadeau.-1024x977.png\" \/>\n\t<meta property=\"og:image:width\" content=\"1024\" \/>\n\t<meta property=\"og:image:height\" content=\"977\" \/>\n\t<meta property=\"og:image:type\" content=\"image\/png\" \/>\n<meta name=\"twitter:card\" content=\"summary_large_image\" \/>\n<script type=\"application\/ld+json\" class=\"yoast-schema-graph\">{\"@context\":\"https:\/\/schema.org\",\"@graph\":[{\"@type\":\"WebPage\",\"@id\":\"https:\/\/test.cliniquematignon.ch\/it\/prodotto\/buono-regalo\/\",\"url\":\"https:\/\/test.cliniquematignon.ch\/it\/prodotto\/buono-regalo\/\",\"name\":\"Buono regalo | Matignon\",\"isPartOf\":{\"@id\":\"https:\/\/test.cliniquematignon.ch\/it\/#website\"},\"primaryImageOfPage\":{\"@id\":\"https:\/\/test.cliniquematignon.ch\/it\/prodotto\/buono-regalo\/#primaryimage\"},\"image\":{\"@id\":\"https:\/\/test.cliniquematignon.ch\/it\/prodotto\/buono-regalo\/#primaryimage\"},\"thumbnailUrl\":\"https:\/\/test.cliniquematignon.ch\/wp-content\/uploads\/2023\/09\/bon-cadeau..png\",\"datePublished\":\"2023-09-15T12:18:56+00:00\",\"dateModified\":\"2024-04-23T12:05:04+00:00\",\"breadcrumb\":{\"@id\":\"https:\/\/test.cliniquematignon.ch\/it\/prodotto\/buono-regalo\/#breadcrumb\"},\"inLanguage\":\"it-CH\",\"potentialAction\":[{\"@type\":\"ReadAction\",\"target\":[\"https:\/\/test.cliniquematignon.ch\/it\/prodotto\/buono-regalo\/\"]}]},{\"@type\":\"ImageObject\",\"inLanguage\":\"it-CH\",\"@id\":\"https:\/\/test.cliniquematignon.ch\/it\/prodotto\/buono-regalo\/#primaryimage\",\"url\":\"https:\/\/test.cliniquematignon.ch\/wp-content\/uploads\/2023\/09\/bon-cadeau..png\",\"contentUrl\":\"https:\/\/test.cliniquematignon.ch\/wp-content\/uploads\/2023\/09\/bon-cadeau..png\",\"width\":1980,\"height\":1890},{\"@type\":\"BreadcrumbList\",\"@id\":\"https:\/\/test.cliniquematignon.ch\/it\/prodotto\/buono-regalo\/#breadcrumb\",\"itemListElement\":[{\"@type\":\"ListItem\",\"position\":1,\"name\":\"Home\",\"item\":\"https:\/\/test.cliniquematignon.ch\/it\/casa\/\"},{\"@type\":\"ListItem\",\"position\":2,\"name\":\"Negozio\",\"item\":\"https:\/\/test.cliniquematignon.ch\/it\/negozio\/\"},{\"@type\":\"ListItem\",\"position\":3,\"name\":\"Buono regalo\"}]},{\"@type\":\"WebSite\",\"@id\":\"https:\/\/test.cliniquematignon.ch\/it\/#website\",\"url\":\"https:\/\/test.cliniquematignon.ch\/it\/\",\"name\":\"Matignon\",\"description\":\"M\u00e9decine esth\u00e9tique\",\"publisher\":{\"@id\":\"https:\/\/test.cliniquematignon.ch\/it\/#organization\"},\"potentialAction\":[{\"@type\":\"SearchAction\",\"target\":{\"@type\":\"EntryPoint\",\"urlTemplate\":\"https:\/\/test.cliniquematignon.ch\/it\/?s={search_term_string}\"},\"query-input\":\"required name=search_term_string\"}],\"inLanguage\":\"it-CH\"},{\"@type\":\"Organization\",\"@id\":\"https:\/\/test.cliniquematignon.ch\/it\/#organization\",\"name\":\"Matignon\",\"url\":\"https:\/\/test.cliniquematignon.ch\/it\/\",\"logo\":{\"@type\":\"ImageObject\",\"inLanguage\":\"it-CH\",\"@id\":\"https:\/\/test.cliniquematignon.ch\/it\/#\/schema\/logo\/image\/\",\"url\":\"https:\/\/cliniquematignon.ch\/wp-content\/uploads\/2023\/06\/mat-logo-black..svg\",\"contentUrl\":\"https:\/\/cliniquematignon.ch\/wp-content\/uploads\/2023\/06\/mat-logo-black..svg\",\"width\":1,\"height\":1,\"caption\":\"Matignon\"},\"image\":{\"@id\":\"https:\/\/test.cliniquematignon.ch\/it\/#\/schema\/logo\/image\/\"},\"sameAs\":[\"https:\/\/www.facebook.com\/lescliniquesmatignon\/\"]}]}<\/script>\n<!-- \/ Yoast SEO plugin. -->","yoast_head_json":{"title":"Buono regalo | Matignon","robots":{"index":"noindex","follow":"follow","max-snippet":"max-snippet:-1","max-image-preview":"max-image-preview:large","max-video-preview":"max-video-preview:-1"},"og_locale":"it_IT","og_type":"article","og_title":"Buono regalo | Matignon","og_description":"Che sia per un evento, un compleanno, una nascita, un matrimonio o per le festivit\u00e0, regalate ai vostri cari un buono per un trattamento a scelta presso le Cliniques Matignon. Il buono \u00e8 valido sui trattamenti e sull&#8217;acquisto di prodotti in tutte le cliniche del gruppo Matignon. Un voucher verr\u00e0 inviato per posta.","og_url":"https:\/\/test.cliniquematignon.ch\/it\/prodotto\/buono-regalo\/","og_site_name":"Matignon","article_publisher":"https:\/\/www.facebook.com\/lescliniquesmatignon\/","article_modified_time":"2024-04-23T12:05:04+00:00","og_image":[{"width":1024,"height":977,"url":"https:\/\/test.cliniquematignon.ch\/wp-content\/uploads\/2023\/09\/bon-cadeau.-1024x977.png","type":"image\/png"}],"twitter_card":"summary_large_image","schema":{"@context":"https:\/\/schema.org","@graph":[{"@type":"WebPage","@id":"https:\/\/test.cliniquematignon.ch\/it\/prodotto\/buono-regalo\/","url":"https:\/\/test.cliniquematignon.ch\/it\/prodotto\/buono-regalo\/","name":"Buono regalo | Matignon","isPartOf":{"@id":"https:\/\/test.cliniquematignon.ch\/it\/#website"},"primaryImageOfPage":{"@id":"https:\/\/test.cliniquematignon.ch\/it\/prodotto\/buono-regalo\/#primaryimage"},"image":{"@id":"https:\/\/test.cliniquematignon.ch\/it\/prodotto\/buono-regalo\/#primaryimage"},"thumbnailUrl":"https:\/\/test.cliniquematignon.ch\/wp-content\/uploads\/2023\/09\/bon-cadeau..png","datePublished":"2023-09-15T12:18:56+00:00","dateModified":"2024-04-23T12:05:04+00:00","breadcrumb":{"@id":"https:\/\/test.cliniquematignon.ch\/it\/prodotto\/buono-regalo\/#breadcrumb"},"inLanguage":"it-CH","potentialAction":[{"@type":"ReadAction","target":["https:\/\/test.cliniquematignon.ch\/it\/prodotto\/buono-regalo\/"]}]},{"@type":"ImageObject","inLanguage":"it-CH","@id":"https:\/\/test.cliniquematignon.ch\/it\/prodotto\/buono-regalo\/#primaryimage","url":"https:\/\/test.cliniquematignon.ch\/wp-content\/uploads\/2023\/09\/bon-cadeau..png","contentUrl":"https:\/\/test.cliniquematignon.ch\/wp-content\/uploads\/2023\/09\/bon-cadeau..png","width":1980,"height":1890},{"@type":"BreadcrumbList","@id":"https:\/\/test.cliniquematignon.ch\/it\/prodotto\/buono-regalo\/#breadcrumb","itemListElement":[{"@type":"ListItem","position":1,"name":"Home","item":"https:\/\/test.cliniquematignon.ch\/it\/casa\/"},{"@type":"ListItem","position":2,"name":"Negozio","item":"https:\/\/test.cliniquematignon.ch\/it\/negozio\/"},{"@type":"ListItem","position":3,"name":"Buono regalo"}]},{"@type":"WebSite","@id":"https:\/\/test.cliniquematignon.ch\/it\/#website","url":"https:\/\/test.cliniquematignon.ch\/it\/","name":"Matignon","description":"M\u00e9decine esth\u00e9tique","publisher":{"@id":"https:\/\/test.cliniquematignon.ch\/it\/#organization"},"potentialAction":[{"@type":"SearchAction","target":{"@type":"EntryPoint","urlTemplate":"https:\/\/test.cliniquematignon.ch\/it\/?s={search_term_string}"},"query-input":"required name=search_term_string"}],"inLanguage":"it-CH"},{"@type":"Organization","@id":"https:\/\/test.cliniquematignon.ch\/it\/#organization","name":"Matignon","url":"https:\/\/test.cliniquematignon.ch\/it\/","logo":{"@type":"ImageObject","inLanguage":"it-CH","@id":"https:\/\/test.cliniquematignon.ch\/it\/#\/schema\/logo\/image\/","url":"https:\/\/cliniquematignon.ch\/wp-content\/uploads\/2023\/06\/mat-logo-black..svg","contentUrl":"https:\/\/cliniquematignon.ch\/wp-content\/uploads\/2023\/06\/mat-logo-black..svg","width":1,"height":1,"caption":"Matignon"},"image":{"@id":"https:\/\/test.cliniquematignon.ch\/it\/#\/schema\/logo\/image\/"},"sameAs":["https:\/\/www.facebook.com\/lescliniquesmatignon\/"]}]}},"_links":{"self":[{"href":"https:\/\/test.cliniquematignon.ch\/it\/wp-json\/wp\/v2\/product\/4912"}],"collection":[{"href":"https:\/\/test.cliniquematignon.ch\/it\/wp-json\/wp\/v2\/product"}],"about":[{"href":"https:\/\/test.cliniquematignon.ch\/it\/wp-json\/wp\/v2\/types\/product"}],"wp:featuredmedia":[{"embeddable":true,"href":"https:\/\/test.cliniquematignon.ch\/it\/wp-json\/wp\/v2\/media\/4913"}],"wp:attachment":[{"href":"https:\/\/test.cliniquematignon.ch\/it\/wp-json\/wp\/v2\/media?parent=4912"}],"wp:term":[{"taxonomy":"product_cat","embeddable":true,"href":"https:\/\/test.cliniquematignon.ch\/it\/wp-json\/wp\/v2\/product_cat?post=4912"},{"taxonomy":"product_tag","embeddable":true,"href":"https:\/\/test.cliniquematignon.ch\/it\/wp-json\/wp\/v2\/product_tag?post=4912"},{"taxonomy":"brand_product","embeddable":true,"href":"https:\/\/test.cliniquematignon.ch\/it\/wp-json\/wp\/v2\/brand_product?post=4912"}],"curies":[{"name":"wp","href":"https:\/\/api.w.org\/{rel}","templated":true}]}}