{"id":4978,"date":"2023-08-16T13:38:36","date_gmt":"2023-09-15T12:41:59","guid":{"rendered":"https:\/\/test.cliniquematignon.ch\/product\/silimarina-cf\/"},"modified":"2024-04-22T09:15:15","modified_gmt":"2024-04-22T07:15:15","slug":"skinceuticals-silimarina-cf","status":"publish","type":"product","link":"https:\/\/test.cliniquematignon.ch\/it\/prodotto\/skinceuticals-silimarina-cf\/","title":{"rendered":"Silimarina CF"},"content":{"rendered":"<div class=\"excerpt\">Silymarin CF \u00e8 un potente siero a base di vitamina C pura con tripla azione antiossidante per fornire protezione ambientale contro i radicali liberi che causano l&#8217;ossidazione del sebo.<\/div>\n<div class=\"content\">\n<p>Silymarin CF \u00e8 un siero antiossidante con vitamina C pura che svolge una duplice azione anti-et\u00e0 e anti-imperfezioni: leviga le linee sottili e le rughe, affina la grana della pelle, riduce la lucidit\u00e0 e l&#8217;aspetto dei pori dilatati e previene la formazione di imperfezioni cutanee. Particolarmente indicato per le pelli grasse o con imperfezioni.<\/p>\n<p><strong>Vantaggi<\/strong><\/p>\n<ul>\n<li>Fornisce una protezione ambientale avanzata neutralizzando i radicali liberi dannosi.<\/li>\n<li>Previene l&#8217;ossidazione del sebo, che contribuisce alla formazione delle imperfezioni.<\/li>\n<li>Migliora l&#8217;aspetto di linee sottili e rughe, la luminosit\u00e0 e la freschezza della pelle.<\/li>\n<li>Affina la grana della pelle e riduce la visibilit\u00e0 dei pori.<\/li>\n<li>Ideale per la pelle grassa e soggetta a imperfezioni.<\/li>\n<\/ul>\n<p><img loading=\"lazy\" decoding=\"async\" class=\"alignnone size-full wp-image-3982 img-fluid\" src=\"https:\/\/test.cliniquematignon.ch\/wp-content\/uploads\/2020\/03\/autorized-dealer-Skinceuticals.png\" alt=\"\" width=\"200\" height=\"42\" data-pagespeed-url-hash=\"492568781\"><\/p>\n<p>Questo siero non grasso alla vitamina C contiene anche lo 0,5% di acido salicilico per eliminare gli inestetismi e aiutare a prevenire la formazione di nuovi.<\/p>\n<p><strong>Risultati visibili e scienza<\/strong><\/p>\n<p>In uno studio clinico di 8 settimane, la silimarina CF ha migliorato significativamente i segni visibili dell&#8217;invecchiamento:<\/p>\n<ul>\n<li>24% di miglioramento medio dell&#8217;aspetto di linee sottili e rughe<\/li>\n<li>48% di miglioramento medio della morbidezza della pelle<\/li>\n<li>25% di miglioramento medio nell&#8217;aspetto di una carnagione fresca<\/li>\n<\/ul>\n<\/div>\n","protected":false},"excerpt":{"rendered":"<p>Silymarin CF \u00e8 un potente siero a base di vitamina C pura con tripla azione antiossidante per fornire protezione ambientale contro i radicali liberi che causano l&#8217;ossidazione del sebo. Silymarin CF \u00e8 un siero antiossidante con vitamina C pura che svolge una duplice azione anti-et\u00e0 e anti-imperfezioni: leviga le linee sottili e le rughe, affina [&hellip;]<\/p>\n","protected":false},"featured_media":4980,"template":"","meta":{"_acf_changed":false},"product_cat":[572,573],"product_tag":[],"brand_product":[],"acf":[],"yoast_head":"<!-- This site is optimized with the Yoast SEO plugin v23.1 - https:\/\/yoast.com\/wordpress\/plugins\/seo\/ -->\n<title>Silimarina CF | Matignon<\/title>\n<meta name=\"robots\" content=\"noindex, follow, max-snippet:-1, max-image-preview:large, max-video-preview:-1\" \/>\n<meta property=\"og:locale\" content=\"it_IT\" \/>\n<meta property=\"og:type\" content=\"article\" \/>\n<meta property=\"og:title\" content=\"Silimarina CF | Matignon\" \/>\n<meta property=\"og:description\" content=\"Silymarin CF \u00e8 un potente siero a base di vitamina C pura con tripla azione antiossidante per fornire protezione ambientale contro i radicali liberi che causano l&#8217;ossidazione del sebo. Silymarin CF \u00e8 un siero antiossidante con vitamina C pura che svolge una duplice azione anti-et\u00e0 e anti-imperfezioni: leviga le linee sottili e le rughe, affina [&hellip;]\" \/>\n<meta property=\"og:url\" content=\"https:\/\/test.cliniquematignon.ch\/it\/prodotto\/skinceuticals-silimarina-cf\/\" \/>\n<meta property=\"og:site_name\" content=\"Matignon\" \/>\n<meta property=\"article:publisher\" content=\"https:\/\/www.facebook.com\/lescliniquesmatignon\/\" \/>\n<meta property=\"article:modified_time\" content=\"2024-04-22T07:15:15+00:00\" \/>\n<meta property=\"og:image\" content=\"https:\/\/test.cliniquematignon.ch\/wp-content\/uploads\/2023\/08\/clinique-matignon_skinceuticlas_silymarin_cf..jpg\" \/>\n\t<meta property=\"og:image:width\" content=\"1890\" \/>\n\t<meta property=\"og:image:height\" content=\"1890\" \/>\n\t<meta property=\"og:image:type\" content=\"image\/jpeg\" \/>\n<meta name=\"twitter:card\" content=\"summary_large_image\" \/>\n<meta name=\"twitter:label1\" content=\"Est. reading time\" \/>\n\t<meta name=\"twitter:data1\" content=\"1 minute\" \/>\n<script type=\"application\/ld+json\" class=\"yoast-schema-graph\">{\"@context\":\"https:\/\/schema.org\",\"@graph\":[{\"@type\":\"WebPage\",\"@id\":\"https:\/\/test.cliniquematignon.ch\/it\/prodotto\/skinceuticals-silimarina-cf\/\",\"url\":\"https:\/\/test.cliniquematignon.ch\/it\/prodotto\/skinceuticals-silimarina-cf\/\",\"name\":\"Silimarina CF | Matignon\",\"isPartOf\":{\"@id\":\"https:\/\/test.cliniquematignon.ch\/it\/#website\"},\"primaryImageOfPage\":{\"@id\":\"https:\/\/test.cliniquematignon.ch\/it\/prodotto\/skinceuticals-silimarina-cf\/#primaryimage\"},\"image\":{\"@id\":\"https:\/\/test.cliniquematignon.ch\/it\/prodotto\/skinceuticals-silimarina-cf\/#primaryimage\"},\"thumbnailUrl\":\"https:\/\/test.cliniquematignon.ch\/wp-content\/uploads\/2023\/08\/clinique-matignon_skinceuticlas_silymarin_cf..jpg\",\"datePublished\":\"2023-09-15T12:41:59+00:00\",\"dateModified\":\"2024-04-22T07:15:15+00:00\",\"breadcrumb\":{\"@id\":\"https:\/\/test.cliniquematignon.ch\/it\/prodotto\/skinceuticals-silimarina-cf\/#breadcrumb\"},\"inLanguage\":\"it-CH\",\"potentialAction\":[{\"@type\":\"ReadAction\",\"target\":[\"https:\/\/test.cliniquematignon.ch\/it\/prodotto\/skinceuticals-silimarina-cf\/\"]}]},{\"@type\":\"ImageObject\",\"inLanguage\":\"it-CH\",\"@id\":\"https:\/\/test.cliniquematignon.ch\/it\/prodotto\/skinceuticals-silimarina-cf\/#primaryimage\",\"url\":\"https:\/\/test.cliniquematignon.ch\/wp-content\/uploads\/2023\/08\/clinique-matignon_skinceuticlas_silymarin_cf..jpg\",\"contentUrl\":\"https:\/\/test.cliniquematignon.ch\/wp-content\/uploads\/2023\/08\/clinique-matignon_skinceuticlas_silymarin_cf..jpg\",\"width\":1890,\"height\":1890},{\"@type\":\"BreadcrumbList\",\"@id\":\"https:\/\/test.cliniquematignon.ch\/it\/prodotto\/skinceuticals-silimarina-cf\/#breadcrumb\",\"itemListElement\":[{\"@type\":\"ListItem\",\"position\":1,\"name\":\"Home\",\"item\":\"https:\/\/test.cliniquematignon.ch\/it\/casa\/\"},{\"@type\":\"ListItem\",\"position\":2,\"name\":\"Negozio\",\"item\":\"https:\/\/test.cliniquematignon.ch\/it\/negozio\/\"},{\"@type\":\"ListItem\",\"position\":3,\"name\":\"Silimarina CF\"}]},{\"@type\":\"WebSite\",\"@id\":\"https:\/\/test.cliniquematignon.ch\/it\/#website\",\"url\":\"https:\/\/test.cliniquematignon.ch\/it\/\",\"name\":\"Matignon\",\"description\":\"M\u00e9decine esth\u00e9tique\",\"publisher\":{\"@id\":\"https:\/\/test.cliniquematignon.ch\/it\/#organization\"},\"potentialAction\":[{\"@type\":\"SearchAction\",\"target\":{\"@type\":\"EntryPoint\",\"urlTemplate\":\"https:\/\/test.cliniquematignon.ch\/it\/?s={search_term_string}\"},\"query-input\":\"required name=search_term_string\"}],\"inLanguage\":\"it-CH\"},{\"@type\":\"Organization\",\"@id\":\"https:\/\/test.cliniquematignon.ch\/it\/#organization\",\"name\":\"Matignon\",\"url\":\"https:\/\/test.cliniquematignon.ch\/it\/\",\"logo\":{\"@type\":\"ImageObject\",\"inLanguage\":\"it-CH\",\"@id\":\"https:\/\/test.cliniquematignon.ch\/it\/#\/schema\/logo\/image\/\",\"url\":\"https:\/\/cliniquematignon.ch\/wp-content\/uploads\/2023\/06\/mat-logo-black..svg\",\"contentUrl\":\"https:\/\/cliniquematignon.ch\/wp-content\/uploads\/2023\/06\/mat-logo-black..svg\",\"width\":1,\"height\":1,\"caption\":\"Matignon\"},\"image\":{\"@id\":\"https:\/\/test.cliniquematignon.ch\/it\/#\/schema\/logo\/image\/\"},\"sameAs\":[\"https:\/\/www.facebook.com\/lescliniquesmatignon\/\"]}]}<\/script>\n<!-- \/ Yoast SEO plugin. -->","yoast_head_json":{"title":"Silimarina CF | Matignon","robots":{"index":"noindex","follow":"follow","max-snippet":"max-snippet:-1","max-image-preview":"max-image-preview:large","max-video-preview":"max-video-preview:-1"},"og_locale":"it_IT","og_type":"article","og_title":"Silimarina CF | Matignon","og_description":"Silymarin CF \u00e8 un potente siero a base di vitamina C pura con tripla azione antiossidante per fornire protezione ambientale contro i radicali liberi che causano l&#8217;ossidazione del sebo. Silymarin CF \u00e8 un siero antiossidante con vitamina C pura che svolge una duplice azione anti-et\u00e0 e anti-imperfezioni: leviga le linee sottili e le rughe, affina [&hellip;]","og_url":"https:\/\/test.cliniquematignon.ch\/it\/prodotto\/skinceuticals-silimarina-cf\/","og_site_name":"Matignon","article_publisher":"https:\/\/www.facebook.com\/lescliniquesmatignon\/","article_modified_time":"2024-04-22T07:15:15+00:00","og_image":[{"width":1890,"height":1890,"url":"https:\/\/test.cliniquematignon.ch\/wp-content\/uploads\/2023\/08\/clinique-matignon_skinceuticlas_silymarin_cf..jpg","type":"image\/jpeg"}],"twitter_card":"summary_large_image","twitter_misc":{"Est. reading time":"1 minute"},"schema":{"@context":"https:\/\/schema.org","@graph":[{"@type":"WebPage","@id":"https:\/\/test.cliniquematignon.ch\/it\/prodotto\/skinceuticals-silimarina-cf\/","url":"https:\/\/test.cliniquematignon.ch\/it\/prodotto\/skinceuticals-silimarina-cf\/","name":"Silimarina CF | Matignon","isPartOf":{"@id":"https:\/\/test.cliniquematignon.ch\/it\/#website"},"primaryImageOfPage":{"@id":"https:\/\/test.cliniquematignon.ch\/it\/prodotto\/skinceuticals-silimarina-cf\/#primaryimage"},"image":{"@id":"https:\/\/test.cliniquematignon.ch\/it\/prodotto\/skinceuticals-silimarina-cf\/#primaryimage"},"thumbnailUrl":"https:\/\/test.cliniquematignon.ch\/wp-content\/uploads\/2023\/08\/clinique-matignon_skinceuticlas_silymarin_cf..jpg","datePublished":"2023-09-15T12:41:59+00:00","dateModified":"2024-04-22T07:15:15+00:00","breadcrumb":{"@id":"https:\/\/test.cliniquematignon.ch\/it\/prodotto\/skinceuticals-silimarina-cf\/#breadcrumb"},"inLanguage":"it-CH","potentialAction":[{"@type":"ReadAction","target":["https:\/\/test.cliniquematignon.ch\/it\/prodotto\/skinceuticals-silimarina-cf\/"]}]},{"@type":"ImageObject","inLanguage":"it-CH","@id":"https:\/\/test.cliniquematignon.ch\/it\/prodotto\/skinceuticals-silimarina-cf\/#primaryimage","url":"https:\/\/test.cliniquematignon.ch\/wp-content\/uploads\/2023\/08\/clinique-matignon_skinceuticlas_silymarin_cf..jpg","contentUrl":"https:\/\/test.cliniquematignon.ch\/wp-content\/uploads\/2023\/08\/clinique-matignon_skinceuticlas_silymarin_cf..jpg","width":1890,"height":1890},{"@type":"BreadcrumbList","@id":"https:\/\/test.cliniquematignon.ch\/it\/prodotto\/skinceuticals-silimarina-cf\/#breadcrumb","itemListElement":[{"@type":"ListItem","position":1,"name":"Home","item":"https:\/\/test.cliniquematignon.ch\/it\/casa\/"},{"@type":"ListItem","position":2,"name":"Negozio","item":"https:\/\/test.cliniquematignon.ch\/it\/negozio\/"},{"@type":"ListItem","position":3,"name":"Silimarina CF"}]},{"@type":"WebSite","@id":"https:\/\/test.cliniquematignon.ch\/it\/#website","url":"https:\/\/test.cliniquematignon.ch\/it\/","name":"Matignon","description":"M\u00e9decine esth\u00e9tique","publisher":{"@id":"https:\/\/test.cliniquematignon.ch\/it\/#organization"},"potentialAction":[{"@type":"SearchAction","target":{"@type":"EntryPoint","urlTemplate":"https:\/\/test.cliniquematignon.ch\/it\/?s={search_term_string}"},"query-input":"required name=search_term_string"}],"inLanguage":"it-CH"},{"@type":"Organization","@id":"https:\/\/test.cliniquematignon.ch\/it\/#organization","name":"Matignon","url":"https:\/\/test.cliniquematignon.ch\/it\/","logo":{"@type":"ImageObject","inLanguage":"it-CH","@id":"https:\/\/test.cliniquematignon.ch\/it\/#\/schema\/logo\/image\/","url":"https:\/\/cliniquematignon.ch\/wp-content\/uploads\/2023\/06\/mat-logo-black..svg","contentUrl":"https:\/\/cliniquematignon.ch\/wp-content\/uploads\/2023\/06\/mat-logo-black..svg","width":1,"height":1,"caption":"Matignon"},"image":{"@id":"https:\/\/test.cliniquematignon.ch\/it\/#\/schema\/logo\/image\/"},"sameAs":["https:\/\/www.facebook.com\/lescliniquesmatignon\/"]}]}},"_links":{"self":[{"href":"https:\/\/test.cliniquematignon.ch\/it\/wp-json\/wp\/v2\/product\/4978"}],"collection":[{"href":"https:\/\/test.cliniquematignon.ch\/it\/wp-json\/wp\/v2\/product"}],"about":[{"href":"https:\/\/test.cliniquematignon.ch\/it\/wp-json\/wp\/v2\/types\/product"}],"wp:featuredmedia":[{"embeddable":true,"href":"https:\/\/test.cliniquematignon.ch\/it\/wp-json\/wp\/v2\/media\/4980"}],"wp:attachment":[{"href":"https:\/\/test.cliniquematignon.ch\/it\/wp-json\/wp\/v2\/media?parent=4978"}],"wp:term":[{"taxonomy":"product_cat","embeddable":true,"href":"https:\/\/test.cliniquematignon.ch\/it\/wp-json\/wp\/v2\/product_cat?post=4978"},{"taxonomy":"product_tag","embeddable":true,"href":"https:\/\/test.cliniquematignon.ch\/it\/wp-json\/wp\/v2\/product_tag?post=4978"},{"taxonomy":"brand_product","embeddable":true,"href":"https:\/\/test.cliniquematignon.ch\/it\/wp-json\/wp\/v2\/brand_product?post=4978"}],"curies":[{"name":"wp","href":"https:\/\/api.w.org\/{rel}","templated":true}]}}