{"id":4987,"date":"2023-08-16T13:40:53","date_gmt":"2023-09-15T12:42:00","guid":{"rendered":"https:\/\/test.cliniquematignon.ch\/product\/floretina-cf\/"},"modified":"2024-04-22T09:15:16","modified_gmt":"2024-04-22T07:15:16","slug":"skinceuticals-floretina-cf","status":"publish","type":"product","link":"https:\/\/test.cliniquematignon.ch\/it\/prodotto\/skinceuticals-floretina-cf\/","title":{"rendered":"Floretina CF"},"content":{"rendered":"<div class=\"excerpt\">Alta protezione contro i fattori ambientali per prevenire l&#8217;invecchiamento cutaneo.<\/div>\n<div class=\"content\">\n<p>&nbsp;<\/p>\n<p><strong>Vantaggi<\/strong><\/p>\n<ul>\n<li>Offre un elevato livello di protezione ambientale<\/li>\n<li>Aiuta a combattere i segni dell&#8217;invecchiamento<\/li>\n<li>Riduce l&#8217;iperpigmentazione e aiuta a rimpolpare la pelle<\/li>\n<li>Protegge dai danni dei raggi UV<\/li>\n<li>Una volta assorbito, questo siero non si lava n\u00e9 si sfrega, ma rimane attivo per almeno 72 ore, il che lo rende un ottimo complemento alla protezione solare.<\/li>\n<\/ul>\n<p><img loading=\"lazy\" decoding=\"async\" class=\"alignnone size-full wp-image-3982 img-fluid\" src=\"https:\/\/test.cliniquematignon.ch\/wp-content\/uploads\/2020\/03\/autorized-dealer-Skinceuticals.png\" alt=\"\" width=\"200\" height=\"42\" data-pagespeed-url-hash=\"492568781\"><\/p>\n<p>Questo trattamento ad ampio spettro fornisce un elevato livello di protezione contro i fattori ambientali per difendere la pelle dai radicali liberi, noti per essere responsabili di danni cellulari e mutazioni del DNA. Oltre alle sue propriet\u00e0 antiossidanti di alta qualit\u00e0, \u00e8 stato dimostrato che questo trattamento corregge i danni esistenti dall&#8217;interno.<\/p>\n<p><strong>Risultati visibili e scienza<\/strong><\/p>\n<p>La floretina CF ha ridotto significativamente il numero medio di cellule bruciate dal sole rispetto al placebo, quando \u00e8 stata esposta a una luce che simulava quella solare.<\/p>\n<\/div>\n","protected":false},"excerpt":{"rendered":"<p>Alta protezione contro i fattori ambientali per prevenire l&#8217;invecchiamento cutaneo. &nbsp; Vantaggi Offre un elevato livello di protezione ambientale Aiuta a combattere i segni dell&#8217;invecchiamento Riduce l&#8217;iperpigmentazione e aiuta a rimpolpare la pelle Protegge dai danni dei raggi UV Una volta assorbito, questo siero non si lava n\u00e9 si sfrega, ma rimane attivo per almeno [&hellip;]<\/p>\n","protected":false},"featured_media":4991,"template":"","meta":{"_acf_changed":false},"product_cat":[572,573],"product_tag":[],"brand_product":[571],"acf":[],"yoast_head":"<!-- This site is optimized with the Yoast SEO plugin v23.1 - https:\/\/yoast.com\/wordpress\/plugins\/seo\/ -->\n<title>Floretina CF | Matignon<\/title>\n<meta name=\"robots\" content=\"noindex, follow, max-snippet:-1, max-image-preview:large, max-video-preview:-1\" \/>\n<meta property=\"og:locale\" content=\"it_IT\" \/>\n<meta property=\"og:type\" content=\"article\" \/>\n<meta property=\"og:title\" content=\"Floretina CF | Matignon\" \/>\n<meta property=\"og:description\" content=\"Alta protezione contro i fattori ambientali per prevenire l&#8217;invecchiamento cutaneo. &nbsp; Vantaggi Offre un elevato livello di protezione ambientale Aiuta a combattere i segni dell&#8217;invecchiamento Riduce l&#8217;iperpigmentazione e aiuta a rimpolpare la pelle Protegge dai danni dei raggi UV Una volta assorbito, questo siero non si lava n\u00e9 si sfrega, ma rimane attivo per almeno [&hellip;]\" \/>\n<meta property=\"og:url\" content=\"https:\/\/test.cliniquematignon.ch\/it\/prodotto\/skinceuticals-floretina-cf\/\" \/>\n<meta property=\"og:site_name\" content=\"Matignon\" \/>\n<meta property=\"article:publisher\" content=\"https:\/\/www.facebook.com\/lescliniquesmatignon\/\" \/>\n<meta property=\"article:modified_time\" content=\"2024-04-22T07:15:16+00:00\" \/>\n<meta property=\"og:image\" content=\"https:\/\/test.cliniquematignon.ch\/wp-content\/uploads\/2023\/08\/clinique-matignon_skinceuticlas_phloretin_cf..jpg\" \/>\n\t<meta property=\"og:image:width\" content=\"1890\" \/>\n\t<meta property=\"og:image:height\" content=\"1890\" \/>\n\t<meta property=\"og:image:type\" content=\"image\/jpeg\" \/>\n<meta name=\"twitter:card\" content=\"summary_large_image\" \/>\n<meta name=\"twitter:label1\" content=\"Est. reading time\" \/>\n\t<meta name=\"twitter:data1\" content=\"1 minute\" \/>\n<script type=\"application\/ld+json\" class=\"yoast-schema-graph\">{\"@context\":\"https:\/\/schema.org\",\"@graph\":[{\"@type\":\"WebPage\",\"@id\":\"https:\/\/test.cliniquematignon.ch\/it\/prodotto\/skinceuticals-floretina-cf\/\",\"url\":\"https:\/\/test.cliniquematignon.ch\/it\/prodotto\/skinceuticals-floretina-cf\/\",\"name\":\"Floretina CF | Matignon\",\"isPartOf\":{\"@id\":\"https:\/\/test.cliniquematignon.ch\/it\/#website\"},\"primaryImageOfPage\":{\"@id\":\"https:\/\/test.cliniquematignon.ch\/it\/prodotto\/skinceuticals-floretina-cf\/#primaryimage\"},\"image\":{\"@id\":\"https:\/\/test.cliniquematignon.ch\/it\/prodotto\/skinceuticals-floretina-cf\/#primaryimage\"},\"thumbnailUrl\":\"https:\/\/test.cliniquematignon.ch\/wp-content\/uploads\/2023\/08\/clinique-matignon_skinceuticlas_phloretin_cf..jpg\",\"datePublished\":\"2023-09-15T12:42:00+00:00\",\"dateModified\":\"2024-04-22T07:15:16+00:00\",\"breadcrumb\":{\"@id\":\"https:\/\/test.cliniquematignon.ch\/it\/prodotto\/skinceuticals-floretina-cf\/#breadcrumb\"},\"inLanguage\":\"it-CH\",\"potentialAction\":[{\"@type\":\"ReadAction\",\"target\":[\"https:\/\/test.cliniquematignon.ch\/it\/prodotto\/skinceuticals-floretina-cf\/\"]}]},{\"@type\":\"ImageObject\",\"inLanguage\":\"it-CH\",\"@id\":\"https:\/\/test.cliniquematignon.ch\/it\/prodotto\/skinceuticals-floretina-cf\/#primaryimage\",\"url\":\"https:\/\/test.cliniquematignon.ch\/wp-content\/uploads\/2023\/08\/clinique-matignon_skinceuticlas_phloretin_cf..jpg\",\"contentUrl\":\"https:\/\/test.cliniquematignon.ch\/wp-content\/uploads\/2023\/08\/clinique-matignon_skinceuticlas_phloretin_cf..jpg\",\"width\":1890,\"height\":1890},{\"@type\":\"BreadcrumbList\",\"@id\":\"https:\/\/test.cliniquematignon.ch\/it\/prodotto\/skinceuticals-floretina-cf\/#breadcrumb\",\"itemListElement\":[{\"@type\":\"ListItem\",\"position\":1,\"name\":\"Home\",\"item\":\"https:\/\/test.cliniquematignon.ch\/it\/casa\/\"},{\"@type\":\"ListItem\",\"position\":2,\"name\":\"Negozio\",\"item\":\"https:\/\/test.cliniquematignon.ch\/it\/negozio\/\"},{\"@type\":\"ListItem\",\"position\":3,\"name\":\"Floretina CF\"}]},{\"@type\":\"WebSite\",\"@id\":\"https:\/\/test.cliniquematignon.ch\/it\/#website\",\"url\":\"https:\/\/test.cliniquematignon.ch\/it\/\",\"name\":\"Matignon\",\"description\":\"M\u00e9decine esth\u00e9tique\",\"publisher\":{\"@id\":\"https:\/\/test.cliniquematignon.ch\/it\/#organization\"},\"potentialAction\":[{\"@type\":\"SearchAction\",\"target\":{\"@type\":\"EntryPoint\",\"urlTemplate\":\"https:\/\/test.cliniquematignon.ch\/it\/?s={search_term_string}\"},\"query-input\":\"required name=search_term_string\"}],\"inLanguage\":\"it-CH\"},{\"@type\":\"Organization\",\"@id\":\"https:\/\/test.cliniquematignon.ch\/it\/#organization\",\"name\":\"Matignon\",\"url\":\"https:\/\/test.cliniquematignon.ch\/it\/\",\"logo\":{\"@type\":\"ImageObject\",\"inLanguage\":\"it-CH\",\"@id\":\"https:\/\/test.cliniquematignon.ch\/it\/#\/schema\/logo\/image\/\",\"url\":\"https:\/\/cliniquematignon.ch\/wp-content\/uploads\/2023\/06\/mat-logo-black..svg\",\"contentUrl\":\"https:\/\/cliniquematignon.ch\/wp-content\/uploads\/2023\/06\/mat-logo-black..svg\",\"width\":1,\"height\":1,\"caption\":\"Matignon\"},\"image\":{\"@id\":\"https:\/\/test.cliniquematignon.ch\/it\/#\/schema\/logo\/image\/\"},\"sameAs\":[\"https:\/\/www.facebook.com\/lescliniquesmatignon\/\"]}]}<\/script>\n<!-- \/ Yoast SEO plugin. -->","yoast_head_json":{"title":"Floretina CF | Matignon","robots":{"index":"noindex","follow":"follow","max-snippet":"max-snippet:-1","max-image-preview":"max-image-preview:large","max-video-preview":"max-video-preview:-1"},"og_locale":"it_IT","og_type":"article","og_title":"Floretina CF | Matignon","og_description":"Alta protezione contro i fattori ambientali per prevenire l&#8217;invecchiamento cutaneo. &nbsp; Vantaggi Offre un elevato livello di protezione ambientale Aiuta a combattere i segni dell&#8217;invecchiamento Riduce l&#8217;iperpigmentazione e aiuta a rimpolpare la pelle Protegge dai danni dei raggi UV Una volta assorbito, questo siero non si lava n\u00e9 si sfrega, ma rimane attivo per almeno [&hellip;]","og_url":"https:\/\/test.cliniquematignon.ch\/it\/prodotto\/skinceuticals-floretina-cf\/","og_site_name":"Matignon","article_publisher":"https:\/\/www.facebook.com\/lescliniquesmatignon\/","article_modified_time":"2024-04-22T07:15:16+00:00","og_image":[{"width":1890,"height":1890,"url":"https:\/\/test.cliniquematignon.ch\/wp-content\/uploads\/2023\/08\/clinique-matignon_skinceuticlas_phloretin_cf..jpg","type":"image\/jpeg"}],"twitter_card":"summary_large_image","twitter_misc":{"Est. reading time":"1 minute"},"schema":{"@context":"https:\/\/schema.org","@graph":[{"@type":"WebPage","@id":"https:\/\/test.cliniquematignon.ch\/it\/prodotto\/skinceuticals-floretina-cf\/","url":"https:\/\/test.cliniquematignon.ch\/it\/prodotto\/skinceuticals-floretina-cf\/","name":"Floretina CF | Matignon","isPartOf":{"@id":"https:\/\/test.cliniquematignon.ch\/it\/#website"},"primaryImageOfPage":{"@id":"https:\/\/test.cliniquematignon.ch\/it\/prodotto\/skinceuticals-floretina-cf\/#primaryimage"},"image":{"@id":"https:\/\/test.cliniquematignon.ch\/it\/prodotto\/skinceuticals-floretina-cf\/#primaryimage"},"thumbnailUrl":"https:\/\/test.cliniquematignon.ch\/wp-content\/uploads\/2023\/08\/clinique-matignon_skinceuticlas_phloretin_cf..jpg","datePublished":"2023-09-15T12:42:00+00:00","dateModified":"2024-04-22T07:15:16+00:00","breadcrumb":{"@id":"https:\/\/test.cliniquematignon.ch\/it\/prodotto\/skinceuticals-floretina-cf\/#breadcrumb"},"inLanguage":"it-CH","potentialAction":[{"@type":"ReadAction","target":["https:\/\/test.cliniquematignon.ch\/it\/prodotto\/skinceuticals-floretina-cf\/"]}]},{"@type":"ImageObject","inLanguage":"it-CH","@id":"https:\/\/test.cliniquematignon.ch\/it\/prodotto\/skinceuticals-floretina-cf\/#primaryimage","url":"https:\/\/test.cliniquematignon.ch\/wp-content\/uploads\/2023\/08\/clinique-matignon_skinceuticlas_phloretin_cf..jpg","contentUrl":"https:\/\/test.cliniquematignon.ch\/wp-content\/uploads\/2023\/08\/clinique-matignon_skinceuticlas_phloretin_cf..jpg","width":1890,"height":1890},{"@type":"BreadcrumbList","@id":"https:\/\/test.cliniquematignon.ch\/it\/prodotto\/skinceuticals-floretina-cf\/#breadcrumb","itemListElement":[{"@type":"ListItem","position":1,"name":"Home","item":"https:\/\/test.cliniquematignon.ch\/it\/casa\/"},{"@type":"ListItem","position":2,"name":"Negozio","item":"https:\/\/test.cliniquematignon.ch\/it\/negozio\/"},{"@type":"ListItem","position":3,"name":"Floretina CF"}]},{"@type":"WebSite","@id":"https:\/\/test.cliniquematignon.ch\/it\/#website","url":"https:\/\/test.cliniquematignon.ch\/it\/","name":"Matignon","description":"M\u00e9decine esth\u00e9tique","publisher":{"@id":"https:\/\/test.cliniquematignon.ch\/it\/#organization"},"potentialAction":[{"@type":"SearchAction","target":{"@type":"EntryPoint","urlTemplate":"https:\/\/test.cliniquematignon.ch\/it\/?s={search_term_string}"},"query-input":"required name=search_term_string"}],"inLanguage":"it-CH"},{"@type":"Organization","@id":"https:\/\/test.cliniquematignon.ch\/it\/#organization","name":"Matignon","url":"https:\/\/test.cliniquematignon.ch\/it\/","logo":{"@type":"ImageObject","inLanguage":"it-CH","@id":"https:\/\/test.cliniquematignon.ch\/it\/#\/schema\/logo\/image\/","url":"https:\/\/cliniquematignon.ch\/wp-content\/uploads\/2023\/06\/mat-logo-black..svg","contentUrl":"https:\/\/cliniquematignon.ch\/wp-content\/uploads\/2023\/06\/mat-logo-black..svg","width":1,"height":1,"caption":"Matignon"},"image":{"@id":"https:\/\/test.cliniquematignon.ch\/it\/#\/schema\/logo\/image\/"},"sameAs":["https:\/\/www.facebook.com\/lescliniquesmatignon\/"]}]}},"_links":{"self":[{"href":"https:\/\/test.cliniquematignon.ch\/it\/wp-json\/wp\/v2\/product\/4987"}],"collection":[{"href":"https:\/\/test.cliniquematignon.ch\/it\/wp-json\/wp\/v2\/product"}],"about":[{"href":"https:\/\/test.cliniquematignon.ch\/it\/wp-json\/wp\/v2\/types\/product"}],"wp:featuredmedia":[{"embeddable":true,"href":"https:\/\/test.cliniquematignon.ch\/it\/wp-json\/wp\/v2\/media\/4991"}],"wp:attachment":[{"href":"https:\/\/test.cliniquematignon.ch\/it\/wp-json\/wp\/v2\/media?parent=4987"}],"wp:term":[{"taxonomy":"product_cat","embeddable":true,"href":"https:\/\/test.cliniquematignon.ch\/it\/wp-json\/wp\/v2\/product_cat?post=4987"},{"taxonomy":"product_tag","embeddable":true,"href":"https:\/\/test.cliniquematignon.ch\/it\/wp-json\/wp\/v2\/product_tag?post=4987"},{"taxonomy":"brand_product","embeddable":true,"href":"https:\/\/test.cliniquematignon.ch\/it\/wp-json\/wp\/v2\/brand_product?post=4987"}],"curies":[{"name":"wp","href":"https:\/\/api.w.org\/{rel}","templated":true}]}}